{"id":24,"date":"2016-08-24T16:35:22","date_gmt":"2016-08-24T16:35:22","guid":{"rendered":"http:\/\/uni.hi.is\/abt\/?page_id=24"},"modified":"2019-01-04T10:01:28","modified_gmt":"2019-01-04T10:01:28","slug":"publications","status":"publish","type":"page","link":"https:\/\/uni.hi.is\/abt\/publications\/","title":{"rendered":"Publications"},"content":{"rendered":"<p><strong>Articles in Conference Proceedings<\/strong><strong>\u00a0<\/strong><\/p>\n<p>Bank Accounting and Improved Operational Cash Flow. (2017). Society for the Advancement of Socio-Economics. Lyon, France.<\/p>\n<p>Improved Cash Flow Accounting for Bank Operations. (2017). NFF Nordic Academy of Management conference. Bod\u00f8, Norway.<\/p>\n<p>Accounting as the language of business. (2015). Interdisciplinary Perspectives on Accounting. Stokkh\u00f3lmur.<\/p>\n<p>What is so special with cash flow statements in banks? Failures in standard financial regulation and a call for new accounting regime. (2015). SASE Annual Conference. London School of Economics, London.<\/p>\n<p>Accounting as transparency of sustainability. (2015). Nordic Academy of Management, NFF Conference. Copenhagen Business School, Copenhagen.<\/p>\n<p>Accounting and Liquidity in Banks Law &amp; Liquidity. (2015). Global Law in Finance Network. Oxford, England.<\/p>\n<p>Accounting of Cash Flows in Banks. (2015). Monetary Circuit workshop. New York.<\/p>\n<p>Munurinn \u00e1 fl\u00e6\u00f0i peninga \u00ed b\u00f6nkum og \u00f6\u00f0rum fyrirt\u00e6kjum. (2014). \u00dej\u00f3\u00f0arspegillinn. H\u00e1sk\u00f3li \u00cdslands, Reykjav\u00edk.<\/p>\n<p>The difference between cash flows in banks and non-financial firms. (2014). Nordic Accounting Conference. Copenhagen Business School, Copenhagen.<\/p>\n<p>Description of the Young Scholar Initiative at the Institute for New Economic Thinking. (2013). Nordic Academy of Management, NFF Conference. H\u00e1sk\u00f3li \u00cdslands, Reykjav\u00edk.<\/p>\n<p>Kings of cash - Actual flow and accounted flow in banks. (2013). Nordic Academy of Management, NFF Conference. H\u00e1sk\u00f3li \u00cdslands, Reykjav\u00edk.<\/p>\n<p>Methods for Making Sense of Cash Flow in Banks. (2013). Nordic Academy of Management, NFF Conference. H\u00e1sk\u00f3li \u00cdslands, Reykjav\u00edk.<\/p>\n<p>&nbsp;<\/p>\n<p><strong>Public Lectures<\/strong><\/p>\n<p>Bank Accounting and Improved Operational Cash Flow. (2017). Society for the Advancement of Socio-Economics. Lyon, France.<\/p>\n<p>Building a Pluralist Alternative in the Nordic Countries - Rethinking Economics Norway. (2017). The Festival for New Economic Thinking. Edinburgh, Scotland.<\/p>\n<p>The Cash Flow Problem - Rethinking Accounting Regulation for Banks Accounting standards and classifications of cash flows. (2017). Bank of England. London, England.<\/p>\n<p>Track 2: After the financial crisis?. (2017). NFF Nordic Academy of Management conference. Bod\u00f8, Norway.<\/p>\n<p>Vandinn vi\u00f0 a\u00f0 leggja mat \u00e1 samf\u00e9lagsleg \u00e1hrif - \u00c1rekstrar milli mismunandi a\u00f0fer\u00f0a. (2017). \u00dej\u00f3\u00f0arspegillinn. H\u00e1sk\u00f3li \u00cdslands, Reykjav\u00edk.<\/p>\n<p>Ranns\u00f3knarverkefni um samspil reikningsskila, endursko\u00f0unar og fj\u00e1rm\u00e1lamarka\u00f0a. (2017). Ranns\u00f3knarm\u00e1lstofa Vi\u00f0skiptafr\u00e6\u00f0istofnunar. \u00a0H\u00e1sk\u00f3li \u00cdslands, Reykjav\u00edk.<\/p>\n<p>Hin \u00f3rj\u00fafanlegu tengsl fj\u00e1rm\u00e1lakerfis og fasteigna\u00fer\u00f3unar. (2017). Fasteignar\u00e1\u00f0stefnan Harpa, Reykjav\u00edk.<\/p>\n<p>G\u00e6\u00f0i reikningsskila og mikilv\u00e6gir forsendu\u00fe\u00e6ttir fyrir g\u00e6\u00f0um endursko\u00f0unar. (2017). Endursko\u00f0unardagur F\u00e9lags l\u00f6ggiltra endursko\u00f0enda. Grand H\u00f3tel, Reykjav\u00edk.<\/p>\n<p>Effective Risk Appetite Framework for Governance - Audit Quality and Accounting Quality improving Financial Stability. (2016). NORACC: Norr\u00e6na reikningsskilar\u00e1\u00f0stefnan. Copenhagen Business School, Copenhagen.<\/p>\n<p>What Did the Icelandic Bankers Do Wrong? Results from the Supreme Court Convictions and Its Aftermath. (2016). SASE Society for the Advancement of Socio Economics. Berkeley, California.<\/p>\n<p>Risk Appetite Frameworks &amp; Professional Principles - Accounting Quality and Audit Quality in the light of Financial Stability. (2016). SRA Europe, Gothenburg.<\/p>\n<p>Historicizing narratives: rhetoric and storytelling of the Icelandic financial boom. (2016). European Group of Organisation Studies. Naples, Italy.<\/p>\n<p>Heimsmenning, \u00fej\u00f3\u00f0menning og vi\u00f0skipti: Um menntun og vi\u00f0skiptamenningu. (2016). Si\u00f0fr\u00e6\u00f0istofnun, H\u00e1sk\u00f3li \u00cdslands.<\/p>\n<p>Peningam\u00e1lastefna og fj\u00e1rm\u00e1lastefna \u00e1 al\u00fej\u00f3\u00f0av\u00edsu. (2016). \u00dej\u00f3\u00f0arspegillinn. H\u00e1sk\u00f3li \u00cdslands, Reykjav\u00edk.<\/p>\n<p>Hvernig m\u00e1 kenna n\u00fdja s\u00fdn \u00e1 peninga? (2016). Menntakvika Menntav\u00edsindasvi\u00f0. H\u00e1sk\u00f3li \u00cdslands, Reykjav\u00edk.<\/p>\n<p>Accounting of operational cash flow in banks - Credit creation of money stock with the balance sheet expansion of banks. (2016). Italian Parliament. Rome, Italy.<\/p>\n<p>Hva\u00f0 hefur sj\u00f3\u00f0streymi banka me\u00f0 fj\u00e1rm\u00e1last\u00f6\u00f0ugleika a\u00f0 gera? (2016). Se\u00f0labanki \u00cdslands, Reykjav\u00edk.<\/p>\n<p>Accounting as communication signals and extended view on cash flow statements - Credit creation in banks and balance sheet expansion. (2016). Improved evaluation of liquidity and financial stabilit. Norwegian statistical office. Oslo, Norway.<\/p>\n<p>Liquidity measures and cash flow accounting in banks. (2016). Econmia Festivale. Trento, Italy.<\/p>\n<p>Accounting and sustainable finance - discussing links to sustainability. (2016). Global Economics Dynamics and the Biosphere. Stockholm, Sweden.<\/p>\n<p>Business Communication: Marrying Numbers and Narratives. (2016). M\u00e1lstofa. Copenhagen Business School, Copenhagen.<\/p>\n<p>Accounting as transparency of sustainability. (2015). Nordic Academy of Management, NFF Conference. Copenhagen Business School, Copenhagen.<\/p>\n<p>Finance between Liquidity and Insolvency. (2015).\u00a0 House of Finance, Goethe University Frankfurt.<\/p>\n<p>Accounting as the language of business. (2015). Interdisciplinary Perspectives on Accounting. Stockholm, Sweden.<\/p>\n<p>What is so special with cash flow statements in banks? Failures in standard financial regulation and a call for new accounting regime. (2015). Money, Accounting and Central Banking: SASE Annual Conference. London School of Economics, London.<\/p>\n<p>The Art of Accounting and Bank Liquidity. (2015). Global Law in Finance Network. Oxford, England.<\/p>\n<p>Inequality: Session Chair &amp; Discussant. (2015). EEA Eastern Economics Association, New York.<\/p>\n<p>Accounting Model for Cash Flow in Banks. (2015). The Graduate Center, City University of New York, New York.<\/p>\n<p>Skandinav\u00edskir skandalar!(2015). Hugv\u00edsinda\u00feing, M\u00e1lstofan: Hva\u00f0 er Spilling? H\u00e1sk\u00f3li \u00cdslands, Reykjav\u00edk.<\/p>\n<p>Umbreytingar \u00e1 hlutverki se\u00f0labanka - N\u00fd s\u00fdn \u00e1 al\u00fej\u00f3\u00f0a peningakerfi\u00f0. (2015). Vi\u00f0skiptafr\u00e6\u00f0istofnun, H\u00e1sk\u00f3li \u00cdslands.<\/p>\n<p>H\u00fasn\u00e6\u00f0i og fj\u00e1rmagn - tv\u00e6r hli\u00f0ar \u00e1 sama peningi. (2015). Uppbygging \u00edb\u00fa\u00f0arh\u00fasn\u00e6\u00f0is \u00ed Reykjav\u00edk. R\u00e1\u00f0h\u00fas Reykjav\u00edkur, Reykjav\u00edk.<\/p>\n<p>Sj\u00e1lfb\u00e6rni al\u00fej\u00f3\u00f0lega fj\u00e1rm\u00e1lakerfisins - \u00fer\u00f3un og umb\u00e6tur \u00ed framhaldi af kerfishruni. (2015). \u00dej\u00f3\u00f0arspegillinn. H\u00e1sk\u00f3li \u00cdslands, Reykjav\u00edk.<\/p>\n<p>Skuldir, l\u00fd\u00f0r\u00e6\u00f0i og framt\u00ed\u00f0 Evr\u00f3pu. (2015). M\u00e1lfundur um st\u00f6\u00f0u Grikklands. H\u00e1sk\u00f3li \u00cdslands, Reykjav\u00edk.<\/p>\n<p>Grikkir - leiksoppar e\u00f0a g\u00e6fusmi\u00f0ir. (2015). Evr\u00f3pusamt\u00f6kin J\u00e1 \u00cdsland. Kex Hostel, Reykjav\u00edk.<\/p>\n<p>Heilbrig\u00f0ir vi\u00f0skiptah\u00e6ttir og \u00e1hrif spillingar \u00e1 hags\u00e6ld. (2015). F\u00e9lag stj\u00f3rns\u00fdslu- og stj\u00f3rnm\u00e1lafr\u00e6\u00f0inga um spillingu \u00ed \u00edslensku vi\u00f0skipta- og stj\u00f3rnm\u00e1lal\u00edfi, Reykjav\u00edk.<\/p>\n<p>The difference between cash flows in banks and non-financial firms. (2014). Nordic Accounting Conference. Copenhagen: Copenhagen Business School.<\/p>\n<p>Can banks be made save each others? (2014). CEEL program in Adaptive Economic Dynamics. Trento, Italy.<\/p>\n<p>Historicizing narrative analysis? Storytelling and the global transformation of the banking industry. (2014). Association of Business Historians Conference. The U.K.: Newcastle University Business School.<\/p>\n<p>New Challenges in Banking Regulation. (2014). DNB Hollenski se\u00f0labankinn. Amsterdam.<\/p>\n<p>Can banks be made save each others? (2014). DNB Hollenski se\u00f0labankinn. Amsterdam.<\/p>\n<p>Legal Structures and Financial Structures: Implications of Law for Financial Stability. (2014). DNB Dutch Central Bank. Amsterdam, The Netherlands.<\/p>\n<p>Sj\u00f3\u00f0streymi banka \u2013 gagnsemi e\u00f0a gagnsleysi. (2014). Reikningsskiladagur F\u00e9lags l\u00f6ggiltra endursko\u00f0enda. Grand H\u00f3tel, Reykjav\u00edk.<\/p>\n<p>Munurinn \u00e1 fl\u00e6\u00f0i peninga \u00ed b\u00f6nkum og \u00f6\u00f0rum fyrirt\u00e6kjum. (2014). \u00dej\u00f3\u00f0arspegillinn. H\u00e1sk\u00f3li \u00cdslands, Reykjav\u00edk<\/p>\n<p>Breyttir efnahagsreikningar fyrirst\u00e6kja og se\u00f0labanka \u00e1 al\u00fej\u00f3\u00f0av\u00edsu. (2014). Vi\u00f0skiptafr\u00e6\u00f0ideild H\u00e1sk\u00f3la \u00cdslands, Reykjav\u00edk.<\/p>\n<p>Results of the Cash Flow Accounting in Banks. (2014). GRI - Gothenburg Research Institute. Gothenburg, Sweden.<\/p>\n<p>Hvernig heimskreppan breytti heiminum og hva\u00f0 gerist n\u00e6st. (2014). R\u00f3tar\u00edkl\u00fabbur Setjarnarness. Seltjarnarnes.<\/p>\n<p>Til varnar hagfr\u00e6\u00f0inni. (2014). Sagnfr\u00e6\u00f0ideild, H\u00e1sk\u00f3li \u00cdslands.<\/p>\n<p>Kynning \u00e1 doktorsverkefni. (2014). Vi\u00f0skiptafr\u00e6\u00f0ideild, H\u00e1sk\u00f3li \u00cdslands.<\/p>\n<p>\u00cdtarleg kynning \u00e1 endanlegri ranns\u00f3kn fyrir doktorsritger\u00f0. (2014). Bankaranns\u00f3knah\u00f3pur GRI. Gautaborg.<\/p>\n<p>Sj\u00f3\u00f0streymi banka og peningamyndun. (2014). Vi\u00f0skiptafr\u00e6\u00f0ideild, H\u00e1sk\u00f3li \u00cdslands.<\/p>\n<p>Description of the Young Scholar Initiative at the Institute for New Economic Thinking. (2013). Nordic Academy of Management, NFF Conference. H\u00e1sk\u00f3li \u00cdslands, Reykjav\u00edk.<\/p>\n<p>Kings of cash - Actual flow and accounted flow in banks. (2013). Nordic Academy of Management, NFF Conference. H\u00e1sk\u00f3li \u00cdslands, Reykjav\u00edk.<\/p>\n<p>Methods for Making Sense of Cash Flow in Banks. (2013). Nordic Academy of Management, NFF Conference. H\u00e1sk\u00f3li \u00cdslands, Reykjav\u00edk.<\/p>\n<p>Reikningsskil fj\u00e1rm\u00e1lastofnana - Hvernig er sj\u00f3\u00f0streymi banka? (2013). R\u00e1\u00f0stefna um reikningsskil og endursko\u00f0un. H\u00e1sk\u00f3li \u00cdslands, Reykjav\u00edk.<\/p>\n<p>&nbsp;<\/p>\n<p><strong>Books and Bookchapters<\/strong><strong>\u00a0<\/strong><\/p>\n<p>Torfason, \u00c1. B. (2017). Um mismunandi ver\u00f0m\u00e6ti h\u00fasn\u00e6\u00f0is og vanda ver\u00f0mats au\u00f0a r\u00fdmisins \u00e1 milli bygginga. \u00cd Reynarsson, B. Reykjav\u00edk \u00e1 t\u00edmam\u00f3tum. ISBN: 9789935458636<\/p>\n<p>Wahlstr\u00f6m, G., Johansson, E., Mj\u00f6lnevik, A. &amp; Torfason, A. B. (2015). Kassafl\u00f6det i en bank rapporteras ol\u00e4mpligt idag! Ett f\u00f6rslag till f\u00f6r\u00e4ndring. ISBN: 978-91-7246-339-4<\/p>\n<p>Torfason, \u00c1. B. (2011). Investments in a Long-Term Perspective - How a Family Company Built Its Assets. ISBN: 978-91-7246-302-8<\/p>\n<p>Torfason, \u00c1. B., Lundkvist, G. &amp; Polesie, T. (2011). Att v\u00e4rdera en byggnad. \u00cd Broniewicz, E. og Polesie, T. V\u00e5ra villkor i verkligheten \u2013 den beskrivande ekonomin.<\/p>\n<p>Torfason, \u00c1. B., Lundkvist, G. &amp; Polesie, T. (2011). Att bygga en stad \u2013 Vilka v\u00e5rden ligger bakom? ISBN: 978-91-7246-310-3<\/p>\n<p>&nbsp;<\/p>\n<p><strong>Ph.D. Thesis<\/strong><strong>\u00a0<\/strong><\/p>\n<p>\u00c1sgeir Brynjar Torfason. (2014). Cash flow accounting in banks \u2013 a study of practice. Gautaborgar H\u00e1sk\u00f3li, Sv\u00ed\u00f0\u00fej\u00f3\u00f0.<\/p>\n<p>&nbsp;<\/p>\n","protected":false},"excerpt":{"rendered":"<p>Articles in Conference Proceedings\u00a0 Bank Accounting and Improved Operational Cash Flow. (2017). Society for the Advancement of Socio-Economics. Lyon, France. Improved Cash Flow Accounting for Bank Operations. (2017). NFF Nordic Academy of Management conference. Bod\u00f8, Norway. Accounting as the language of business. (2015). Interdisciplinary Perspectives on Accounting. Stokkh\u00f3lmur. What is so special with cash flow [&hellip;]<\/p>\n","protected":false},"author":1318,"featured_media":0,"parent":0,"menu_order":0,"comment_status":"closed","ping_status":"closed","template":"","meta":{"footnotes":""},"class_list":["post-24","page","type-page","status-publish","hentry"],"_links":{"self":[{"href":"https:\/\/uni.hi.is\/abt\/wp-json\/wp\/v2\/pages\/24","targetHints":{"allow":["GET"]}}],"collection":[{"href":"https:\/\/uni.hi.is\/abt\/wp-json\/wp\/v2\/pages"}],"about":[{"href":"https:\/\/uni.hi.is\/abt\/wp-json\/wp\/v2\/types\/page"}],"author":[{"embeddable":true,"href":"https:\/\/uni.hi.is\/abt\/wp-json\/wp\/v2\/users\/1318"}],"replies":[{"embeddable":true,"href":"https:\/\/uni.hi.is\/abt\/wp-json\/wp\/v2\/comments?post=24"}],"version-history":[{"count":18,"href":"https:\/\/uni.hi.is\/abt\/wp-json\/wp\/v2\/pages\/24\/revisions"}],"predecessor-version":[{"id":134,"href":"https:\/\/uni.hi.is\/abt\/wp-json\/wp\/v2\/pages\/24\/revisions\/134"}],"wp:attachment":[{"href":"https:\/\/uni.hi.is\/abt\/wp-json\/wp\/v2\/media?parent=24"}],"curies":[{"name":"wp","href":"https:\/\/api.w.org\/{rel}","templated":true}]}}