{"id":216,"date":"2020-05-03T10:55:11","date_gmt":"2020-05-03T10:55:11","guid":{"rendered":"https:\/\/uni.hi.is\/aesas\/?page_id=216"},"modified":"2025-06-30T20:09:12","modified_gmt":"2025-06-30T20:09:12","slug":"teaching","status":"publish","type":"page","link":"https:\/\/uni.hi.is\/aesas\/teaching\/","title":{"rendered":"Teaching"},"content":{"rendered":"<p>&nbsp;<\/p>\n<p>Contemporary Art - History of Icelandic Art - Curatorial Studies -\u00a0 Fluxus and Conceptual Art in Iceland - Photography Theory and History of Photography - Photography and Society- Visual Culture and Representation of Animals - Modernism and Art in Public Space - Ecology and Nature in Contemporary Art<\/p>\n<p>Several courses are organised in collaboration with the Iceland Art Academy.<\/p>\n<p>&nbsp;<\/p>\n<p><iframe loading=\"lazy\" title=\"Err\u00f3: M\u00e1ttur myndanna\" width=\"474\" height=\"267\" src=\"https:\/\/www.youtube.com\/embed\/mownsuUyBJc?feature=oembed\" frameborder=\"0\" allow=\"accelerometer; autoplay; clipboard-write; encrypted-media; gyroscope; picture-in-picture; web-share\" referrerpolicy=\"strict-origin-when-cross-origin\" allowfullscreen><\/iframe><\/p>\n<p><iframe loading=\"lazy\" title=\"Hv\u00edtleikinn \u00ed \u00edslenskri samt\u00edmalist\" width=\"474\" height=\"267\" src=\"https:\/\/www.youtube.com\/embed\/c-bvRDxZ9_o?feature=oembed\" frameborder=\"0\" allow=\"accelerometer; autoplay; clipboard-write; encrypted-media; gyroscope; picture-in-picture; web-share\" referrerpolicy=\"strict-origin-when-cross-origin\" allowfullscreen><\/iframe><\/p>\n<p>&nbsp;<\/p>\n<ul>\n<li><a href=\"https:\/\/ugla.hi.is\/kennsluskra\/index.php?tab=nam&amp;chapter=namskeid&amp;id=05076020200&amp;lang=en\" target=\"_blank\" rel=\"noopener noreferrer\">LIS201G - Icelandic Contemporary Art<\/a><\/li>\n<li><a href=\"https:\/\/ugla.hi.is\/kv\/index2.php?sid=219&amp;namsknr=70750620206&amp;kennsluvefur_efnisatridi=1\">Al\u00fej\u00f3\u00f0leg myndlist fr\u00e1 1970<\/a><\/li>\n<li><a href=\"https:\/\/ugla.hi.is\/kv\/index2.php?sid=219&amp;namsknr=70551920126&amp;kennsluvefur_efnisatridi=1\">N\u00fdlist, konsept og kennslulist<\/a><\/li>\n<li><a href=\"https:\/\/ugla.hi.is\/kv\/index2.php?sid=219&amp;namsknr=05070220136&amp;kennsluvefur_efnisatridi=1\">\u00cdslensk myndlist 1870-1970<\/a><\/li>\n<li><a href=\"https:\/\/ugla.hi.is\/kv\/index2.php?sid=219&amp;namsknr=70551820130&amp;kennsluvefur_efnisatridi=1\">\u00cdslensk myndlist fyrri t\u00edma, fr\u00e1 10.-19. aldar<\/a><\/li>\n<li><a href=\"https:\/\/ugla.hi.is\/kv\/index2.php?sid=219&amp;namsknr=70936820190&amp;kennsluvefur_efnisatridi=1\">Lj\u00f3smyndun og samt\u00edmamyndlist<\/a><\/li>\n<li><a href=\"https:\/\/ugla.hi.is\/kv\/index2.php?sid=219&amp;namsknr=70890820180&amp;kennsluvefur_efnisatridi=1\">Lj\u00f3smyndin sem samf\u00e9lagss\u00e1ttm\u00e1li - p\u00f3lit\u00edsk virkni mynda \u00ed s\u00f6gu og samt\u00edma<\/a><\/li>\n<li><a href=\"https:\/\/ugla.hi.is\/kv\/index2.php?sid=219&amp;namsknr=70934020186&amp;kennsluvefur_efnisatridi=1\">Listheimur Par\u00edsar: s\u00f6fn og s\u00fdningar<\/a><\/li>\n<li><a href=\"https:\/\/ugla.hi.is\/kv\/index2.php?sid=219&amp;namsknr=70839220170&amp;kennsluvefur_efnisatridi=1\">Samt\u00edmalist: saga, minni, og ark\u00edf<\/a><\/li>\n<li><a href=\"https:\/\/ugla.hi.is\/kv\/index2.php?sid=219&amp;namsknr=70728520150&amp;kennsluvefur_efnisatridi=1\">\u00de\u00e1ttt\u00f6ku- og venslalist \u2013 listsk\u00f6pun sem byggir \u00e1 ranns\u00f3knum og \u00feekkingu<\/a><\/li>\n<li><a href=\"https:\/\/ugla.hi.is\/kv\/index2.php?sid=219&amp;namsknr=70532220186&amp;kennsluvefur_efnisatridi=1\">N\u00fdjar al\u00fej\u00f3\u00f0legar ranns\u00f3knir \u00ed listfr\u00e6\u00f0i<\/a><\/li>\n<li><a href=\"https:\/\/ugla.hi.is\/kv\/index2.php?sid=219&amp;namsknr=05076520106&amp;kennsluvefur_efnisatridi=1\">S\u00farrealismi \u00e1 20. og 21. \u00f6ld<\/a><\/li>\n<li><a href=\"https:\/\/ugla.hi.is\/kv\/index2.php?sid=219&amp;namsknr=05076720096&amp;kennsluvefur_efnisatridi=1\">List \u00ed almannar\u00fdmi<\/a><\/li>\n<li><a href=\"https:\/\/ugla.hi.is\/kennsluskra\/index.php?tab=nam&amp;chapter=namskeid&amp;id=70551620200&amp;lang=en\" target=\"_blank\" rel=\"noopener noreferrer\">LIS805F - Art Criticism and Curation<\/a><\/li>\n<li><a href=\"https:\/\/ugla.hi.is\/kennsluskra\/index.php?tab=nam&amp;chapter=namskeid&amp;id=91015220200&amp;lang=en\" target=\"_blank\" rel=\"noopener noreferrer\">LIS241L - BA-thesis in Art History<\/a><\/li>\n<li><a href=\"https:\/\/ugla.hi.is\/kennsluskra\/index.php?tab=nam&amp;chapter=namskeid&amp;id=05670220196&amp;lang=en\" target=\"_blank\" rel=\"noopener noreferrer\">HMM101F - Introduction to Culture and Communication II<\/a><\/li>\n<li><a href=\"https:\/\/ugla.hi.is\/kennsluskra\/index.php?tab=nam&amp;chapter=namskeid&amp;id=70788220196&amp;lang=en\" target=\"_blank\" rel=\"noopener noreferrer\">LIS302M - The Venice Biennale<\/a><\/li>\n<li><a href=\"https:\/\/ugla.hi.is\/kennsluskra\/index.php?tab=nam&amp;chapter=namskeid&amp;id=70926720196&amp;lang=en\" target=\"_blank\" rel=\"noopener noreferrer\">HMM119F - Visual imagery and communication<\/a><\/li>\n<li><a href=\"https:\/\/ugla.hi.is\/kv\/index2.php?sid=219&amp;namsknr=05070120126&amp;kennsluvefur_efnisatridi=1\">A\u00f0fer\u00f0afr\u00e6\u00f0i og hugt\u00f6k listfr\u00e6\u00f0i<\/a><\/li>\n<\/ul>\n","protected":false},"excerpt":{"rendered":"<p>&nbsp; Contemporary Art - History of Icelandic Art - Curatorial Studies -\u00a0 Fluxus and Conceptual Art in Iceland - Photography Theory and History of Photography - Photography and Society- Visual Culture and Representation of Animals - Modernism and Art in &hellip; <a href=\"https:\/\/uni.hi.is\/aesas\/teaching\/\">Continue reading <span class=\"meta-nav\">&rarr;<\/span><\/a><\/p>\n","protected":false},"author":154,"featured_media":0,"parent":0,"menu_order":0,"comment_status":"closed","ping_status":"closed","template":"","meta":{"footnotes":""},"class_list":["post-216","page","type-page","status-publish","hentry"],"_links":{"self":[{"href":"https:\/\/uni.hi.is\/aesas\/wp-json\/wp\/v2\/pages\/216","targetHints":{"allow":["GET"]}}],"collection":[{"href":"https:\/\/uni.hi.is\/aesas\/wp-json\/wp\/v2\/pages"}],"about":[{"href":"https:\/\/uni.hi.is\/aesas\/wp-json\/wp\/v2\/types\/page"}],"author":[{"embeddable":true,"href":"https:\/\/uni.hi.is\/aesas\/wp-json\/wp\/v2\/users\/154"}],"replies":[{"embeddable":true,"href":"https:\/\/uni.hi.is\/aesas\/wp-json\/wp\/v2\/comments?post=216"}],"version-history":[{"count":11,"href":"https:\/\/uni.hi.is\/aesas\/wp-json\/wp\/v2\/pages\/216\/revisions"}],"predecessor-version":[{"id":337,"href":"https:\/\/uni.hi.is\/aesas\/wp-json\/wp\/v2\/pages\/216\/revisions\/337"}],"wp:attachment":[{"href":"https:\/\/uni.hi.is\/aesas\/wp-json\/wp\/v2\/media?parent=216"}],"curies":[{"name":"wp","href":"https:\/\/api.w.org\/{rel}","templated":true}]}}