{"id":15,"date":"2018-08-23T14:03:11","date_gmt":"2018-08-23T14:03:11","guid":{"rendered":"http:\/\/uni.hi.is\/annahulda\/?page_id=15"},"modified":"2021-01-28T13:16:37","modified_gmt":"2021-01-28T13:16:37","slug":"publications","status":"publish","type":"page","link":"https:\/\/uni.hi.is\/annahulda\/publications\/","title":{"rendered":"Publications overview"},"content":{"rendered":"<p>This page presents a list of published material (<em><strong><a href=\"https:\/\/scholar.google.is\/citations?hl=en&amp;user=BLhTxcoAAAAJ&amp;view_op=list_works&amp;citft=1&amp;citft=2&amp;citft=3&amp;email_for_op=anna.huldaolafsdottir%40gmail.com&amp;gmla=AJsN-F4CQEIEzZYy1iKW9L59PB79nGK1EdrX74XAerW9-k0s4xaIlQrODqRIt4Wv3mnNO30oSEGP4MXEZnNMVkA_7zyeIa0sKjNRU30ccTABdyuBzhImdaNq01bMQXkvzCM_DhTaM5kA2wrbfFQR1o4N8w7J23OECeuvxv1DCMAQmY3svLCqprIQfJndGGY2m4eTGVOQAcdJuaKkX4LHNLmQTOZHAiInAiNyd8mGEGc3i88YhO6pWoXcWVzN690_Cd9hZVNGVSxH\">can also be found on google scholar<\/a><\/strong><\/em>).<\/p>\n<p>Abstract overview of linked published material can be found here:<\/p>\n<ul>\n<li><a href=\"http:\/\/uni.hi.is\/annahulda\/publications\/world-6-resources-papers\/\">WORLD 6 papers within the IceSD center.<\/a><\/li>\n<li><a href=\"https:\/\/uni.hi.is\/annahulda\/publications\/abstract-overview-biomass-and-biofuel-considerations\/\">Biomass and biofuel considerations<\/a><\/li>\n<li><a href=\"https:\/\/uni.hi.is\/annahulda\/publications\/abstract-overview-construction-industry\/\">Construction industry<\/a><\/li>\n<li><a href=\"https:\/\/uni.hi.is\/annahulda\/publications\/abstract-review-group-model-building\/\">Group model building<\/a><\/li>\n<li><a href=\"http:\/\/uni.hi.is\/annahulda\/publications\/abstract-overview-food-supply\/ \u200e\">Food Supply chains<\/a><\/li>\n<\/ul>\n<p><span style=\"font-size: 14pt\"><strong>Journal articles<\/strong><\/span><\/p>\n<p>Olafsdottir, A. H. ., &amp; Sverdrup, H. U. (2021). Modelling global nickel mining, supply, recycling, stocks-in-use and price under different resource and demand assumptions for 1850-2200. <i>Mining, Metallurgy &amp; Exploration<\/i>, 1\u201322. https:\/\/doi.org\/10.1007\/s42461-020-00370-y <a href=\"https:\/\/link.springer.com\/article\/10.1007\/s42461-020-00370-y\">LINK<\/a><\/p>\n<p>Sverdrup, H. U., &amp; Olafsdottir, A. H. (2020). System Dynamics Modelling of the Global Extraction, Supply, Price, Reserves, Resources and Environmental Losses of Mercury. <i>Water, Air, &amp; Soil Pollution<\/i>, <i>231<\/i>(8), 439. https:\/\/doi.org\/10.1007\/s11270-020-04757-x <a href=\"https:\/\/rdcu.be\/b6fSC\">LINK<\/a><\/p>\n<p>Olafsdottir, A.H., Sverdrup, H.U. Assessing the Past and Future Sustainability of Global Helium Resources, Extraction, Supply and Use, Using the Integrated Assessment Model WORLD7. Biophys Econ Sust 5, 6 (2020). https:\/\/doi.org\/10.1007\/s41247-020-00072-5 <a href=\"https:\/\/link.springer.com\/article\/10.1007\/s41247-020-00072-5#citeas\">Link<\/a><\/p>\n<p>Sverdrup HU, Olafsdottir AH, Ragnarsdottir KV, On the long-term sustainability of copper, zinc and lead supply, using a system dynamics model, Resources, Conservation and Recycling: X (2019), https:\/\/doi.org\/10.1016\/j.rcrx.2019.100007 <a href=\"https:\/\/authors.elsevier.com\/tracking\/article\/details.do?aid=100007&amp;jid=RCRX&amp;surname=Sverdrup\">LINK<\/a>a <a href=\"https:\/\/pdf.sciencedirectassets.com\/321097\/AIP\/1-s2.0-S2590289X19300052\/main.pdf?X-Amz-Security-Token=AgoJb3JpZ2luX2VjEHYaCXVzLWVhc3QtMSJHMEUCIEMtrbaYLUu8wfKuGx7cfZR%2BLY9%2Bbiq0Gp1SXdvs3mLPAiEAsypWvnRrP7JoisqME4LiH9tRXqQE8cO78cTCGbGO3Jcq4wMI7%2F%2F%2F%2F%2F%2F%2F%2F%2F%2F%2FARACGgwwNTkwMDM1NDY4NjUiDBF1jwWnyZ7zmLl5oCq3A2e0pmbErbnliM5rtM2Z8swIe2EdKL2MX8WvYQUHYg1ZvFCn%2FptC%2Fh3siTFYe0rx1590s%2BeXY0UiZjriCTOTlTsrAiqNOcSxp5X8G2nXKGZ%2Bq92%2BY28caY2aJdYAojEHvtE8ZvwyhyqgauV7v2plTBsxf579%2FlwzXXDnTjWOBei3lnGV23hGNqbz9tSQ%2Bar8ujMNlYqqg8LJGVH%2Fys3RFmV0zJVMZgUJrdAE0OuvAO%2BG%2BqlSaJf4NYL3dMzfR%2FZ30ApxEbdTDGZzrTVSry%2FBnnRez9t5TJ%2BsKrO04N0FXh5mKVP1fD6zBeTpkA%2F3PTalLVlGpaTxdHfwsxW8LuT90dpKscDVmrk0SuRoq0Z%2BSaBdf21NJ4T2AyielW4ruj6wQHe2%2BH2N4PB1smsnFV1AyU26T4VfYm0HDeNLCRTfN09XSlY4ZCdFNALcm76ZZWqTmKqrSic9joJD91tcoodCtXEuDAMEdpXrBFLblXBzGvgbyWN3pN4oIB5HDxT2Gt%2Fu6CU4rS1u16tClpWPQhQEPI9wclOKQ0gMu36%2FF7i8wCGsvyPA%2F6rVtLx4pDfnwwY4ZGkdFSC8DccwnZqW6gU6tAF6UMRTKb%2Ba1YDKlUr3%2Fs7vULv3AfS8ljwT2tBZZW5tleO5AdqW6OtUDXPoXMBt880QS3XWT9JGwoYl1I%2B0n3uSAilLopy%2Bgp5v2bgfNO%2Bw2zizI4%2BI7f9dGvrZmLw%2BFMIrAvqjKgDYrEo27170fRbJjTTErKlK5AJilPsWsF4yRyI4J2MKOL3TWrRqVI3pJJz50hdG4nhD%2FiBaWnuC03SJX2rOgliHaam9YTXpy%2F%2FvT%2BTzSH4%3D&amp;X-Amz-Algorithm=AWS4-HMAC-SHA256&amp;X-Amz-Date=20190803T145226Z&amp;X-Amz-SignedHeaders=host&amp;X-Amz-Expires=300&amp;X-Amz-Credential=ASIAQ3PHCVTY3PVBVFFX%2F20190803%2Fus-east-1%2Fs3%2Faws4_request&amp;X-Amz-Signature=8205c0deb5d610f2bf0790659998e148b842f19bc8fc742723dbf2df353a5484&amp;hash=1fb6d1c03deab7347ff507e8de533504541f4dca2048c487c98f14f7bbf4a07c&amp;host=68042c943591013ac2b2430a89b270f6af2c76d8dfd086a07176afe7c76c2c61&amp;pii=S2590289X19300052&amp;tid=spdf-952e1c65-8583-4f61-94cd-4f6f1c774097&amp;sid=60a1dc3d2d40a7465e49419612f1a825b624gxrqb&amp;type=client\">LINKb<\/a><\/p>\n<p>Sverdrup, H., &amp; Olafsdottir, A. H. (2019). Assessing the Long\u2011Term Global Sustainability of the Production and Supply for Stainless Steel. BioPhysical Economics and Resource Quality, <i>4<\/i>(8) pages 29. doi:10.1007\/s41247-019-0056-9 <a href=\"https:\/\/link.springer.com\/content\/pdf\/10.1007%2Fs41247-019-0056-9.pdf\">LINK<\/a><\/p>\n<p>Sverdrup, H., &amp; Olafsdottir, A. H. (2019). Conceptualization and parameterization of the market price mechanism in the WORLD6 model for metals, materials and fossil fuels. Mineral Economics, 31. doi:10.1007\/s13563-019-00182-7 . <a href=\"https:\/\/link.springer.com\/article\/10.1007\/s13563-019-00182-7?wt_mc=Internal.Event.1.SEM.ArticleAuthorOnlineFirst&amp;utm_source=ArticleAuthorOnlineFirst&amp;utm_medium=email&amp;utm_content=AA_en_06082018&amp;ArticleAuthorOnlineFirst_20190523#citeas\">LINK<\/a><\/p>\n<p class=\"EndNoteBibliography\">Olafsdottir, A. H., &amp; Sverdrup, H. U. (2019). Defining a conceptual model for market mechanisms in food supply chains, and parameterizing price functions for coffee, wheat, corn, soybeans and beef. <i>International Journal on food system dynamics, 10<\/i>(2). doi:<a href=\"https:\/\/doi.org\/10.18461\/ijfsd.v10i2.14\">https:\/\/doi.org\/10.18461\/ijfsd.v10i2.14<\/a>\u00a0<a href=\"http:\/\/centmapress.ilb.uni-bonn.de\/ojs\/index.php\/fsd\">LINK<\/a><\/p>\n<p>Olafsdottir, A. H., Sverdrup, H. U., &amp; Ragnarsdottir, K. V. (2019). On the Metal Contents of Ocean Floor Nodules, Crusts and Massive Sulphides and a Preliminary Assessment of the Extractable Amounts. In C. Ludwig &amp; S. Valdivia (Eds.), Progress towards the Resource Revolution (pp. 150-156). St. Gallen, Switzerland Villigen PSI and World Resources Forum. <strong><a href=\"http:\/\/uni.hi.is\/annahulda\/files\/2019\/03\/21.-On-the-Metal-Contents-of-Ocean-Floor-Nodules-Crusts-and-Massive-Sulphides-and-a-Preliminary-Assessment-of-the-Extractable-Amounts_WRF_Book-pages-150-156.pdf\">LINK<\/a><\/strong><\/p>\n<p class=\"EndNoteBibliography\">Olafsdottir, A. H., Sverdrup, H., Stefansson, G., &amp; Ingason, H. T. (2019). Using System Dynamics to better understand quality management in the construction industry <i>Int. J. Productivity and Quality Management, 26<\/i>(2). doi:10.1504\/IJPQM.2019.10016831\u00a0<strong><a href=\"https:\/\/www.inderscience.com\/info\/inarticle.php?artid=97768\">LINK<\/a><\/strong><\/p>\n<p>Sverdrup, H. U., Olafsdottir, A. H., Ragnarsdottir, K. V., Koca, D., &amp; Lorenz, U. (2019). The WORLD6 Integrated System Dynamics Model: Examples of Results from Simulations. In C. Ludwig &amp; S. Valdivia (Eds.), Progress towards the Resource Revolution (pp. 67-78). St. Gallen, Switzerland Villigen PSI and World Resources Forum. <strong><a href=\"http:\/\/uni.hi.is\/annahulda\/files\/2019\/03\/9.-The-WORLD6-Integrated-System-Dynamics-Model-Examples-of-Results-from-Simulations_WRF_Book-pages-68-76.pdf\">LINK<\/a><\/strong><\/p>\n<p>Sverdrup, H. U., Olafsdottir, A. H., &amp; Schlyter, P. (2019). A System Dynamics Assessment of the Supply of Superalloys using WORLD6; Sufficiency for Civilian and Military Aviation Needs. In C. Ludwig &amp; S. Valdivia (Eds.), Progress towards the Resource Revolution (pp. 90-96). St. Gallen, Switzerland Villigen PSI and World Resources Forum. <strong><a href=\"http:\/\/uni.hi.is\/annahulda\/files\/2019\/03\/12.-A-System-Dynamics-Assessment-of-the-Supply-of-Superalloys-using-WORLD6-Sufficiency-for-Civilian-and-Military-Aviation-Needs_WRF_Book-pages-90-96.pdf\">LINK<\/a><\/strong><\/p>\n<p>Olafsdottir, A. H., Gudbrandsdottir, I., Sverdrup, H. U., Bogason, S. G., Olafsdottir, G., &amp; Stefansson, G. (2018). <em>System Dynamics Modelling and System Analysis Applied in Complex Research Projects - the Case of VALUMICS<\/em>. Int. J. Food System Dynamics, 9(5), 409-418. doi:http:\/\/dx.doi.org\/10.18461\/ijfsd.v9i5.953 <strong><a href=\"http:\/\/www.centmapress.org\">LINK<\/a><\/strong><\/p>\n<p>Olofsdottir, A.H., and Sverdrup, H., (2018). <em>Modelling global mining, secondary extraction, supply, stocks-in-society, recycling, market price and resources, using the WORLD6 model; Tin. Biophysical Economics and Resource Quality.<\/em> 3: 11. https:\/\/doi.org\/10.1007\/s41247-018-0041-8. <strong><a href=\"https:\/\/link.springer.com\/article\/10.1007\/s41247-018-0041-8\">LINK<\/a><\/strong><\/p>\n<p>Sverdrup, H., and Olafsdottir, A.H, (2018). <em>A system dynamics model assessment of the supply of niobium and tantalum using the WORLD6 model.<\/em> Biophysical Economics and Resource Quality. 3: 5. https:\/\/doi.org\/10.1007\/s41247-018-0038-3. <strong><a href=\"https:\/\/link.springer.com\/article\/10.1007\/s41247-018-0038-3\">LINK<\/a><\/strong><\/p>\n<p>Olofsdottir, A.H., and Sverdrup, H., Ragnarsdottir, V., Koca, D. (2018).<em> A System Dynamics Assessment of the Supply of Molybdenum and Rhenium Used for Super-alloys and Specialty Steels, Using the WORLD6 Model.<\/em> Biophysical Economics and Resource Quality. doi. 10.1007\/s41247-018-0040-9. <strong><a href=\"https:\/\/link.springer.com\/article\/10.1007\/s41247-018-0040-9\">LINK<\/a><\/strong><\/p>\n<p>Sverdrup, H., and Olafsdottir, A.H, (2017). <em>Considerations on the future biomass production potential of Iceland, and what role that could have in future fuel supply and carbon balances.<\/em> Journal of Sustainable forestry. Vol. 36. No. 7, pp: 647-665. <strong><a href=\"https:\/\/www.tandfonline.com\/doi\/abs\/10.1080\/10549811.2017.1345684\">LINK<\/a><\/strong><\/p>\n<p>Sverdrup, H.U., Olafsdottir, A.H. &amp; Ragnarsdottir, K.V. (2017). <em>Modelling Global Wolfram Mining, Secondary Extraction, Supply, Stocks-in-Society, Recycling, Market Price and Resources, Using the WORLD6 System Dynamics Model<\/em>. Biophysical Economics and Resource Quality. 2:11. https:\/\/doi.org\/10.1007\/s41247-017-0028-x <a href=\"https:\/\/link.springer.com\/article\/10.1007\/s41247-017-0028-x\"><strong>LINK<\/strong><\/a><\/p>\n<p>Olafsdottir, A. H., Stefansson, G., Ingason, H. T. (2017). <em>The value of Group Model Building: A stakeholder perspective.<\/em> International Journal of Productivity and Quality Management, Vol. 20, No., pp 99-115. <strong><a href=\"https:\/\/www.inderscienceonline.com\/doi\/abs\/10.1504\/IJPQM.2017.080694\">LINK<\/a><\/strong><\/p>\n<p>Olafsdottir, A. H., Ingason, H. T., &amp; Stefansson, G. (2016). <em>Defining the variables for a dynamic model of quality management in the construction industry. Results from Stakeholder Group Model-Building sessions.<\/em> International Journal of Productivity and Quality Management, in press, Vol. 19 No. 2, pp. 187-208. <strong><a href=\"https:\/\/www.inderscienceonline.com\/doi\/abs\/10.1504\/IJPQM.2016.078886\">LINK<\/a><\/strong><\/p>\n<p>Olafsdottir, A. H. and Ingason, H. T. (2014). <em>\u00c1hrif g\u00e6\u00f0astj\u00f3rnunar \u00e1 mannvirkjager\u00f0, (Eng. Quality management in the construction industry)<\/em> Verkt\u00e6kni, T\u00edmarit VF\u00cd\/TF\u00cd, Vol. 1, No. 20, pp. 24-29. (In Icelandic). <strong><a href=\"https:\/\/issuu.com\/vfi1912\/docs\/2014_1_tbl_net\">LINK<\/a><\/strong><\/p>\n<p>&nbsp;<\/p>\n<p><span style=\"font-size: 14pt\"><strong>Book<\/strong><\/span><\/p>\n<div>\n<p>Sverdrup, Harald Ulrik; Olafsdottir, Anna Hulda; Ragnarsdottir, K. V. (2021). Development of a Biophysical Economics Module for the Global Integrated Assessment Model WORLD7. In I. D. W. (Eds. . R.Y. Cavana, B.C. Dangerfield, O.V. Pavlov, M.J. Radzicki (Ed.), <i>Feedback Economics - Economic Modeling with System Dynamics | Robert Y. Cavana | Springer<\/i> (1st ed.). Springer. https:\/\/www.springer.com\/gp\/book\/9783030671891 <a href=\"https:\/\/www.springer.com\/gp\/book\/9783030671891#aboutAuthors\">LINK<\/a><\/p>\n<\/div>\n<p>Sverdrup, Harald Ulrik; Lorenz, Ullrich; Olafsdottir, A. H. (2020). The world at the ultimate crossroads: climate change, environmental impacts, population, natural resources sufficiency in the long perspective with integrated models. In H. Lehmann (Ed.), Sustainable Development and Resource Productivity: The Nexus Approach. Routledge. ISBN 978-0367-4295-4-6<\/p>\n<p>Olafsdottir, Anna Hulda; Oddson, Gu\u00f0mundur Valur. 2020. Inngangur a\u00f0 g\u00e6\u00f0astj\u00f3rnun. H\u00e1skolaprent Reykjavik. \u00datg\u00e1fa 1. ISBN 978-9935-24-762-1<\/p>\n<p>Oddsson, Gu\u00f0mundur Valur; R\u00fanarsson, T\u00f3mas Philip; \u00d3lafsd\u00f3ttir, Anna Hulda; Sigurp\u00e1lsson, \u00c1sgeir \u00d6rn. 2019. Inngangur a\u00f0 hermun. H\u00e1skolaprent Reykjavik. \u00datg\u00e1fa 1. ISBN 978-9935-9477-3-4<\/p>\n<p><span class=\"\" lang=\"EN-GB\">Sverdrup H. (Ed.), Haraldsson, H., Olafsdottir, A.H., Belyazid, S. Svensson, M., 2019 System Thinking, System Analysis and System Dynamics: Find out how the world works and then simulate what would happen.<i class=\"\"> <\/i>\u00a03<sup class=\"\">rd<\/sup> revised edition. H\u00e1skolaprent Reykjavik. 310pp. <\/span><span class=\"\">ISBN 978-9935-24-425-3<\/span>. <a href=\"https:\/\/www.haskolaprent.is\/collections\/kennslubaekur\/products\/system-analysis-and-system-dynamics-modelling?ls=en\">LINK<\/a><\/p>\n<p>&nbsp;<\/p>\n<p><span style=\"font-size: 14pt\"><strong>Reports\/Deliverables<\/strong><\/span><\/p>\n<div>\n<p>Olafsdottir, A. H., &amp; Sverdrup, H. (2020). <i>D7 . 1 General model of demand and supply of relevant materials and energy for energy and transportation technologies<\/i>. <a href=\"https:\/\/www.locomotion-h2020.eu\/resources\/main-project-reports\/\">https:\/\/www.locomotion-h2020.eu\/resources\/main-project-reports\/<\/a><\/p>\n<\/div>\n<div>\n<p>Papagianni, S., Adam, A., Olafsdottir, A. H., Sverdrup, H. U., Sams\u00f3, R., Bjelic, I. B., Capell\u00e1n-P\u00e9rez, I., &amp; Castro, C. de. (2020). <i>D7.2 Module of energy resources availability<\/i><i><span lang=\"IS\">.<\/span><\/i> <a href=\"https:\/\/www.locomotion-h2020.eu\/resources\/main-project-reports\/\">https:\/\/www.locomotion-h2020.eu\/resources\/main-project-reports\/<\/a><\/p>\n<\/div>\n<p>&nbsp;<\/p>\n<p><span style=\"font-size: 14pt\"><strong>Proceedings, presentations, posters<\/strong><\/span><\/p>\n<p>How large is the global population when limited by long term sustainable global metal-, energy- and phosphate supply?, by Harald Ulrik Sverdrup, Anna Olafsdottir (presenting author), Deniz Koca,). The 2020 Conference of the System Dynamics Society,\u00a0July 20-24, 2020 <a href=\"https:\/\/proceedings.systemdynamics.org\/2020\/papers\/P1345.pdf\">LINK<\/a><\/p>\n<p>Assessing with the WORLD6 Model, the Global Energy Use, CO2 Emissions and Water Use of Metals, Materials and Fossil Fuels Extraction and Production. by Harald Ulrik Sverdrup (presenting author), Anna Hulda Olafsdottir. \u00a9 2019 World Resources Forum. <a href=\"https:\/\/eur02.safelinks.protection.outlook.com\/?url=https%3A%2F%2Fwww.wrforum.org%2Fwrfpublicationspdf%2Fmaking-natural-resource-governance-fit-for-the-21st-century-wrf-2019-meeting-report%2F&amp;data=01%7C01%7Cannahulda%40hi.is%7C643a6317328f4650985508d7d4a29cf1%7C09fa5f0e211846568529677ed8fdbe78%7C0&amp;sdata=FGj7SIEmFu4OH3ky9aGCEBf88P1EorjBS2WK0oRWSQ0%3D&amp;reserved=0\">Meeting report<\/a>\u00a0<strong><a href=\"https:\/\/www.wrforum.org\/world-resources-forum-2019\/scientific-sessions\/ss-1-life-cycle-sustainability-assessment\/assessing-with-the-world6-model-the-global-energy-use-co2-emissions-and-water-use-of-metals-materials-and-fossil-fuels-extraction-and-production\/\">LINK<\/a>,\u00a0<\/strong><a href=\"https:\/\/www.wrforum.org\/wp-content\/uploads\/2019\/11\/5_SS1_SverdrupWORLD7-WRF-Final.pdf\"><strong>SLIDES\u00a0<\/strong><\/a><\/p>\n<p>The WORLD6 global integrated assessment model: Linking natural resources, population, energy, pollution, climate change, recycling, trade, health, society, governance and the economy into one structure. by Anna Hulda Olafsdottir (presenting author), Harald Ulrik Sverdrup. \u00a9 2019 World Resources Forum. <a href=\"https:\/\/eur02.safelinks.protection.outlook.com\/?url=https%3A%2F%2Fwww.wrforum.org%2Fwrfpublicationspdf%2Fmaking-natural-resource-governance-fit-for-the-21st-century-wrf-2019-meeting-report%2F&amp;data=01%7C01%7Cannahulda%40hi.is%7C643a6317328f4650985508d7d4a29cf1%7C09fa5f0e211846568529677ed8fdbe78%7C0&amp;sdata=FGj7SIEmFu4OH3ky9aGCEBf88P1EorjBS2WK0oRWSQ0%3D&amp;reserved=0\">Meeting report<\/a><strong> <a href=\"https:\/\/www.wrforum.org\/world-resources-forum-2019\/scientific-sessions\/ss-2-meeting-the-sdgs\/the-world6-global-integrated-assessment-model\">LINK<\/a>, \u00a0<a href=\"https:\/\/www.wrforum.org\/wp-content\/uploads\/2019\/10\/5_SS5_The-World7-presentation-Geneva-AHO-FINAL.pdf\">SLIDES<\/a><\/strong><\/p>\n<p>Assessing future supply of technology metals of Bi, Cd, Ge, Ga, In, Sb, Se and Te for new technologies using the WORLD6 model. by: Harald Ulrik Sverdrup (presenting author), Anna Hulda Olafsdottir. \u00a9 2019 World Resources Forum. <a href=\"https:\/\/www.wrforum.org\/world-resources-forum-2019\/poster-sessions\/assessing-future-supply-of-technology-metals-of-bi-cd-ge-ga-in-sb-se-and-te-for-new-technologies-using-the-world6-model\/\"><strong>LINK<\/strong><\/a><\/p>\n<p>Olafsdottir, Anna Hulda; Gudbrandsdottir, Ingunn; Sverdrup, Harald U.; Olafsdottir, Gudrun; Bogason, Sigurdur G.; <em>On modelling the price of beef and salmon using a fully dynamic approach<\/em>. (2018).\u00a0The 36nd International Conference of the System Dynamics Society, System Dynamics Society, Reykjavik. Iceland. <strong><a href=\"http:\/\/proceedings.systemdynamics.org\/2018\/proceed\/papers\/P2226.pdf\">LINK<\/a><\/strong><\/p>\n<p>Sverdrup, Harald Ulrik; Olafsdottir, Anna Hulda; Ragnarsdottir, Krist\u00edn Vala; Koca, Deniz.\u00a0<em>Developing the WORLD6 integrated global model; causally linking natural resource use, population, energy, commodities, health, governance and the economy.\u00a0<\/em>(2018).\u00a0The 36nd International Conference of the System Dynamics Society, System Dynamics Society, Reykjavik. Iceland. <strong><a href=\"https:\/\/sds.memberclicks.net\/assets\/conferences\/2018\/Sverdrup-WORLD6.pdf\">LINK<\/a><\/strong><\/p>\n<div class=\"page\" title=\"Page 20\">\n<div class=\"layoutArea\">\n<div class=\"column\">\n<p><em>Gudbrandsdottir, Ingunn; Olafsdottir, Gudrun;\u00a0Olafsdottir, Anna Hulda; Sverdrup, Harald U.; Bogason, Sigurdur G. The case of Arctic char land based aquaculture production in Iceland.\u00a0<\/em>(2018).\u00a0The 36nd International Conference of the System Dynamics Society, System Dynamics Society, Reykjavik. Iceland. <a href=\"http:\/\/proceedings.systemdynamics.org\/2018\/proceed\/abstracts\/2248.html\"><strong>LINK<\/strong><\/a><\/p>\n<\/div>\n<\/div>\n<\/div>\n<p>Olafsdottir, Anna Hulda; Gudbrandsdottir, Ingunn; Sverdrup, Harald U.; Bogason, Sigurdur G.; Olafsdottir, Gudrun; Stefansson. <em>Applying System Analysis and System Dynamics Modelling In Complex Research Projects - The Case Of VALUMICS.\u00a0<\/em>Proceedings in System Dynamics and Innovation in Food Networks (2018). <strong><a href=\"http:\/\/centmapress.ilb.uni-bonn.de\/ojs\/index.php\/proceedings\/article\/view\/1830\">LINK<\/a><\/strong><\/p>\n<p>Gudbrandsdottir, Ingunn; Olafsdottir, Anna Hulda; Sverdrup, Harald U.; Bogason, Sigurdur G.; Olafsdottir, Gudrun; Stefansson. <em>Modeling of Integrated Supply-, Value- and Decision Chains within Food Systems.<\/em> Proceedings in System Dynamics and Innovation in Food Networks (2018). <a href=\"http:\/\/centmapress.ilb.uni-bonn.de\/ojs\/index.php\/proceedings\/article\/view\/1827\/780\"><strong>LINK<\/strong><\/a><\/p>\n<p>Olafsdottir, Anna; Sverdrup, Harald; Ragnarsdottir, Kristin Vala. <em>On the metal contents of ocean floor nodules, crusts and massive sulphides and a preliminary assessment of the extractable amounts. (2017).<\/em> World resources Forum 2017. <strong>\u00a0<a href=\"https:\/\/www.wrforum.org\/profile\/ss1-14\/#\">LINK<\/a><\/strong><\/p>\n<p>Schlyter,\u00a0Peter; Sverdrup, Harald; Olafsdottir, Anna; Ragnarsdottir, Kristin Vala. <em>A system dynamics assessment of supply sufficiency for aerospace technology needs using WORLD6.\u00a0(2017)..<\/em> World Resources Forum 2017. <strong><a href=\"https:\/\/www.wrforum.org\/profile\/ss1-7\/\">LINK<\/a><\/strong><\/p>\n<p>Ragnarsdottir, Kristin Vala; Sverdrup, Harald; \u00d3lafsd\u00f3ttir, Anna; Koca, Deniz. <em>Time of scarcity horizons for technology metals, precious metals, base metals, superalloy metals, battery technology metals and infrastructure materials. (2017).<\/em> World Resources Forum 2107. <strong><a href=\"https:\/\/www.wrforum.org\/profile\/ss6-1\/\">LINK<\/a><\/strong><\/p>\n<p>Olafsdottir, A. H., Ingason, H. T. and Stefansson, G. (2014). <em>The value of Stakeholder Group Model-Building when facing a System Dynamics problem - A qualitative research about a methodological approach to form a CLD.<\/em> The 32nd International Conference of the System Dynamics Society, System Dynamics Society, Delft, Netherlands. <strong><a href=\"https:\/\/www.systemdynamics.org\/assets\/conferences\/2014\/proceed\/papers\/P1409.pdf\">LINK<\/a><\/strong><\/p>\n<p>Olafsdottir, A. H., et al. (2013). Poster: Active use of quality management system in the construction industry. the 31st International Conference of the System Dynamics Society, 2013 Cambridge, Massachusetts USA.<\/p>\n<p>Olafsdottir, A. H., et al. (2012). Active use of quality management system (QMS) in the construction industry. the 30th International Conference of the System Dynamics Society, St. Gallen, Switzerland, System Dynamic Society.<\/p>\n<p>&nbsp;<\/p>\n<p><span style=\"font-size: 14pt\"><strong>Thesis<\/strong><\/span><\/p>\n<p>Olafsdottir, A. H. (2011). \u00c1hrif g\u00e6\u00f0astj\u00f3rnunar \u00e1 mannvirkjager\u00f0. Industrial Engineering, Mechanical Engineering and Computer science. Iceland, University og Iceland. M.Sc.<\/p>\n<p>Olafsdottir, A. H. (2016). A System Dynamics Approach to Quality Management in the Construction Industry. Faculty of Industrial Engineering, Mechanical Engineering and Computer Science. H\u00e1sk\u00f3laprent, Reykjav\u00edk, Iceland, University of Iceland. Philosophiae Doctor.<\/p>\n<p><!--:--><\/p>\n","protected":false},"excerpt":{"rendered":"<p>This page presents a list of published material (can also be found on google scholar). Abstract overview of linked published material can be found here: WORLD 6 papers within the IceSD center. Biomass and biofuel considerations Construction industry Group model building Food Supply chains Journal articles Olafsdottir, A. H. ., &amp; Sverdrup, H. U. (2021). [&hellip;]<\/p>\n","protected":false},"author":1493,"featured_media":0,"parent":0,"menu_order":1,"comment_status":"closed","ping_status":"closed","template":"","meta":{"footnotes":""},"class_list":["post-15","page","type-page","status-publish","hentry"],"_links":{"self":[{"href":"https:\/\/uni.hi.is\/annahulda\/wp-json\/wp\/v2\/pages\/15","targetHints":{"allow":["GET"]}}],"collection":[{"href":"https:\/\/uni.hi.is\/annahulda\/wp-json\/wp\/v2\/pages"}],"about":[{"href":"https:\/\/uni.hi.is\/annahulda\/wp-json\/wp\/v2\/types\/page"}],"author":[{"embeddable":true,"href":"https:\/\/uni.hi.is\/annahulda\/wp-json\/wp\/v2\/users\/1493"}],"replies":[{"embeddable":true,"href":"https:\/\/uni.hi.is\/annahulda\/wp-json\/wp\/v2\/comments?post=15"}],"version-history":[{"count":70,"href":"https:\/\/uni.hi.is\/annahulda\/wp-json\/wp\/v2\/pages\/15\/revisions"}],"predecessor-version":[{"id":262,"href":"https:\/\/uni.hi.is\/annahulda\/wp-json\/wp\/v2\/pages\/15\/revisions\/262"}],"wp:attachment":[{"href":"https:\/\/uni.hi.is\/annahulda\/wp-json\/wp\/v2\/media?parent=15"}],"curies":[{"name":"wp","href":"https:\/\/api.w.org\/{rel}","templated":true}]}}