{"id":170,"date":"2019-02-17T11:43:43","date_gmt":"2019-02-17T11:43:43","guid":{"rendered":"http:\/\/uni.hi.is\/annahulda\/?page_id=170"},"modified":"2019-02-19T14:10:55","modified_gmt":"2019-02-19T14:10:55","slug":"afburdarstjornun-med-aherslu-a-straumlinustjornun","status":"publish","type":"page","link":"https:\/\/uni.hi.is\/annahulda\/teaching\/haskolinn-i-reykjavik\/afburdarstjornun-med-aherslu-a-straumlinustjornun\/","title":{"rendered":"Afbur\u00f0arstj\u00f3rnun me\u00f0 \u00e1herslu \u00e1 strauml\u00ednustj\u00f3rnun"},"content":{"rendered":"<p><strong>Reading material for Saturday February 23rd,\u00a0<\/strong>AH\u00d3 13:00 - 16:30<\/p>\n<p>Reading material can be found <a href=\"https:\/\/drive.google.com\/open?id=1sx-0DChk97bsQuSfEehQoWOp6QUBX3zo\">HERE<\/a><\/p>\n<p>Included in the folder:<\/p>\n<p><em>Introduction to system thinking and causal loop diagrams<\/em><\/p>\n<p><em>Systems thinking: How is it used in project management?<\/em><\/p>\n<p><em>Applying System Dynamics Modelling to Strategic Management: A Literature Review. Federico Cosenzand Guido Noto<\/em><\/p>\n<p><em>A MODEL TO INVESTIGATE THE EFFECT OF WORK ETHIC CULTURE ON DYNAMICS OF REWORK IN MANAGEMENT OF PROJECTS, Hossein Kiani, Seyed Hossein Hosseini, \u00a0and Farshid Abdi<\/em><\/p>\n<p>&nbsp;<\/p>\n","protected":false},"excerpt":{"rendered":"<p>Reading material for Saturday February 23rd,\u00a0AH\u00d3 13:00 - 16:30 Reading material can be found HERE Included in the folder: Introduction to system thinking and causal loop diagrams Systems thinking: How is it used in project management? Applying System Dynamics Modelling to Strategic Management: A Literature Review. Federico Cosenzand Guido Noto A MODEL TO INVESTIGATE THE [&hellip;]<\/p>\n","protected":false},"author":1493,"featured_media":0,"parent":176,"menu_order":0,"comment_status":"closed","ping_status":"closed","template":"","meta":{"footnotes":""},"class_list":["post-170","page","type-page","status-publish","hentry"],"_links":{"self":[{"href":"https:\/\/uni.hi.is\/annahulda\/wp-json\/wp\/v2\/pages\/170","targetHints":{"allow":["GET"]}}],"collection":[{"href":"https:\/\/uni.hi.is\/annahulda\/wp-json\/wp\/v2\/pages"}],"about":[{"href":"https:\/\/uni.hi.is\/annahulda\/wp-json\/wp\/v2\/types\/page"}],"author":[{"embeddable":true,"href":"https:\/\/uni.hi.is\/annahulda\/wp-json\/wp\/v2\/users\/1493"}],"replies":[{"embeddable":true,"href":"https:\/\/uni.hi.is\/annahulda\/wp-json\/wp\/v2\/comments?post=170"}],"version-history":[{"count":6,"href":"https:\/\/uni.hi.is\/annahulda\/wp-json\/wp\/v2\/pages\/170\/revisions"}],"predecessor-version":[{"id":193,"href":"https:\/\/uni.hi.is\/annahulda\/wp-json\/wp\/v2\/pages\/170\/revisions\/193"}],"up":[{"embeddable":true,"href":"https:\/\/uni.hi.is\/annahulda\/wp-json\/wp\/v2\/pages\/176"}],"wp:attachment":[{"href":"https:\/\/uni.hi.is\/annahulda\/wp-json\/wp\/v2\/media?parent=170"}],"curies":[{"name":"wp","href":"https:\/\/api.w.org\/{rel}","templated":true}]}}