{"id":176,"date":"2019-02-17T11:53:54","date_gmt":"2019-02-17T11:53:54","guid":{"rendered":"http:\/\/uni.hi.is\/annahulda\/?page_id=176"},"modified":"2020-02-26T15:33:56","modified_gmt":"2020-02-26T15:33:56","slug":"haskolinn-i-reykjavik","status":"publish","type":"page","link":"https:\/\/uni.hi.is\/annahulda\/teaching\/haskolinn-i-reykjavik\/","title":{"rendered":"University of Reykjav\u00edk"},"content":{"rendered":"<h2>RU teaching record<\/h2>\n<table id=\"teaching\" style=\"width: 78.75717304920154%;height: 192px\" cellspacing=\"0\" cellpadding=\"0\">\n<tbody>\n<tr style=\"height: 48px\">\n<td style=\"height: 48px;width: 10.633946830265849%\">2020-1<\/td>\n<td style=\"height: 48px;width: 19.222903885480573%\">T-856-EXLE<\/td>\n<td style=\"height: 48px;width: 121.06339468302659%\">Excellence in management \u2013 Lean management<\/td>\n<\/tr>\n<tr style=\"height: 48px\">\n<td style=\"height: 48px;width: 10.633946830265849%\">2019-3<\/td>\n<td style=\"height: 48px;width: 19.222903885480573%\">T-806-SIMU<\/td>\n<td style=\"height: 48px;width: 121.06339468302659%\">Simulation II<\/td>\n<\/tr>\n<tr style=\"height: 48px\">\n<td style=\"height: 48px;width: 10.633946830265849%\">2019-1<\/td>\n<td style=\"height: 48px;width: 19.222903885480573%\">T-856-EXLE<\/td>\n<td style=\"height: 48px;width: 121.06339468302659%\">Excellence in management \u2013 Lean management<\/td>\n<\/tr>\n<tr style=\"height: 48px\">\n<td style=\"height: 48px;width: 10.633946830265849%\">2018-3<\/td>\n<td style=\"height: 48px;width: 19.222903885480573%\">T-806-SIMU<\/td>\n<td style=\"height: 48px;width: 121.06339468302659%\">Simulation II<\/td>\n<\/tr>\n<\/tbody>\n<\/table>\n<p>More: http:\/\/www.ru.is\/haskolinn\/starfsfolk\/annao<\/p>\n<p>&nbsp;<\/p>\n<p><a href=\"http:\/\/uni.hi.is\/annahulda\/teaching\/afburdarstjornun-med-aherslu-a-straumlinustjornun\/\">Afbur\u00f0astj\u00f3rnun me\u00f0 \u00e1herslu \u00e1 strauml\u00ednustj\u00f3rnun<\/a><\/p>\n<p>&nbsp;<\/p>\n","protected":false},"excerpt":{"rendered":"<p>RU teaching record 2020-1 T-856-EXLE Excellence in management \u2013 Lean management 2019-3 T-806-SIMU Simulation II 2019-1 T-856-EXLE Excellence in management \u2013 Lean management 2018-3 T-806-SIMU Simulation II More: http:\/\/www.ru.is\/haskolinn\/starfsfolk\/annao &nbsp; Afbur\u00f0astj\u00f3rnun me\u00f0 \u00e1herslu \u00e1 strauml\u00ednustj\u00f3rnun &nbsp;<\/p>\n","protected":false},"author":1493,"featured_media":0,"parent":167,"menu_order":0,"comment_status":"closed","ping_status":"closed","template":"","meta":{"footnotes":""},"class_list":["post-176","page","type-page","status-publish","hentry"],"_links":{"self":[{"href":"https:\/\/uni.hi.is\/annahulda\/wp-json\/wp\/v2\/pages\/176","targetHints":{"allow":["GET"]}}],"collection":[{"href":"https:\/\/uni.hi.is\/annahulda\/wp-json\/wp\/v2\/pages"}],"about":[{"href":"https:\/\/uni.hi.is\/annahulda\/wp-json\/wp\/v2\/types\/page"}],"author":[{"embeddable":true,"href":"https:\/\/uni.hi.is\/annahulda\/wp-json\/wp\/v2\/users\/1493"}],"replies":[{"embeddable":true,"href":"https:\/\/uni.hi.is\/annahulda\/wp-json\/wp\/v2\/comments?post=176"}],"version-history":[{"count":6,"href":"https:\/\/uni.hi.is\/annahulda\/wp-json\/wp\/v2\/pages\/176\/revisions"}],"predecessor-version":[{"id":232,"href":"https:\/\/uni.hi.is\/annahulda\/wp-json\/wp\/v2\/pages\/176\/revisions\/232"}],"up":[{"embeddable":true,"href":"https:\/\/uni.hi.is\/annahulda\/wp-json\/wp\/v2\/pages\/167"}],"wp:attachment":[{"href":"https:\/\/uni.hi.is\/annahulda\/wp-json\/wp\/v2\/media?parent=176"}],"curies":[{"name":"wp","href":"https:\/\/api.w.org\/{rel}","templated":true}]}}