{"id":188,"date":"2019-02-17T12:04:03","date_gmt":"2019-02-17T12:04:03","guid":{"rendered":"http:\/\/uni.hi.is\/annahulda\/?page_id=188"},"modified":"2020-02-26T15:32:16","modified_gmt":"2020-02-26T15:32:16","slug":"university-of-iceland-2","status":"publish","type":"page","link":"https:\/\/uni.hi.is\/annahulda\/teaching\/university-of-iceland-2\/","title":{"rendered":"University of Iceland"},"content":{"rendered":"<p>Courses 2019-2020<\/p>\n<ul>\n<li><a href=\"https:\/\/ugla.hi.is\/kennsluskra\/index.php?tab=nam&amp;chapter=namskeid&amp;id=08213520200&amp;lang=en\" target=\"_blank\" rel=\"noopener noreferrer\">I\u00d0N402G - Simulation<\/a><\/li>\n<li><a href=\"https:\/\/ugla.hi.is\/kennsluskra\/index.php?tab=nam&amp;chapter=namskeid&amp;id=70917920200&amp;lang=en\" target=\"_blank\" rel=\"noopener noreferrer\">I\u00d0N224F - Systems Analysis and System Dynamics Modelling 2 - reading course<\/a><\/li>\n<li><a href=\"https:\/\/ugla.hi.is\/kennsluskra\/index.php?tab=nam&amp;chapter=namskeid&amp;id=08223220196&amp;lang=en\" target=\"_blank\" rel=\"noopener noreferrer\">I\u00d0N101M - Quality Management<\/a><\/li>\n<li><a href=\"https:\/\/ugla.hi.is\/kennsluskra\/index.php?tab=nam&amp;chapter=namskeid&amp;id=70899420196&amp;lang=en\" target=\"_blank\" rel=\"noopener noreferrer\">I\u00d0N122F - Introduction to master's studies in Industrial Engineering<\/a><\/li>\n<li><a href=\"https:\/\/ugla.hi.is\/kennsluskra\/index.php?tab=nam&amp;chapter=namskeid&amp;id=70917920196&amp;lang=en\" target=\"_blank\" rel=\"noopener noreferrer\">I\u00d0N124F - Systems Analysis and System Dynamics Modelling - Reading course<\/a><\/li>\n<\/ul>\n<p>https:\/\/www.hi.is\/staff\/annahulda<\/p>\n","protected":false},"excerpt":{"rendered":"<p>Courses 2019-2020 I\u00d0N402G - Simulation I\u00d0N224F - Systems Analysis and System Dynamics Modelling 2 - reading course I\u00d0N101M - Quality Management I\u00d0N122F - Introduction to master's studies in Industrial Engineering I\u00d0N124F - Systems Analysis and System Dynamics Modelling - Reading course https:\/\/www.hi.is\/staff\/annahulda<\/p>\n","protected":false},"author":1493,"featured_media":0,"parent":167,"menu_order":0,"comment_status":"closed","ping_status":"closed","template":"","meta":{"footnotes":""},"class_list":["post-188","page","type-page","status-publish","hentry"],"_links":{"self":[{"href":"https:\/\/uni.hi.is\/annahulda\/wp-json\/wp\/v2\/pages\/188","targetHints":{"allow":["GET"]}}],"collection":[{"href":"https:\/\/uni.hi.is\/annahulda\/wp-json\/wp\/v2\/pages"}],"about":[{"href":"https:\/\/uni.hi.is\/annahulda\/wp-json\/wp\/v2\/types\/page"}],"author":[{"embeddable":true,"href":"https:\/\/uni.hi.is\/annahulda\/wp-json\/wp\/v2\/users\/1493"}],"replies":[{"embeddable":true,"href":"https:\/\/uni.hi.is\/annahulda\/wp-json\/wp\/v2\/comments?post=188"}],"version-history":[{"count":3,"href":"https:\/\/uni.hi.is\/annahulda\/wp-json\/wp\/v2\/pages\/188\/revisions"}],"predecessor-version":[{"id":228,"href":"https:\/\/uni.hi.is\/annahulda\/wp-json\/wp\/v2\/pages\/188\/revisions\/228"}],"up":[{"embeddable":true,"href":"https:\/\/uni.hi.is\/annahulda\/wp-json\/wp\/v2\/pages\/167"}],"wp:attachment":[{"href":"https:\/\/uni.hi.is\/annahulda\/wp-json\/wp\/v2\/media?parent=188"}],"curies":[{"name":"wp","href":"https:\/\/api.w.org\/{rel}","templated":true}]}}