{"id":81,"date":"2018-09-01T17:09:49","date_gmt":"2018-09-01T17:09:49","guid":{"rendered":"http:\/\/uni.hi.is\/annahulda\/?page_id=81"},"modified":"2021-01-19T22:04:21","modified_gmt":"2021-01-19T22:04:21","slug":"masters-and-phd-projects","status":"publish","type":"page","link":"https:\/\/uni.hi.is\/annahulda\/icelandic-system-dynamics-center-icesdc\/masters-and-phd-projects\/","title":{"rendered":"Masters and PhD projects"},"content":{"rendered":"<p><strong>Guidance in masters and PhD projects:<\/strong><\/p>\n<div>\n<p>Gu\u00f0j\u00f3nsd\u00f3ttir, Gn\u00e1. (2020). <i>L\u00f6gfesting Jafnlaunavottunar samkv\u00e6mt \u00cdST 85:2012. Er h\u00fan a\u00f0 n\u00e1 \u00feeim markmi\u00f0um sem lagt var upp me\u00f0\u202f?<\/i> [Reykjav\u00edk University]. <a href=\"http:\/\/hdl.handle.net\/1946\/36385\">http:\/\/hdl.handle.net\/1946\/36385.<\/a> Guidance: Olafsdottir, Anna Hulda.<\/p>\n<\/div>\n<p>\u00deorvaldsson, Emi.\u00a0Lignocellulosic Bio Fuel Production In Iceland, A System Dynamics Approach (2017)\u00a0<a href=\"http:\/\/hdl.handle.net\/1946\/27812.\">http:\/\/hdl.handle.net\/1946\/27812.<\/a>\u00a0Guidance: Olafsdottir, Anna Hulda &amp; Sverdrup, Harald.<\/p>\n<p>Haldorsen, \u00c1rni Stef\u00e1n. Analysis of the Icelandic fishing industry as a system (2017)\u00a0<a href=\"http:\/\/hdl.handle.net\/1946\/27650\">http:\/\/hdl.handle.net\/1946\/27650<\/a>. Guidance: Sverdrup, Harald &amp; \u00a0Olafsdottir, Anna Hulda.<\/p>\n<p>Dan\u00edelsson, Gu\u00f0mundur. Mat \u00e1 verkefnastj\u00f3rnunarlegum \u00feroska sveitarf\u00e9laga \u00e1 \u00cdslandi (2016).\u00a0<a href=\"http:\/\/hdl.handle.net\/1946\/25622\">http:\/\/hdl.handle.net\/1946\/25622<\/a>. Guidance: Olafsdottir, Anna Hulda.<\/p>\n","protected":false},"excerpt":{"rendered":"<p>Guidance in masters and PhD projects: Gu\u00f0j\u00f3nsd\u00f3ttir, Gn\u00e1. (2020). L\u00f6gfesting Jafnlaunavottunar samkv\u00e6mt \u00cdST 85:2012. Er h\u00fan a\u00f0 n\u00e1 \u00feeim markmi\u00f0um sem lagt var upp me\u00f0\u202f? [Reykjav\u00edk University]. http:\/\/hdl.handle.net\/1946\/36385. Guidance: Olafsdottir, Anna Hulda. \u00deorvaldsson, Emi.\u00a0Lignocellulosic Bio Fuel Production In Iceland, A System Dynamics Approach (2017)\u00a0http:\/\/hdl.handle.net\/1946\/27812.\u00a0Guidance: Olafsdottir, Anna Hulda &amp; Sverdrup, Harald. Haldorsen, \u00c1rni Stef\u00e1n. Analysis of [&hellip;]<\/p>\n","protected":false},"author":1493,"featured_media":0,"parent":39,"menu_order":0,"comment_status":"closed","ping_status":"closed","template":"","meta":{"footnotes":""},"class_list":["post-81","page","type-page","status-publish","hentry"],"_links":{"self":[{"href":"https:\/\/uni.hi.is\/annahulda\/wp-json\/wp\/v2\/pages\/81","targetHints":{"allow":["GET"]}}],"collection":[{"href":"https:\/\/uni.hi.is\/annahulda\/wp-json\/wp\/v2\/pages"}],"about":[{"href":"https:\/\/uni.hi.is\/annahulda\/wp-json\/wp\/v2\/types\/page"}],"author":[{"embeddable":true,"href":"https:\/\/uni.hi.is\/annahulda\/wp-json\/wp\/v2\/users\/1493"}],"replies":[{"embeddable":true,"href":"https:\/\/uni.hi.is\/annahulda\/wp-json\/wp\/v2\/comments?post=81"}],"version-history":[{"count":8,"href":"https:\/\/uni.hi.is\/annahulda\/wp-json\/wp\/v2\/pages\/81\/revisions"}],"predecessor-version":[{"id":255,"href":"https:\/\/uni.hi.is\/annahulda\/wp-json\/wp\/v2\/pages\/81\/revisions\/255"}],"up":[{"embeddable":true,"href":"https:\/\/uni.hi.is\/annahulda\/wp-json\/wp\/v2\/pages\/39"}],"wp:attachment":[{"href":"https:\/\/uni.hi.is\/annahulda\/wp-json\/wp\/v2\/media?parent=81"}],"curies":[{"name":"wp","href":"https:\/\/api.w.org\/{rel}","templated":true}]}}