{"id":1186,"date":"2024-01-04T14:11:06","date_gmt":"2024-01-04T14:11:06","guid":{"rendered":"https:\/\/uni.hi.is\/apalsson\/?page_id=1186"},"modified":"2026-02-13T13:48:34","modified_gmt":"2026-02-13T13:48:34","slug":"publications-2","status":"publish","type":"page","link":"https:\/\/uni.hi.is\/apalsson\/IS\/publications-2\/","title":{"rendered":"Ritverk"},"content":{"rendered":"<p><strong>Send handrit.<\/strong><\/p>\n<p>&nbsp;<\/p>\n<p><strong>Ritr\u00fdnd verk (sj\u00e1 ensku s\u00ed\u00f0u fyrir greinar \u00e1 \u00fev\u00ed m\u00e1li)<\/strong><\/p>\n<p>Hulda Karen Ingvarsd\u00f3ttir, Arnar P\u00e1lsson. 2025. <strong>Fr\u00e1 arfger\u00f0 til svipger\u00f0ar: tengsl breytileika \u00ed genastj\u00f3rnun vi\u00f0 svipger\u00f0ir og sj\u00fakd\u00f3ma. <\/strong>N\u00e1tt\u00farufr\u00e6\u00f0ingurinn. 95. 1-4. Bls. xxx-xxx.<\/p>\n<p>Gu\u00f0bj\u00f6rg \u00d3sk J\u00f3nsd\u00f3ttir#, Ben\u00f3n\u00fd J\u00f3nsson#, Magn\u00fas J\u00f3hannsson# og Arnar P\u00e1lsson. 2024. <a href=\"https:\/\/doi.org\/10.33112\/nfr.94.3.2\"><strong>Uppeldissv\u00e6\u00f0i laxfiska \u00ed \u00deingvallavatni og tengdum \u00e1m \/ Areas used by Salmonid juveniles in Lake \u00deingvallavatn and connected rivers<\/strong><\/a>. N\u00e1tt\u00farufr\u00e6\u00f0ingurinn. 94. 3-4. Bls. 110-127. <a class=\"nova-legacy-e-link nova-legacy-e-link--color-inherit nova-legacy-e-link--theme-decorated\" href=\"http:\/\/dx.doi.org\/10.33112\/nfr.94.3.2\" target=\"_blank\" rel=\"noopener\">10.33112\/nfr.94.3.2<\/a><\/p>\n<p>Arnar P\u00e1lsson. 2024. <strong>E\u00f0li og uppbygging erf\u00f0aefnisins DNA \u2013 70 \u00e1r fr\u00e1 uppg\u00f6tvun. <\/strong>Sk\u00edrnir. 122-147.<\/p>\n<p>Marco Mancini, Andreas Gu\u00f0mundsson og Arnar P\u00e1lsson 2022. <strong>European fire ants found in Iceland. \/ Evr\u00f3pskir eldmaurar (<em>Myrmica rubra<\/em>) \u00e1 \u00cdslandi.<\/strong>\u00a0 N\u00e1tt\u00farufr\u00e6\u00f0ingurinn. 92 (1-2), bls. 32-39. <a href=\"https:\/\/natturufraedingurinn.is\/evropskir-eldmaurar-myrmica-rubra-a-islandi\/\">https:\/\/natturufraedingurinn.is\/evropskir-eldmaurar-myrmica-rubra-a-islandi\/<\/a><\/p>\n<p>Arnar P\u00e1lsson. 2014. <a href=\"https:\/\/timarit.is\/page\/7104055?iabr=on#page\/n231\/mode\/2up\/search\/%22arnar%20p%C3%A1lsson%22\"><strong>Tilviljun og tilgangur \u00ed l\u00edfi og eil\u00edf\u00f0. Um Tilviljun og nau\u00f0syn eftir Jacques Monod<\/strong><\/a> <a href=\"https:\/\/heimspeki.hi.is\">Hugur<\/a>. (ritstj. J\u00f3hannes Dagsson) 26. bls. 233-246.<\/p>\n<p>Arnar P\u00e1lsson. 2014. <strong><a href=\"http:\/\/uni.hi.is\/apalsson\/2014\/09\/17\/icelandic-stefnumot-skilvirkni-og-breytileika-snertiflotur-throskunar-og-throunar-2\/\">Stefnum\u00f3t skilvirkni og breytileika \u2013 snertifl\u00f6tur \u00feroskunar og \u00fer\u00f3unar.<\/a><\/strong> N\u00e1tt\u00farufr\u00e6\u00f0ingurinn 84 (1\u20132), bls. 53\u201360.<\/p>\n<p>Arnar P\u00e1lsson. 2010. <strong>\u00der\u00f3un mannsins<\/strong>. \u00cd Arfleif\u00f0 Darwins, \u00fer\u00f3un, n\u00e1tt\u00fara og samf\u00e9lag. (ritstj. Arnar P\u00e1lsson, Bjarni K. Kristj\u00e1nsson, Hafd\u00eds H. \u00c6gisd\u00f3ttir, Sn\u00e6bj\u00f6rn P\u00e1lsson &amp; Steind\u00f3r J. Erlingsson). Hi\u00f0 \u00cdslenska b\u00f3kmenntaf\u00e9lag.<\/p>\n<p>Einn fimm ritstj\u00f3ra<strong> Arfleif\u00f0ar Darwins, - \u00fer\u00f3unarfr\u00e6\u00f0i, n\u00e1tt\u00fara og menning<\/strong>. Ritr\u00fdnd b\u00f3k gefin \u00fat hausti\u00f0 2010 af <a href=\"http:\/\/www.hib.is\/index.php?s=bokaflokkar&amp;bok=68\">Hinu \u00edslenska b\u00f3kmenntaf\u00e9lagi.<\/a><\/p>\n<p>&nbsp;<\/p>\n<p><strong>A\u00f0rar greinar og skrif<\/strong>.<\/p>\n<p>Nokkrir <a href=\"https:\/\/www.visindavefur.is\/hofundur\/1508\/arnar-palsson\/\">pistlar \u00e1 <\/a><em>V\u00edsindavefnum, <\/em>fr\u00e1 \u00e1rinu 2011.<\/p>\n<p>Arnar P\u00e1lsson. 2026. Ritfregn - \u00d6ld gensins eftir Evelyn Fox Keller.<br \/>\nN\u00e1tt\u00farufr\u00e6\u00f0ingurinn, 96. \u00e1rgangur, bls 1-7. <a href=\"https:\/\/natturufraedingurinn.is\/old-gensins\/\">https:\/\/natturufraedingurinn.is\/old-gensins\/<\/a><\/p>\n<p>Arnar P\u00e1lsson. 2019. <a href=\"https:\/\/nmsi.is\/project_category\/natturufraedingurinn\/\">Ritfregn - R\u00f6k l\u00edfsins eftir Gu\u00f0mund Eggertsson<\/a>. N\u00e1tt\u00farufr\u00e6\u00f0ingurinn, 88. \u00e1rgangur, hefti 3-4. bls 175-178.<\/p>\n<p>Hr\u00f6nn Egilsd\u00f3ttir og Arnar P\u00e1lsson. 2017. <a href=\"https:\/\/kjarninn.is\/skodun\/2017-01-16-afneitun-loftslagsvandans\/\">Afneitun loftslagsvandans.<\/a> Kjarninn.is 16. jan\u00faar.<\/p>\n<p>Arnar P\u00e1lsson 2017. <a href=\"http:\/\/uni.hi.is\/apalsson\/2017\/01\/16\/icelandic-mun-norskt-genaregn-eydileggja-islenska-laxinn\/\">Mun norskt genaregn ey\u00f0ileggja \u00edslenska laxinn?<\/a> Fr\u00e9ttabla\u00f0i\u00f0 9. jan\u00faar.<\/p>\n<p>Arnar P\u00e1lsson. 2016. <a href=\"http:\/\/apalsson.blog.is\/blog\/apalsson\/entry\/2177551\/\">\u201e<\/a><a href=\"https:\/\/uni.hi.is\/apalsson\/wp-admin\/post.php?post=1463\">Fj\u00f3r\u00f0ungi breg\u00f0ur til nafns: af uppnefndum genum og s\u00e9rvisku erf\u00f0afr\u00e6\u00f0inga.<\/a>\u201c K\u00edmbla\u00f0i\u00f0 bls. 51-53.<\/p>\n<p>Arnar P\u00e1lsson. 2016. <a href=\"http:\/\/uni.hi.is\/apalsson\/IS\/2016\/08\/08\/icelandic-hvernig-kemst-madur-i-framhaldsnam-i-liffraedi\/\">Hvernig kemst ma\u00f0ur \u00ed framhaldsn\u00e1m \u00ed l\u00edffr\u00e6\u00f0i?<\/a>\u201c K\u00edmbla\u00f0i\u00f0 bls. 4-9.<\/p>\n<p>Arnar P\u00e1lsson. 2015. Leyndard\u00f3mar gena, bakter\u00eda og uppruna l\u00edfs. N\u00e1tt\u00farufr\u00e6\u00f0ingurinn 85 (3\u20134), bls. 163\u2013166.<\/p>\n<p>Arnar P\u00e1lsson. 2014. Stofnun L\u00edffr\u00e6\u00f0if\u00e9lags \u00cdslands og fyrsti forma\u00f0urinn. N\u00e1tt\u00farufr\u00e6\u00f0ingurinn 84 (3\u20134), bls. 150\u2013152.<\/p>\n<p>Arnar P\u00e1lsson. 2014. <a href=\"http:\/\/uni.hi.is\/apalsson\/2014\/09\/17\/icelandic-ritfregn-tilviljun-og-naudsyn\/\">Ritfregn: Tilviljun og nau\u00f0syn<\/a> N\u00e1tt\u00farufr\u00e6\u00f0ingurinn 84 (1\u20132), bls. 72\u201373.<\/p>\n<p><a href=\"http:\/\/lifvisindi.hi.is\/staff\/petur-henry-petersen\">P\u00e9tur Henry Petersen<\/a> og Arnar P\u00e1lsson. 2014. <a href=\"http:\/\/www.visir.is\/gallad-vinnumatskerfi-hi-vinnur-gegn-gaedum-visinda\/article\/2014703299987\">Galla\u00f0 vinnumatskerfi H\u00cd vinnur gegn g\u00e6\u00f0um v\u00edsinda<\/a> Fr\u00e9ttabla\u00f0i\u00f0 og V\u00edsir.is 29. mars.<\/p>\n<p>Arnar P\u00e1lsson. 2014. <a href=\"http:\/\/uni.hi.is\/apalsson\/IS\/2014\/02\/20\/icelandic-virdisauki-med-visindum\/\">Vir\u00f0isauki me\u00f0 v\u00edsindum<\/a> Morgunbla\u00f0i\u00f0 19. febr\u00faar.<\/p>\n<p>P\u00e9tur H. Petersen og Arnar P\u00e1lsson. 2013. <a href=\"http:\/\/visir.is\/oflugir-samkeppnissjodir-eru-naudsynlegir-fyrir-nyskopun\/article\/2013712189969\">\u00d6flugir samkeppnissj\u00f3\u00f0ir eru nau\u00f0synlegir fyrir n\u00fdsk\u00f6pun<\/a> Fr\u00e9ttabla\u00f0i\u00f0 18. desember og \u00e1 vefnum v\u00edsir.is.<\/p>\n<p>Arnar P\u00e1lsson og P\u00e9tur H. Petersen. 2013. <a href=\"http:\/\/uni.hi.is\/apalsson\/IS\/2010\/05\/27\/introduction-kynning\/\">Notagildi menntunar og l\u00edfsbar\u00e1tta H\u00e1sk\u00f3la \u00cdslands<\/a> Fr\u00e9ttabla\u00f0i\u00f0 10.\u00a0 okt\u00f3ber.<\/p>\n<p>Arnar P\u00e1lsson. 1998. <a href=\"https:\/\/timarit.is\/page\/1906609#page\/n5\/mode\/2up\">Hin kl\u00f3na\u00f0a Doll\u00fd \u2014 lambi\u00f0 sem sk\u00f3k heiminn<\/a>. Morgunbla\u00f0i\u00f0. 31. ma\u00ed.<\/p>\n<p>&nbsp;<\/p>","protected":false},"excerpt":{"rendered":"<p>Send handrit. &nbsp; Ritr\u00fdnd verk (sj\u00e1 ensku s\u00ed\u00f0u fyrir greinar \u00e1 \u00fev\u00ed m\u00e1li) Hulda Karen Ingvarsd\u00f3ttir, Arnar P\u00e1lsson. 2025. Fr\u00e1 arfger\u00f0 til svipger\u00f0ar: tengsl breytileika \u00ed genastj\u00f3rnun vi\u00f0 svipger\u00f0ir og sj\u00fakd\u00f3ma. N\u00e1tt\u00farufr\u00e6\u00f0ingurinn. 95. 1-4. Bls. xxx-xxx. Gu\u00f0bj\u00f6rg \u00d3sk J\u00f3nsd\u00f3ttir#, Ben\u00f3n\u00fd &hellip; <a href=\"https:\/\/uni.hi.is\/apalsson\/IS\/publications-2\/\">Halda \u00e1fram a\u00f0 lesa <span class=\"meta-nav\">&rarr;<\/span><\/a><\/p>\n","protected":false},"author":132,"featured_media":0,"parent":0,"menu_order":0,"comment_status":"closed","ping_status":"closed","template":"","meta":{"footnotes":""},"class_list":["post-1186","page","type-page","status-publish","hentry"],"_links":{"self":[{"href":"https:\/\/uni.hi.is\/apalsson\/IS\/wp-json\/wp\/v2\/pages\/1186","targetHints":{"allow":["GET"]}}],"collection":[{"href":"https:\/\/uni.hi.is\/apalsson\/IS\/wp-json\/wp\/v2\/pages"}],"about":[{"href":"https:\/\/uni.hi.is\/apalsson\/IS\/wp-json\/wp\/v2\/types\/page"}],"author":[{"embeddable":true,"href":"https:\/\/uni.hi.is\/apalsson\/IS\/wp-json\/wp\/v2\/users\/132"}],"replies":[{"embeddable":true,"href":"https:\/\/uni.hi.is\/apalsson\/IS\/wp-json\/wp\/v2\/comments?post=1186"}],"version-history":[{"count":85,"href":"https:\/\/uni.hi.is\/apalsson\/IS\/wp-json\/wp\/v2\/pages\/1186\/revisions"}],"predecessor-version":[{"id":1536,"href":"https:\/\/uni.hi.is\/apalsson\/IS\/wp-json\/wp\/v2\/pages\/1186\/revisions\/1536"}],"wp:attachment":[{"href":"https:\/\/uni.hi.is\/apalsson\/IS\/wp-json\/wp\/v2\/media?parent=1186"}],"curies":[{"name":"wp","href":"https:\/\/api.w.org\/{rel}","templated":true}]}}