{"id":13,"date":"2010-05-12T18:08:24","date_gmt":"2010-05-12T18:08:24","guid":{"rendered":"http:\/\/uni.hi.is\/apalsson\/?page_id=13"},"modified":"2026-02-17T15:11:26","modified_gmt":"2026-02-17T15:11:26","slug":"personnel","status":"publish","type":"page","link":"https:\/\/uni.hi.is\/apalsson\/IS\/personnel\/","title":{"rendered":"F\u00f3lki\u00f0"},"content":{"rendered":"<p><span style=\"color: #000080\"><span style=\"font-family: Arial\"><strong>Me\u00f0limir ranns\u00f3knastofunar - sj\u00e1 enska s\u00ed\u00f0u fyrir heildarlista<\/strong><\/span><\/span><\/p>\n<p><a href=\"http:\/\/uni.hi.is\/apalsson\/files\/2017\/12\/Arnar.jpg\"><img loading=\"lazy\" decoding=\"async\" class=\"alignright\" src=\"http:\/\/uni.hi.is\/apalsson\/files\/2017\/12\/Arnar.jpg\" alt=\"\" width=\"180\" height=\"226\" \/><\/a><\/p>\n<p><strong>Samstarfsf\u00f3lk \u00ed ranns\u00f3knum (sj\u00e1 ensku s\u00ed\u00f0u)<br \/>\n<\/strong><\/p>\n<p>Nemendaritger\u00f0ir.<\/p>\n<p>\u00d3sk Uzondu Ukachi Anuforo bs. nemi. \u00der\u00f6skuldseiginleikar og l\u00f6gun v\u00e6ngs \u00e1vaxtaflugunar (<a href=\"http:\/\/skemman.is\/item\/view\/1946\/4386\">Shape and venation of wings in the presence of a gain of function allele of Egfr<\/a>) 2009. (<a href=\"http:\/\/hdl.handle.net\/1946\/4386\">http:\/\/hdl.handle.net\/1946\/4386<\/a>)<br \/>\nMarta Gomez Munoz erasmus skiptinemi. Stofnerf\u00f0afr\u00e6\u00f0i bleikju 2009.<br \/>\nRagnar \u00d3li Vilmundarson bs. nemi. <a href=\"http:\/\/skemman.is\/item\/view\/1946\/8581\">\u00deroskunargen \u00ed \u00deingvallableikju<\/a> 2011 (: <a href=\"http:\/\/hdl.handle.net\/1946\/8581\">http:\/\/hdl.handle.net\/1946\/8581<\/a>)<\/p>\n<p>Cristina Bajo Santos erasmus skiptinemi. Sn\u00edkjud\u00fdr og breytileiki \u00ed MHC2-alfa \u00ed \u00deingvallableikju (<a href=\"http:\/\/skemman.is\/item\/view\/1946\/8801\">A study of parasites and MHCII\u03b1 in Arctic charr(Salvelinus alpinus)<\/a> 2011. (<a href=\"http:\/\/hdl.handle.net\/1946\/8801\">http:\/\/hdl.handle.net\/1946\/8801<\/a>)<\/p>\n<p>Javier Negueruela Escudero erasmus skiptinemi. <a href=\"http:\/\/skemman.is\/stream\/get\/1946\/8810\/24192\/1\/The_D-loop_in_Arctic_charr_morphs.pdf\">Stofnerf\u00f0afr\u00e6\u00f0i D-lykkjunar (D-loop) \u00ed \u00deingvallableikju<\/a> (<a href=\"http:\/\/skemman.is\/item\/view\/1946\/8810\">Variation in the D-loop of Arctic Charr (Salvelinus alpinus) morphs from Lake Thingvallavatn<\/a>) 2011. (<a href=\"http:\/\/hdl.handle.net\/1946\/8810\">http:\/\/hdl.handle.net\/1946\/8810<\/a>)<\/p>\n<p>Vanessa Calvo Baltan\u00e1s\u00a0erasmus skiptinemi. Aldursdreifing og MHC2 alfa breytileiki \u00ed \u00deingvallavatnsbleikjui (<a href=\"http:\/\/skemman.is\/item\/view\/1946\/10805\">Age distribution and MHC2 alfa variation in arctic charr from Lake Thingvallavatn<\/a>) 2011 (<a href=\"http:\/\/hdl.handle.net\/1946\/10805\">http:\/\/hdl.handle.net\/1946\/10805<\/a>) og Ranns\u00f3kn \u00e1 breytileika \u00e1 miRNA sv\u00e6\u00f0um og \u00ed snemm\u00feroskun h\u00f6fu\u00f0s bleikju (Salvelinus alpinus). <a href=\"http:\/\/skemman.is\/item\/view\/1946\/12519\">Study of variation in microRNA regions and early head development in Arctic charr (Salvelinus alpinus)<\/a> 2012 ( <a href=\"http:\/\/hdl.handle.net\/1946\/12519\">http:\/\/hdl.handle.net\/1946\/12519<\/a>)<\/p>\n<p>Baldur Kristj\u00e1nsson BS. verkefni. Svipformsgreiningar \u00e1 \u00cdslenskri bleikju \u00ed \u00deingvallavatni <a href=\"http:\/\/skemman.is\/item\/view\/1946\/11570\">Morphometric analysis of Icelandic charr in lake \u00deingvallavatn<\/a> 2012 ( <a href=\"http:\/\/hdl.handle.net\/1946\/11570\">http:\/\/hdl.handle.net\/1946\/11570<\/a>)<\/p>\n<p>J\u00f3hanna Jacobsen BS. verkefni. <a href=\"https:\/\/skemman.is\/handle\/1946\/37580\">Svipformsgreiningar \u00e1 sj\u00f3bleikju \u00ed Flj\u00f3t\u00e1, og afbrig\u00f0um bleikju \u00far Vatnshl\u00ed\u00f0arvatni og \u00deingvallavatni<\/a>. 2021. <a href=\"http:\/\/hdl.handle.net\/1946\/37580\">(http:\/\/hdl.handle.net\/1946\/37580)<\/a><\/p>\n<p>Andreas Gaewiller Gu\u00f0mundsson. BS. verkefni. Samanbur\u00f0ur \u00e1 virkni maura \u00e1 \u00edslenskum hverasv\u00e6\u00f0um a\u00f0 sumri og vetri til. <a href=\"https:\/\/skemman.is\/handle\/1946\/44557\">Comparison of winter and summer activity of ants in Icelandic geothermal areas<\/a>\u00a0 2023. <a href=\"https:\/\/hdl.handle.net\/1946\/44557\">https:\/\/hdl.handle.net\/1946\/44557<\/a><\/p>\n<p>&nbsp;<\/p>","protected":false},"excerpt":{"rendered":"<p>Me\u00f0limir ranns\u00f3knastofunar - sj\u00e1 enska s\u00ed\u00f0u fyrir heildarlista Samstarfsf\u00f3lk \u00ed ranns\u00f3knum (sj\u00e1 ensku s\u00ed\u00f0u) Nemendaritger\u00f0ir. \u00d3sk Uzondu Ukachi Anuforo bs. nemi. \u00der\u00f6skuldseiginleikar og l\u00f6gun v\u00e6ngs \u00e1vaxtaflugunar (Shape and venation of wings in the presence of a gain of function allele &hellip; <a href=\"https:\/\/uni.hi.is\/apalsson\/IS\/personnel\/\">Halda \u00e1fram a\u00f0 lesa <span class=\"meta-nav\">&rarr;<\/span><\/a><\/p>\n","protected":false},"author":132,"featured_media":0,"parent":0,"menu_order":2,"comment_status":"closed","ping_status":"closed","template":"","meta":{"footnotes":""},"class_list":["post-13","page","type-page","status-publish","hentry"],"_links":{"self":[{"href":"https:\/\/uni.hi.is\/apalsson\/IS\/wp-json\/wp\/v2\/pages\/13","targetHints":{"allow":["GET"]}}],"collection":[{"href":"https:\/\/uni.hi.is\/apalsson\/IS\/wp-json\/wp\/v2\/pages"}],"about":[{"href":"https:\/\/uni.hi.is\/apalsson\/IS\/wp-json\/wp\/v2\/types\/page"}],"author":[{"embeddable":true,"href":"https:\/\/uni.hi.is\/apalsson\/IS\/wp-json\/wp\/v2\/users\/132"}],"replies":[{"embeddable":true,"href":"https:\/\/uni.hi.is\/apalsson\/IS\/wp-json\/wp\/v2\/comments?post=13"}],"version-history":[{"count":125,"href":"https:\/\/uni.hi.is\/apalsson\/IS\/wp-json\/wp\/v2\/pages\/13\/revisions"}],"predecessor-version":[{"id":1547,"href":"https:\/\/uni.hi.is\/apalsson\/IS\/wp-json\/wp\/v2\/pages\/13\/revisions\/1547"}],"wp:attachment":[{"href":"https:\/\/uni.hi.is\/apalsson\/IS\/wp-json\/wp\/v2\/media?parent=13"}],"curies":[{"name":"wp","href":"https:\/\/api.w.org\/{rel}","templated":true}]}}