{"id":52,"date":"2010-06-15T11:14:55","date_gmt":"2010-06-15T11:14:55","guid":{"rendered":"http:\/\/uni.hi.is\/apalsson\/?page_id=52"},"modified":"2025-12-02T14:49:51","modified_gmt":"2025-12-02T14:49:51","slug":"other-activites","status":"publish","type":"page","link":"https:\/\/uni.hi.is\/apalsson\/IS\/other-activites\/","title":{"rendered":"L\u00edffr\u00e6\u00f0ileg \u00e1hugam\u00e1l og skrif"},"content":{"rendered":"<p>Vi\u00f0 h\u00f6fum mikinn \u00e1huga \u00e1 l\u00edffr\u00e6\u00f0ilegum vi\u00f0fangsefnum og v\u00edsindum almennt.<\/p>\n<p>D\u00e6mi um skrif og st\u00f6rf.<\/p>\n<p>Blog um v\u00edsindi og l\u00edffr\u00e6\u00f0i - <a title=\"Blogg A. Palsson\" href=\"http:\/\/apalsson.blog.is\"><strong>apalsson.blog.is<\/strong><\/a><\/p>\n<p>\u00c1samt fj\u00f3rum g\u00f3\u00f0um f\u00e9l\u00f6gum s\u00e1um vi\u00f0 um fyrirlestrar\u00f6\u00f0 vegna afm\u00e6lis Charles Darwins, og ritst\u00fdr\u00f0um b\u00f3k um \u00fer\u00f3unarfr\u00e6\u00f0i af sama tilefni\u00a0 <strong><a title=\"Darwin dagar 2009\" href=\"http:\/\/130.208.141.42\/darwin\/\">Darwin 2009<\/a><\/strong><\/p>\n<p>L\u00edffr\u00e6\u00f0if\u00e9lag \u00cdslands, sem stendur fyrir fundum um l\u00edffr\u00e6\u00f0ilegar ranns\u00f3knir og \u00e1litam\u00e1l. N\u00fd vefs\u00ed\u00f0a f\u00e9lagsins er <a title=\"L\u00edffr\u00e6\u00f0if\u00e9lag \u00cdslands\" href=\"http:\/\/biologia.is\">biologia.is<\/a><\/p>\n<p>Skrif fyrir <a href=\"https:\/\/www.visindavefur.is\/hofundur\/1508\/arnar-palsson\/\">v\u00edsindavefinn, um \u00fer\u00f3un, SARS-cov-2, maura, bleikjur ofl<\/a>.<\/p>\n<p>\u00c9g fylgist me\u00f0 n\u00fdlegum greinum og framvindu \u00e1 v\u00edsindar\u00e1\u00f0stefnum \u00ed gegnum <a href=\"https:\/\/mastodon.online\/@apalsson\">mastadon\/charrvein\u00a0<\/a><\/p>","protected":false},"excerpt":{"rendered":"<p>Vi\u00f0 h\u00f6fum mikinn \u00e1huga \u00e1 l\u00edffr\u00e6\u00f0ilegum vi\u00f0fangsefnum og v\u00edsindum almennt. D\u00e6mi um skrif og st\u00f6rf. Blog um v\u00edsindi og l\u00edffr\u00e6\u00f0i - apalsson.blog.is \u00c1samt fj\u00f3rum g\u00f3\u00f0um f\u00e9l\u00f6gum s\u00e1um vi\u00f0 um fyrirlestrar\u00f6\u00f0 vegna afm\u00e6lis Charles Darwins, og ritst\u00fdr\u00f0um b\u00f3k um \u00fer\u00f3unarfr\u00e6\u00f0i af &hellip; <a href=\"https:\/\/uni.hi.is\/apalsson\/IS\/other-activites\/\">Halda \u00e1fram a\u00f0 lesa <span class=\"meta-nav\">&rarr;<\/span><\/a><\/p>\n","protected":false},"author":132,"featured_media":0,"parent":0,"menu_order":4,"comment_status":"closed","ping_status":"closed","template":"","meta":{"footnotes":""},"class_list":["post-52","page","type-page","status-publish","hentry"],"_links":{"self":[{"href":"https:\/\/uni.hi.is\/apalsson\/IS\/wp-json\/wp\/v2\/pages\/52","targetHints":{"allow":["GET"]}}],"collection":[{"href":"https:\/\/uni.hi.is\/apalsson\/IS\/wp-json\/wp\/v2\/pages"}],"about":[{"href":"https:\/\/uni.hi.is\/apalsson\/IS\/wp-json\/wp\/v2\/types\/page"}],"author":[{"embeddable":true,"href":"https:\/\/uni.hi.is\/apalsson\/IS\/wp-json\/wp\/v2\/users\/132"}],"replies":[{"embeddable":true,"href":"https:\/\/uni.hi.is\/apalsson\/IS\/wp-json\/wp\/v2\/comments?post=52"}],"version-history":[{"count":31,"href":"https:\/\/uni.hi.is\/apalsson\/IS\/wp-json\/wp\/v2\/pages\/52\/revisions"}],"predecessor-version":[{"id":1502,"href":"https:\/\/uni.hi.is\/apalsson\/IS\/wp-json\/wp\/v2\/pages\/52\/revisions\/1502"}],"wp:attachment":[{"href":"https:\/\/uni.hi.is\/apalsson\/IS\/wp-json\/wp\/v2\/media?parent=52"}],"curies":[{"name":"wp","href":"https:\/\/api.w.org\/{rel}","templated":true}]}}