{"id":2,"date":"2010-05-11T11:37:04","date_gmt":"2010-05-11T11:37:04","guid":{"rendered":""},"modified":"2022-03-15T23:23:26","modified_gmt":"2022-03-15T23:23:26","slug":"ummig","status":"publish","type":"page","link":"https:\/\/uni.hi.is\/armannja\/","title":{"rendered":"Um mig"},"content":{"rendered":"<p><img loading=\"lazy\" decoding=\"async\" class=\"alignleft\" src=\"http:\/\/uni.hi.is\/armannja\/files\/2010\/05\/ego2.jpg\" alt=\"\" width=\"186\" height=\"326\" \/><br \/>\n\u00c9g er dr. \u00c1rmann Jakobsson, pr\u00f3fessor\u00a0\u00ed \u00edslenskum b\u00f3kmenntum fyrri alda vi\u00f0 H\u00e1sk\u00f3la \u00cdslands. \u00c9g h\u00f3f st\u00f6rf sem fastur kennari vi\u00f0 sk\u00f3lann 1. jan\u00faar 2008.<\/p>\n<p>Me\u00f0al n\u00e1mskei\u00f0a sem \u00e9g kenni \u00fear eru \u00cdslensk b\u00f3kmenntasaga (fyrri hluti n\u00e1mskei\u00f0s, fram til 1550), Mi\u00f0aldab\u00f3kmenntir (um ranns\u00f3knara\u00f0fer\u00f0ir \u00ed mi\u00f0aldab\u00f3kmenntum), valn\u00e1mskei\u00f0 \u00e1 BA-stigi (m.a. um eddukv\u00e6\u00f0i og dr\u00f3ttkv\u00e6\u00f0i, tr\u00f6llskap og Nj\u00e1ls s\u00f6gu), og ranns\u00f3knan\u00e1mskei\u00f0 \u00e1 MA-stigi (me\u00f0al annars um eddukv\u00e6\u00f0i, dr\u00f3ttkv\u00e6\u00f0i, \u00cdslendingas\u00f6gur, Sturlunga, konungas\u00f6gur, fornaldars\u00f6gur, norr\u00e6nar go\u00f0s\u00f6gur, Tolkien, o.fl.).<\/p>\n<p>S\u00e9rsvi\u00f0: Mi\u00f0aldab\u00f3kmenntir, menningarfr\u00e6\u00f0i, \u00fej\u00f3\u00f0fr\u00e6\u00f0i.<\/p>\n<p>\u00cdslendingas\u00f6gur, \u00fe\u00e6ttir, konungas\u00f6gur, fornaldars\u00f6gur, eddukv\u00e6\u00f0i, dr\u00f3ttkv\u00e6\u00f0i, s\u00ed\u00f0mi\u00f0aldakv\u00e6\u00f0i, Sturlunga, J.R.R. Tolkien.<\/p>\n<p>Hi\u00f0 yfirn\u00e1tt\u00farulega, ja\u00f0arf\u00f3lk, konungsvaldshugmyndir, fagurfr\u00e6\u00f0i mi\u00f0aldab\u00f3kmennta, ranns\u00f3knarsaga.<\/p>\n","protected":false},"excerpt":{"rendered":"<p>\u00c9g er dr. \u00c1rmann Jakobsson, pr\u00f3fessor\u00a0\u00ed \u00edslenskum b\u00f3kmenntum fyrri alda vi\u00f0 H\u00e1sk\u00f3la \u00cdslands. \u00c9g h\u00f3f st\u00f6rf sem fastur kennari vi\u00f0 sk\u00f3lann 1. jan\u00faar 2008. Me\u00f0al n\u00e1mskei\u00f0a sem \u00e9g kenni \u00fear eru \u00cdslensk b\u00f3kmenntasaga (fyrri hluti n\u00e1mskei\u00f0s, fram til 1550), Mi\u00f0aldab\u00f3kmenntir &hellip; <a href=\"https:\/\/uni.hi.is\/armannja\/\">Halda \u00e1fram a\u00f0 lesa <span class=\"meta-nav\">&rarr;<\/span><\/a><\/p>\n","protected":false},"author":125,"featured_media":0,"parent":0,"menu_order":1,"comment_status":"closed","ping_status":"open","template":"","meta":{"footnotes":""},"class_list":["post-2","page","type-page","status-publish","hentry"],"_links":{"self":[{"href":"https:\/\/uni.hi.is\/armannja\/wp-json\/wp\/v2\/pages\/2","targetHints":{"allow":["GET"]}}],"collection":[{"href":"https:\/\/uni.hi.is\/armannja\/wp-json\/wp\/v2\/pages"}],"about":[{"href":"https:\/\/uni.hi.is\/armannja\/wp-json\/wp\/v2\/types\/page"}],"author":[{"embeddable":true,"href":"https:\/\/uni.hi.is\/armannja\/wp-json\/wp\/v2\/users\/125"}],"replies":[{"embeddable":true,"href":"https:\/\/uni.hi.is\/armannja\/wp-json\/wp\/v2\/comments?post=2"}],"version-history":[{"count":23,"href":"https:\/\/uni.hi.is\/armannja\/wp-json\/wp\/v2\/pages\/2\/revisions"}],"predecessor-version":[{"id":521,"href":"https:\/\/uni.hi.is\/armannja\/wp-json\/wp\/v2\/pages\/2\/revisions\/521"}],"wp:attachment":[{"href":"https:\/\/uni.hi.is\/armannja\/wp-json\/wp\/v2\/media?parent=2"}],"curies":[{"name":"wp","href":"https:\/\/api.w.org\/{rel}","templated":true}]}}