{"id":5,"date":"2010-05-15T08:31:47","date_gmt":"2010-05-15T08:31:47","guid":{"rendered":"http:\/\/uni.hi.is\/armannja\/ferilskra\/"},"modified":"2022-07-10T17:31:01","modified_gmt":"2022-07-10T17:31:01","slug":"ferilskra","status":"publish","type":"page","link":"https:\/\/uni.hi.is\/armannja\/ferilskra\/","title":{"rendered":"Ferilskr\u00e1"},"content":{"rendered":"<p>BA heimspekideild H\u00e1sk\u00f3la \u00cdslands (\u00edslensku) 26. j\u00fan\u00ed 1993; MA \u00ed \u00edslenskum b\u00f3kmenntum 26.okt. 1996; dr.phil. \u00ed \u00edslenskum b\u00f3kmenntum 1. feb. 2003.<\/p>\n<p>Styrk\u00feegi Ranns\u00f3knar\u00e1\u00f0s 1997-2006. Stundakennari vi\u00f0 H\u00e1sk\u00f3la \u00cdslands 1999-2004. Reglulegur kjallarah\u00f6fundur og gagn\u00adr\u00fdn\u00adandi hj\u00e1 DV 1996-2003. Kennari vi\u00f0 Menntask\u00f3lann \u00ed Reykjav\u00edk (\u00edslenska) 2002-2008 og 2013-2014. Starfsma\u00f0ur \u00c1rnastofnunar (styrk\u00feegi, kenndur vi\u00f0 \u00c1rna Magn\u00fasson) 2007-2008. \u00ddmis \u00f6nnur st\u00f6rf.<\/p>\n<p>Lektor \u00ed \u00edslenskum b\u00f3kmenntum fyrri alda fr\u00e1 1. jan. 2008, d\u00f3sent fr\u00e1 1. ma\u00ed s.\u00e1., pr\u00f3fessor \u00ed \u00edslenskum b\u00f3kmenntum fyrri alda fr\u00e1 1. j\u00fal\u00ed 2011.<\/p>\n<p>Forma\u00f0ur F\u00e9lags \u00edslenskra fr\u00e6\u00f0a 1999-2002. \u00cd stj\u00f3rn Launasj\u00f3\u00f0s rith\u00f6funda 2002-2004. \u00cd menningar- og fer\u00f0am\u00e1lar\u00e1\u00f0i Reykjav\u00edkur (\u00e1\u00f0ur menningarm\u00e1lanefnd) 2003-2006. Forma\u00f0ur B\u00f3kmenntafr\u00e6\u00f0istofnunar H\u00e1sk\u00f3la \u00cdslands 2010-2014. \u00cd v\u00edsindanefnd H\u00e1sk\u00f3la \u00cdslands 2011-2015, forma\u00f0ur hennar 2013-2015. \u00cd stj\u00f3rn Leikf\u00e9lags Reykjav\u00edkur 2013-2021. \u00cd stj\u00f3rn Hins \u00edslenska \u00fej\u00f3\u00f0vinaf\u00e9lags fr\u00e1 2014. \u00cd fulltr\u00faar\u00e1\u00f0i Hins \u00edslenska b\u00f3kmenntaf\u00e9lags fr\u00e1 2015, varaforseti f\u00e9lagsins 2017-2022 og forseti Hins \u00edslenska b\u00f3kmenntaf\u00e9lags fr\u00e1 2022.\u00a0\u00cd stj\u00f3rn Hins \u00edslenska fornritaf\u00e9lags fr\u00e1 2015. Varaforma\u00f0ur \u00cdslenskrar m\u00e1lnefndar 2015-2020, forma\u00f0ur \u00cdslenskrar m\u00e1lnefndar fr\u00e1 2020. \u00cd starfsh\u00f3pi um n\u00fd g\u00f6tun\u00f6fn \u00ed Reykjav\u00edk 2001-2022. Ritstj\u00f3ri Andvara fr\u00e1 2020. Ritstj\u00f3ri \u00edslensks efnis \u00ed Literary Encyclopedia fr\u00e1 2021.<\/p>\n<p>Hvatningarver\u00f0laun Ranns\u00f3knarr\u00e1\u00f0s \u00cdslands \u00e1ri\u00f0 2009. Tilnefndur til \u00cdslensku b\u00f3kmenntaver\u00f0launanna 2011 (fr\u00e6\u00f0irit og rit almenns efnis) og 2014 (barna- og ungmennab\u00e6kur). Kj\u00f6rinn f\u00e9lagi \u00ed V\u00edsindaf\u00e9lagi \u00cdslendinga 2012.\u00a0Tilnefndur til Hvatningarver\u00f0launa \u00d6ryrkjabandalags \u00cdslands 2013. \u00c1 hei\u00f0urslista IBBY 2016.<\/p>\n<p>&nbsp;<\/p>\n","protected":false},"excerpt":{"rendered":"<p>BA heimspekideild H\u00e1sk\u00f3la \u00cdslands (\u00edslensku) 26. j\u00fan\u00ed 1993; MA \u00ed \u00edslenskum b\u00f3kmenntum 26.okt. 1996; dr.phil. \u00ed \u00edslenskum b\u00f3kmenntum 1. feb. 2003. Styrk\u00feegi Ranns\u00f3knar\u00e1\u00f0s 1997-2006. Stundakennari vi\u00f0 H\u00e1sk\u00f3la \u00cdslands 1999-2004. Reglulegur kjallarah\u00f6fundur og gagn\u00adr\u00fdn\u00adandi hj\u00e1 DV 1996-2003. Kennari vi\u00f0 Menntask\u00f3lann \u00ed &hellip; <a href=\"https:\/\/uni.hi.is\/armannja\/ferilskra\/\">Halda \u00e1fram a\u00f0 lesa <span class=\"meta-nav\">&rarr;<\/span><\/a><\/p>\n","protected":false},"author":125,"featured_media":0,"parent":0,"menu_order":2,"comment_status":"closed","ping_status":"closed","template":"","meta":{"footnotes":""},"class_list":["post-5","page","type-page","status-publish","hentry"],"_links":{"self":[{"href":"https:\/\/uni.hi.is\/armannja\/wp-json\/wp\/v2\/pages\/5","targetHints":{"allow":["GET"]}}],"collection":[{"href":"https:\/\/uni.hi.is\/armannja\/wp-json\/wp\/v2\/pages"}],"about":[{"href":"https:\/\/uni.hi.is\/armannja\/wp-json\/wp\/v2\/types\/page"}],"author":[{"embeddable":true,"href":"https:\/\/uni.hi.is\/armannja\/wp-json\/wp\/v2\/users\/125"}],"replies":[{"embeddable":true,"href":"https:\/\/uni.hi.is\/armannja\/wp-json\/wp\/v2\/comments?post=5"}],"version-history":[{"count":38,"href":"https:\/\/uni.hi.is\/armannja\/wp-json\/wp\/v2\/pages\/5\/revisions"}],"predecessor-version":[{"id":539,"href":"https:\/\/uni.hi.is\/armannja\/wp-json\/wp\/v2\/pages\/5\/revisions\/539"}],"wp:attachment":[{"href":"https:\/\/uni.hi.is\/armannja\/wp-json\/wp\/v2\/media?parent=5"}],"curies":[{"name":"wp","href":"https:\/\/api.w.org\/{rel}","templated":true}]}}