{"id":57,"date":"2010-06-25T18:51:50","date_gmt":"2010-06-25T18:51:50","guid":{"rendered":"http:\/\/uni.hi.is\/armannja\/?page_id=57"},"modified":"2022-08-25T18:04:17","modified_gmt":"2022-08-25T18:04:17","slug":"b%c3%a6kurnar-minar","status":"publish","type":"page","link":"https:\/\/uni.hi.is\/armannja\/b%c3%a6kurnar-minar\/","title":{"rendered":"B\u00e6kurnar m\u00ednar (k\u00e1pumyndir)"},"content":{"rendered":"<p>H\u00e9r eru myndir af \u00f6llum b\u00f3kunum sem \u00e9g hef sent fr\u00e1 m\u00e9r. Allar f\u00e1st \u00fe\u00e6r hj\u00e1 B\u00f3ks\u00f6lu st\u00fadenta nema \u00fe\u00e6r sem eru uppseldar.<\/p>\n<p>&nbsp;<\/p>\n<div id=\"attachment_54\" style=\"width: 101px\" class=\"wp-caption aligncenter\"><a href=\"http:\/\/uni.hi.is\/armannja\/files\/2010\/06\/997954208X.jpg\"><img loading=\"lazy\" decoding=\"async\" aria-describedby=\"caption-attachment-54\" class=\"size-full wp-image-54 \" src=\"http:\/\/uni.hi.is\/armannja\/files\/2010\/06\/997954208X.jpg\" alt=\"\" width=\"91\" height=\"138\" \/><\/a><p id=\"caption-attachment-54\" class=\"wp-caption-text\">\u00cd leit a\u00f0 konungi (1997)<\/p><\/div>\n<div id=\"attachment_55\" style=\"width: 100px\" class=\"wp-caption aligncenter\"><a href=\"http:\/\/uni.hi.is\/armannja\/files\/2010\/06\/9979545224.jpg\"><img loading=\"lazy\" decoding=\"async\" aria-describedby=\"caption-attachment-55\" class=\"size-full wp-image-55 \" src=\"http:\/\/uni.hi.is\/armannja\/files\/2010\/06\/9979545224.jpg\" alt=\"\" width=\"90\" height=\"133\" \/><\/a><p id=\"caption-attachment-55\" class=\"wp-caption-text\">Sta\u00f0ur \u00ed n\u00fdjum heimi (2002)<\/p><\/div>\n<div id=\"attachment_56\" style=\"width: 60px\" class=\"wp-caption aligncenter\"><a href=\"http:\/\/uni.hi.is\/armannja\/files\/2010\/06\/6689461.jpg\"><img loading=\"lazy\" decoding=\"async\" aria-describedby=\"caption-attachment-56\" class=\"size-full wp-image-56 \" src=\"http:\/\/uni.hi.is\/armannja\/files\/2010\/06\/6689461.jpg\" alt=\"\" width=\"50\" height=\"46\" \/><\/a><p id=\"caption-attachment-56\" class=\"wp-caption-text\">Tolkien og Hringurinn (2003)<\/p><\/div>\n<div id=\"attachment_58\" style=\"width: 130px\" class=\"wp-caption aligncenter\"><a href=\"http:\/\/uni.hi.is\/armannja\/files\/2010\/06\/01931.jpg\"><img loading=\"lazy\" decoding=\"async\" aria-describedby=\"caption-attachment-58\" class=\"size-full wp-image-58 \" src=\"http:\/\/uni.hi.is\/armannja\/files\/2010\/06\/01931.jpg\" alt=\"\" width=\"120\" height=\"184\" \/><\/a><p id=\"caption-attachment-58\" class=\"wp-caption-text\">Kona me\u00f0 spegil (2005)<\/p><\/div>\n<div id=\"attachment_65\" style=\"width: 130px\" class=\"wp-caption aligncenter\"><a href=\"http:\/\/uni.hi.is\/armannja\/files\/2010\/06\/997954645X1.jpg\"><img loading=\"lazy\" decoding=\"async\" aria-describedby=\"caption-attachment-65\" class=\"size-full wp-image-65\" src=\"http:\/\/uni.hi.is\/armannja\/files\/2010\/06\/997954645X1.jpg\" alt=\"\" width=\"120\" height=\"170\" \/><\/a><p id=\"caption-attachment-65\" class=\"wp-caption-text\">Mi\u00f0aldab\u00f6rn (2005)<\/p><\/div>\n<div id=\"attachment_66\" style=\"width: 105px\" class=\"wp-caption aligncenter\"><a href=\"http:\/\/uni.hi.is\/armannja\/files\/2010\/06\/fml1.jpg\"><img loading=\"lazy\" decoding=\"async\" aria-describedby=\"caption-attachment-66\" class=\"size-full wp-image-66\" src=\"http:\/\/uni.hi.is\/armannja\/files\/2010\/06\/fml1.jpg\" alt=\"\" width=\"95\" height=\"150\" \/><\/a><p id=\"caption-attachment-66\" class=\"wp-caption-text\">Fr\u00e9ttir fr\u00e1 m\u00ednu landi (2008)<\/p><\/div>\n<div id=\"attachment_67\" style=\"width: 123px\" class=\"wp-caption aligncenter\"><a href=\"http:\/\/uni.hi.is\/armannja\/files\/2010\/06\/murbrot1.jpg\"><img loading=\"lazy\" decoding=\"async\" aria-describedby=\"caption-attachment-67\" class=\"size-full wp-image-67\" src=\"http:\/\/uni.hi.is\/armannja\/files\/2010\/06\/murbrot1.jpg\" alt=\"\" width=\"113\" height=\"185\" \/><\/a><p id=\"caption-attachment-67\" class=\"wp-caption-text\">M\u00farbrot (2008)<\/p><\/div>\n<div id=\"attachment_68\" style=\"width: 110px\" class=\"wp-caption aligncenter\"><a href=\"http:\/\/uni.hi.is\/armannja\/files\/2010\/06\/Fullscreen-capture-25.11.2009-174349-100x1501.jpg\"><img loading=\"lazy\" decoding=\"async\" aria-describedby=\"caption-attachment-68\" class=\"size-full wp-image-68\" src=\"http:\/\/uni.hi.is\/armannja\/files\/2010\/06\/Fullscreen-capture-25.11.2009-174349-100x1501.jpg\" alt=\"\" width=\"100\" height=\"150\" \/><\/a><p id=\"caption-attachment-68\" class=\"wp-caption-text\">Vonarstr\u00e6ti (2008)<\/p><\/div>\n<div id=\"attachment_69\" style=\"width: 130px\" class=\"wp-caption aligncenter\"><a href=\"http:\/\/uni.hi.is\/armannja\/files\/2010\/06\/997965757X1.jpg\"><img loading=\"lazy\" decoding=\"async\" aria-describedby=\"caption-attachment-69\" class=\"size-full wp-image-69\" src=\"http:\/\/uni.hi.is\/armannja\/files\/2010\/06\/997965757X1.jpg\" alt=\"\" width=\"120\" height=\"171\" \/><\/a><p id=\"caption-attachment-69\" class=\"wp-caption-text\">B\u00f3kmenntir \u00ed n\u00fdju landi (2009)<\/p><\/div>\n<div id=\"attachment_70\" style=\"width: 152px\" class=\"wp-caption aligncenter\"><a href=\"http:\/\/uni.hi.is\/armannja\/files\/2010\/06\/illa_fenginn_mjodur1.jpg\"><img loading=\"lazy\" decoding=\"async\" aria-describedby=\"caption-attachment-70\" class=\"size-full wp-image-70\" src=\"http:\/\/uni.hi.is\/armannja\/files\/2010\/06\/illa_fenginn_mjodur1.jpg\" alt=\"\" width=\"142\" height=\"200\" \/><\/a><p id=\"caption-attachment-70\" class=\"wp-caption-text\">Illa fenginn mj\u00f6\u00f0ur (2009)<\/p><\/div>\n<div id=\"attachment_102\" style=\"width: 202px\" class=\"wp-caption aligncenter\"><a href=\"http:\/\/uni.hi.is\/armannja\/files\/2010\/06\/MskI.jpg\"><img loading=\"lazy\" decoding=\"async\" aria-describedby=\"caption-attachment-102\" class=\"size-medium wp-image-102\" src=\"http:\/\/uni.hi.is\/armannja\/files\/2010\/06\/MskI-192x300.jpg\" alt=\"\" width=\"192\" height=\"300\" srcset=\"https:\/\/uni.hi.is\/armannja\/files\/2010\/06\/MskI-192x300.jpg 192w, https:\/\/uni.hi.is\/armannja\/files\/2010\/06\/MskI-656x1024.jpg 656w, https:\/\/uni.hi.is\/armannja\/files\/2010\/06\/MskI.jpg 879w\" sizes=\"auto, (max-width: 192px) 100vw, 192px\" \/><\/a><p id=\"caption-attachment-102\" class=\"wp-caption-text\">Morkinskinna I (2011)<\/p><\/div>\n<div id=\"attachment_103\" style=\"width: 210px\" class=\"wp-caption aligncenter\"><a href=\"http:\/\/uni.hi.is\/armannja\/files\/2010\/06\/MskII.jpg\"><img loading=\"lazy\" decoding=\"async\" aria-describedby=\"caption-attachment-103\" class=\"size-medium wp-image-103\" src=\"http:\/\/uni.hi.is\/armannja\/files\/2010\/06\/MskII-200x300.jpg\" alt=\"\" width=\"200\" height=\"300\" srcset=\"https:\/\/uni.hi.is\/armannja\/files\/2010\/06\/MskII-200x300.jpg 200w, https:\/\/uni.hi.is\/armannja\/files\/2010\/06\/MskII-683x1024.jpg 683w, https:\/\/uni.hi.is\/armannja\/files\/2010\/06\/MskII.jpg 893w\" sizes=\"auto, (max-width: 200px) 100vw, 200px\" \/><\/a><p id=\"caption-attachment-103\" class=\"wp-caption-text\">Morkinskinna II (2011)<\/p><\/div>\n<div id=\"attachment_116\" style=\"width: 210px\" class=\"wp-caption aligncenter\"><a href=\"http:\/\/uni.hi.is\/armannja\/files\/2010\/06\/Glaesir_21.jpg\"><img loading=\"lazy\" decoding=\"async\" aria-describedby=\"caption-attachment-116\" class=\"size-medium wp-image-116\" src=\"http:\/\/uni.hi.is\/armannja\/files\/2010\/06\/Glaesir_21-200x300.jpg\" alt=\"\" width=\"200\" height=\"300\" srcset=\"https:\/\/uni.hi.is\/armannja\/files\/2010\/06\/Glaesir_21-200x300.jpg 200w, https:\/\/uni.hi.is\/armannja\/files\/2010\/06\/Glaesir_21-683x1024.jpg 683w, https:\/\/uni.hi.is\/armannja\/files\/2010\/06\/Glaesir_21.jpg 931w\" sizes=\"auto, (max-width: 200px) 100vw, 200px\" \/><\/a><p id=\"caption-attachment-116\" class=\"wp-caption-text\">Gl\u00e6sir (2011)<\/p><\/div>\n<div id=\"attachment_165\" style=\"width: 261px\" class=\"wp-caption aligncenter\"><a href=\"http:\/\/uni.hi.is\/armannja\/files\/2010\/06\/LSOD.jpg\"><img loading=\"lazy\" decoding=\"async\" aria-describedby=\"caption-attachment-165\" class=\"size-full wp-image-165\" src=\"http:\/\/uni.hi.is\/armannja\/files\/2010\/06\/LSOD.jpg\" alt=\"\" width=\"251\" height=\"295\" \/><\/a><p id=\"caption-attachment-165\" class=\"wp-caption-text\">The Legendary Sagas: Origins and Development (2012)<\/p><\/div>\n<div id=\"attachment_187\" style=\"width: 234px\" class=\"wp-caption aligncenter\"><a href=\"http:\/\/uni.hi.is\/armannja\/files\/2010\/06\/893775_10200793713107210_1552178487_o.jpg\"><img loading=\"lazy\" decoding=\"async\" aria-describedby=\"caption-attachment-187\" class=\"size-medium wp-image-187\" title=\"Nine Saga Studies (2013)\" src=\"http:\/\/uni.hi.is\/armannja\/files\/2010\/06\/893775_10200793713107210_1552178487_o-224x300.jpg\" alt=\"893775_10200793713107210_1552178487_o\" width=\"224\" height=\"300\" srcset=\"https:\/\/uni.hi.is\/armannja\/files\/2010\/06\/893775_10200793713107210_1552178487_o-224x300.jpg 224w, https:\/\/uni.hi.is\/armannja\/files\/2010\/06\/893775_10200793713107210_1552178487_o-765x1024.jpg 765w, https:\/\/uni.hi.is\/armannja\/files\/2010\/06\/893775_10200793713107210_1552178487_o.jpg 1081w\" sizes=\"auto, (max-width: 224px) 100vw, 224px\" \/><\/a><p id=\"caption-attachment-187\" class=\"wp-caption-text\">Nine Saga Studies (2013)<\/p><\/div>\n<div id=\"attachment_190\" style=\"width: 238px\" class=\"wp-caption aligncenter\"><a href=\"http:\/\/uni.hi.is\/armannja\/files\/2010\/06\/VikingLit.jpg\"><img loading=\"lazy\" decoding=\"async\" aria-describedby=\"caption-attachment-190\" class=\"size-medium wp-image-190\" title=\"Icelandic Literature of the Vikings (2013)\" src=\"http:\/\/uni.hi.is\/armannja\/files\/2010\/06\/VikingLit-228x300.jpg\" alt=\"VikingLit\" width=\"228\" height=\"300\" srcset=\"https:\/\/uni.hi.is\/armannja\/files\/2010\/06\/VikingLit-228x300.jpg 228w, https:\/\/uni.hi.is\/armannja\/files\/2010\/06\/VikingLit.jpg 434w\" sizes=\"auto, (max-width: 228px) 100vw, 228px\" \/><\/a><p id=\"caption-attachment-190\" class=\"wp-caption-text\">Icelandic Literature of the Vikings (2013)<\/p><\/div>\n<div style=\"width: 205px\" class=\"wp-caption aligncenter\"><img loading=\"lazy\" decoding=\"async\" style=\"vertical-align: text-bottom\" src=\"http:\/\/i.imgur.com\/9SMT27b.jpg\" alt=\"\" width=\"195\" height=\"307\" \/><p class=\"wp-caption-text\">F\u00f6tlun og menning (2013)<\/p><\/div>\n<div style=\"width: 304px\" class=\"wp-caption aligncenter\"><img loading=\"lazy\" decoding=\"async\" class=\" \" style=\"vertical-align: middle\" title=\"Tolkien, Bj\u00f3lfskvi\u00f0a: Forynjurnar og fr\u00e6\u00f0imennirnir (2013)\" src=\"http:\/\/i.imgur.com\/M9KDAtf.jpg\" alt=\"Tolkien, Bj\u00f3lfskvi\u00f0a: Forynjurnar og fr\u00e6\u00f0imennirnir (2013)\" width=\"294\" height=\"294\" \/><p class=\"wp-caption-text\">Tolkien, Bj\u00f3lfskvi\u00f0a: Forynjurnar og fr\u00e6\u00f0imennirnir (2013)<\/p><\/div>\n<div style=\"width: 251px\" class=\"wp-caption aligncenter\"><img loading=\"lazy\" decoding=\"async\" class=\" \" src=\"http:\/\/i.imgur.com\/n52oHPO.jpg\" alt=\"The Saga of Bishop Thorlak\" width=\"241\" height=\"364\" \/><p class=\"wp-caption-text\">The Saga of Bishop Thorlak (2013)<\/p><\/div>\n<div id=\"attachment_259\" style=\"width: 234px\" class=\"wp-caption aligncenter\"><a href=\"http:\/\/uni.hi.is\/armannja\/files\/2010\/06\/2014-06-19-15.24.02.jpg\"><img loading=\"lazy\" decoding=\"async\" aria-describedby=\"caption-attachment-259\" class=\"size-medium wp-image-259\" src=\"http:\/\/uni.hi.is\/armannja\/files\/2010\/06\/2014-06-19-15.24.02-224x300.jpg\" alt=\"\u00cdslendinga\u00fe\u00e6ttir: Saga hugmyndar (2014)\" width=\"224\" height=\"300\" srcset=\"https:\/\/uni.hi.is\/armannja\/files\/2010\/06\/2014-06-19-15.24.02-224x300.jpg 224w, https:\/\/uni.hi.is\/armannja\/files\/2010\/06\/2014-06-19-15.24.02-764x1024.jpg 764w, https:\/\/uni.hi.is\/armannja\/files\/2010\/06\/2014-06-19-15.24.02.jpg 1936w\" sizes=\"auto, (max-width: 224px) 100vw, 224px\" \/><\/a><p id=\"caption-attachment-259\" class=\"wp-caption-text\">\u00cdslendinga\u00fe\u00e6ttir: Saga hugmyndar (2014)<\/p><\/div>\n<div id=\"attachment_316\" style=\"width: 230px\" class=\"wp-caption aligncenter\"><a href=\"http:\/\/uni.hi.is\/armannja\/files\/2010\/06\/10501822_382157208614573_1497030310105187024_n.jpg\"><img loading=\"lazy\" decoding=\"async\" aria-describedby=\"caption-attachment-316\" class=\"wp-image-316 size-medium\" src=\"http:\/\/uni.hi.is\/armannja\/files\/2010\/06\/10501822_382157208614573_1497030310105187024_n-220x300.jpg\" alt=\"10501822_382157208614573_1497030310105187024_n\" width=\"220\" height=\"300\" srcset=\"https:\/\/uni.hi.is\/armannja\/files\/2010\/06\/10501822_382157208614573_1497030310105187024_n-220x300.jpg 220w, https:\/\/uni.hi.is\/armannja\/files\/2010\/06\/10501822_382157208614573_1497030310105187024_n.jpg 704w\" sizes=\"auto, (max-width: 220px) 100vw, 220px\" \/><\/a><p id=\"caption-attachment-316\" class=\"wp-caption-text\">S\u00ed\u00f0asti galdrameistarinn (2014)<\/p><\/div>\n<div id=\"attachment_317\" style=\"width: 169px\" class=\"wp-caption aligncenter\"><img loading=\"lazy\" decoding=\"async\" aria-describedby=\"caption-attachment-317\" class=\"wp-image-317 size-medium\" src=\"http:\/\/uni.hi.is\/armannja\/files\/2010\/06\/Untitled1-159x300.jpg\" alt=\"Untitled\" width=\"159\" height=\"300\" srcset=\"https:\/\/uni.hi.is\/armannja\/files\/2010\/06\/Untitled1-159x300.jpg 159w, https:\/\/uni.hi.is\/armannja\/files\/2010\/06\/Untitled1.jpg 324w\" sizes=\"auto, (max-width: 159px) 100vw, 159px\" \/><p id=\"caption-attachment-317\" class=\"wp-caption-text\">A Sense of Belonging (2014).<\/p><\/div>\n<div id=\"attachment_406\" style=\"width: 214px\" class=\"wp-caption aligncenter\"><img loading=\"lazy\" decoding=\"async\" aria-describedby=\"caption-attachment-406\" class=\"size-medium wp-image-406\" src=\"http:\/\/uni.hi.is\/armannja\/files\/2010\/06\/Untitled-1-204x300.jpg\" alt=\"\" width=\"204\" height=\"300\" srcset=\"https:\/\/uni.hi.is\/armannja\/files\/2010\/06\/Untitled-1-204x300.jpg 204w, https:\/\/uni.hi.is\/armannja\/files\/2010\/06\/Untitled-1.jpg 304w\" sizes=\"auto, (max-width: 204px) 100vw, 204px\" \/><p id=\"caption-attachment-406\" class=\"wp-caption-text\">The Routledge Research Companion to the Medieval Icelandic Sagas (2017).<\/p><\/div>\n<div id=\"attachment_421\" style=\"width: 199px\" class=\"wp-caption aligncenter\"><img loading=\"lazy\" decoding=\"async\" aria-describedby=\"caption-attachment-421\" class=\"size-medium wp-image-421\" src=\"http:\/\/uni.hi.is\/armannja\/files\/2010\/06\/TIYcover-copy-189x300.png\" alt=\"\" width=\"189\" height=\"300\" srcset=\"https:\/\/uni.hi.is\/armannja\/files\/2010\/06\/TIYcover-copy-189x300.png 189w, https:\/\/uni.hi.is\/armannja\/files\/2010\/06\/TIYcover-copy.png 541w\" sizes=\"auto, (max-width: 189px) 100vw, 189px\" \/><p id=\"caption-attachment-421\" class=\"wp-caption-text\">The Troll Inside You (2017).<\/p><\/div>\n<div id=\"attachment_432\" style=\"width: 209px\" class=\"wp-caption aligncenter\"><img loading=\"lazy\" decoding=\"async\" aria-describedby=\"caption-attachment-432\" class=\"wp-image-432 size-medium\" src=\"http:\/\/uni.hi.is\/armannja\/files\/2010\/06\/21442396_10155804531755712_838936874_n-199x300.jpg\" alt=\"\" width=\"199\" height=\"300\" srcset=\"https:\/\/uni.hi.is\/armannja\/files\/2010\/06\/21442396_10155804531755712_838936874_n-199x300.jpg 199w, https:\/\/uni.hi.is\/armannja\/files\/2010\/06\/21442396_10155804531755712_838936874_n.jpg 638w\" sizes=\"auto, (max-width: 199px) 100vw, 199px\" \/><p id=\"caption-attachment-432\" class=\"wp-caption-text\">Brotamynd (2017).<\/p><\/div>\n<div id=\"attachment_469\" style=\"width: 257px\" class=\"wp-caption aligncenter\"><img loading=\"lazy\" decoding=\"async\" aria-describedby=\"caption-attachment-469\" class=\"size-medium wp-image-469\" src=\"http:\/\/uni.hi.is\/armannja\/files\/2019\/10\/Untitled-247x300.png\" alt=\"\" width=\"247\" height=\"300\" srcset=\"https:\/\/uni.hi.is\/armannja\/files\/2019\/10\/Untitled-247x300.png 247w, https:\/\/uni.hi.is\/armannja\/files\/2019\/10\/Untitled.png 724w\" sizes=\"auto, (max-width: 247px) 100vw, 247px\" \/><p id=\"caption-attachment-469\" class=\"wp-caption-text\">\u00datlagamor\u00f0in (2018)<\/p><\/div>\n<div id=\"attachment_470\" style=\"width: 205px\" class=\"wp-caption aligncenter\"><img loading=\"lazy\" decoding=\"async\" aria-describedby=\"caption-attachment-470\" class=\"size-medium wp-image-470\" src=\"http:\/\/uni.hi.is\/armannja\/files\/2019\/10\/Urdarkottur-195x300.jpg\" alt=\"\" width=\"195\" height=\"300\" srcset=\"https:\/\/uni.hi.is\/armannja\/files\/2019\/10\/Urdarkottur-195x300.jpg 195w, https:\/\/uni.hi.is\/armannja\/files\/2019\/10\/Urdarkottur-768x1180.jpg 768w, https:\/\/uni.hi.is\/armannja\/files\/2019\/10\/Urdarkottur-667x1024.jpg 667w, https:\/\/uni.hi.is\/armannja\/files\/2019\/10\/Urdarkottur.jpg 1629w\" sizes=\"auto, (max-width: 195px) 100vw, 195px\" \/><p id=\"caption-attachment-470\" class=\"wp-caption-text\">Ur\u00f0ark\u00f6ttur (2019).<\/p><\/div>\n<div id=\"attachment_471\" style=\"width: 207px\" class=\"wp-caption aligncenter\"><img loading=\"lazy\" decoding=\"async\" aria-describedby=\"caption-attachment-471\" class=\"size-medium wp-image-471\" src=\"http:\/\/uni.hi.is\/armannja\/files\/2019\/10\/Untitled-1-197x300.png\" alt=\"\" width=\"197\" height=\"300\" srcset=\"https:\/\/uni.hi.is\/armannja\/files\/2019\/10\/Untitled-1-197x300.png 197w, https:\/\/uni.hi.is\/armannja\/files\/2019\/10\/Untitled-1-768x1170.png 768w, https:\/\/uni.hi.is\/armannja\/files\/2019\/10\/Untitled-1-672x1024.png 672w, https:\/\/uni.hi.is\/armannja\/files\/2019\/10\/Untitled-1.png 898w\" sizes=\"auto, (max-width: 197px) 100vw, 197px\" \/><p id=\"caption-attachment-471\" class=\"wp-caption-text\">B\u00f6lvun m\u00fam\u00edunnar I (2019).<\/p><\/div>\n<div id=\"attachment_482\" style=\"width: 223px\" class=\"wp-caption aligncenter\"><img loading=\"lazy\" decoding=\"async\" aria-describedby=\"caption-attachment-482\" class=\"wp-image-482 size-medium\" src=\"https:\/\/uni.hi.is\/armannja\/files\/2020\/03\/pe-213x300.png\" alt=\"\" width=\"213\" height=\"300\" srcset=\"https:\/\/uni.hi.is\/armannja\/files\/2020\/03\/pe-213x300.png 213w, https:\/\/uni.hi.is\/armannja\/files\/2020\/03\/pe-728x1024.png 728w, https:\/\/uni.hi.is\/armannja\/files\/2020\/03\/pe-768x1081.png 768w, https:\/\/uni.hi.is\/armannja\/files\/2020\/03\/pe.png 840w\" sizes=\"auto, (max-width: 213px) 100vw, 213px\" \/><p id=\"caption-attachment-482\" class=\"wp-caption-text\">Paranormal Encounters (2020).<\/p><\/div>\n<div id=\"attachment_489\" style=\"width: 191px\" class=\"wp-caption aligncenter\"><img loading=\"lazy\" decoding=\"async\" aria-describedby=\"caption-attachment-489\" class=\"size-medium wp-image-489\" src=\"https:\/\/uni.hi.is\/armannja\/files\/2020\/06\/Tbr-181x300.png\" alt=\"T\u00edbr\u00e1 (2020).\" width=\"181\" height=\"300\" srcset=\"https:\/\/uni.hi.is\/armannja\/files\/2020\/06\/Tbr-181x300.png 181w, https:\/\/uni.hi.is\/armannja\/files\/2020\/06\/Tbr-618x1024.png 618w, https:\/\/uni.hi.is\/armannja\/files\/2020\/06\/Tbr-768x1272.png 768w, https:\/\/uni.hi.is\/armannja\/files\/2020\/06\/Tbr.png 810w\" sizes=\"auto, (max-width: 181px) 100vw, 181px\" \/><p id=\"caption-attachment-489\" class=\"wp-caption-text\">T\u00edbr\u00e1 (2020).<\/p><\/div>\n<div id=\"attachment_493\" style=\"width: 200px\" class=\"wp-caption aligncenter\"><img loading=\"lazy\" decoding=\"async\" aria-describedby=\"caption-attachment-493\" class=\"wp-image-493 size-medium\" src=\"https:\/\/uni.hi.is\/armannja\/files\/2020\/08\/Untitled-190x300.png\" alt=\"B\u00f6lvun m\u00fam\u00edunnar II (2020).\" width=\"190\" height=\"300\" srcset=\"https:\/\/uni.hi.is\/armannja\/files\/2020\/08\/Untitled-190x300.png 190w, https:\/\/uni.hi.is\/armannja\/files\/2020\/08\/Untitled-650x1024.png 650w, https:\/\/uni.hi.is\/armannja\/files\/2020\/08\/Untitled-768x1210.png 768w, https:\/\/uni.hi.is\/armannja\/files\/2020\/08\/Untitled.png 858w\" sizes=\"auto, (max-width: 190px) 100vw, 190px\" \/><p id=\"caption-attachment-493\" class=\"wp-caption-text\">B\u00f6lvun m\u00fam\u00edunnar II (2020).<\/p><\/div>\n<div id=\"attachment_502\" style=\"width: 235px\" class=\"wp-caption aligncenter\"><img loading=\"lazy\" decoding=\"async\" aria-describedby=\"caption-attachment-502\" class=\"size-medium wp-image-502\" src=\"https:\/\/uni.hi.is\/armannja\/files\/2020\/10\/2020-10-08-13.29.15-1-225x300.jpg\" alt=\"\" width=\"225\" height=\"300\" srcset=\"https:\/\/uni.hi.is\/armannja\/files\/2020\/10\/2020-10-08-13.29.15-1-225x300.jpg 225w, https:\/\/uni.hi.is\/armannja\/files\/2020\/10\/2020-10-08-13.29.15-1-768x1024.jpg 768w, https:\/\/uni.hi.is\/armannja\/files\/2020\/10\/2020-10-08-13.29.15-1-1152x1536.jpg 1152w, https:\/\/uni.hi.is\/armannja\/files\/2020\/10\/2020-10-08-13.29.15-1-1536x2048.jpg 1536w, https:\/\/uni.hi.is\/armannja\/files\/2020\/10\/2020-10-08-13.29.15-1-scaled.jpg 1920w\" sizes=\"auto, (max-width: 225px) 100vw, 225px\" \/><p id=\"caption-attachment-502\" class=\"wp-caption-text\">Go\u00f0s\u00f6gur (2020).<\/p><\/div>\n<div id=\"attachment_529\" style=\"width: 193px\" class=\"wp-caption aligncenter\"><img loading=\"lazy\" decoding=\"async\" aria-describedby=\"caption-attachment-529\" class=\"size-medium wp-image-529\" src=\"https:\/\/uni.hi.is\/armannja\/files\/2022\/03\/kapa-183x300.png\" alt=\"\" width=\"183\" height=\"300\" srcset=\"https:\/\/uni.hi.is\/armannja\/files\/2022\/03\/kapa-183x300.png 183w, https:\/\/uni.hi.is\/armannja\/files\/2022\/03\/kapa.png 321w\" sizes=\"auto, (max-width: 183px) 100vw, 183px\" \/><p id=\"caption-attachment-529\" class=\"wp-caption-text\">Skollaleikur (2021).<\/p><\/div>\n<div id=\"attachment_531\" style=\"width: 208px\" class=\"wp-caption aligncenter\"><img loading=\"lazy\" decoding=\"async\" aria-describedby=\"caption-attachment-531\" class=\"size-medium wp-image-531\" src=\"https:\/\/uni.hi.is\/armannja\/files\/2022\/03\/kapa-1-198x300.png\" alt=\"\" width=\"198\" height=\"300\" srcset=\"https:\/\/uni.hi.is\/armannja\/files\/2022\/03\/kapa-1-198x300.png 198w, https:\/\/uni.hi.is\/armannja\/files\/2022\/03\/kapa-1-675x1024.png 675w, https:\/\/uni.hi.is\/armannja\/files\/2022\/03\/kapa-1-768x1165.png 768w, https:\/\/uni.hi.is\/armannja\/files\/2022\/03\/kapa-1.png 968w\" sizes=\"auto, (max-width: 198px) 100vw, 198px\" \/><p id=\"caption-attachment-531\" class=\"wp-caption-text\">\u00c1lfheimar 1: Br\u00f3\u00f0irinn (2021).<\/p><\/div>\n<div id=\"attachment_532\" style=\"width: 271px\" class=\"wp-caption aligncenter\"><img loading=\"lazy\" decoding=\"async\" aria-describedby=\"caption-attachment-532\" class=\"size-medium wp-image-532\" src=\"https:\/\/uni.hi.is\/armannja\/files\/2022\/03\/Untitled-261x300.png\" alt=\"\" width=\"261\" height=\"300\" srcset=\"https:\/\/uni.hi.is\/armannja\/files\/2022\/03\/Untitled-261x300.png 261w, https:\/\/uni.hi.is\/armannja\/files\/2022\/03\/Untitled.png 748w\" sizes=\"auto, (max-width: 261px) 100vw, 261px\" \/><p id=\"caption-attachment-532\" class=\"wp-caption-text\">\u00cdslenskar b\u00f3kmenntir: Saga og samhengi, I-II (2021).<\/p><\/div>\n<div id=\"attachment_533\" style=\"width: 224px\" class=\"wp-caption aligncenter\"><img loading=\"lazy\" decoding=\"async\" aria-describedby=\"caption-attachment-533\" class=\"size-medium wp-image-533\" src=\"https:\/\/uni.hi.is\/armannja\/files\/2022\/03\/legends-214x300.png\" alt=\"\" width=\"214\" height=\"300\" srcset=\"https:\/\/uni.hi.is\/armannja\/files\/2022\/03\/legends-214x300.png 214w, https:\/\/uni.hi.is\/armannja\/files\/2022\/03\/legends-730x1024.png 730w, https:\/\/uni.hi.is\/armannja\/files\/2022\/03\/legends-768x1077.png 768w, https:\/\/uni.hi.is\/armannja\/files\/2022\/03\/legends.png 938w\" sizes=\"auto, (max-width: 214px) 100vw, 214px\" \/><p id=\"caption-attachment-533\" class=\"wp-caption-text\">Legends (2022).<\/p><\/div>\n<div id=\"attachment_543\" style=\"width: 190px\" class=\"wp-caption aligncenter\"><img loading=\"lazy\" decoding=\"async\" aria-describedby=\"caption-attachment-543\" class=\"size-medium wp-image-543\" src=\"https:\/\/uni.hi.is\/armannja\/files\/2022\/08\/Reiml-180x300.png\" alt=\"\" width=\"180\" height=\"300\" srcset=\"https:\/\/uni.hi.is\/armannja\/files\/2022\/08\/Reiml-180x300.png 180w, https:\/\/uni.hi.is\/armannja\/files\/2022\/08\/Reiml.png 616w\" sizes=\"auto, (max-width: 180px) 100vw, 180px\" \/><p id=\"caption-attachment-543\" class=\"wp-caption-text\">Reimleikar (2022).<\/p><\/div>\n<div id=\"attachment_544\" style=\"width: 211px\" class=\"wp-caption aligncenter\"><img loading=\"lazy\" decoding=\"async\" aria-describedby=\"caption-attachment-544\" class=\"size-medium wp-image-544\" src=\"https:\/\/uni.hi.is\/armannja\/files\/2022\/08\/Reiml-201x300.jpg\" alt=\"\" width=\"201\" height=\"300\" srcset=\"https:\/\/uni.hi.is\/armannja\/files\/2022\/08\/Reiml-201x300.jpg 201w, https:\/\/uni.hi.is\/armannja\/files\/2022\/08\/Reiml-685x1024.jpg 685w, https:\/\/uni.hi.is\/armannja\/files\/2022\/08\/Reiml-768x1147.jpg 768w, https:\/\/uni.hi.is\/armannja\/files\/2022\/08\/Reiml.jpg 1000w\" sizes=\"auto, (max-width: 201px) 100vw, 201px\" \/><p id=\"caption-attachment-544\" class=\"wp-caption-text\">\u00c1lfheimar 2: Risinn (2022).<\/p><\/div>\n","protected":false},"excerpt":{"rendered":"<p>H\u00e9r eru myndir af \u00f6llum b\u00f3kunum sem \u00e9g hef sent fr\u00e1 m\u00e9r. Allar f\u00e1st \u00fe\u00e6r hj\u00e1 B\u00f3ks\u00f6lu st\u00fadenta nema \u00fe\u00e6r sem eru uppseldar. &nbsp;<\/p>\n","protected":false},"author":125,"featured_media":0,"parent":0,"menu_order":8,"comment_status":"closed","ping_status":"closed","template":"","meta":{"footnotes":""},"class_list":["post-57","page","type-page","status-publish","hentry"],"_links":{"self":[{"href":"https:\/\/uni.hi.is\/armannja\/wp-json\/wp\/v2\/pages\/57","targetHints":{"allow":["GET"]}}],"collection":[{"href":"https:\/\/uni.hi.is\/armannja\/wp-json\/wp\/v2\/pages"}],"about":[{"href":"https:\/\/uni.hi.is\/armannja\/wp-json\/wp\/v2\/types\/page"}],"author":[{"embeddable":true,"href":"https:\/\/uni.hi.is\/armannja\/wp-json\/wp\/v2\/users\/125"}],"replies":[{"embeddable":true,"href":"https:\/\/uni.hi.is\/armannja\/wp-json\/wp\/v2\/comments?post=57"}],"version-history":[{"count":38,"href":"https:\/\/uni.hi.is\/armannja\/wp-json\/wp\/v2\/pages\/57\/revisions"}],"predecessor-version":[{"id":546,"href":"https:\/\/uni.hi.is\/armannja\/wp-json\/wp\/v2\/pages\/57\/revisions\/546"}],"wp:attachment":[{"href":"https:\/\/uni.hi.is\/armannja\/wp-json\/wp\/v2\/media?parent=57"}],"curies":[{"name":"wp","href":"https:\/\/api.w.org\/{rel}","templated":true}]}}