{"id":92,"date":"2010-10-01T23:57:05","date_gmt":"2010-10-01T23:57:05","guid":{"rendered":"http:\/\/uni.hi.is\/armannja\/?page_id=92"},"modified":"2022-08-14T12:50:27","modified_gmt":"2022-08-14T12:50:27","slug":"erindi","status":"publish","type":"page","link":"https:\/\/uni.hi.is\/armannja\/erindi\/","title":{"rendered":"Erindi"},"content":{"rendered":"<p>\u00c9g held \u00f6\u00f0ru hvoru erindi \u00e1 m\u00e1l\u00feingum \u00e1 \u00cdslandi og erlendis sem eru hluti af starfi m\u00ednu og tek ekkert gjald fyrir \u00fea\u00f0.<\/p>\n<p>\u00dear sem \u00e9g er \u00ed fullu starfi tek \u00e9g sjaldan a\u00f0 m\u00e9r st\u00f6rf fyrir a\u00f0ra a\u00f0ila en H\u00e1sk\u00f3lann. \u00d3ski menn eftir sl\u00edkum aukast\u00f6rfum, s.s. fr\u00e6\u00f0sluerindum, yfirlestri e\u00f0a r\u00e1\u00f0gj\u00f6f, er l\u00e1gmarksgrei\u00f0sla 290 \u00fe\u00fasund kr\u00f3nur fyrir hvert vi\u00f0vik.<\/p>\n<p>Alls hef \u00e9g flutt r\u00edflega 160 erindi s\u00ed\u00f0an \u00e1ri\u00f0 1994 og eru \u00fe\u00e1 \u00f3talin erindi \u00ed \u00fatvarpi.<\/p>\n<p>&nbsp;<\/p>\n","protected":false},"excerpt":{"rendered":"<p>\u00c9g held \u00f6\u00f0ru hvoru erindi \u00e1 m\u00e1l\u00feingum \u00e1 \u00cdslandi og erlendis sem eru hluti af starfi m\u00ednu og tek ekkert gjald fyrir \u00fea\u00f0. \u00dear sem \u00e9g er \u00ed fullu starfi tek \u00e9g sjaldan a\u00f0 m\u00e9r st\u00f6rf fyrir a\u00f0ra a\u00f0ila en &hellip; <a href=\"https:\/\/uni.hi.is\/armannja\/erindi\/\">Halda \u00e1fram a\u00f0 lesa <span class=\"meta-nav\">&rarr;<\/span><\/a><\/p>\n","protected":false},"author":125,"featured_media":0,"parent":0,"menu_order":7,"comment_status":"closed","ping_status":"closed","template":"","meta":{"footnotes":""},"class_list":["post-92","page","type-page","status-publish","hentry"],"_links":{"self":[{"href":"https:\/\/uni.hi.is\/armannja\/wp-json\/wp\/v2\/pages\/92","targetHints":{"allow":["GET"]}}],"collection":[{"href":"https:\/\/uni.hi.is\/armannja\/wp-json\/wp\/v2\/pages"}],"about":[{"href":"https:\/\/uni.hi.is\/armannja\/wp-json\/wp\/v2\/types\/page"}],"author":[{"embeddable":true,"href":"https:\/\/uni.hi.is\/armannja\/wp-json\/wp\/v2\/users\/125"}],"replies":[{"embeddable":true,"href":"https:\/\/uni.hi.is\/armannja\/wp-json\/wp\/v2\/comments?post=92"}],"version-history":[{"count":30,"href":"https:\/\/uni.hi.is\/armannja\/wp-json\/wp\/v2\/pages\/92\/revisions"}],"predecessor-version":[{"id":541,"href":"https:\/\/uni.hi.is\/armannja\/wp-json\/wp\/v2\/pages\/92\/revisions\/541"}],"wp:attachment":[{"href":"https:\/\/uni.hi.is\/armannja\/wp-json\/wp\/v2\/media?parent=92"}],"curies":[{"name":"wp","href":"https:\/\/api.w.org\/{rel}","templated":true}]}}