{"id":13,"date":"2014-05-13T22:14:14","date_gmt":"2014-05-13T22:14:14","guid":{"rendered":"http:\/\/uni.hi.is\/asdisrm\/?page_id=13"},"modified":"2020-11-04T13:24:33","modified_gmt":"2020-11-04T13:24:33","slug":"um-mig","status":"publish","type":"page","link":"https:\/\/uni.hi.is\/asdisrm\/en\/","title":{"rendered":"About me"},"content":{"rendered":"<p>\u00c1sd\u00eds R. Magn\u00fasd\u00f3ttir studied French language and literature (Lettres modernes) at the Stendhal University (Grenoble 3) from 1988 to 1997 and completed her PhD in French literature of the Middle Ages and Renaissance in 1997.<\/p>\n<p>Her main centres of research are: medieval French literature, translations and reception of French literature in Iceland and Scandinavia. \u00c1sd\u00eds R. Magn\u00fasd\u00f3ttir is also interested in the short story and other forms of shorter writings, translation and history of ideas, and is engaged in projects related to these topics. She works on the translation and publication of a collection of French short stories and tales and an Icelandic translation of Chr\u00e9tien\u2018s de Troyes, <em>The Knight of the Chart (Lancelot).<\/em><\/p>","protected":false},"excerpt":{"rendered":"<p>\u00c1sd\u00eds R. Magn\u00fasd\u00f3ttir studied French language and literature (Lettres modernes) at the Stendhal University (Grenoble 3) from 1988 to 1997 and completed her PhD in French literature of the Middle Ages and Renaissance in 1997. Her main centres of research &hellip; <a href=\"https:\/\/uni.hi.is\/asdisrm\/en\/\">Continue reading <span class=\"meta-nav\">&rarr;<\/span><\/a><\/p>\n","protected":false},"author":303,"featured_media":0,"parent":0,"menu_order":1,"comment_status":"closed","ping_status":"closed","template":"","meta":{"footnotes":""},"class_list":["post-13","page","type-page","status-publish","hentry"],"_links":{"self":[{"href":"https:\/\/uni.hi.is\/asdisrm\/en\/wp-json\/wp\/v2\/pages\/13","targetHints":{"allow":["GET"]}}],"collection":[{"href":"https:\/\/uni.hi.is\/asdisrm\/en\/wp-json\/wp\/v2\/pages"}],"about":[{"href":"https:\/\/uni.hi.is\/asdisrm\/en\/wp-json\/wp\/v2\/types\/page"}],"author":[{"embeddable":true,"href":"https:\/\/uni.hi.is\/asdisrm\/en\/wp-json\/wp\/v2\/users\/303"}],"replies":[{"embeddable":true,"href":"https:\/\/uni.hi.is\/asdisrm\/en\/wp-json\/wp\/v2\/comments?post=13"}],"version-history":[{"count":15,"href":"https:\/\/uni.hi.is\/asdisrm\/en\/wp-json\/wp\/v2\/pages\/13\/revisions"}],"predecessor-version":[{"id":120,"href":"https:\/\/uni.hi.is\/asdisrm\/en\/wp-json\/wp\/v2\/pages\/13\/revisions\/120"}],"wp:attachment":[{"href":"https:\/\/uni.hi.is\/asdisrm\/en\/wp-json\/wp\/v2\/media?parent=13"}],"curies":[{"name":"wp","href":"https:\/\/api.w.org\/{rel}","templated":true}]}}