{"id":4,"date":"2014-05-13T22:13:39","date_gmt":"2014-05-13T22:13:39","guid":{"rendered":"http:\/\/uni.hi.is\/asdisrm\/?page_id=4"},"modified":"2020-11-04T12:59:35","modified_gmt":"2020-11-04T12:59:35","slug":"ferill","status":"publish","type":"page","link":"https:\/\/uni.hi.is\/asdisrm\/en\/ferill\/","title":{"rendered":"Education and work"},"content":{"rendered":"<p><strong>Education<\/strong><\/p>\n<p>1990 DEUG Lettres modernes, Universit\u00e9 Stendhal \u2013 Grenoble 3<\/p>\n<p>1991 Licence Lettres modernes, Universit\u00e9 Stendhal \u2013 Grenoble 3<\/p>\n<p>1992 Ma\u00eetrise Lettres modernes, Universit\u00e9 Stendhal \u2013 Grenoble 3<\/p>\n<p>1993 DEA, Centre de recherche sur l\u2019imaginaire, Universit\u00e9 Stendhal \u2013 Grenoble 3<\/p>\n<p>1997 Doctorat (Nouveau R\u00e9gime), Centre de recherche sur l\u2019imaginaire, Universit\u00e9 Stendhal \u2013 Grenoble 3<\/p>\n<p>Dissertation: <em>La voix du cor. La relique de Roncevaux et l'origine d'un motif dans la litt\u00e9rature du Moyen \u00c2ge (XIIe - XIVe si\u00e8cles). <\/em>Supervisor: Philippe Walter.<\/p>\n<p><strong>Academic employment<\/strong><\/p>\n<p>1997-2000 Part-time teacher, Department of Romance and Classical Languages, Faculty of Philosophy, University of Iceland<\/p>\n<p>2000-2003 Assistant Professor of French, Department of Romance and Classical Languages, Faculty of Philosophy, University of Iceland<\/p>\n<p>2004-2009 Associate Professor of French, Department of Romance and \u00a0\u00a0\u00a0\u00a0 Classical Languages, Faculty of Philosophy, University of Iceland<\/p>\n<p>2010- Professor of French, Department of Romance and Classical Languages, School of Humanities, University of Iceland<\/p>\n<p><strong>Academic service, administration and other:<\/strong><\/p>\n<p>1999\u00a0 \u00a0\u00a0\u00a0\u00a0\u00a0\u00a0\u00a0\u00a0\u00a0\u00a0\u00a0 One of two of Iceland\u2019s representatives in the jury for the European\u00a0 \u00a0 \u00a0 \u00a0 \u00a0 \u00a0 \u00a0 \u00a0 \u00a0 \u00a0 Aristeion prize (Literature\/Translation)<\/p>\n<p>2000- \u00a0\u00a0\u00a0\u00a0\u00a0\u00a0\u00a0\u00a0\u00a0\u00a0\u00a0 Head, French\/French Studies, Department of Romance and\u00a0 \u00a0 \u00a0 \u00a0 \u00a0 \u00a0 \u00a0 \u00a0 \u00a0 \u00a0 \u00a0 \u00a0 \u00a0 \u00a0 \u00a0Classical Languages, University of Iceland<\/p>\n<p><strong><br \/>\n<\/strong>2003-2007 \u00a0\u00a0\u00a0 Chair, Icelandic Fund for Translation<\/p>\n<p>2003-2008 \u00a0\u00a0\u00a0 Academic Affairs Committee<\/p>\n<p>2006-2013 \u00a0\u00a0\u00a0 Evaluation committee, Faculty of Philosophy\/School of Humanities, University of Iceland<\/p>\n<p>2008- \u00a0\u00a0\u00a0\u00a0\u00a0\u00a0\u00a0\u00a0\u00a0\u00a0\u00a0 Member of the editorial board of <em>Milli m\u00e1la<\/em>, Journal of Foreign\u00a0 \u00a0 \u00a0 \u00a0 \u00a0 \u00a0 \u00a0 \u00a0 \u00a0 \u00a0 \u00a0 \u00a0 Languages and Culture (Vigdis Finnbogadottir Institute of Foreign\u00a0 \u00a0 \u00a0 \u00a0 \u00a0 \u00a0 \u00a0 \u00a0 \u00a0 \u00a0 \u00a0 \u00a0 \u00a0 \u00a0 \u00a0 \u00a0 \u00a0 \u00a0 \u00a0 Languages, University of Iceland)<\/p>\n<p>2009-2011\u00a0\u00a0\u00a0\u00a0 Co-editor of <em>Riti\u00f0<\/em>, Journal of the Institute of Humanities\u00a0 \u00a0 \u00a0 \u00a0 \u00a0 \u00a0 \u00a0 \u00a0 \u00a0 \u00a0 \u00a0 \u00a0 \u00a0 \u00a0 \u00a0 \u00a0 \u00a0 \u00a0(University of Iceland)<\/p>\n<p>2011-2017\u00a0\u00a0\u00a0\u00a0 Member of the editorial board of <em>Riti\u00f0<\/em>, Journal of the Institute of\u00a0 \u00a0 \u00a0 \u00a0 \u00a0 \u00a0 \u00a0 \u00a0 \u00a0 \u00a0 \u00a0Humanities (University of Iceland)<\/p>\n<p>2008-2010\u00a0\u00a0\u00a0\u00a0 Vice head, Faculty of Foreign Languages, Literature and Linguistics, School of Humanities, University of Iceland<\/p>\n<p>2010-2012\u00a0\u00a0\u00a0\u00a0 Head, Faculty of Foreign Languages, School of Humanities,\u00a0 \u00a0 \u00a0 \u00a0 \u00a0 \u00a0 \u00a0 \u00a0 \u00a0 \u00a0 \u00a0 \u00a0 \u00a0 \u00a0 \u00a0 \u00a0 University of Iceland<\/p>\n<p>2011-2014\u00a0\u00a0\u00a0\u00a0 Scientific Evaluation Committee, School of Humanities, representative of the Faculty of Foreign Languages<\/p>\n<p>2014\u00a0\u00a0\u00a0\u00a0\u00a0\u00a0\u00a0\u00a0\u00a0\u00a0\u00a0\u00a0\u00a0 Co-organiser of the Scandinavian Romanists\u2019 Congress, August 12-15 2014, University of Iceland<\/p>\n<p>2014- \u00a0\u00a0\u00a0\u00a0\u00a0\u00a0\u00a0\u00a0\u00a0\u00a0\u00a0 Member of the Board of Vigd\u00eds International Centre for Multilingualism and Intercultural Understanding, University of Iceland<\/p>\n<p>2017-2020\u00a0\u00a0\u00a0\u00a0 Science Ethics Committee, main representative of the School of Humanities, University of Iceland<\/p>\n<p>2018-\u00a0\u00a0\u00a0\u00a0\u00a0\u00a0\u00a0\u00a0\u00a0\u00a0\u00a0\u00a0 Member, Board of Vigd\u00eds Finnbogad\u00f3ttir Institute for Foreign Languages, University of Iceland<\/p>\n<p>2018- \u00a0\u00a0\u00a0\u00a0\u00a0\u00a0\u00a0\u00a0\u00a0\u00a0\u00a0 Chair, Board of Vigd\u00eds International Centre for Multilingualism and Intercultural Understanding, University of Iceland<\/p>\n<p>2020\u00a0 \u00a0\u00a0\u00a0\u00a0\u00a0\u00a0\u00a0\u00a0\u00a0\u00a0\u00a0 The Icelandic Translators\u2019 Prize, Chair of selection committee<\/p>\n<p>2020\u00a0\u00a0\u00a0\u00a0\u00a0\u00a0\u00a0\u00a0\u00a0\u00a0\u00a0\u00a0\u00a0 Guest editor of volume 3\/2020 of <em>Riti\u00f0<\/em>, Journal of the Institute of Humanities (University of Iceland)<\/p>\n","protected":false},"excerpt":{"rendered":"<p>Education 1990 DEUG Lettres modernes, Universit\u00e9 Stendhal \u2013 Grenoble 3 1991 Licence Lettres modernes, Universit\u00e9 Stendhal \u2013 Grenoble 3 1992 Ma\u00eetrise Lettres modernes, Universit\u00e9 Stendhal \u2013 Grenoble 3 1993 DEA, Centre de recherche sur l\u2019imaginaire, Universit\u00e9 Stendhal \u2013 Grenoble 3 &hellip; <a href=\"https:\/\/uni.hi.is\/asdisrm\/en\/ferill\/\">Continue reading <span class=\"meta-nav\">&rarr;<\/span><\/a><\/p>\n","protected":false},"author":303,"featured_media":0,"parent":0,"menu_order":2,"comment_status":"closed","ping_status":"closed","template":"","meta":{"footnotes":""},"class_list":["post-4","page","type-page","status-publish","hentry"],"_links":{"self":[{"href":"https:\/\/uni.hi.is\/asdisrm\/en\/wp-json\/wp\/v2\/pages\/4","targetHints":{"allow":["GET"]}}],"collection":[{"href":"https:\/\/uni.hi.is\/asdisrm\/en\/wp-json\/wp\/v2\/pages"}],"about":[{"href":"https:\/\/uni.hi.is\/asdisrm\/en\/wp-json\/wp\/v2\/types\/page"}],"author":[{"embeddable":true,"href":"https:\/\/uni.hi.is\/asdisrm\/en\/wp-json\/wp\/v2\/users\/303"}],"replies":[{"embeddable":true,"href":"https:\/\/uni.hi.is\/asdisrm\/en\/wp-json\/wp\/v2\/comments?post=4"}],"version-history":[{"count":18,"href":"https:\/\/uni.hi.is\/asdisrm\/en\/wp-json\/wp\/v2\/pages\/4\/revisions"}],"predecessor-version":[{"id":110,"href":"https:\/\/uni.hi.is\/asdisrm\/en\/wp-json\/wp\/v2\/pages\/4\/revisions\/110"}],"wp:attachment":[{"href":"https:\/\/uni.hi.is\/asdisrm\/en\/wp-json\/wp\/v2\/media?parent=4"}],"curies":[{"name":"wp","href":"https:\/\/api.w.org\/{rel}","templated":true}]}}