{"id":13,"date":"2014-05-13T22:14:14","date_gmt":"2014-05-13T22:14:14","guid":{"rendered":"http:\/\/uni.hi.is\/asdisrm\/?page_id=13"},"modified":"2020-11-04T13:24:33","modified_gmt":"2020-11-04T13:24:33","slug":"um-mig","status":"publish","type":"page","link":"https:\/\/uni.hi.is\/asdisrm\/","title":{"rendered":"Um mig"},"content":{"rendered":"<p>\u00c1sd\u00eds stunda\u00f0i n\u00e1m \u00ed fr\u00f6nsku m\u00e1li og b\u00f3kmenntum (Lettres modernes) vi\u00f0 Stendhal-h\u00e1sk\u00f3lann \u00ed Grenoble fr\u00e1 1988-1997 og lauk \u00fea\u00f0an doktorsn\u00e1mi \u00ed fr\u00f6nskum b\u00f3kmenntum mi\u00f0alda og endurreisnar \u00e1ri\u00f0 1997. H\u00fan hefur kennt vi\u00f0 H\u00e1sk\u00f3la \u00cdslands fr\u00e1 1997.<\/p>\n<p>Helstu ranns\u00f3knasvi\u00f0 \u00c1sd\u00edsar eru b\u00f3kmenntir mi\u00f0alda, vi\u00f0t\u00f6kur og \u00fe\u00fd\u00f0ingar franskra b\u00f3kmennta \u00e1 \u00cdslandi og \u00ed Skandinav\u00edu. \u00c1sd\u00eds hefur einnig \u00e1huga \u00e1 sm\u00e1s\u00f6gum og \u00f6\u00f0rum styttri textum, \u00fe\u00fd\u00f0ingum og hugmyndas\u00f6gu og \u00fdmsum verkefnum tengdum \u00feeim vi\u00f0fangsefnum. H\u00fan vinnur n\u00fa m.a. a\u00f0 \u00fatg\u00e1fu sm\u00e1sagnasafnsins <em>Fr\u00ed\u00f0a og d\u00fdri\u00f0. Franskar sm\u00e1s\u00f6gur og \u00e6vint\u00fdri fyrri alda<\/em> og \u00edslenskri \u00fe\u00fd\u00f0ingu <em>Kerruriddarans<\/em> (Lancelot) eftir Chr\u00e9tien de Troyes.<\/p>","protected":false},"excerpt":{"rendered":"<p>\u00c1sd\u00eds stunda\u00f0i n\u00e1m \u00ed fr\u00f6nsku m\u00e1li og b\u00f3kmenntum (Lettres modernes) vi\u00f0 Stendhal-h\u00e1sk\u00f3lann \u00ed Grenoble fr\u00e1 1988-1997 og lauk \u00fea\u00f0an doktorsn\u00e1mi \u00ed fr\u00f6nskum b\u00f3kmenntum mi\u00f0alda og endurreisnar \u00e1ri\u00f0 1997. H\u00fan hefur kennt vi\u00f0 H\u00e1sk\u00f3la \u00cdslands fr\u00e1 1997. Helstu ranns\u00f3knasvi\u00f0 \u00c1sd\u00edsar eru &hellip; <a href=\"https:\/\/uni.hi.is\/asdisrm\/\">Halda \u00e1fram a\u00f0 lesa <span class=\"meta-nav\">&rarr;<\/span><\/a><\/p>\n","protected":false},"author":303,"featured_media":0,"parent":0,"menu_order":1,"comment_status":"closed","ping_status":"closed","template":"","meta":{"footnotes":""},"class_list":["post-13","page","type-page","status-publish","hentry"],"_links":{"self":[{"href":"https:\/\/uni.hi.is\/asdisrm\/wp-json\/wp\/v2\/pages\/13","targetHints":{"allow":["GET"]}}],"collection":[{"href":"https:\/\/uni.hi.is\/asdisrm\/wp-json\/wp\/v2\/pages"}],"about":[{"href":"https:\/\/uni.hi.is\/asdisrm\/wp-json\/wp\/v2\/types\/page"}],"author":[{"embeddable":true,"href":"https:\/\/uni.hi.is\/asdisrm\/wp-json\/wp\/v2\/users\/303"}],"replies":[{"embeddable":true,"href":"https:\/\/uni.hi.is\/asdisrm\/wp-json\/wp\/v2\/comments?post=13"}],"version-history":[{"count":15,"href":"https:\/\/uni.hi.is\/asdisrm\/wp-json\/wp\/v2\/pages\/13\/revisions"}],"predecessor-version":[{"id":120,"href":"https:\/\/uni.hi.is\/asdisrm\/wp-json\/wp\/v2\/pages\/13\/revisions\/120"}],"wp:attachment":[{"href":"https:\/\/uni.hi.is\/asdisrm\/wp-json\/wp\/v2\/media?parent=13"}],"curies":[{"name":"wp","href":"https:\/\/api.w.org\/{rel}","templated":true}]}}