{"id":15,"date":"2013-04-01T16:11:19","date_gmt":"2013-04-01T16:11:19","guid":{"rendered":"http:\/\/uni.hi.is\/asdisrm\/?page_id=15"},"modified":"2020-11-04T13:25:21","modified_gmt":"2020-11-04T13:25:21","slug":"kennsla","status":"publish","type":"page","link":"https:\/\/uni.hi.is\/asdisrm\/kennsla\/","title":{"rendered":"Kennsla"},"content":{"rendered":"<p>Fr\u00f6nsk b\u00f3kmenntasaga, franskar b\u00f3kmenntir mi\u00f0alda og endurreisnar, franska sm\u00e1sagan, hugmyndasaga mi\u00f0alda, \u00fe\u00fd\u00f0ingar og vi\u00f0t\u00f6kur franskra b\u00f3kmennta \u00e1 \u00cdslandi.<\/p>","protected":false},"excerpt":{"rendered":"<p>Fr\u00f6nsk b\u00f3kmenntasaga, franskar b\u00f3kmenntir mi\u00f0alda og endurreisnar, franska sm\u00e1sagan, hugmyndasaga mi\u00f0alda, \u00fe\u00fd\u00f0ingar og vi\u00f0t\u00f6kur franskra b\u00f3kmennta \u00e1 \u00cdslandi.<\/p>\n","protected":false},"author":303,"featured_media":0,"parent":0,"menu_order":3,"comment_status":"closed","ping_status":"closed","template":"","meta":{"footnotes":""},"class_list":["post-15","page","type-page","status-publish","hentry"],"_links":{"self":[{"href":"https:\/\/uni.hi.is\/asdisrm\/wp-json\/wp\/v2\/pages\/15","targetHints":{"allow":["GET"]}}],"collection":[{"href":"https:\/\/uni.hi.is\/asdisrm\/wp-json\/wp\/v2\/pages"}],"about":[{"href":"https:\/\/uni.hi.is\/asdisrm\/wp-json\/wp\/v2\/types\/page"}],"author":[{"embeddable":true,"href":"https:\/\/uni.hi.is\/asdisrm\/wp-json\/wp\/v2\/users\/303"}],"replies":[{"embeddable":true,"href":"https:\/\/uni.hi.is\/asdisrm\/wp-json\/wp\/v2\/comments?post=15"}],"version-history":[{"count":15,"href":"https:\/\/uni.hi.is\/asdisrm\/wp-json\/wp\/v2\/pages\/15\/revisions"}],"predecessor-version":[{"id":121,"href":"https:\/\/uni.hi.is\/asdisrm\/wp-json\/wp\/v2\/pages\/15\/revisions\/121"}],"wp:attachment":[{"href":"https:\/\/uni.hi.is\/asdisrm\/wp-json\/wp\/v2\/media?parent=15"}],"curies":[{"name":"wp","href":"https:\/\/api.w.org\/{rel}","templated":true}]}}