{"id":51,"date":"2014-05-13T22:19:28","date_gmt":"2014-05-13T22:19:28","guid":{"rendered":"http:\/\/uni.hi.is\/asdisrm\/?page_id=51"},"modified":"2020-11-04T13:25:47","modified_gmt":"2020-11-04T13:25:47","slug":"rannsoknarverkefni","status":"publish","type":"page","link":"https:\/\/uni.hi.is\/asdisrm\/rannsoknarverkefni\/","title":{"rendered":"Ranns\u00f3knarverkefni"},"content":{"rendered":"<p>Vi\u00f0t\u00f6kur franskra fr\u00e1sagnarb\u00f3kmennta \u00e1 \u00cdslandi fra mi\u00f0\u00f6ldum til loka 19. aldar.<\/p>\n<p>Franska bylgjan \u00ed \u00edslensku leikh\u00fasl\u00edfi, 1960-2000.<\/p>","protected":false},"excerpt":{"rendered":"<p>Vi\u00f0t\u00f6kur franskra fr\u00e1sagnarb\u00f3kmennta \u00e1 \u00cdslandi fra mi\u00f0\u00f6ldum til loka 19. aldar. Franska bylgjan \u00ed \u00edslensku leikh\u00fasl\u00edfi, 1960-2000.<\/p>\n","protected":false},"author":303,"featured_media":0,"parent":0,"menu_order":4,"comment_status":"closed","ping_status":"closed","template":"","meta":{"footnotes":""},"class_list":["post-51","page","type-page","status-publish","hentry"],"_links":{"self":[{"href":"https:\/\/uni.hi.is\/asdisrm\/wp-json\/wp\/v2\/pages\/51","targetHints":{"allow":["GET"]}}],"collection":[{"href":"https:\/\/uni.hi.is\/asdisrm\/wp-json\/wp\/v2\/pages"}],"about":[{"href":"https:\/\/uni.hi.is\/asdisrm\/wp-json\/wp\/v2\/types\/page"}],"author":[{"embeddable":true,"href":"https:\/\/uni.hi.is\/asdisrm\/wp-json\/wp\/v2\/users\/303"}],"replies":[{"embeddable":true,"href":"https:\/\/uni.hi.is\/asdisrm\/wp-json\/wp\/v2\/comments?post=51"}],"version-history":[{"count":5,"href":"https:\/\/uni.hi.is\/asdisrm\/wp-json\/wp\/v2\/pages\/51\/revisions"}],"predecessor-version":[{"id":122,"href":"https:\/\/uni.hi.is\/asdisrm\/wp-json\/wp\/v2\/pages\/51\/revisions\/122"}],"wp:attachment":[{"href":"https:\/\/uni.hi.is\/asdisrm\/wp-json\/wp\/v2\/media?parent=51"}],"curies":[{"name":"wp","href":"https:\/\/api.w.org\/{rel}","templated":true}]}}