{"id":61,"date":"2014-05-14T10:08:51","date_gmt":"2014-05-14T10:08:51","guid":{"rendered":"http:\/\/uni.hi.is\/asdisrm\/?page_id=61"},"modified":"2020-11-04T13:27:56","modified_gmt":"2020-11-04T13:27:56","slug":"styrkir","status":"publish","type":"page","link":"https:\/\/uni.hi.is\/asdisrm\/styrkir\/","title":{"rendered":"Styrkir"},"content":{"rendered":"<p>1986\u00a0\u00a0\u00a0\u00a0\u00a0\u00a0\u00a0\u00a0\u00a0\u00a0\u00a0\u00a0 Menntam\u00e1lar\u00e1\u00f0uneyti Sp\u00e1nar<\/p>\n<p>1988-1996 \u00a0\u00a0 Utanr\u00edkisr\u00e1\u00f0uneyti Frakklands<\/p>\n<p>1997-2000\u00a0\u00a0 Rann\u00eds<\/p>\n<p>2000 \u00a0\u00a0\u00a0\u00a0\u00a0\u00a0\u00a0\u00a0\u00a0\u00a0\u00a0\u00a0 Ranns\u00f3knasj\u00f3\u00f0ur H\u00e1sk\u00f3la \u00cdslands<\/p>\n<p>2006\u00a0\u00a0\u00a0\u00a0\u00a0\u00a0\u00a0\u00a0\u00a0\u00a0\u00a0\u00a0 Ranns\u00f3knasj\u00f3\u00f0ur H\u00e1sk\u00f3la \u00cdslands<\/p>\n<p>2013\u00a0\u00a0\u00a0\u00a0\u00a0\u00a0\u00a0\u00a0\u00a0\u00a0\u00a0\u00a0 Ranns\u00f3knasj\u00f3\u00f0ur H\u00e1sk\u00f3la \u00cdslands<\/p>\n<p>2014\u00a0\u00a0\u00a0\u00a0\u00a0\u00a0\u00a0\u00a0\u00a0\u00a0\u00a0\u00a0 Ranns\u00f3knasj\u00f3\u00f0ur H\u00e1sk\u00f3la \u00cdslands<\/p>\n<p>2018-2020\u00a0\u00a0\u00a0 Ranns\u00f3knasj\u00f3\u00f0ur H\u00e1sk\u00f3la \u00cdslands<\/p>\n<p>2020\u00a0\u00a0\u00a0\u00a0\u00a0\u00a0\u00a0\u00a0\u00a0\u00a0\u00a0\u00a0 Styrktarsj\u00f3\u00f0ur \u00c1slaugar Hafli\u00f0ad\u00f3ttur<\/p>","protected":false},"excerpt":{"rendered":"<p>1986\u00a0\u00a0\u00a0\u00a0\u00a0\u00a0\u00a0\u00a0\u00a0\u00a0\u00a0\u00a0 Menntam\u00e1lar\u00e1\u00f0uneyti Sp\u00e1nar 1988-1996 \u00a0\u00a0 Utanr\u00edkisr\u00e1\u00f0uneyti Frakklands 1997-2000\u00a0\u00a0 Rann\u00eds 2000 \u00a0\u00a0\u00a0\u00a0\u00a0\u00a0\u00a0\u00a0\u00a0\u00a0\u00a0\u00a0 Ranns\u00f3knasj\u00f3\u00f0ur H\u00e1sk\u00f3la \u00cdslands 2006\u00a0\u00a0\u00a0\u00a0\u00a0\u00a0\u00a0\u00a0\u00a0\u00a0\u00a0\u00a0 Ranns\u00f3knasj\u00f3\u00f0ur H\u00e1sk\u00f3la \u00cdslands 2013\u00a0\u00a0\u00a0\u00a0\u00a0\u00a0\u00a0\u00a0\u00a0\u00a0\u00a0\u00a0 Ranns\u00f3knasj\u00f3\u00f0ur H\u00e1sk\u00f3la \u00cdslands 2014\u00a0\u00a0\u00a0\u00a0\u00a0\u00a0\u00a0\u00a0\u00a0\u00a0\u00a0\u00a0 Ranns\u00f3knasj\u00f3\u00f0ur H\u00e1sk\u00f3la \u00cdslands 2018-2020\u00a0\u00a0\u00a0 Ranns\u00f3knasj\u00f3\u00f0ur H\u00e1sk\u00f3la \u00cdslands 2020\u00a0\u00a0\u00a0\u00a0\u00a0\u00a0\u00a0\u00a0\u00a0\u00a0\u00a0\u00a0 Styrktarsj\u00f3\u00f0ur \u00c1slaugar Hafli\u00f0ad\u00f3ttur<\/p>\n","protected":false},"author":303,"featured_media":0,"parent":0,"menu_order":4,"comment_status":"closed","ping_status":"closed","template":"","meta":{"footnotes":""},"class_list":["post-61","page","type-page","status-publish","hentry"],"_links":{"self":[{"href":"https:\/\/uni.hi.is\/asdisrm\/wp-json\/wp\/v2\/pages\/61","targetHints":{"allow":["GET"]}}],"collection":[{"href":"https:\/\/uni.hi.is\/asdisrm\/wp-json\/wp\/v2\/pages"}],"about":[{"href":"https:\/\/uni.hi.is\/asdisrm\/wp-json\/wp\/v2\/types\/page"}],"author":[{"embeddable":true,"href":"https:\/\/uni.hi.is\/asdisrm\/wp-json\/wp\/v2\/users\/303"}],"replies":[{"embeddable":true,"href":"https:\/\/uni.hi.is\/asdisrm\/wp-json\/wp\/v2\/comments?post=61"}],"version-history":[{"count":5,"href":"https:\/\/uni.hi.is\/asdisrm\/wp-json\/wp\/v2\/pages\/61\/revisions"}],"predecessor-version":[{"id":124,"href":"https:\/\/uni.hi.is\/asdisrm\/wp-json\/wp\/v2\/pages\/61\/revisions\/124"}],"wp:attachment":[{"href":"https:\/\/uni.hi.is\/asdisrm\/wp-json\/wp\/v2\/media?parent=61"}],"curies":[{"name":"wp","href":"https:\/\/api.w.org\/{rel}","templated":true}]}}