{"id":64,"date":"2014-05-14T10:12:33","date_gmt":"2014-05-14T10:12:33","guid":{"rendered":"http:\/\/uni.hi.is\/asdisrm\/?page_id=64"},"modified":"2014-05-14T10:20:01","modified_gmt":"2014-05-14T10:20:01","slug":"fyrirlestrar","status":"publish","type":"page","link":"https:\/\/uni.hi.is\/asdisrm\/fyrirlestrar\/","title":{"rendered":"Fyrirlestrar"},"content":{"rendered":"<p>\u201cD\u00fdr \u00ed sta\u00f0 manna \u00ed fr\u00f6nskum lj\u00f3\u00f0s\u00f6gum fr\u00e1 12. \u00f6ld\u201d, Hugv\u00edsinda\u00feing, 14-15 March 2014.<\/p>\n<p>\u201cAlbert Camus: La mer au plus pr\u00e8s\u201d, Panel, ATLAS (Assises de la Traduction Litt\u00e9raire en Arles), Les 30es Rugissantes. Traduire la mer. November 8-10 2013.<\/p>\n<p>\u201cSinning in translation\u201d, Arthur of the North, University of Oslo, May 23-25 2014.<\/p>\n<p>\u201cA\u00f0 \u00fe\u00fd\u00f0a hafi\u00f0. Um n\u00e1tt\u00faruna \u00ed lj\u00f3\u00f0r\u00e6num ritger\u00f0um Camus\u201d, N\u00e1tt\u00faran \u00ed verkum Alberts Camus. M\u00e1l\u00feing \u00ed tilefni 100 \u00e1ra f\u00e6\u00f0ingarafm\u00e6lis Alberts Camus 6. desember 2013.<\/p>\n<p>\u201eRiddarasagan \u00ed n\u00fat\u00edmanum\u201c, 22. n\u00f3vember 2012, Vigdis Finnbogadottir Institute of Foreign Languages.<\/p>\n<p>\u201eSm\u00e1s\u00f6gur kvenna \u00ed Frakklandi \u00e1 16. og 17. \u00f6ld\u201c, Hugv\u00edsinda\u00feing, 9. -10. mars 2012.<\/p>\n<p>\u201eTungum\u00e1l og menning: skiptir tungum\u00e1li\u00f0 m\u00e1li?\u201c Hugv\u00edsinda\u00feing, 11. mars 2011.<\/p>\n<p>\u201eA\u00f0 \u00fe\u00fd\u00f0a \u00far fr\u00f6nsku og fornfr\u00f6nsku: Perceval e\u00f0a Sagan um Gralinn\u201c. M\u00e1lstofan: Su\u00f0ri\u00f0 \u00ed nor\u00f0ri. Um \u00fe\u00fd\u00f0ingar \u00far r\u00f3m\u00f6nskum m\u00e1lum. Hugv\u00edsinda\u00feing, 25.-26. mars 2011.<\/p>\n<p>\u201eL\u2019\u00e9tranger chez Camus et Chr\u00e9tien de Troyes\u201c. XVIII. \u00feing norr\u00e6nna r\u00f3manista. Gautaborgarh\u00e1sk\u00f3li, 9.-12. \u00e1g\u00fast 2011.<\/p>\n<p>\u201eEkkjan \u00ed ey\u00f0isk\u00f3ginum\u201c. Al\u00fej\u00f3\u00f0leg afm\u00e6lisr\u00e1\u00f0stefna RIKK. H\u00e1sk\u00f3li \u00cdslands, 4.-5. n\u00f3vember 2011.<\/p>\n<p>\u201eSta\u00f0a fr\u00f6nskunnar \u00ed H.\u00cd.\u201c M\u00e1l\u00feing um fr\u00f6nskukennslu. \u00dej\u00f3\u00f0minjasafni\u00f0, 9. n\u00f3vember 2011.<\/p>\n<p>\u201eAf mann\u00e6tum\u201c, S\u00fdn Evr\u00f3pumanna \u00e1 N\u00fdja heiminn, Hugv\u00edsinda\u00feing, 5.-6. mars 2010.<\/p>\n<p>\u201eLes jeux de la v\u00e9rit\u00e9 dans la r\u00e9\u00e9criture norroise du Conte du Graal\u201c, Fictions de v\u00e9rit\u00e9 dans les r\u00e9\u00e9critures europ\u00e9ennes des romans de Chr\u00e9tien de Troyes. Colloque international, R\u00f3m, Academia Belgica, 28. - 30. apr\u00edl 2010.<\/p>\n<p>\u201eAux confins de la mati\u00e8re de Bretagne: les sagas de chevaliers\u201c, Histoire des Bretagnes: Itin\u00e9raires et confins, Centre de Recherche Bretonne et Celtique, Universit\u00e9 de Bretagne Occidentale, 4. j\u00fan\u00ed 2010.<\/p>\n<p>\u201e\u00datlendingur og \u00f3viti\u201c, Fj\u00f6gur h\u00f6gg \u00e1 dyr \u00f3g\u00e6funnar. M\u00e1l\u00feing um Albert Camus, 10. desember 2010, Stofnun Vigd\u00edsar Finnbogad\u00f3ttur \u00ed erlendum tungum\u00e1lum.<\/p>\n<p>\u201ePerceval og n\u00fat\u00edmalesandinn\u201c, Hugv\u00edsinda\u00feing, 13. -14. mars 2009.<\/p>\n<p>\u201eLandam\u00e6rin \u00ed verkum kanad\u00edsku sk\u00e1ldkonunnar Lise Tremblay\u201c, Hugv\u00edsinda\u00feing, 4.-5. apr\u00edl 2008.<\/p>\n<p>\u201eLe Nord dans l'\u0153uvre de Lise Tremblay\u201c, XVII. \u00feing norr\u00e6nna r\u00f3manista, H\u00e1sk\u00f3linn \u00ed Tampere, 12.-15. \u00e1g\u00fast 2008.<\/p>\n<p>\u201eLa repr\u00e9sentation du Nord dans quelques romans islandais contemporains\u201c, Where does the North begin, where does it end? Nordicity, borders and territoires. International conference in literature, geography and cultural studies, Universit\u00e9 Sorbonne Nouvelle - Paris 3, Universit\u00e9 Paris IV - Sorbonne, 16.-17. apr\u00edl 2008.<\/p>\n<p>\u201eParsifals saga and the Valvers \u00fe\u00e1ttur\u201c, Translation in the Middle Ages: French romances into Norse narratives. Old French Romances and Old Norse (Translation, Transmission and Transformation. Old Norse Romantic Fiction and Scandinavian Vernacular Literacy 1200-1500). Centre de coop\u00e9ration franco-norv\u00e9gienne en sciences sociales et humaines. Fondation Maison des sciences de l'homme, Par\u00eds, 10.-11. apr\u00edl 2008.<\/p>","protected":false},"excerpt":{"rendered":"<p>\u201cD\u00fdr \u00ed sta\u00f0 manna \u00ed fr\u00f6nskum lj\u00f3\u00f0s\u00f6gum fr\u00e1 12. \u00f6ld\u201d, Hugv\u00edsinda\u00feing, 14-15 March 2014. \u201cAlbert Camus: La mer au plus pr\u00e8s\u201d, Panel, ATLAS (Assises de la Traduction Litt\u00e9raire en Arles), Les 30es Rugissantes. Traduire la mer. November 8-10 2013. \u201cSinning &hellip; <a href=\"https:\/\/uni.hi.is\/asdisrm\/fyrirlestrar\/\">Halda \u00e1fram a\u00f0 lesa <span class=\"meta-nav\">&rarr;<\/span><\/a><\/p>\n","protected":false},"author":303,"featured_media":0,"parent":0,"menu_order":5,"comment_status":"closed","ping_status":"closed","template":"","meta":{"footnotes":""},"class_list":["post-64","page","type-page","status-publish","hentry"],"_links":{"self":[{"href":"https:\/\/uni.hi.is\/asdisrm\/wp-json\/wp\/v2\/pages\/64","targetHints":{"allow":["GET"]}}],"collection":[{"href":"https:\/\/uni.hi.is\/asdisrm\/wp-json\/wp\/v2\/pages"}],"about":[{"href":"https:\/\/uni.hi.is\/asdisrm\/wp-json\/wp\/v2\/types\/page"}],"author":[{"embeddable":true,"href":"https:\/\/uni.hi.is\/asdisrm\/wp-json\/wp\/v2\/users\/303"}],"replies":[{"embeddable":true,"href":"https:\/\/uni.hi.is\/asdisrm\/wp-json\/wp\/v2\/comments?post=64"}],"version-history":[{"count":2,"href":"https:\/\/uni.hi.is\/asdisrm\/wp-json\/wp\/v2\/pages\/64\/revisions"}],"predecessor-version":[{"id":67,"href":"https:\/\/uni.hi.is\/asdisrm\/wp-json\/wp\/v2\/pages\/64\/revisions\/67"}],"wp:attachment":[{"href":"https:\/\/uni.hi.is\/asdisrm\/wp-json\/wp\/v2\/media?parent=64"}],"curies":[{"name":"wp","href":"https:\/\/api.w.org\/{rel}","templated":true}]}}