{"id":10,"date":"2016-10-31T19:53:36","date_gmt":"2016-10-31T19:53:36","guid":{"rendered":"http:\/\/uni.hi.is\/astabryndis\/?page_id=10"},"modified":"2016-11-21T13:34:05","modified_gmt":"2016-11-21T13:34:05","slug":"kennsluthrounarstjori","status":"publish","type":"page","link":"https:\/\/uni.hi.is\/astabryndis\/kennsluthrounarstjori\/","title":{"rendered":"Kennslu\u00fer\u00f3unarstj\u00f3ri"},"content":{"rendered":"<p>UM N\u00c1M:<\/p>\n<p>L\u00edtil saga:<\/p>\n<p><em>Einu sinni voru tveir drengir \u00e1 gangi. Annar \u00feeirra gekk me\u00f0 hund s\u00e9r vi\u00f0 hli\u00f0. S\u00e1 me\u00f0 hundinn sag\u00f0i: \u00c9g kenndi hundinum m\u00ednum a\u00f0 bl\u00edstra. N\u00fa, segir hinn. \u00c9g hef aldrei heyrt hann bl\u00edstra. \u00de\u00e1 sag\u00f0i s\u00e1 fyrri: Nei, \u00e9g sag\u00f0i aldrei a\u00f0 hann hef\u00f0i l\u00e6rt \u00fea\u00f0. <\/em><\/p>\n<p>Vi\u00f0 getum kennt allt m\u00f6gulegt, spurningin er hvort nemandinn l\u00e6r\u00f0i \u00fea\u00f0 sem til st\u00f3\u00f0 a\u00f0 kenna honum. \u00dea\u00f0 er enn fremur spurning hvort nemandinn skildi \u00fea\u00f0 sem hann heyr\u00f0i og hvort hann getur notar \u00fe\u00e6r uppl\u00fdsingar vi\u00f0 a\u00f0rar a\u00f0st\u00e6\u00f0ur.<\/p>\n<p>&nbsp;<\/p>\n","protected":false},"excerpt":{"rendered":"<p>UM N\u00c1M: L\u00edtil saga: Einu sinni voru tveir drengir \u00e1 gangi. Annar \u00feeirra gekk me\u00f0 hund s\u00e9r vi\u00f0 hli\u00f0. S\u00e1 me\u00f0 hundinn sag\u00f0i: \u00c9g kenndi hundinum m\u00ednum a\u00f0 bl\u00edstra. N\u00fa, segir hinn. \u00c9g hef aldrei heyrt hann bl\u00edstra. \u00de\u00e1 sag\u00f0i s\u00e1 fyrri: Nei, \u00e9g sag\u00f0i aldrei a\u00f0 hann hef\u00f0i l\u00e6rt \u00fea\u00f0. Vi\u00f0 getum kennt allt [&hellip;]<\/p>\n","protected":false},"author":1088,"featured_media":0,"parent":0,"menu_order":0,"comment_status":"closed","ping_status":"closed","template":"","meta":{"footnotes":""},"class_list":["post-10","page","type-page","status-publish","hentry"],"_links":{"self":[{"href":"https:\/\/uni.hi.is\/astabryndis\/wp-json\/wp\/v2\/pages\/10","targetHints":{"allow":["GET"]}}],"collection":[{"href":"https:\/\/uni.hi.is\/astabryndis\/wp-json\/wp\/v2\/pages"}],"about":[{"href":"https:\/\/uni.hi.is\/astabryndis\/wp-json\/wp\/v2\/types\/page"}],"author":[{"embeddable":true,"href":"https:\/\/uni.hi.is\/astabryndis\/wp-json\/wp\/v2\/users\/1088"}],"replies":[{"embeddable":true,"href":"https:\/\/uni.hi.is\/astabryndis\/wp-json\/wp\/v2\/comments?post=10"}],"version-history":[{"count":2,"href":"https:\/\/uni.hi.is\/astabryndis\/wp-json\/wp\/v2\/pages\/10\/revisions"}],"predecessor-version":[{"id":42,"href":"https:\/\/uni.hi.is\/astabryndis\/wp-json\/wp\/v2\/pages\/10\/revisions\/42"}],"wp:attachment":[{"href":"https:\/\/uni.hi.is\/astabryndis\/wp-json\/wp\/v2\/media?parent=10"}],"curies":[{"name":"wp","href":"https:\/\/api.w.org\/{rel}","templated":true}]}}