{"id":14,"date":"2016-10-31T19:54:03","date_gmt":"2016-10-31T19:54:03","guid":{"rendered":"http:\/\/uni.hi.is\/astabryndis\/?page_id=14"},"modified":"2022-01-27T16:53:04","modified_gmt":"2022-01-27T16:53:04","slug":"kennsla-og-fyrirlestrar","status":"publish","type":"page","link":"https:\/\/uni.hi.is\/astabryndis\/kennsla-og-fyrirlestrar\/","title":{"rendered":"Refereed conference presentations, posters, and workshops"},"content":{"rendered":"<ul>\n<li>Jones, B., Snook, A.G, &amp; <strong>Schram, A.B.<\/strong> (2021). Engaging students in courses through motivation science. A \u00a0presentation (45 min; 12-15 min each) at the Conference on Higher Education Pedagogy (CHEP). February, 2021.<\/li>\n<li><strong>Schram, A. B<\/strong>. &amp; Juliusdottir, O. (2021). Students\u00b4 perception of moving to the online environment (\u00dar sta\u00f0n\u00e1mi \u00ed stafr\u00e6nt umhverfi. Hver er upplifun nemenda)? Presentation at the Biomedical and Health Sciences Conference, Reykjav\u00edk, Iceland. June 2021.<\/li>\n<li>Ingadottir, B., <strong>Schram, A.B.;<\/strong> &amp; Fridjonsdottir, H.S. (2021). Teamwork and Education - an experience from a new course in nursing (Samskipti og fr\u00e6\u00f0sla \u2013 reynsla af n\u00fdju n\u00e1mskei\u00f0i \u00ed hj\u00fakrunarfr\u00e6\u00f0i. Presentation at the Biomedical and Health Sciences Conference. June 2021.<\/li>\n<li>Snook, A.G. &amp; <strong>Schram, A.B.<\/strong> (2021). Sessional faculty: How can we support their needs and identity as teachers? Presentation at the Biomedical and Health Sciences Conference. June, 2021.<\/li>\n<li>Valsdottir, E. &amp; <strong>Schram, A.B.,<\/strong> Dieckmann, P. (2021).\u00a0 Enablers and barriers to teachers\u00b4 engagement in simulation (Hva\u00f0 \u00fdtir undir e\u00f0a hindrar notkun hermingar hj\u00e1 kennurum l\u00e6knanema? Presentation at the Biomedical and Health Sciences Conference. June 2021.<\/li>\n<li>Jones, B., <strong>Schram, A,<\/strong> Snook, A., &amp; Rem\u00edrez, C.A.L. (2021). A faculty development approach to improving student engagement (9253). Aug. 28 at 02:00-3:00 (15 min.each presenter). The 6th<\/li>\n<li>International Conference on Faculty Development in the Health Professions. In association with AMEE, August 2021.<\/li>\n<li>Snook, A. &amp; <strong>Schram A<\/strong>. (2021). Faculty development needs of clinical instructors: Recommendations based on survey and focus group results (8015). Aug.28 at 10.45 \u2013 12.15. Oral presentation. Session 2.3. The 6th International Conference on Faculty Development in the Health Professions. AMEE 2021.<\/li>\n<li>Napier, J., Schofield, S., Moffat, M., Peters, H., &amp; <strong>Schram, A.B<\/strong>. (2021). A tale of three cities \u2013 transfer of learning from CPD workshop to workplace (EP5.3). (2021). An ePoster presentation, presenting faculty development data from 3 cities (Dundee, Reykjav\u00edk, Berlin). AMEE 2021 conference (an International Association for Medical Education)\u00a0 Link to the poster\u00a0 <a href=\"https:\/\/eur02.safelinks.protection.outlook.com\/?url=https%3A%2F%2Fapi.ltb.io%2Fshow%2FABDIY&amp;data=04%7C01%7Castabryndis%40hi.is%7Cfdd8a022f9fd40d410bb08d9699655ac%7C09fa5f0e211846568529677ed8fdbe78%7C0%7C0%7C637656916675069935%7CUnknown%7CTWFpbGZsb3d8eyJWIjoiMC4wLjAwMDAiLCJQIjoiV2luMzIiLCJBTiI6Ik1haWwiLCJXVCI6Mn0%3D%7C1000&amp;sdata=XsBY2YyyIoajoaUH8yyWscrUmK687%2F%2F8G%2FbWbbRtb2Y%3D&amp;reserved=0\">https:\/\/api.ltb.io\/show\/ABDIY<\/a><\/li>\n<li>Valsdottir, E. B., Haraldsson, H., <strong>Schram, A.B<\/strong>., &amp; Dieckmann, P. (2021). Pre-clinical and clinical, medical students have different simulation learning needs. A poster presentation at the AMEE conference (an International Association for Medical Education). August, 2021.<\/li>\n<li>Snook, A.G. &amp; <strong>Schram, A.B.<\/strong> (2021). Exploring the needs, motivations, and identity of sessional faculty as a guide for faculty development (7635; DR2.1 Doctoral Reports 2). A presentation at the AMEE conference (an International Association for Medical Education). August, 2021.<\/li>\n<li>Schram, A.B. \u00a0&amp; Julisdottir, O. (2021). \u201eIt worked much better on ZOOM than I expected.\u201c Students\u00b4 perception of a course moved online. (Gekk betur \u00e1 Zoom en \u00e9g \u00e1tti von \u00e1\u201c \u2013 Upplifun nemenda af n\u00e1mskei\u00f0i \u00ed netheimum. Menntakvika 2021.<\/li>\n<li>Johannesdottir, S. &amp; Schram, A.B. (2021). Students\u00b4 perceptions of connecting with teacher (caring) in an online course at the University of Iceland. (Upplifun nemenda af tengslum vi\u00f0 kennara og umhyggju hans fyrir \u00feeim \u00ed n\u00e1mskei\u00f0i sem kennt var \u00ed fjarn\u00e1mi vi\u00f0 H\u00e1sk\u00f3la \u00cdslands). Menntakvika 2021<\/li>\n<li>Juliusdottir, O. &amp; Schram A.B. (2021). University study groups: \u201eJust great, we connected really well, would like to stay in this group.\u201c (H\u00cd N\u00e1msh\u00f3par: \u201eBara \u00e6\u00f0i, vi\u00f0 n\u00e1\u00f0um vel saman, vil halda mig me\u00f0 \u00feessum h\u00f3p.\u201c Menntakvika 2021.<\/li>\n<li>Schram, A.B. &amp; Johannesdottir, S. (2021). The Conversation is the Relationship: Clear directions and a convenient access to directions strengthens the relationship between teachers and student in online studies. Positive influence for success and enjoyment. (Skipul\u00f6g\u00f0 framsetning og gott a\u00f0gengi a\u00f0 uppl\u00fdsingum styrkir tengsl kennara og nemenda \u00ed fjarn\u00e1mi. J\u00e1k\u00e6\u00f0 \u00e1hrif \u00e1 n\u00e1ms\u00e1rangur og \u00e1n\u00e6gja me\u00f0 n\u00e1mi\u00f0). \u00dej\u00f3\u00f0arspegillinn, 2021. <a href=\"https:\/\/thjodarspegillinn.hi.is\/event\/the-conversation-is-the-relationship\/\">https:\/\/thjodarspegillinn.hi.is\/event\/the-conversation-is-the-relationship\/<\/a><\/li>\n<li>Ingadottir, B., Schram, A.B. &amp; Fri\u00f0jonsdottir, H.S. (2020, October). Er f\u00fdsilegt a\u00f0 innlei\u00f0a fj\u00f6lbreytta kennsluh\u00e6tti og n\u00e1msmat \u00ed grunnn\u00e1mi H\u00e1sk\u00f3la? Reynsla af n\u00fdju n\u00e1mskei\u00f0i \u00ed hj\u00fakrunarfr\u00e6\u00f0i (Is it practical to adopt a variety of teaching methods and assessment techniques in at the undergraduate level of the university? An experience from a new course in nursing). A paper presented at the Educational Conference of the School of Education (Menntakvika), Reykjavik, Iceland.<\/li>\n<li>Snook, A.G. &amp; Schram, A. B. (2020, October). Perceived faculty development needs of tenured and sessional health science faculty. A paper presented at the Educational Conference of the School of Education (Menntakvika), Reykjavik, Iceland.<\/li>\n<li>Schram, A.B., J\u00f3hannesd\u00f3ttir, S., &amp; Sigurgeirsd\u00f3ttir, S. (2020, October). Meiri \u00e1n\u00e6gja og betri n\u00e1ms\u00e1rangur\u2026 (Increased satisfaction and better performance\u2026) A paper presented at the Educational Conference of the School of Education (Menntakvika), Reykjavik, Iceland.<\/li>\n<li>Schram, A.B., Snook, A.G., &amp; Jones, B.D. (2020, September). How motivated are my students? How might I increase my students\u00b4 motivation and engagement? A masterclass conducted at the Virtual AMEE Conference (the International Association for Medical Education).<\/li>\n<li>Jones, B.D. &amp; Schram, A.B. (2020, May). STEM for All. 2020 Video Showcase (Funded by the National Science Foundation) <a href=\"https:\/\/stemforall2020.videohall.com\">https:\/\/stemforall2020.videohall.com<\/a><\/li>\n<li>Schram, A.B. &amp; Ingadottir, B. (2019, October). The 21<sup>st<\/sup> century learning goals and transformative instructional practices. How do university students respond? A paper presented at the Educational Conference of the School of Education (Menntakvika), Reykjavik, Iceland.<\/li>\n<li>Snook, A.G.; Schram, A.B. &amp; Jones, B.D. (2019). Explaining factors that affect teachers\u2019 use of motivational strategies; a qualitative study. A paper presented at the Educational Conference of the School of Education (Menntakvika), Reykjavik, Iceland.<\/li>\n<li>Snook, A.G. &amp; Schram, A.B. (2019, September). A Mixed Methods Analysis of the Needs of Sessional Teachers at a Health Sciences School. A paper presented at the International Conference on Faculty Development in the Health Sciences, Ottawa, Canada.<\/li>\n<li>Snook, A.G. &amp; Schram, A. B. (2019, September). The Effect of Connectedness and Appreciation on Medical Educator Identity in Sessional Faculty at a Health Sciences School. A paper presented at the International Conference on Faculty Development in the Health Sciences, Ottawa, Canada.<\/li>\n<li>Snook, A.B. &amp; Schram, A.B. (2019, August). Factors predicting identity as educators and openness to improve: an exploratory study (with sessional teachers and tenured faculty). International Association for Medical Education Conference \u2013 A paper presented at the AMEE Conference, Vienna, Austria.<\/li>\n<li>Schram, A.B. &amp; Ingadottir, B. (2019, June). Innovative teaching strategies and students\u00b4 perception of change at the university level \u2013 Preliminary results. A paper presented at the Pedaforum conference, Helsinki, Finland.<\/li>\n<li>Snook, A.G. &amp; Schram, A.B. (2019, January). Comparing the motivation and needs of sessional teachers and tenured faculty. A paper presented at the 19th Biomedical and Health Sciences Conference, Reykjav\u00edk, Iceland.<\/li>\n<li>Snook, A.G. &amp; Schram, A.B. (2019, January). Predicting teacher identity and attitudes towards improvement in sessional teachers and tenured faculty. A paper presented at the 19th Biomedical and Health Sciences Conference, Reykjav\u00edk, Iceland.<\/li>\n<li>Snook, A.G. &amp; Schram, A.B. (2019, January). Teacher beliefs about motivational strategies. Poster presented at the 19th Biomedical and Health Sciences Conference, Reykjav\u00edk, Iceland.<\/li>\n<li>Miles, C., Snook, A. G., Foggett, K., Schram, A. B. (October, 2018). The Evolution of Professional Development for University Teachers:\u00a0 Around the World in 90 Minutes. A panel presentation and discussion. The International Society for the Scholarship of Teaching and Learning (ISSOTL) Conference, Bergen, Norway.<\/li>\n<li>Schram, A. B. (2018, October). Professional development initiatives for teachers at the University of Iceland. The International Society for the Scholarship of Teaching and Learning (ISSOTL) Conference, Bergen, Norway.<\/li>\n<li>Schram, A. B. &amp; Snook, A.G. (2018, October). Teachers\u00b4 attitudes towards and actual use of five factors that motivate students in the classroom. A paper presented at Educational Conference of the School of Education (Menntakvika).<\/li>\n<li>Snook, A.G.; Schram, A.B.; Sveinsson, T. &amp; Jones, B.D. (2018, October). Considering the values and needs of sessional and tenured faculty: what does modeling suggest for faculty development needs? A paper presented at the Educational Conference of the School of Education (Menntakvika).<\/li>\n<li>Schram, A.B. (2018, August). Student motivation at a school of health sciences. A poster presented at the International Association for Medical Education Conference \u2013 AMEE Conference, Basel, Switzerland.<\/li>\n<li>Snook, A.G. &amp; Schram, A. B. (2018, August). Identification with teaching, motivations to teach, and faculty development needs of part-time teachers\u2019 vs tenured faculty at a health sciences school. A poster presented at the International Association for Medical Education Conference \u2013 AMEE Conference, Basel, Switzerland.<\/li>\n<li>Snook, A.G. &amp; Schram, A.B. (2018, August). Teachers\u2019 attitudes towards and use of motivational concepts at the University of Iceland\u2019s Health Sciences School. Poster presented at the International Conference on Motivation and Emotion (ICM), Aarhus, Denmark.<\/li>\n<li>Schram, A.B. (2018, August). Using the MUSIC Model of Academic Motivation Inventory (MMAMI) to measure student motivation. Poster presented at the International Conference on Motivation and Emotion (ICM), Aarhus, Denmark.<\/li>\n<li>Schram, A.B. (2018, June). A motivation inventory \u2013 A tool for teachers\u00b4 action research. A paper presented at the International Consortium for Educational Development (ICED) Conference, Atlanta, Georgia.<\/li>\n<li>Snook, A.G. &amp; Schram, A. B. (2018, June). Faculty development: Considering the values and needs of part-time and tenured faculty. A paper presented at the International Consortium for Educational Development (ICED) Conference, Atlanta, Georgia.<\/li>\n<li>Schram, A.B. (2018, March). How can I influence my students\u00b4 engagement in learning? A paper presented at the Nordic Educational Research Association Conference (NERA), Oslo, Norway.<\/li>\n<li>Schram, A.B. (2018, mars). T\u00e6ki kennarans til \u00edgrundunar eigin kennslu (The teacher\u00b4s tool to reflect on own teaching). A paper presented at the Educational Development conference of the University of Akureyri, Akureyri, Iceland.<\/li>\n<li>Geirsdottir, G.B. &amp; Schram, A.B. (2017, November). Challenges in the 21st Century Curriculum Design \u2013 Update on the status of the University of Iceland<em>. <\/em>A paper (invited) presented at the conference: The Curriculum in Higher Education Challenged (PLA), Brussels, Belgium.<\/li>\n<li>Schram, A. B. (2017, December). The role of the facilitator in discussions and group work. A paper presentation and workshop for facilitators at the School of Health Sciences (HVS) at the University of Iceland.<\/li>\n<li>Schram, A. B. (2017, December). <em>The MUSIC Model of Motivation and its Practical Application in the Classroom.<\/em> A 3 hr paper presentation and workshop (interactive) for the University of Turku, University of Helsinki, Aalto University, University of Oulu and more, at the Aalto University, Helsinki, Finland.<\/li>\n<li>Geirsdottir, G.B. &amp; Schram, A.B. (2017, November). <em>Challenges in the 21<sup>st<\/sup> Century Curriculum Design \u2013 Update on the status of the University of Iceland.<\/em> A paper (invited) presented at the conference: The Curriculum in Higher Education Challenged (PLA), Brussels, Belgium.<\/li>\n<li>Jonsd\u00f3ttir, A.H. &amp; Schram, A. B. (2017, October). The Bologna Reform \u2013 A developing project in curriculum design at the University of Iceland (isl. BORE- \u00fer\u00f3unarverkefni \u00ed n\u00e1mskr\u00e1rger\u00f0 vi\u00f0 H\u00cd). A paper presented at the University of Iceland Conference on Educational Development.<\/li>\n<li>Schram, A. B. (2017, October). <em>Research findings on student motivation and some related factors at the School of Health Sciences, University of Iceland. First results.<\/em> A paper presented at the University of Iceland Conference on Educational Development (isl. Kennslu\u00fer\u00f3unarr\u00e1\u00f0stefna H\u00cd).<\/li>\n<li>Schram, A. B. &amp; Einarsd\u00f3ttir, E.B. (2017, October). <em>A study of the implementation of learning outcomes\/criteria at the University of Iceland (K\u00f6nnun \u00e1 innlei\u00f0ingu h\u00e6fnivi\u00f0mi\u00f0a vi\u00f0 H\u00e1sk\u00f3la \u00cdslands)<\/em>. A paper presented at the School of Education Research Conference on Education (Menntakvika) at the University of Iceland, Reykjav\u00edk, Iceland.<\/li>\n<li>Schram, A. B. (2017, April). <em>Research on motivation and the motivation context in the classroom (isl. Ranns\u00f3knir \u00e1 \u00e1hugahv\u00f6t og tengsl hennar vi\u00f0 sk\u00f3laumhverfi\u00f0).<\/em> Paper (invited) presented at the seminar of master\u00b4s students at the School of Medicine, University of Iceland, Reykjav\u00edk, Iceland.<\/li>\n<li>Sahbaz, S., Chittum, J. R., Schram, A. B., &amp; Jones, B. D. (2017, April). <em>Relationships among students\u2019 science class perceptions, science identification, and career goals<\/em>. Paper presented at the annual meeting of the American Educational Research Association, San Antonio, TX.<\/li>\n<li>Schram, A. B. (2017, April). <em>Student Achievement through Teachers\u00b4 Action Research (a self-reflective enquiry)<\/em>. A paper presented at the Aurora Workshop on Innovations in Teaching and Learning. Universit\u00e9 Grenoble Alpes, Grenoble, France.<\/li>\n<li>Schram, A. B. (2017, March). <em>The MUSIC Model of Motivation and its Practical Application in the Classroom.<\/em> A 3 hr paper presentation and workshop in English for the teachers of the University (H\u00cd) at the Center for Teaching and Learning, University of Iceland.<\/li>\n<li>Schram, A. B. (2017, January). <em>Motivation and its connections to the teaching methods and teaching environment.<\/em> A 3 hr paper presentation and workshop in Icelandic for the teachers of the University (H\u00cd) at the Center for Teaching and Learning, University of Iceland.<\/li>\n<li>Schram, A. B. (2017, Jan). <em>The key to increasing student motivation and engagement? Introducing a practical assessment tool for motivation<\/em>. Paper presented at the 18<sup>th<\/sup> Conference on Research in Biomedical and Health Sciences, University of Iceland, Reykjav\u00edk, Iceland.<\/li>\n<li>Schram, A. B. (2016, October). <em>The relationship between student motivation and teaching methods in the classroom context<\/em>. Paper presented at the School of Education Research Conference on Education, University of Iceland, Reykjav\u00edk, Iceland.<\/li>\n<li>Schram, A. B. (2016, September). <em>How do I keep my students motivated and engaged in their studies? The teachers\u00b4 practical assessment of important components in the classroom context.<\/em> A workshop for teachers at the Aarhus University Center for Teaching and Learning, Aarhus, Denmark.<\/li>\n<li>Schram, A. B. (2016, August). <em>A content analysis of the use of mixed methods in education research \u2013 a promising analytic technique<\/em>. Paper presented at the Mixed Methods International Research Association (MMIRA) Conference, Durham University, Durham City, UK.<\/li>\n<li style=\"list-style-type: none\"><\/li>\n<li>Jones, B. D., Akalin, S., Schram, A., Chittum, J., Fink, J., Schnittka, C., &amp; Evans, M. (2014, April). <em>Elements of design-based science teaching that affect middle school students\u2019 motivation<\/em>. Paper presented at the American Educational Research Association Annual Meeting in Philadelphia, PA.<\/li>\n<li>Chittum, J.R., Jones, B.D., Akalin, S., &amp; Schram, A. (2016, April). <em>The Impact of an After-School Design-Based Science Program on Middle-Grades Students\u00b4 Motivation and Engagement. <\/em>Paper presented at the American Educational Research Association Annual Meeting in Washington, DC.<\/li>\n<li>Schram, A. B. (2016, May). <em>The Challenges of Cross-Cultural Research in Education.<\/em> Paper presented at the Icelandic Education Research Association, IERA Annual Meeting in Reykjav\u00edk, Iceland<\/li>\n<li>Jones, B. D., Akalin, S., Schram, A., &amp; Chittum, J. &amp; Fink, J. (2013, November). <em>Motivating students to engage in engineering and science activities.<\/em> Research presented at the annual National Science Teacher Association (NSTA) Charlotte Area Conference on Science Education, Charlotte, NC<\/li>\n<li>Chittum, J., Schram, A., Minarovich-Cheniae, M., Al Zahrani, R., &amp; Massey, J. (2014). <em>Evaluating the Conference on Higher Education Pedagogy: Plans and new directions.. <\/em>Poster presented at the CHEP conference in Febr. 2014 in Blacksburg, VA<\/li>\n<li><em>\u00a0<\/em>Schram, A., Chittum, J., Minarovich-Cheniae, M., Al Zahrani, R., &amp; Massey, J. (2014). <em>Proposal for evaluating the Conference on Higher Education Pedagogy. <\/em>Poster presented at the Connections conference in March 2014, Blacksburg, VA<\/li>\n<li><em>\u00a0<\/em>Schram, A. B. (2013). <em>The MUSIC model of academic motivation and problem based learning (PBL).<\/em> Paper presented at the annual meeting of the Virginia Educational Research Association in Charlottesville, VA<\/li>\n<li><em>\u00a0<\/em>Schram, A. B. (2013). <em>Problem based learning (PBL) and motivation in science education: Save the seabirds<\/em>. Paper presented at the June, 2013 Science Teacher Conference in Reykjavik, Iceland<\/li>\n<li><em>\u00a0<\/em>Akalin, S., Schram, A., Chittum, J., Fink, J., &amp; Jones, B. D. (2013). <em>Middle school students\u2019 motivation-related perceptions of afterschool science and engineering activities.<\/em> Poster presented at the annual meeting of the Society for the Study of Motivation, Washington, D.C.<\/li>\n<li><strong>\u00a0<\/strong>Fink, J., Chittum, J., Schram, A., Akalin, S., &amp; Jones, B. D. (2013). <em>Measures and methodologies for studying students\u2019 motivation in an informal learning environment<\/em>. Poster presented at the annual meeting of the Society for the Study of Motivation, Washington, D.C.<\/li>\n<li><strong>\u00a0<\/strong>Schram, A., Louis, R., Lee, W. &amp; Pruitt, W. (2012). <em>The advisor-student relationship in University Studies: A study of institutional engagement.<\/em> Poster presented at the Conference on Higher Education Pedagogy in Blacksburg, VA.<\/li>\n<li>Schram, A. (2009). <em>An examination of the relationship between organized music training and progress in reading and writing in 2nd and 3rd grade.<\/em> A paper presented at the annual conference of the Icelandic Educational Research Association (IERA), Reykjavik, Iceland<\/li>\n<li>Schram, A. (2009). <em>With rhythm and music in your bag. The importance of music education in primary schools.<\/em> A paper presented at the annual teacher conference of the University of Iceland\u2018s Education department. Reykjavik, Iceland (invited)<\/li>\n<li>Schram, A. (2008). <em>An examination of the relationship between organized music training and young children\u00b4s progress in reading and mathematics in 2nd and 3rd grade. <\/em>A paper presented at the ISME conference (The International Society of Music Education), Bologna, Italy<\/li>\n<li>Schram, A. (2008). <em>Studies on the relationship between<\/em> <em>music training and young children\u2018s progress in reading and mathematics in elementary school, and the applications. <\/em>A presentation and a hands-on workshop. The Mosfellsbaer Teacher Conference (invited)<\/li>\n<li>Schram, A. (2008). <em>An examination of the relationship between organized music training and young children\u00b4s progress in reading and mathematics in 2nd and 3rd grade. <\/em>A paper presented at the University of Akureyri Teacher Conference (invited)<\/li>\n<\/ul>\n<p>&nbsp;<\/p>\n","protected":false},"excerpt":{"rendered":"<p>Jones, B., Snook, A.G, &amp; Schram, A.B. (2021). Engaging students in courses through motivation science. A \u00a0presentation (45 min; 12-15 min each) at the Conference on Higher Education Pedagogy (CHEP). February, 2021. Schram, A. B. &amp; Juliusdottir, O. (2021). Students\u00b4 perception of moving to the online environment (\u00dar sta\u00f0n\u00e1mi \u00ed stafr\u00e6nt umhverfi. Hver er upplifun [&hellip;]<\/p>\n","protected":false},"author":1088,"featured_media":0,"parent":0,"menu_order":0,"comment_status":"closed","ping_status":"closed","template":"","meta":{"footnotes":""},"class_list":["post-14","page","type-page","status-publish","hentry"],"_links":{"self":[{"href":"https:\/\/uni.hi.is\/astabryndis\/wp-json\/wp\/v2\/pages\/14","targetHints":{"allow":["GET"]}}],"collection":[{"href":"https:\/\/uni.hi.is\/astabryndis\/wp-json\/wp\/v2\/pages"}],"about":[{"href":"https:\/\/uni.hi.is\/astabryndis\/wp-json\/wp\/v2\/types\/page"}],"author":[{"embeddable":true,"href":"https:\/\/uni.hi.is\/astabryndis\/wp-json\/wp\/v2\/users\/1088"}],"replies":[{"embeddable":true,"href":"https:\/\/uni.hi.is\/astabryndis\/wp-json\/wp\/v2\/comments?post=14"}],"version-history":[{"count":10,"href":"https:\/\/uni.hi.is\/astabryndis\/wp-json\/wp\/v2\/pages\/14\/revisions"}],"predecessor-version":[{"id":136,"href":"https:\/\/uni.hi.is\/astabryndis\/wp-json\/wp\/v2\/pages\/14\/revisions\/136"}],"wp:attachment":[{"href":"https:\/\/uni.hi.is\/astabryndis\/wp-json\/wp\/v2\/media?parent=14"}],"curies":[{"name":"wp","href":"https:\/\/api.w.org\/{rel}","templated":true}]}}