{"id":76,"date":"2016-11-21T16:42:20","date_gmt":"2016-11-21T16:42:20","guid":{"rendered":"http:\/\/uni.hi.is\/astabryndis\/?page_id=76"},"modified":"2017-03-12T17:41:41","modified_gmt":"2017-03-12T17:41:41","slug":"hopvinnuadferdir","status":"publish","type":"page","link":"https:\/\/uni.hi.is\/astabryndis\/kennsluthrounarstjori\/hopvinnuadferdir\/","title":{"rendered":"H\u00f3pvinnua\u00f0fer\u00f0ir"},"content":{"rendered":"<p>Ranns\u00f3knir s\u00fdna a\u00f0 vi\u00f0 l\u00e6rum mest um \u00e1kve\u00f0in vi\u00f0fangsefni me\u00f0 \u00fev\u00ed a\u00f0 vinna me\u00f0 uppl\u00fdsingarnar og pr\u00f3fa sj\u00e1lf. \u00dea\u00f0 er erfitt a\u00f0 l\u00e6ra um eitthva\u00f0 til hl\u00edtar me\u00f0 \u00fev\u00ed a\u00f0 eing\u00f6ngu hlusta \u00e1 fr\u00e6\u00f0slu um efni\u00f0 e\u00f0a horfa \u00e1 einhvern annan framkv\u00e6ma. Vi\u00f0 l\u00e6r\u00f0um ekki a\u00f0 hj\u00f3la me\u00f0 \u00fev\u00ed a\u00f0 horfa \u00e1 einhvern annan hj\u00f3la e\u00f0a hlusta \u00e1 l\u00fdsingu \u00e1 \u00fev\u00ed hvernig \u00e1 a\u00f0 hj\u00f3la, heldur me\u00f0 \u00fev\u00ed a\u00f0 pr\u00f3fa sj\u00e1lf og \u00e6fa okkur.<\/p>\n<p>Auk \u00feess er oft gott a\u00f0 r\u00e6\u00f0a vi\u00f0 a\u00f0ra um vi\u00f0fangsefni\u00f0, heyra \u00feeirra sj\u00f3narmi\u00f0 og komast a\u00f0 sameiginlegri ni\u00f0urst\u00f6\u00f0u t.d. \u00ed lausnaleitarn\u00e1mi (problem based learning). Athygli nemenda helst vakandi og \u00e1hugi vaknar oft \u00feegar \u00fdmsar hli\u00f0ar verkefnisins eru sko\u00f0a\u00f0ar.<\/p>\n<p><strong>Markmi\u00f0 me\u00f0 h\u00f3pvinnu geta veri\u00f0 \u00fdmis konar:<\/strong><\/p>\n<p>Nemendur<\/p>\n<ul>\n<li>eru virkari og halda \u00fear af lei\u00f0andi frekar athyglinni<\/li>\n<li>\u00f6\u00f0last d\u00fdpri skilning \u00e1 vi\u00f0fangsefninu<\/li>\n<li>l\u00e6ra a\u00f0 vinna \u00ed teymi<\/li>\n<li>sj\u00e1 \u00fdmis sj\u00f3narhorn er \u00feeir hlusta \u00e1 a\u00f0ra<\/li>\n<li>vinna \u00e1fram me\u00f0 hugmyndir fr\u00e1 \u00f6\u00f0rum<\/li>\n<li>f\u00e1 t\u00e6kif\u00e6ri til a\u00f0 tj\u00e1 sig<\/li>\n<li>kynnast (mikilv\u00e6gt, ekki s\u00edst fyrir grunnnema)<\/li>\n<li>mynda h\u00f3pvitund (passa \u00ed h\u00f3pinn e\u00f0a finna sig heima \u00ed h\u00f3pnum)<\/li>\n<\/ul>\n<p>H\u00f3pvinnua\u00f0fer\u00f0ir eru margar og mikilv\u00e6gt er a\u00f0 velja \u00fe\u00e1 sem hentar hverju sinni:<\/p>\n<ol>\n<li>R\u00f6kr\u00e6\u00f0ur byggjast \u00e1 \u00fev\u00ed a\u00f0 nemendur velja s\u00e9r afst\u00f6\u00f0u(\u00fearf ekki endilega a\u00f0 vera \u00feeirra afsta\u00f0a). \u00deeir setjast \u00ed upphafi \u00ed h\u00f3p me\u00f0 \u00feeim sem vali\u00f0 hafa s\u00f6mu afst\u00f6\u00f0u og t\u00fdna til \u00f6ll m\u00f6guleg r\u00f6k til a\u00f0 sty\u00f0ja \u00fea\u00f0 sj\u00f3narmi\u00f0. S\u00ed\u00f0an hefjast r\u00f6kr\u00e6\u00f0ur \u00far p\u00falti, \u00fear sem hver sem vill (e\u00f0a einn talsma\u00f0ur h\u00f3psins) bera fram r\u00f6k. \u00cd framhaldi af \u00fev\u00ed fara fram umr\u00e6\u00f0ur og \u00ed lokin eru greidd atkv\u00e6\u00f0i um m\u00e1li\u00f0. \u00cd \u00fev\u00ed tilfelli \u00fear sem ranns\u00f3knarni\u00f0urst\u00f6\u00f0ur liggja fyrir til a\u00f0 sty\u00f0ja a\u00f0ra hli\u00f0 m\u00e1lsins fram yfir a\u00f0ra, g\u00e6ti kennari\/lei\u00f0beinandi kynnt \u00fe\u00e6r \u00ed lokin.<\/li>\n<li>Umr\u00e6\u00f0ur geta fari\u00f0 fram me\u00f0 \u00fdmsum h\u00e6tti. Oft er gott a\u00f0 f\u00e1 nemendur til a\u00f0 st\u00fdra umr\u00e6\u00f0um um eitthva\u00f0 \u00e1kve\u00f0i\u00f0 efni, en \u00fe\u00e1 er best a\u00f0 \u00feeir hafi haft t\u00e6kif\u00e6ri til a\u00f0 undirb\u00faa sig fyrir t\u00edmann.<\/li>\n<li>\u00deriggja m\u00edn\u00fatna samr\u00e6\u00f0ur eru nota\u00f0ar til a\u00f0 sl\u00edta \u00ed sundur t.d. fyrirlestur og virkja nemendur. \u00de\u00e1 standa nemendur upp, ganga um og velja s\u00e9r einn e\u00f0a tvo til a\u00f0 spjalla vi\u00f0 mj\u00f6g stuttlega um vi\u00f0fangsefni sem kennari hefur lagt til.<\/li>\n<li>Hugstormun er f\u00f3lgin \u00ed \u00fev\u00ed a\u00f0 nemendur koma me\u00f0 till\u00f6gur e\u00f0a hugmyndir \u00e1n \u00feess a\u00f0 \u00fe\u00e6r s\u00e9u gagnr\u00fdndar af \u00f6\u00f0rum. Oft er \u00feetta gert \u00ed sm\u00e6rri h\u00f3pum, \u00fear sem einn skr\u00e1ir ni\u00f0ur hugmyndir h\u00f3psins, og einn (ekki endilega s\u00e1 sami) deilir s\u00ed\u00f0an hugmyndum h\u00f3psins me\u00f0al allra. Kennarinn skr\u00e1ir hugmyndirnar og st\u00fdrir umr\u00e6\u00f0um.<\/li>\n<li>Lausnaleit (Problem Based Learning) er \u00feekkt a\u00f0fer\u00f0 til d\u00e6mis \u00ed heilbrig\u00f0isv\u00edsindum, enda upprunnin \u00fea\u00f0an. H\u00f3par f\u00e1 \u00e1kve\u00f0na l\u00fdsingu, t.d. \u00e1 vandam\u00e1lum sj\u00faklings, og leita saman uppl\u00fdsinga til a\u00f0 komast a\u00f0 \u00fev\u00ed hva\u00f0 s\u00e9 a\u00f0 hj\u00e1 sj\u00faklingi.<\/li>\n<li>Snj\u00f3boltaa\u00f0fer\u00f0in felst \u00ed \u00fev\u00ed a\u00f0 nemendur setjast tveir og tveir\u00a0 saman og vinna me\u00f0 \u00e1kve\u00f0i\u00f0 vi\u00f0fangsefni. S\u00ed\u00f0an sameinast \u00feeir n\u00e6sta pari og \u00feessir fj\u00f3rir bera \u00fe\u00e1 saman b\u00e6kur s\u00ednar. \u00deeir skr\u00e1 ni\u00f0urst\u00f6\u00f0ur s\u00ednar og semja sk\u00fdrslu sem \u00feeir eru \u00e1byrgir fyrir a\u00f0 greina fr\u00e1 \u00ed n\u00e6sta t\u00edma \u00e1 eftir.<\/li>\n<li>P\u00fasla\u00f0fer\u00f0in virkar \u00feannig a\u00f0 a\u00f0 nemendur skiptast \u00ed nokkra h\u00f3pa, t.d. gulan, rau\u00f0an, gr\u00e6nan, og bl\u00e1an. Hver h\u00f3pur hefur \u00fea\u00f0 verkefni a\u00f0 ver\u00f0a s\u00e9rfr\u00e6\u00f0ingur um eitthva\u00f0 \u00e1kve\u00f0i\u00f0 vi\u00f0fangsefni e\u00f0a hugtak. Hver h\u00f3pur undirb\u00fdr sig \u00ed 40-50 m\u00edn\u00fatur og s\u00ed\u00f0an tv\u00edstrast me\u00f0limir h\u00f3psins \u00feannig a\u00f0 \u00feeir sitja me\u00f0 me\u00f0limum \u00far \u00f6\u00f0rum litah\u00f3pum. N\u00fa sitja saman \"gulir, rau\u00f0ir, gr\u00e6nir og bl\u00e1ir\" s\u00e9rfr\u00e6\u00f0ingar\u00a0 og hver fr\u00e6\u00f0ir hina og st\u00fdrir umr\u00e6\u00f0um \u00e1 bor\u00f0inu um sitt efni. \u00deetta getur teki\u00f0 a\u00f0rar 40-50 m\u00edn\u00fatur. Kennari fer milli h\u00f3pa, dokar vi\u00f0 \u00ed hverjum h\u00f3pi, hlustar \u00e1 umr\u00e6\u00f0ur, kemur me\u00f0 athugsemdir, passar upp \u00e1 a\u00f0 allir s\u00e9u a\u00f0 fylgjast me\u00f0.<\/li>\n<\/ol>\n<p>&nbsp;<\/p>\n<p>N\u00e1msmat vegna h\u00f3pvinnua\u00f0fer\u00f0a.<\/p>\n","protected":false},"excerpt":{"rendered":"<p>Ranns\u00f3knir s\u00fdna a\u00f0 vi\u00f0 l\u00e6rum mest um \u00e1kve\u00f0in vi\u00f0fangsefni me\u00f0 \u00fev\u00ed a\u00f0 vinna me\u00f0 uppl\u00fdsingarnar og pr\u00f3fa sj\u00e1lf. \u00dea\u00f0 er erfitt a\u00f0 l\u00e6ra um eitthva\u00f0 til hl\u00edtar me\u00f0 \u00fev\u00ed a\u00f0 eing\u00f6ngu hlusta \u00e1 fr\u00e6\u00f0slu um efni\u00f0 e\u00f0a horfa \u00e1 einhvern annan framkv\u00e6ma. Vi\u00f0 l\u00e6r\u00f0um ekki a\u00f0 hj\u00f3la me\u00f0 \u00fev\u00ed a\u00f0 horfa \u00e1 einhvern annan hj\u00f3la [&hellip;]<\/p>\n","protected":false},"author":1412,"featured_media":0,"parent":10,"menu_order":3,"comment_status":"closed","ping_status":"closed","template":"","meta":{"footnotes":""},"class_list":["post-76","page","type-page","status-publish","hentry"],"_links":{"self":[{"href":"https:\/\/uni.hi.is\/astabryndis\/wp-json\/wp\/v2\/pages\/76","targetHints":{"allow":["GET"]}}],"collection":[{"href":"https:\/\/uni.hi.is\/astabryndis\/wp-json\/wp\/v2\/pages"}],"about":[{"href":"https:\/\/uni.hi.is\/astabryndis\/wp-json\/wp\/v2\/types\/page"}],"author":[{"embeddable":true,"href":"https:\/\/uni.hi.is\/astabryndis\/wp-json\/wp\/v2\/users\/1412"}],"replies":[{"embeddable":true,"href":"https:\/\/uni.hi.is\/astabryndis\/wp-json\/wp\/v2\/comments?post=76"}],"version-history":[{"count":9,"href":"https:\/\/uni.hi.is\/astabryndis\/wp-json\/wp\/v2\/pages\/76\/revisions"}],"predecessor-version":[{"id":106,"href":"https:\/\/uni.hi.is\/astabryndis\/wp-json\/wp\/v2\/pages\/76\/revisions\/106"}],"up":[{"embeddable":true,"href":"https:\/\/uni.hi.is\/astabryndis\/wp-json\/wp\/v2\/pages\/10"}],"wp:attachment":[{"href":"https:\/\/uni.hi.is\/astabryndis\/wp-json\/wp\/v2\/media?parent=76"}],"curies":[{"name":"wp","href":"https:\/\/api.w.org\/{rel}","templated":true}]}}