{"id":149,"date":"2010-10-16T15:20:17","date_gmt":"2010-10-16T15:20:17","guid":{"rendered":"http:\/\/uni.hi.is\/astra\/?page_id=149"},"modified":"2025-09-06T19:38:03","modified_gmt":"2025-09-06T19:38:03","slug":"ritdomar-og-annad-efni","status":"publish","type":"page","link":"https:\/\/uni.hi.is\/astra\/ritaskra\/ritdomar-og-annad-efni\/","title":{"rendered":"Ritd\u00f3mar og anna\u00f0 efni"},"content":{"rendered":"<p><em><br \/>\n\u00ddmsar greinar og erindi um b\u00f3kmenntir og efni tengt fr\u00e6\u00f0slu og h\u00e1sk\u00f3lam\u00e1lum<\/em>:<\/p>\n<ul>\n<li>N\u00fdr rektor og 2025 \u2013 t\u00edmam\u00f3t \u00ed h\u00e1sk\u00f3lam\u00e1lum (h\u00f6fundar: Tinna Laufey \u00c1sgeirsd\u00f3ttir,\u00a0 Magn\u00fas Karl Magn\u00fasson, Helga Margr\u00e9t \u00d6gmundsd\u00f3ttir og \u00c1str\u00e1\u00f0ur Eysteinsson,). <em>V\u00edsir<\/em>, 7. j\u00fal\u00ed 2025.<\/li>\n<li>Samtal \u00e1 \u00f3tal svi\u00f0um. Um rith\u00f6fundinn Matth\u00edas Johannessen. <em>Morgunbla\u00f0i\u00f0<\/em> 4. apr\u00edl 2024 (\u00e1samt \u00deresti Helgasyni).<\/li>\n<li>\u00d3r\u00f3ap\u00fals 1922. \u00d3dysseifur, Ey\u00f0ilandi\u00f0 og b\u00f3kmenntir \u00e1 \u00feri\u00f0ja \u00e1ratugnum. R\u00f6\u00f0 fimm \u00fatvarps\u00fe\u00e1tta. Umsj\u00f3n: \u00c1str\u00e1\u00f0ur Eysteinsson og \u00der\u00f6stur Helgason. R\u00daV\/R\u00e1s 1, 14. til 18. apr\u00edl 2022.<\/li>\n<li>\u00der\u00e6\u00f0ir og \u00feel. Um sk\u00e1ldverk \u00c1lfr\u00fanar Gunnlaugsd\u00f3ttur. \u00datvarps\u00fe\u00e1ttur, fluttur \u00e1 R\u00daV\/R\u00e1s 1, 1. jan\u00faar 2021.<\/li>\n<li><em>A\u00f0 vera sk\u00e1ld og skapa<\/em>. Vinnuhefti me\u00f0 37 lj\u00f3\u00f0um \u00deorsteins fr\u00e1 Hamri. \u00datgefi\u00f0 af T\u00f3nlistarsk\u00f3la Borgarfjar\u00f0ar og Safnah\u00fasi Borgarfjar\u00f0ar, Borgarnesi 2020. \u00c1byrg\u00f0armenn: Gu\u00f0r\u00fan J\u00f3nsd\u00f3ttir safnstj\u00f3ri og Theod\u00f3ra \u00deorsteinsd\u00f3ttir sk\u00f3lastj\u00f3ri. \u00c1str\u00e1\u00f0ur Eysteinsson valdi lj\u00f3\u00f0in.<\/li>\n<li>Huglei\u00f0ingar um s\u00f6gur og samt\u00edma. Erindi flutt \u00ed V\u00ed\u00f0sj\u00e1 \u00e1 R\u00daV\/R\u00e1s 1, 22. des. 2017, og birt \u00e1 menningarvef R\u00daV (http:\/\/www.ruv.is\/frett\/hugleidingar-um-sogur-og-samtima).<\/li>\n<li>Form\u00e1li. <em>Chomsky. M\u00e1l, s\u00e1l og samf\u00e9lag<\/em>. Ritstj. H\u00f6skuldur \u00der\u00e1insson og Matthew Whelpton, Reykjav\u00edk: Hugv\u00edsindastofnun H\u00e1sk\u00f3la \u00cdslands og H\u00e1sk\u00f3la\u00fatg\u00e1fan, 2013, bls. 9-10.<\/li>\n<li>Vindas\u00e1lin snertir streng [um lj\u00f3\u00f0ab\u00f3kina <em>Allt kom \u00fea\u00f0<\/em> <em>n\u00e6r<\/em> eftir \u00deorstein fr\u00e1 Hamri], <em>Hugr\u00e1s<\/em> 29. n\u00f3v. 2011 (<a href=\"http:\/\/www.hugras.is\/2011\/11\/ritdomur-vindasalin-snertir-streng\/\">http:\/\/www.hugras.is\/2011\/11\/ritdomur-vindasalin-snertir-streng\/<\/a>).<\/li>\n<li>Bla\u00f0a\u00f0 \u00ed b\u00f3kum Helga [um verk og feril Helga H\u00e1lfdanarsonar]. <em>Lesb\u00f3k Morgunbla\u00f0sins<\/em> 31. jan\u00faar 2009.<\/li>\n<li>Sk\u00e1ld l\u00fd\u00f0sins e\u00f0a sj\u00e1lfsins? [um sk\u00e1ldi\u00f0 Stein Steinar]. <em>Lesb\u00f3k Morgunbla\u00f0sins<\/em> 11. okt\u00f3ber 2008.<\/li>\n<li>Skrifa\u00f0 me\u00f0 hn\u00e9fi\u00f0lu \u00ed dj\u00fapi\u00f0 [um sk\u00e1ldverk Steinars Sigurj\u00f3nssonar]. <em>Lesb\u00f3k Morgunbla\u00f0sins<\/em> 8. mars 2008.<\/li>\n<li>Lj\u00f3sum logum. Heilabrot um samt\u00edmav\u00e6gi Kafka. <em>Lesb\u00f3k Morgunbla\u00f0sins<\/em> 29. september 2007.<\/li>\n<li>Alsnj\u00f3a \u00ed Kars. Um sk\u00e1lds\u00f6gu (og \u00f3s\u00fdnileg lj\u00f3\u00f0) eftir Orhan Pamuk. <em>Lesb\u00f3k Morgunbla\u00f0sins<\/em> 22. september 2007.<\/li>\n<li>Me\u00f0byr og m\u00f3tl\u00e6ti. Brug\u00f0ist vi\u00f0 kveinst\u00f6fum. <em>Lesb\u00f3k Morgunbla\u00f0sins<\/em> 6. jan\u00faar 2007.<\/li>\n<li>Okkar ma\u00f0ur, okkar silfra\u00f0i heimur [um <em>Nostromo<\/em> eftir Joseph Conrad]. <em>Lesb\u00f3k Morgunbla\u00f0sins<\/em> 1. j\u00fal\u00ed 2006.<\/li>\n<li>Myndir af Snorra [um <em>Veginn a\u00f0 br\u00fanni<\/em> eftir Stef\u00e1n J\u00f3nsson]. <em>Lesb\u00f3k Morgunbla\u00f0sins<\/em> 18. mars 2006.<\/li>\n<li>\u00de\u00fd\u00f0ingar og \u00edslensk heimsmynd. <em>Lesb\u00f3k Morgunbla\u00f0sins<\/em> 28. jan\u00faar 2006.<\/li>\n<li>Sta\u00f0ir lj\u00f3\u00f0sins. <em>Lesb\u00f3k Morgunbla\u00f0sins<\/em> 23. apr\u00edl 2005.<\/li>\n<li>Launasj\u00f3\u00f0ur og listsk\u00f6pun. <em>Lesb\u00f3k Morgunbla\u00f0sins<\/em> 5. mars 2005.<\/li>\n<li>Samasta\u00f0ur \u00ed s\u00f6gunni [um sta\u00f0arvitund og samt\u00edmab\u00f3kmenntir]. <em>Lesb\u00f3k Morgunbla\u00f0sins<\/em> 11. september 2004.<\/li>\n<li>Menning \u2013 b\u00f3kmenntir \u2013 listir. <em>Morgunbla\u00f0i\u00f0<\/em> 24. mars 2004 (\u00e1samt Gu\u00f0na El\u00edssyni).<\/li>\n<li>Eru einhver b\u00f3kmenntaverk sem teljast til heimsb\u00f3kmennta enn \u00f3\u00fe\u00fddd \u00e1 \u00edslensku? V\u00edsindavefur H\u00e1sk\u00f3la \u00cdslands 2000. Fr\u00e6\u00f0slupistill, endurbirtur l\u00edtillega endursko\u00f0a\u00f0ur \u00ed b\u00f3kinni <em>Af hverju er himinninn bl\u00e1r? Spurningar og sv\u00f6r af V\u00edsindavefnum<\/em>. Ritstj. \u00deorsteinn Vilhj\u00e1lmsson og J\u00f3n Gunnar \u00deorsteinsson, Reykjav\u00edk: Heimskringla 2003, bls. 159-160.<\/li>\n<li>Vitnisbur\u00f0ur um hr\u00e6ringar. B\u00f3kmenntaver\u00f0laun DV \u00ed s\u00f6gulegu lj\u00f3si, <em>DV<\/em>, 1. febr\u00faar 2003.<\/li>\n<li>Um b\u00f3kmenntag\u00e6\u00f0i. <em>Lesb\u00f3k Morgunbla\u00f0sins<\/em> 23. n\u00f3vember 2002.<\/li>\n<li>Handan um h\u00f6f. \u00deankar um ritverk Helga H\u00e1lfdanarsonar. <em>Lesb\u00f3k Morgunbla\u00f0sins<\/em> 11. \u00e1g\u00fast 2001.<\/li>\n<li>Hugv\u00edsindastofnun H\u00e1sk\u00f3la \u00cdslands. <em>Fr\u00e9ttabr\u00e9f H\u00e1sk\u00f3la \u00cdslands<\/em>, 1999, 21 (4), bls. 7.<\/li>\n<li>Skipulag ranns\u00f3knarstofnana vi\u00f0 H\u00e1sk\u00f3la \u00cdslands \u2013 \u00e1litsger\u00f0 v\u00edsindanefndar til rektors og h\u00e1sk\u00f3lar\u00e1\u00f0s. <em>Fr\u00e9ttabr\u00e9f H\u00e1sk\u00f3la \u00cdslands<\/em>, 1996, 18 (5), bls. 4-5.<\/li>\n<li>\u00d6gn um ranns\u00f3knir og sj\u00f3\u00f0i. <em>Fr\u00e9ttabr\u00e9f H\u00e1sk\u00f3la \u00cdslands<\/em>, 1995, 17 (3), bls. 23-26.<\/li>\n<li>Outside the Circle. <em>Iceland Review<\/em>, Nr. 4, 1995 (Vol. 32), bls. 18-20.<\/li>\n<li>B\u00f3ka\u00fatg\u00e1fa Menningarsj\u00f3\u00f0s.\u00a0<em>Morgunbla\u00f0i\u00f0<\/em>, 9. j\u00fal\u00ed 1992 (bls. 12-13).<\/li>\n<li>[Um n\u00fdlegar \u00fatg\u00e1fur \u00e1 \u00fe\u00fdddum leikritum],\u00a0\u00ed \u201eFregnum af b\u00f3kum\u201c, <em>Sk\u00edrnir<\/em>, 166. \u00e1rg., hausthefti 1992, bls. 492-493.<\/li>\n<li>[Um b\u00f3kina <em>Grikkland \u00e1r og s\u00ed\u00f0<\/em>], \u00ed \u201eFregnum af b\u00f3kum\u201c, <em>Sk\u00edrnir<\/em>, 166. \u00e1rg., vorhefti 1992, bls. 250-252.<\/li>\n<li>328 uppflettigreinar um b\u00f3kmenntir og rith\u00f6funda (me\u00f0h\u00f6f. Eysteinn \u00deorvaldsson) \u00ed <em>\u00cdslensku alfr\u00e6\u00f0ior\u00f0ab\u00f3kinni<\/em>, \u00d6rn og \u00d6rlygur, Reykjav\u00edk 1990.<\/li>\n<li><strong>\u201e<\/strong>Fe\u00f0ur og synir. Um karlana \u00ed Hver er hr\u00e6ddur vi\u00f0 Virginiu Woolf?\u201c og <strong>\u201e<\/strong>Hj\u00f3nabandi\u00f0 og v\u00edgslan\u201c [tveir pistlar um leikriti\u00f0 <em>Hver er hr\u00e6ddur vi\u00f0 Virginiu Woolf?<\/em> eftir Edward Albee]. <em>Morgunbla\u00f0i\u00f0<\/em> 17. j\u00fan\u00ed 1989.<\/li>\n<li>\u00c6vint\u00fdri \u00ed tungum\u00e1linu [Thor Vilhj\u00e1lmsson hl\u00fdtur B\u00f3kmenntaver\u00f0laun Nor\u00f0urlandar\u00e1\u00f0s], <em>DV<\/em>. 28. jan\u00faar 1988.<\/li>\n<li>Vitund um skapandi h\u00e6ttu? <em>DV<\/em> 28. n\u00f3vember 1987.<\/li>\n<li>[Um <i>Eftirm\u00e1la Regndropanna\u00a0<\/i>e. Einar M\u00e1 Gu\u00f0mundsson], <em>Sk\u00edrnir<\/em>, 161. \u00e1rg., vorhefti 1987, bls. 178-189.<\/li>\n<li>Herra frj\u00e1ls \u00ed millir\u00edkjas\u00f6gu [um <em>Me\u00f0 kve\u00f0ju fr\u00e1 Dublin<\/em> eftir \u00c1rna Bergmann]. <em>T\u00edmarit M\u00e1ls og menningar<\/em>, 1985, 46 (2), bls. 252-256.<\/li>\n<li>[Um <em>Kv\u00e6\u00f0afylgsni<\/em> e. Hannes P\u00e9tursson], <em>Sk\u00edrnir<\/em>, 155. \u00e1rg., 1981, bls. 217-222.<\/li>\n<\/ul>\n<p><em><br \/>\nRitd\u00f3mar \u00ed dagbl\u00f6\u00f0um<\/em>:<\/p>\n<ul>\n<li>A\u00f0 lifna \u00e1 n\u00fd. Um lj\u00f3\u00f0a\u00fe\u00fd\u00f0ingar Gyr\u00f0is El\u00edassonar, <em>Flautuleikur \u00e1lengdar.<\/em> <em>Lesb\u00f3k Morgunbla\u00f0sins<\/em> 3. ma\u00ed 2008.<\/li>\n<li>Bret\u00f3nskir s\u00f6ngvar. Um lj\u00f3\u00f0asafni\u00f0 <em>Dimma drauma<\/em> eftir sex bret\u00f3nsk lj\u00f3\u00f0sk\u00e1ld og lj\u00f3\u00f0ab\u00f3kina <em>S\u00f6ngur regns og grafar<\/em> eftir Xavier Grall, \u00ed \u00fe\u00fd\u00f0ingu \u00d3lafar P\u00e9tursd\u00f3ttur. <em>Morgunbla\u00f0i\u00f0<\/em> 24. desember 2007.<\/li>\n<li>Steinninn og vatni\u00f0. Um <em>S\u00f6ng steinasafnarans<\/em> eftir Sj\u00f3n. <em>Morgunbla\u00f0i\u00f0<\/em> 6. desember 2007.<\/li>\n<li>\u201eMeiri hamingju \u00e1\u00f0ur en sta\u00f0irnir loka\u201c. Um <em>Bl\u00f3tg\u00e6lur<\/em> eftir Krist\u00ednu Sv\u00f6vu T\u00f3masd\u00f3ttur. <em>Morgunbla\u00f0i\u00f0<\/em> 15. n\u00f3vember 2007.<\/li>\n<li>F\u00e9lagi borg. Um <em>Minnisb\u00f3k<\/em> eftir Sigur\u00f0 P\u00e1lsson. <em>Morgunbla\u00f0i\u00f0<\/em> 3. n\u00f3vember 2007.<\/li>\n<li>Sk\u00f3garma\u00f0ur. Um <em>Sand\u00e1rb\u00f3kina<\/em> eftir Gyr\u00f0i El\u00edasson. <em>Lesb\u00f3k Morgunbla\u00f0sins<\/em> 20. okt\u00f3ber 2007.<\/li>\n<li>Myrkur, s\u00f3l, borg. Um <em>Loftskip<\/em> e. \u00d3skar \u00c1rna \u00d3skarsson. <em>Morgunbla\u00f0i\u00f0<\/em> 17. desember 2006.<\/li>\n<li>R\u00e1mur bl\u00fas \u00e1ranna. Um <em>\u00cd h\u00fasi J\u00fal\u00edu<\/em> e. Fr\u00ed\u00f0u \u00c1. Sigur\u00f0ard\u00f3ttur. <em>Morgunbla\u00f0i\u00f0<\/em> 2. desember 2006.<\/li>\n<li>Eir\u00f0arlaus \u00ed Berkeley. Um <em>\u00d3g\u00e6fus\u00f6mu konuna<\/em> e. Richard Brautigan \u00ed \u00fe\u00fd\u00f0ingu Gyr\u00f0is El\u00edassonar. <em>Morgunbla\u00f0i\u00f0<\/em> 9. n\u00f3vember 2006.<\/li>\n<li>Sumargla\u00f0ningur. Um <em>Fj\u00f3rar l\u00ednur og titil<\/em> e. Braga \u00d3lafsson og <em>R\u00e1\u00f0 vi\u00f0 hversdagslegum<\/em> <em>upp\u00e1komum<\/em> e. \u00d3skar \u00c1rna \u00d3skarsson. <em>Lesb\u00f3k Morgunbla\u00f0sins<\/em>, 12. \u00e1g\u00fast 2006.<\/li>\n<li>S\u00e9\u00f0 gegnum s\u00e1ri\u00f0. Um <em>Landi\u00f0 \u00ed brj\u00f3stinu<\/em> e. \u00de\u00f3ru J\u00f3nsd\u00f3ttur. <em>Morgunbla\u00f0i\u00f0<\/em> 20. desember 2005.<\/li>\n<li>Suddi \u00ed Sandv\u00edk. Um <em>T\u00farista<\/em> e. Stef\u00e1n M\u00e1na. <em>Morgunbla\u00f0i\u00f0<\/em> 20.\u00a0desember 2005.<\/li>\n<li>Ilmur af \u00f3li\u00f0num d\u00f6gum. Um <em>Kv\u00f6ldg\u00f6ngu me\u00f0 fuglum<\/em> e. Matth\u00edas Johannessen. <em>Morgunbla\u00f0i\u00f0<\/em> 14. des. 2005.<\/li>\n<li>Sj\u00e1lfur Gu\u00f0j\u00f3n? Um <em>Stefnulj\u00f3s<\/em> e. Hermann Stef\u00e1nsson. <em>Morgunbla\u00f0i\u00f0<\/em> 6. desember 2005.<\/li>\n<li>F\u00edll \u00ed h\u00e1u grasi. Um <em>Slepptu m\u00e9r aldrei<\/em> e. Kazuo Ishiguro \u00ed \u00fe\u00fd\u00f0. El\u00edsu Bjargar \u00deorsteinsd\u00f3ttur. <em>Morgunbla\u00f0i\u00f0<\/em> 29. n\u00f3vember 2005.<\/li>\n<li>Sk\u00e1ld ver\u00f0ur til og deyr. Um <em>L\u00edfi\u00f0 er annars sta\u00f0ar<\/em> e. Milan Kundera \u00ed \u00fe\u00fd\u00f0. Fri\u00f0riks Rafnssonar. <em>Morgunbla\u00f0i\u00f0<\/em> 15. n\u00f3vember 2005.<\/li>\n<li>Sj\u00f3fer\u00f0ir, m\u00fdtur, sagnasp\u00fdtur. Um <em>Arg\u00f3arfl\u00edsina<\/em> e. Sj\u00f3n. <em>Morgunbla\u00f0i\u00f0<\/em> 15. n\u00f3vember 2005.<\/li>\n<li>Kuldakast. Um <em>Vetrarborgina<\/em> e. Arnald Indri\u00f0ason. <em>Morgunbla\u00f0i\u00f0<\/em> 8. n\u00f3vember 2005.<\/li>\n<li>Leita\u00f0 h\u00f6fu\u00f0lausnar. Um <em>H\u00f6fu\u00f0lausn<\/em> eftir \u00d3laf Gunnarsson. <em>Morgunbla\u00f0i\u00f0<\/em> 8. n\u00f3vember 2005.<\/li>\n<li>\u00d3dysseifur \u00e1 nor\u00f0ursl\u00f3\u00f0um. Um <em>\u00d3dysseif<\/em> eftir James Joyce \u00ed \u00fe\u00fd\u00f0ingu Sigur\u00f0ar A. Magn\u00fassonar. <em>Morgunbla\u00f0i\u00f0<\/em> 21. desember 1993.<\/li>\n<li>Um <em>\u00cd ja\u00f0ri b\u00e6jarins<\/em> e. J\u00f3nas \u00deorbjarnarson. <em>DV<\/em> 11. desember 1989.<\/li>\n<li>S\u00e1\u00f0ma\u00f0urinn mikli. Um <em>S\u00e1\u00f0menn<\/em> e. Steinar Sigurj\u00f3nsson. <em>DV<\/em> 24. n\u00f3vember 1989 (lei\u00f0r\u00e9tting me\u00f0 vi\u00f0b\u00f3t 28. n\u00f3v.).<\/li>\n<li>Um <em>St\u00e1ln\u00f3tt<\/em> eftir Sj\u00f3n. <em>DV<\/em> 21. desember 1987.<\/li>\n<li>Um <em>Kaldalj\u00f3s <\/em>eftir Vigd\u00edsi Gr\u00edmsd\u00f3ttur. <em>DV<\/em> 18. desember 1987.<\/li>\n<li>Um <em>Tungum\u00e1l fuglanna<\/em> e. T\u00f3mas Dav\u00ed\u00f0sson [duln. \u00der\u00e1ins Bertelssonar]. <em>DV<\/em> 1. desember 1987.<\/li>\n<li>Um sk\u00e1lds\u00f6guna <em>M\u00f3\u00f0ir kona meyja<\/em> e. N\u00ednu Bj\u00f6rk \u00c1rnad\u00f3ttur. <em>DV<\/em> 16. n\u00f3vember 1987.<\/li>\n<li>Um <em>Sykur og brau\u00f0<\/em> e. P\u00e9tur Gunnarsson. <em>DV<\/em> 6. okt\u00f3ber 1987.<\/li>\n<li>Manneskjan \u00ed heiminum. Um <em>The Deep Blue Sea, Pardon the Ocean<\/em> e. Thor Vilhj\u00e1lmsson. <em>\u00dej\u00f3\u00f0viljinn<\/em> 29. jan\u00faar 1982.<\/li>\n<\/ul>\n<p><em><br \/>\nR\u00e1\u00f0stefnur, a\u00f0rir vi\u00f0bur\u00f0ir og samr\u00e6\u00f0ur<\/em>:<\/p>\n<p>Spjalla\u00f0 um stutt b\u00f3kmenntaform.\u00a0 Gunnarsh\u00fas 26. ma\u00ed 2025. Samr\u00e6\u00f0ur Krist\u00ednar Gu\u00f0r\u00fanar J\u00f3nsd\u00f3ttur, R\u00fanars Helga Vignissonar og \u00c1str\u00e1\u00f0s Eysteinssonar um \u00f6rs\u00f6gur og a\u00f0ra knappa tj\u00e1ningu \u00e1 vettvangi sk\u00e1ldskapar - \u00ed tilefni af s\u00e9rhefti t\u00edmartitsins <em>Milli m\u00e1la<\/em> um \u00fea\u00f0 efni. A\u00f0rir h\u00f6fundar efnis \u00ed \u00fev\u00ed hefti fj\u00f6llu\u00f0u einnig um greinar s\u00ednar.<\/p>\n<p>Pallbor\u00f0sumr\u00e6\u00f0ur \u00e1 Hugv\u00edsinda\u00feingi H\u00e1sk\u00f3la 7. mars 2025. \u201e\u00c1n okkar, heimsendir! Um hugv\u00edsindin og samf\u00e9lagi\u00f0 \u00ed dag og \u00e1 morgun.\u201c Fyrrverandi og n\u00faverandi svi\u00f0sforsetar, \u00c1str\u00e1\u00f0ur Eysteinsson Gu\u00f0mundur H\u00e1lfdanarson og \u00d3l\u00f6f Gar\u00f0arsd\u00f3ttir, r\u00e6ddu st\u00f6\u00f0u og framt\u00ed\u00f0 hugv\u00edsinda. Pallbor\u00f0inu st\u00fdr\u00f0u Eir\u00edkur Sm\u00e1ri Sigur\u00f0arson, ranns\u00f3knarstj\u00f3ri Hugv\u00edsindasvi\u00f0s H\u00cd, og \u00c1sta Krist\u00edn Benediktsd\u00f3ttir, d\u00f3sent vi\u00f0 \u00cdslensku- og menningardeild.<\/p>\n<p>Kafkah\u00e1t\u00ed\u00f0 \u00ed Ver\u00f6ld, H\u00e1sk\u00f3la \u00cdslands, 27. febr\u00faar 2025. B\u00f3kmennta- og listfr\u00e6\u00f0astofun H\u00cd og Forlagi\u00f0 st\u00f3\u00f0u saman a\u00f0 \u00feessum vi\u00f0bur\u00f0i \u00ed tilefni af \u00fev\u00ed a\u00f0 loki\u00f0 var \u00fatg\u00e1fu ritra\u00f0ar, sex b\u00f3ka me\u00f0 \u00edslenskum \u00fe\u00fd\u00f0ingum \u00c1str\u00e1\u00f0s Eysteinssonar og Eysteins \u00deorvaldssonar \u00e1 meginhluta sagnaverks Franz Kafka. Gauti Kristmannsson r\u00e6ddi vi\u00f0 \u00c1str\u00e1\u00f0 um rith\u00f6fundinn Kafka og um\u00a0 \u00e1ralangt \u00fe\u00fd\u00f0ingasamstarf sem skila\u00f0i \u00feessum b\u00f3kum \u00e1 \u00edslensku. Anna\u00f0 slagi\u00f0 var gert hl\u00e9 \u00e1 samr\u00e6\u00f0unum og fluttu \u00fe\u00e1 \u00fdmsir lesendur valda kafla \u00far b\u00f3kunum.<\/p>\n<p>\u00c1str\u00e1\u00f0ur var \u00ed h\u00f3pi fimm fr\u00e6\u00f0imanna sem skipul\u00f6g\u00f0u og \u00f6nnu\u00f0ust Nobel Symposium \u00ed Stokkh\u00f3lmi 6.-10. j\u00fan\u00ed 2023 \u00ed samstarfi vi\u00f0 s\u00e6nsku akadem\u00eduna sem fj\u00e1rmagna\u00f0i vi\u00f0bur\u00f0inn. \u00c1 \u00feessari <a href=\"https:\/\/hi.is\/frettir\/althjodleg_radstefna_um_bokmenntaumfjollun_a_nyrri_old?fbclid=IwY2xjawLlsjtleHRuA2FlbQIxMQBicmlkETBNMXJDSGR2WTVWM3psb28xAR4frJf5SsoTLrs6FfPreCyl5ZTUCDsUFjBZPSUQbEoyz_rrSJa-Sb1TYWbJBQ_aem_eRAt5ICMCys2jYRUD2h8JA\">al\u00fej\u00f3\u00f0legu fr\u00e6\u00f0ar\u00e1\u00f0stefnu<\/a>, sem nefndist <em>Literary Judgment and the Fora of Criticism<\/em>\u00a0var fjalla\u00f0 um st\u00f6\u00f0u b\u00f3kmenntagagnr\u00fdni og opinberrar umr\u00e6\u00f0u um b\u00f3kmenntir v\u00ed\u00f0s vegar \u00ed heiminum. \u00c1 r\u00e1\u00f0stefnuna var bo\u00f0i\u00f0 tuttugu og fj\u00f3rum fyrirlesurum, fr\u00e6\u00f0im\u00f6nnum og rith\u00f6fundum, sem komu fr\u00e1 \u00fdmsum l\u00f6ndum \u00ed fimm heims\u00e1lfum. Skipuleggjendur, sem einnig st\u00fdr\u00f0u m\u00e1lstofum \u00e1 r\u00e1\u00f0stefnunni, voru: Mats Jansson, pr\u00f3fessor vi\u00f0 Gautaborgarh\u00e1sk\u00f3la, Rita Felski, pr\u00f3fessor vi\u00f0 University of Virginia, \u00c1str\u00e1\u00f0ur Eysteinsson, pr\u00f3fessor vi\u00f0 H\u00e1sk\u00f3la \u00cdslands, Sandra Richter, pr\u00f3fessor vi\u00f0 Stuttgarth\u00e1sk\u00f3la og yfirma\u00f0ur \u00fe\u00fdsku handritastofnunarinnar \u00ed Marbach, og Gis\u00e8le Sapiro, pr\u00f3fessor vi\u00f0 CNRS\u2013Ecole des hautes \u00e9tudes en sciences sociales \u00ed Par\u00eds.<\/p>\n<p>Samr\u00e6\u00f0a vi\u00f0 \u00der\u00f6st Helgason um m\u00f3dernisma, fagurfr\u00e6\u00f0i og n\u00fat\u00edmastrauma \u00ed b\u00f3kmenntum, \u00ed \u00fatvarps\u00fe\u00e6tti hans <em>Svona er \u00feetta<\/em>, R\u00daV\/R\u00e1s 1, 9. ma\u00ed 2021.<\/p>\n<p>\u00de\u00e1tttaka \u00ed umr\u00e6\u00f0um um sk\u00e1lds\u00f6guna <em>Be\u00f0i\u00f0 eftir barb\u00f6runum <\/em>eftir J.M. Coetzee, B\u00f3k vikunnar, R\u00daV\/R\u00e1s 1, 4. okt\u00f3ber 2020.<\/p>\n<p>\u00de\u00e1tttaka \u00ed umr\u00e6\u00f0um um b\u00f3kina <em>Jakob\u00edna. Saga sk\u00e1lds og konu<\/em> eftir Sigr\u00ed\u00f0i Krist\u00ednu \u00deorgr\u00edmsd\u00f3ttur, B\u00f3k vikunnar, R\u00daV\/R\u00e1s1, 23. febr\u00faar 2020 (https:\/\/www.ruv.is\/utvarp\/spila\/bok-vikunnar\/23805\/7i11rv).<\/p>\n<p><em>J\u00f6r\u00f0 \u00far \u00e6gi<\/em>. \u00de\u00e1ttur um Matth\u00edas Johannessen, sk\u00e1ld og ritstj\u00f3ra. Umsj\u00f3n: \u00c1str\u00e1\u00f0ur Eysteinsson og \u00der\u00f6stur Helgason. A\u00f0rir \u00fe\u00e1tttakendur: Einar Falur Ing\u00f3lfsson, Gu\u00f0r\u00fan Nordal og Silja A\u00f0alsteinsd\u00f3ttir. R\u00daV\/R\u00e1s 1, 3. jan\u00faar 2020.<\/p>\n<p>Tortryggni m\u00f3dernista \u00ed gar\u00f0 fr\u00e1sagna. Samtal vi\u00f0 Torfa Tulinius og \u00c6var Kjartansson. Hluti af \u00fe\u00e1ttar\u00f6\u00f0 um fr\u00e1sagnir \u00ed mannl\u00edfinu. R\u00daV\/R\u00e1s 1, 20. jan\u00faar 2019. (<a href=\"http:\/\/www.ruv.is\/spila\/ras-1\/samtal\/20190120?fbclid=IwAR3RICf1e9gBfPu_b8KBBf6u9DurIdpTdRvTiENnlCq-T_vA8xoYWSw8_M8\">http:\/\/www.ruv.is\/spila\/ras-1\/samtal\/20190120?<\/a>)<\/p>\n<p>Um b\u00f3kina <em>\u00cd barnd\u00f3mi<\/em> eftir Jakob\u00ednu Sigur\u00f0ard\u00f3ttur. Vi\u00f0tal \u00ed V\u00ed\u00f0sj\u00e1 (R\u00daV\/R\u00e1s 1), 7. n\u00f3v. 2018 (http:\/\/www.ruv.is\/frett\/i-barndomi-jakobina-sigurdardottir)<\/p>\n<p>Heimsvaldastefnan ekki horfin. Vi\u00f0tal um <em>Heart of Darkness<\/em> eftir Joseph Conrad \u00ed \u00fatvarps\u00fe\u00e6ttinum Lestinni \u00e1 R\u00daV\/R\u00e1s 1, 30. \u00e1g\u00fast 2017 (http:\/\/www.ruv.is\/frett\/heimsvaldastefnan-ekki-horfin).<\/p>\n<p>\u00de\u00e1tttaka \u00ed umr\u00e6\u00f0um um b\u00e6kurnar <em>Flj\u00f3tt flj\u00f3tt sag\u00f0i fuglinn <\/em>eftir Thor Vilhj\u00e1lmsson og<em> Og svo tj\u00f6llum vi\u00f0 okkur \u00ed ralli\u00f0<\/em> eftir Gu\u00f0mund Andra Thorsson, B\u00f3k vikunnar, R\u00daV\/R\u00e1s 1, 6. desember 2015 (https:\/\/www.ruv.is\/frett\/fljott-fljott-thor-vilhjalmsson).<\/p>\n<p>\u00de\u00e1tttaka \u00ed umr\u00e6\u00f0um um sk\u00e1lds\u00f6guna <em>Leigjandinn ef<\/em>tir Sv\u00f6vu Jakobsd\u00f3ttur, B\u00f3k vikunnar, R\u00daV\/R\u00e1s 1, 10. okt\u00f3ber 2015.<\/p>\n<p>\u00de\u00e1tttaka \u00ed umr\u00e6\u00f0um um sk\u00e1lds\u00f6guna <em>Nafn r\u00f3sarinnar<\/em> eftir Umberto Eco, B\u00f3k vikunnar, R\u00daV\/R\u00e1s 1, 29.\u00a0 september 2014 (https:\/\/www.ruv.is\/frett\/nafn-rosarinnar-umberto-eco).<\/p>\n<p>Anna\u00f0ist, \u00e1samt Sigurbj\u00f6rgu \u00derastard\u00f3ttur, Hjalta Sn\u00e6 \u00c6gissyni og Eysteini \u00deorvaldssyni, fj\u00f6gur lj\u00f3\u00f0akv\u00f6ld \u00e1 vegum \u00dej\u00f3\u00f0leikh\u00fassins undir yfirskriftinni <em>Lj\u00f3\u00f0s manns \u00e6\u00f0i: \u201e<\/em>\u00datr\u00e1s \u00ed lj\u00f3\u00f0um\u201c (14. mars 2006), <em>\u201e<\/em>Lj\u00f3\u00f0i\u00f0 \u00ed l\u00edkamlegri n\u00e1l\u00e6g\u00f0\u201c (28. mars 2006), <em>\u201e<\/em>M\u00e9r brennur \u00ed muna\u201c (11. apr\u00edl 2006) og \u201eS\u00f3tt og dau\u00f0i \u00edslenskunnar\u201c (25. apr\u00edl 2006). Umsj\u00f3n af h\u00e1lfu \u00dej\u00f3\u00f0leikh\u00fassins: \u00de\u00f3rhallur Sigur\u00f0sson, leikstj\u00f3ri og leikari.<\/p>\n<p>Samtal vi\u00f0 Haruki Murakami eftir fyrirlestur hans \u00ed H\u00e1t\u00ed\u00f0asal H\u00e1sk\u00f3la \u00cdslands 9. september 2003 (\u00e1 vegum Stofnunar Vigd\u00edsar Finnbogad\u00f3ttur \u00ed erlendum tungum\u00e1lum vi\u00f0 H\u00e1sk\u00f3la \u00cdslands).<\/p>\n<p>\u201e\u00c9g syng um \u00feig borg.\u201c\u00a0Samtal vi\u00f0 Matth\u00edas Johannessen \u00ed H\u00e1t\u00ed\u00f0asal H\u00e1sk\u00f3la \u00cdslands, vi\u00f0 setningu fr\u00e6\u00f0a- og menningarh\u00e1t\u00ed\u00f0arinnar <em>L\u00edf \u00ed borg<\/em> 25. ma\u00ed 2000. Stytt \u00fatg\u00e1fa birt \u00ed <em>Lesb\u00f3k Morgunbla\u00f0sins<\/em>\u00a0 2. mars 2002. \u00der\u00f6stur Helgason skr\u00e1\u00f0i. (http:\/\/www.mbl.is\/greinasafn\/grein\/655033\/).<\/p>\n<p>Spyrill \u00e1 <em>Rit\u00feingi<\/em>\u00a0Matth\u00edasar Johannessens, Menningarmi\u00f0st\u00f6\u00f0inni Ger\u00f0ubergi, 9. n\u00f3vember 2002.<\/p>\n<p>Spyrill \u00e1 <em>Rit\u00feingi<\/em>\u00a0Thors Vilhj\u00e1lmssonar, Menningarmi\u00f0st\u00f6\u00f0inni Ger\u00f0ubergi, 21. jan\u00faar 2006.<\/p>\n<p>&nbsp;<\/p>\n<p><em>Anna\u00f0 efni \u00ed fj\u00f6lmi\u00f0lum<\/em>:<\/p>\n<p><em>\u00d6rkin<\/em>. Vikulegur \u00fe\u00e1ttur um erlendar n\u00fat\u00edmab\u00f3kmenntir (umsj\u00f3n: \u00c1str\u00e1\u00f0ur Eysteinsson), R\u00edkis\u00fatvarpi\u00f0\/R\u00e1s 1, veturinn 1987-1988.<\/p>\n<p>Anna\u00f0ist b\u00f3kmenntaumfj\u00f6llun \u00ed \u00fe\u00e6ttinum <em>M\u00f3sa\u00edk<\/em> \u00ed sj\u00f3nvarpi R\u00daV veturinn 1998-1999.<\/p>\n<p>\u201e\u00de\u00fd\u00f0ingar, b\u00f3kmenntir og \u00fej\u00f3\u00f0menning\u201c, R\u00daV (R\u00e1s 1), sex \u00fe\u00e6ttir: 13., 20. og 27. febr. , 6., 13. og 20. mars 1994.<\/p>\n<p>\u201e\u00c1 sl\u00f3\u00f0um Helga. Um feril og ritverk Helga H\u00e1lfdanarsonar\u201c, R\u00daV (R\u00e1s 1), \u00fer\u00edr \u00fe\u00e6ttir: 19. apr\u00edl, 26. apr\u00edl og 3. ma\u00ed 2009. Me\u00f0h\u00f6fundur: Eysteinn \u00deorvaldsson.<\/p>\n<p>\u201eGamli ma\u00f0urinn og s\u00e1ri\u00f0. Um feril og fr\u00e1sagnarverk Hemingways\u201c, R\u00daV (R\u00e1s 1), \u00fer\u00edr \u00fe\u00e6ttir: 13., 20. og 27. j\u00fan\u00ed 2010.<\/p>\n<p>\u201eDickens og \u00cdsland\u201c, R\u00daV (R\u00e1s 1), tveir \u00fe\u00e6ttir: 5. og 12. febr\u00faar 2012.<\/p>\n<p>\u201eEdgar Allan Poe \u00ed \u00edslenskum b\u00f3kmenntaheimi\u201c, R\u00daV (R\u00e1s 1), tveir\u00a0\u00fe\u00e6ttir: 9. og 16. febr\u00faar 2014.<\/p>\n","protected":false},"excerpt":{"rendered":"<p>\u00ddmsar greinar og erindi um b\u00f3kmenntir og efni tengt fr\u00e6\u00f0slu og h\u00e1sk\u00f3lam\u00e1lum: N\u00fdr rektor og 2025 \u2013 t\u00edmam\u00f3t \u00ed h\u00e1sk\u00f3lam\u00e1lum (h\u00f6fundar: Tinna Laufey \u00c1sgeirsd\u00f3ttir,\u00a0 Magn\u00fas Karl Magn\u00fasson, Helga Margr\u00e9t \u00d6gmundsd\u00f3ttir og \u00c1str\u00e1\u00f0ur Eysteinsson,). V\u00edsir, 7. j\u00fal\u00ed 2025. Samtal \u00e1 \u00f3tal svi\u00f0um. Um rith\u00f6fundinn Matth\u00edas Johannessen. Morgunbla\u00f0i\u00f0 4. apr\u00edl 2024 (\u00e1samt \u00deresti Helgasyni). \u00d3r\u00f3ap\u00fals 1922. \u00d3dysseifur, [&hellip;]<\/p>\n","protected":false},"author":156,"featured_media":0,"parent":8,"menu_order":3,"comment_status":"closed","ping_status":"closed","template":"","meta":{"footnotes":""},"class_list":["post-149","page","type-page","status-publish","hentry"],"_links":{"self":[{"href":"https:\/\/uni.hi.is\/astra\/wp-json\/wp\/v2\/pages\/149","targetHints":{"allow":["GET"]}}],"collection":[{"href":"https:\/\/uni.hi.is\/astra\/wp-json\/wp\/v2\/pages"}],"about":[{"href":"https:\/\/uni.hi.is\/astra\/wp-json\/wp\/v2\/types\/page"}],"author":[{"embeddable":true,"href":"https:\/\/uni.hi.is\/astra\/wp-json\/wp\/v2\/users\/156"}],"replies":[{"embeddable":true,"href":"https:\/\/uni.hi.is\/astra\/wp-json\/wp\/v2\/comments?post=149"}],"version-history":[{"count":87,"href":"https:\/\/uni.hi.is\/astra\/wp-json\/wp\/v2\/pages\/149\/revisions"}],"predecessor-version":[{"id":1307,"href":"https:\/\/uni.hi.is\/astra\/wp-json\/wp\/v2\/pages\/149\/revisions\/1307"}],"up":[{"embeddable":true,"href":"https:\/\/uni.hi.is\/astra\/wp-json\/wp\/v2\/pages\/8"}],"wp:attachment":[{"href":"https:\/\/uni.hi.is\/astra\/wp-json\/wp\/v2\/media?parent=149"}],"curies":[{"name":"wp","href":"https:\/\/api.w.org\/{rel}","templated":true}]}}