{"id":174,"date":"2010-10-16T17:14:10","date_gmt":"2010-10-16T17:14:10","guid":{"rendered":"http:\/\/uni.hi.is\/astra\/?page_id=174"},"modified":"2016-01-01T12:20:13","modified_gmt":"2016-01-01T12:20:13","slug":"english","status":"publish","type":"page","link":"https:\/\/uni.hi.is\/astra\/english\/","title":{"rendered":"English"},"content":{"rendered":"<p>\u00c1str\u00e1\u00f0ur Eysteinsson is Professor of Comparative Literature, University of Iceland.<\/p>\n<p><a href=\"https:\/\/uni.hi.is\/astra\/english\/curriculum-vitae\/\">Curriculum vitae<\/a><\/p>\n<p><a href=\"https:\/\/uni.hi.is\/astra\/english\/publications\/\">Publications<\/a><\/p>\n<p><a href=\"https:\/\/uni.hi.is\/astra\/english\/research-areas\/\">Research areas<\/a><\/p>\n<p><a href=\"https:\/\/uni.hi.is\/astra\/english\/teaching\/\">Teaching<\/a><\/p>\n","protected":false},"excerpt":{"rendered":"<p>\u00c1str\u00e1\u00f0ur Eysteinsson is Professor of Comparative Literature, University of Iceland. Curriculum vitae Publications Research areas Teaching<\/p>\n","protected":false},"author":156,"featured_media":0,"parent":0,"menu_order":10,"comment_status":"closed","ping_status":"closed","template":"","meta":{"footnotes":""},"class_list":["post-174","page","type-page","status-publish","hentry"],"_links":{"self":[{"href":"https:\/\/uni.hi.is\/astra\/wp-json\/wp\/v2\/pages\/174","targetHints":{"allow":["GET"]}}],"collection":[{"href":"https:\/\/uni.hi.is\/astra\/wp-json\/wp\/v2\/pages"}],"about":[{"href":"https:\/\/uni.hi.is\/astra\/wp-json\/wp\/v2\/types\/page"}],"author":[{"embeddable":true,"href":"https:\/\/uni.hi.is\/astra\/wp-json\/wp\/v2\/users\/156"}],"replies":[{"embeddable":true,"href":"https:\/\/uni.hi.is\/astra\/wp-json\/wp\/v2\/comments?post=174"}],"version-history":[{"count":13,"href":"https:\/\/uni.hi.is\/astra\/wp-json\/wp\/v2\/pages\/174\/revisions"}],"predecessor-version":[{"id":706,"href":"https:\/\/uni.hi.is\/astra\/wp-json\/wp\/v2\/pages\/174\/revisions\/706"}],"wp:attachment":[{"href":"https:\/\/uni.hi.is\/astra\/wp-json\/wp\/v2\/media?parent=174"}],"curies":[{"name":"wp","href":"https:\/\/api.w.org\/{rel}","templated":true}]}}