{"id":682,"date":"2015-10-15T09:08:05","date_gmt":"2015-10-15T09:08:05","guid":{"rendered":"http:\/\/uni.hi.is\/astra\/?page_id=682"},"modified":"2025-06-20T12:00:10","modified_gmt":"2025-06-20T12:00:10","slug":"heim","status":"publish","type":"page","link":"https:\/\/uni.hi.is\/astra\/","title":{"rendered":""},"content":{"rendered":"<p><a href=\"https:\/\/uni.hi.is\/astra\/files\/2009\/06\/franz_kafka_house_wp.jpg\"><img loading=\"lazy\" decoding=\"async\" class=\"alignright size-medium wp-image-53\" src=\"https:\/\/uni.hi.is\/astra\/files\/2009\/06\/franz_kafka_house_wp-236x300.jpg\" alt=\"\" width=\"236\" height=\"300\" srcset=\"https:\/\/uni.hi.is\/astra\/files\/2009\/06\/franz_kafka_house_wp-236x300.jpg 236w, https:\/\/uni.hi.is\/astra\/files\/2009\/06\/franz_kafka_house_wp.jpg 419w\" sizes=\"auto, (max-width: 236px) 100vw, 236px\" \/><\/a><\/p>\n<p>&nbsp;<\/p>\n<p>\u00c1str\u00e1\u00f0ur Eysteinsson er pr\u00f3fessor \u00ed almennri b\u00f3kmenntafr\u00e6\u00f0i vi\u00f0 H\u00e1sk\u00f3la \u00cdslands.<\/p>\n<p>Hann hefur starfa\u00f0 vi\u00f0 H\u00e1sk\u00f3la \u00cdslands um \u00e1rabil, fyrst sem stundakennari \u00ed almennri b\u00f3kmenntafr\u00e6\u00f0i og ensku 1987-1988, s\u00ed\u00f0an sem lektor og d\u00f3sent \u00ed almennri b\u00f3kmenntafr\u00e6\u00f0i og fr\u00e1 1994 sem pr\u00f3fessor. Hann hefur veri\u00f0 gestapr\u00f3fessor vi\u00f0 erlenda h\u00e1sk\u00f3la og veri\u00f0 virkur \u00ed al\u00fej\u00f3\u00f0legri ranns\u00f3knasamvinnu, auk \u00feess a\u00f0 hafa sinnt margskonar stj\u00f3rnunarst\u00f6rfum vi\u00f0 H\u00e1sk\u00f3la \u00cdslands. Hann var forseti Hugv\u00edsindasvi\u00f0s H\u00e1sk\u00f3la \u00cdslands fr\u00e1 tilur\u00f0 \u00feess \u00e1 haustmisseri 2008 til \u00e1rsloka 2015.<\/p>\n<p>\u00c1str\u00e1\u00f0ur lauk BA-pr\u00f3fi \u00ed \u00fe\u00fdsku og ensku fr\u00e1 H\u00e1sk\u00f3la \u00cdslands 1979. Hann lag\u00f0i stund \u00e1 b\u00f3kmenntafr\u00e6\u00f0i (\u201esamanbur\u00f0arb\u00f3kmenntir\u201c \u2013 \u201eComparative Literature\u201c \u2013 me\u00f0 \u00fe\u00fd\u00f0ingafr\u00e6\u00f0i sem eitt helsta \u00e1herslusvi\u00f0i\u00f0) vi\u00f0 University of Warwick \u00e1 Englandi 1979-1980 og brautskr\u00e1\u00f0ist me\u00f0 MA-pr\u00f3f \u00fea\u00f0an 1981. \u00c1 \u00e1runum 1980-1982 var hann \u00ed doktorsn\u00e1mi \u00ed \u00fe\u00fdskum, enskum og norr\u00e6num fr\u00e6\u00f0um vi\u00f0 K\u00f6lnarh\u00e1sk\u00f3la \u00ed Vestur-\u00de\u00fdskalandi, en fluttist til Bandar\u00edkjanna \u00e1ri\u00f0 1982 og stunda\u00f0i doktorsn\u00e1m \u00ed b\u00f3kmenntafr\u00e6\u00f0i (\u00e1samt \u00fe\u00fd\u00f0ingafr\u00e6\u00f0i) vi\u00f0 University of Iowa n\u00e6stu \u00e1rin, auk \u00feess a\u00f0 kenna vi\u00f0 sk\u00f3lann. Hann lauk doktorspr\u00f3fi \u00fea\u00f0an \u00e1ri\u00f0 1987.<\/p>\n<p>\u00c1 n\u00e1ms\u00e1rum s\u00ednum erlendis birti \u00c1str\u00e1\u00f0ur fr\u00e6\u00f0igreinar \u00ed \u00edslenskum t\u00edmaritum og vann jafnframt a\u00f0 b\u00f3kmennta\u00fe\u00fd\u00f0ingum \u00e1 \u00edslensku. \u00deeim hefur hann sinnt allar g\u00f6tur s\u00ed\u00f0an og m.a. \u00fe\u00fdtt drj\u00fagan hluta af h\u00f6fundarverki Franz Kafka \u00ed samstarfi vi\u00f0 Eystein \u00deorvaldsson. Hann hefur einnig \u00fe\u00fdtt sagnaverk eftir a\u00f0ra h\u00f6funda \u00far ensku og \u00fe\u00fdsku, auk \u00feess a\u00f0 \u00fe\u00fd\u00f0a \u00edslensk lj\u00f3\u00f0 \u00e1 ensku \u00e1samt Julian Meldon D'Arcy.<\/p>\n<p>Ni\u00f0urst\u00f6\u00f0ur ranns\u00f3kna sinna hefur \u00c1str\u00e1\u00f0ur \u00fdmist birt \u00e1 \u00edslensku e\u00f0a ensku, en auk \u00feess hefur hann sinnt fr\u00e6\u00f0ilegri ritstj\u00f3rn, b\u00e6\u00f0i heima og erlendis.<\/p>\n<p style=\"line-height: 15.0pt;background: white;margin: 7.5pt 0cm 7.5pt 0cm\"><span style=\"color: #222222\">\u00c1 \u00feessum vef m\u00e1 finna yfirlit um ranns\u00f3knir og ritst\u00f6rf \u00c1str\u00e1\u00f0s, birt fr\u00e6\u00f0irit hans og \u00fe\u00fd\u00f0ingar, auk kennslu og stj\u00f3rnunar sem hann hefur annast.<\/span><\/p>\n","protected":false},"excerpt":{"rendered":"<p>&nbsp; \u00c1str\u00e1\u00f0ur Eysteinsson er pr\u00f3fessor \u00ed almennri b\u00f3kmenntafr\u00e6\u00f0i vi\u00f0 H\u00e1sk\u00f3la \u00cdslands. Hann hefur starfa\u00f0 vi\u00f0 H\u00e1sk\u00f3la \u00cdslands um \u00e1rabil, fyrst sem stundakennari \u00ed almennri b\u00f3kmenntafr\u00e6\u00f0i og ensku 1987-1988, s\u00ed\u00f0an sem lektor og d\u00f3sent \u00ed almennri b\u00f3kmenntafr\u00e6\u00f0i og fr\u00e1 1994 sem pr\u00f3fessor. Hann hefur veri\u00f0 gestapr\u00f3fessor vi\u00f0 erlenda h\u00e1sk\u00f3la og veri\u00f0 virkur \u00ed al\u00fej\u00f3\u00f0legri ranns\u00f3knasamvinnu, auk [&hellip;]<\/p>\n","protected":false},"author":156,"featured_media":0,"parent":0,"menu_order":0,"comment_status":"closed","ping_status":"closed","template":"","meta":{"footnotes":""},"class_list":["post-682","page","type-page","status-publish","hentry"],"_links":{"self":[{"href":"https:\/\/uni.hi.is\/astra\/wp-json\/wp\/v2\/pages\/682","targetHints":{"allow":["GET"]}}],"collection":[{"href":"https:\/\/uni.hi.is\/astra\/wp-json\/wp\/v2\/pages"}],"about":[{"href":"https:\/\/uni.hi.is\/astra\/wp-json\/wp\/v2\/types\/page"}],"author":[{"embeddable":true,"href":"https:\/\/uni.hi.is\/astra\/wp-json\/wp\/v2\/users\/156"}],"replies":[{"embeddable":true,"href":"https:\/\/uni.hi.is\/astra\/wp-json\/wp\/v2\/comments?post=682"}],"version-history":[{"count":22,"href":"https:\/\/uni.hi.is\/astra\/wp-json\/wp\/v2\/pages\/682\/revisions"}],"predecessor-version":[{"id":1271,"href":"https:\/\/uni.hi.is\/astra\/wp-json\/wp\/v2\/pages\/682\/revisions\/1271"}],"wp:attachment":[{"href":"https:\/\/uni.hi.is\/astra\/wp-json\/wp\/v2\/media?parent=682"}],"curies":[{"name":"wp","href":"https:\/\/api.w.org\/{rel}","templated":true}]}}