{"id":8,"date":"2009-06-29T13:48:43","date_gmt":"2009-06-29T13:48:43","guid":{"rendered":"http:\/\/skrif.hi.is\/astra\/?page_id=7"},"modified":"2021-09-12T16:57:16","modified_gmt":"2021-09-12T16:57:16","slug":"ritaskra","status":"publish","type":"page","link":"https:\/\/uni.hi.is\/astra\/ritaskra\/","title":{"rendered":"Ritaskr\u00e1"},"content":{"rendered":"<p><strong><a href=\"https:\/\/uni.hi.is\/astra\/files\/2009\/06\/modernism_150.jpg\"><img loading=\"lazy\" decoding=\"async\" class=\"alignright size-thumbnail wp-image-90\" title=\"modernism_150\" src=\"https:\/\/uni.hi.is\/astra\/files\/2009\/06\/modernism_150-150x150.jpg\" alt=\"Modernism\" width=\"150\" height=\"150\" srcset=\"https:\/\/uni.hi.is\/astra\/files\/2009\/06\/modernism_150-150x150.jpg 150w, https:\/\/uni.hi.is\/astra\/files\/2009\/06\/modernism_150.jpg 297w\" sizes=\"auto, (max-width: 150px) 100vw, 150px\" \/><\/a><\/strong><\/p>\n<p><span style=\"color: #ffffff\">.<\/span><\/p>\n<p><span style=\"color: #ffffff\">.<\/span><\/p>\n<p>Ni\u00f0urst\u00f6\u00f0ur ranns\u00f3kna sinna hefur \u00c1str\u00e1\u00f0ur \u00fdmist birt \u00e1 \u00edslensku e\u00f0a ensku, en auk \u00feess hefur hann sinnt fr\u00e6\u00f0ilegri ritstj\u00f3rn, b\u00e6\u00f0i heima og erlendis. Yfirlit um ritverk hans og fyrirlestra m\u00e1 finna me\u00f0 \u00fev\u00ed a\u00f0 \u00fdta \u00e1 flipana h\u00e9r fyrir ofan (e\u00f0a h\u00e9r \u00e1 eftir: <a href=\"https:\/\/uni.hi.is\/astra\/ritaskra\/b%c3%a6kur-og-ritstjorn\/\">B\u00e6kur og ritstj\u00f3rn<\/a>, <a href=\"https:\/\/uni.hi.is\/astra\/ritaskra\/greinar-i-bokum\/\">Greinar \u00ed t\u00edmaritum og b\u00f3kum<\/a>, <a href=\"https:\/\/uni.hi.is\/astra\/ritaskra\/fyrirlestrar\/\">Fyrirlestrar<\/a> og <a href=\"https:\/\/uni.hi.is\/astra\/ritaskra\/ritdomar-og-annad-efni\/\">Ritd\u00f3mar og anna\u00f0 efni<\/a>), en uppl\u00fdsingar um pr\u00f3fritger\u00f0ir hans eru h\u00e9r fyrir ne\u00f0an. Skr\u00e1 yfir \u00fe\u00fd\u00f0ingar hans m\u00e1 sj\u00e1 annarsta\u00f0ar \u00e1 \u00feessum vef.<\/p>\n<p>&nbsp;<\/p>\n<p>Pr\u00f3fritger\u00f0ir<\/p>\n<p>B.A.-ritger\u00f0:<\/p>\n<p>Epochendarstellungen, Politik und Kultur im Werk von Stefan Zweig, insbesondere in <em>Die Welt von Gestern<\/em>. H\u00e1sk\u00f3li \u00cdslands 1979 (\u00f3pr., 61 bls.).<\/p>\n<p>Meistarapr\u00f3fsritger\u00f0ir (tv\u00e6r, \u00fe.e. \u00ed b\u00f3kmenntafr\u00e6\u00f0i og \u00fe\u00fd\u00f0ingafr\u00e6\u00f0i):<\/p>\n<p>Critical and Theoretical Approaches to Bertolt Brecht. University of Warwick 1980 (\u00f3pr., 104 bls.).<\/p>\n<p>Translation from English Into Icelandic: Theory and Practice. University of Warwick 1980 (\u00f3pr., 80 bls.).<\/p>\n<p>Doktorsritger\u00f0:<\/p>\n<p>The Other Modernity. University of Iowa 1987 (\u00f3pr., 386 bls.).<\/p>\n","protected":false},"excerpt":{"rendered":"<p>. . Ni\u00f0urst\u00f6\u00f0ur ranns\u00f3kna sinna hefur \u00c1str\u00e1\u00f0ur \u00fdmist birt \u00e1 \u00edslensku e\u00f0a ensku, en auk \u00feess hefur hann sinnt fr\u00e6\u00f0ilegri ritstj\u00f3rn, b\u00e6\u00f0i heima og erlendis. Yfirlit um ritverk hans og fyrirlestra m\u00e1 finna me\u00f0 \u00fev\u00ed a\u00f0 \u00fdta \u00e1 flipana h\u00e9r fyrir ofan (e\u00f0a h\u00e9r \u00e1 eftir: B\u00e6kur og ritstj\u00f3rn, Greinar \u00ed t\u00edmaritum og b\u00f3kum, Fyrirlestrar [&hellip;]<\/p>\n","protected":false},"author":156,"featured_media":0,"parent":0,"menu_order":0,"comment_status":"closed","ping_status":"closed","template":"","meta":{"footnotes":""},"class_list":["post-8","page","type-page","status-publish","hentry"],"_links":{"self":[{"href":"https:\/\/uni.hi.is\/astra\/wp-json\/wp\/v2\/pages\/8","targetHints":{"allow":["GET"]}}],"collection":[{"href":"https:\/\/uni.hi.is\/astra\/wp-json\/wp\/v2\/pages"}],"about":[{"href":"https:\/\/uni.hi.is\/astra\/wp-json\/wp\/v2\/types\/page"}],"author":[{"embeddable":true,"href":"https:\/\/uni.hi.is\/astra\/wp-json\/wp\/v2\/users\/156"}],"replies":[{"embeddable":true,"href":"https:\/\/uni.hi.is\/astra\/wp-json\/wp\/v2\/comments?post=8"}],"version-history":[{"count":35,"href":"https:\/\/uni.hi.is\/astra\/wp-json\/wp\/v2\/pages\/8\/revisions"}],"predecessor-version":[{"id":1023,"href":"https:\/\/uni.hi.is\/astra\/wp-json\/wp\/v2\/pages\/8\/revisions\/1023"}],"wp:attachment":[{"href":"https:\/\/uni.hi.is\/astra\/wp-json\/wp\/v2\/media?parent=8"}],"curies":[{"name":"wp","href":"https:\/\/api.w.org\/{rel}","templated":true}]}}