{"id":9,"date":"2009-06-29T13:49:14","date_gmt":"2009-06-29T13:49:14","guid":{"rendered":"http:\/\/skrif.hi.is\/astra\/?page_id=9"},"modified":"2020-12-15T10:35:54","modified_gmt":"2020-12-15T10:35:54","slug":"kennsla","status":"publish","type":"page","link":"https:\/\/uni.hi.is\/astra\/kennsla\/","title":{"rendered":"Kennsla"},"content":{"rendered":"<p><a href=\"http:\/\/uni.hi.is\/astra\/files\/2010\/10\/logo.jpg\"><img loading=\"lazy\" decoding=\"async\" class=\"wp-image-276 alignright\" style=\"margin: 5px\" src=\"http:\/\/uni.hi.is\/astra\/files\/2010\/10\/logo-286x300.jpg\" alt=\"Merki\" width=\"146\" height=\"153\" srcset=\"https:\/\/uni.hi.is\/astra\/files\/2010\/10\/logo-286x300.jpg 286w, https:\/\/uni.hi.is\/astra\/files\/2010\/10\/logo.jpg 349w\" sizes=\"auto, (max-width: 146px) 100vw, 146px\" \/><\/a>\u00c1str\u00e1\u00f0ur hefur starfa\u00f0 vi\u00f0 H\u00e1sk\u00f3la \u00cdslands um \u00e1rabil, fyrst sem stundakennari, s\u00ed\u00f0an sem lektor og d\u00f3sent og fr\u00e1 1994 sem pr\u00f3fessor \u00ed almennri b\u00f3kmenntafr\u00e6\u00f0i. Hann h\u00f3f kennsluferil sinn \u00ed hlutastarfi me\u00f0fram BA-n\u00e1mi vi\u00f0 H\u00e1sk\u00f3la \u00cdslands og kenndi \u00fe\u00e1 tv\u00f6 \u00e1r vi\u00f0 Brei\u00f0holtssk\u00f3la (1977 og 1978) og var \u00fe\u00fdskukennari \u00ed eitt misseri vi\u00f0 Menntask\u00f3lann vi\u00f0 Hamrahl\u00ed\u00f0 (vor\u00f6nn 1979). Hann kenndi \u00ed nokkur \u00e1r vi\u00f0 University of Iowa \u00feegar hann var \u00fear \u00ed doktorsn\u00e1mi (1982-1986). Eftir a\u00f0 hann r\u00e9\u00f0st til starfa vi\u00f0 H\u00e1sk\u00f3la \u00cdslands hefur hann dvali\u00f0 \u00ed alls fimm misseri erlendis sem gestapr\u00f3fessor \u2013 vi\u00f0 University of Iowa \u00ed Bandar\u00edkjunum, vi\u00f0 Kaupmannahafnarh\u00e1sk\u00f3la og vi\u00f0 University of Victoria \u00ed Kanada \u2013 auk skemmri heims\u00f3kna \u00ed \u00f6\u00f0rum h\u00e1sk\u00f3lum.<\/p>\n<p>Skipulag kennslu hefur veri\u00f0 drj\u00fagur \u00fe\u00e1ttur \u00ed stj\u00f3rnunarst\u00f6rfum \u00c1str\u00e1\u00f0s vi\u00f0 H\u00e1sk\u00f3la \u00cdslands fr\u00e1 upphafi. Me\u00f0al sl\u00edkra starfa m\u00e1 nefna uppbyggingu meistaran\u00e1ms \u00ed almennri b\u00f3kmenntafr\u00e6\u00f0i og \u00fer\u00f3un \u00fe\u00fd\u00f0ingafr\u00e6\u00f0i og menningarfr\u00e6\u00f0i sem n\u00e1msgreina (sem voru upphaflega kenndar \u00ed n<span style=\"font-weight: normal\">\u00e1mskei\u00f0um innan almennrar b\u00f3kmenntafr\u00e6\u00f0i). <\/span><\/p>\n<p><strong><span style=\"font-weight: normal\">Yfirlit um n\u00e1mskei\u00f0 sem \u00c1str\u00e1\u00f0ur hefur kennt \u00e1 h\u00e1sk\u00f3lastigi (og vi\u00f0 Endurmenntunarstofnun H\u00e1sk\u00f3la \u00cdslands) og um lei\u00f0s\u00f6gn hans me\u00f0 lokaritger\u00f0um m\u00e1 finna me\u00f0 \u00fev\u00ed a\u00f0 \u00fdta \u00e1 flipana h\u00e9r fyrir ofan (undir \u201eKennsla\u201c).<\/span><\/strong><\/p>\n<p>&nbsp;<\/p>\n","protected":false},"excerpt":{"rendered":"<p>\u00c1str\u00e1\u00f0ur hefur starfa\u00f0 vi\u00f0 H\u00e1sk\u00f3la \u00cdslands um \u00e1rabil, fyrst sem stundakennari, s\u00ed\u00f0an sem lektor og d\u00f3sent og fr\u00e1 1994 sem pr\u00f3fessor \u00ed almennri b\u00f3kmenntafr\u00e6\u00f0i. Hann h\u00f3f kennsluferil sinn \u00ed hlutastarfi me\u00f0fram BA-n\u00e1mi vi\u00f0 H\u00e1sk\u00f3la \u00cdslands og kenndi \u00fe\u00e1 tv\u00f6 \u00e1r vi\u00f0 Brei\u00f0holtssk\u00f3la (1977 og 1978) og var \u00fe\u00fdskukennari \u00ed eitt misseri vi\u00f0 Menntask\u00f3lann vi\u00f0 Hamrahl\u00ed\u00f0 [&hellip;]<\/p>\n","protected":false},"author":156,"featured_media":0,"parent":0,"menu_order":1,"comment_status":"closed","ping_status":"closed","template":"","meta":{"footnotes":""},"class_list":["post-9","page","type-page","status-publish","hentry"],"_links":{"self":[{"href":"https:\/\/uni.hi.is\/astra\/wp-json\/wp\/v2\/pages\/9","targetHints":{"allow":["GET"]}}],"collection":[{"href":"https:\/\/uni.hi.is\/astra\/wp-json\/wp\/v2\/pages"}],"about":[{"href":"https:\/\/uni.hi.is\/astra\/wp-json\/wp\/v2\/types\/page"}],"author":[{"embeddable":true,"href":"https:\/\/uni.hi.is\/astra\/wp-json\/wp\/v2\/users\/156"}],"replies":[{"embeddable":true,"href":"https:\/\/uni.hi.is\/astra\/wp-json\/wp\/v2\/comments?post=9"}],"version-history":[{"count":41,"href":"https:\/\/uni.hi.is\/astra\/wp-json\/wp\/v2\/pages\/9\/revisions"}],"predecessor-version":[{"id":982,"href":"https:\/\/uni.hi.is\/astra\/wp-json\/wp\/v2\/pages\/9\/revisions\/982"}],"wp:attachment":[{"href":"https:\/\/uni.hi.is\/astra\/wp-json\/wp\/v2\/media?parent=9"}],"curies":[{"name":"wp","href":"https:\/\/api.w.org\/{rel}","templated":true}]}}