{"id":955,"date":"2020-12-10T14:47:05","date_gmt":"2020-12-10T14:47:05","guid":{"rendered":"https:\/\/uni.hi.is\/astra\/?page_id=955"},"modified":"2025-06-20T13:35:26","modified_gmt":"2025-06-20T13:35:26","slug":"namskeid","status":"publish","type":"page","link":"https:\/\/uni.hi.is\/astra\/kennsla\/namskeid\/","title":{"rendered":"N\u00e1mskei\u00f0"},"content":{"rendered":"<div id=\"container\">\n<div id=\"content\">\n<div id=\"content-inner\">\n<div id=\"main\">\n<div id=\"post-9\" class=\"post\">\n<div class=\"entry\">\n<p style=\"text-align: center\"><strong>Kennsla \u00c1str\u00e1\u00f0s Eysteinssonar \u00e1 h\u00e1sk\u00f3lastigi 1982-2025<br \/>\n<\/strong>(auk n\u00e1mskei\u00f0a vi\u00f0 Endurmenntunarstofnun H\u00e1sk\u00f3la \u00cdslands)<strong><br \/>\n<\/strong><\/p>\n<p><strong><br \/>\nH\u00e1sk\u00f3li \u00cdslands:<\/strong><\/p>\n<p><strong>BA-stig:<\/strong><br \/>\nStefnur \u00ed b\u00f3kmenntafr\u00e6\u00f0i<br \/>\nB\u00f3kmenntaritger\u00f0ir<br \/>\nRitd\u00f3mar og gagnr\u00fdni<br \/>\nM\u00f3dernismi<br \/>\nSamt\u00edmab\u00f3kmenntir<br \/>\nB\u00f3kmennta\u00fe\u00fd\u00f0ingar<br \/>\nEnskar b\u00f3kmenntir II (19. og 20. \u00f6ld)<br \/>\nBandar\u00edskar b\u00f3kmenntir<br \/>\nFantas\u00edur<br \/>\nParad\u00edsarmissir Miltons og J\u00f3ns \u00deorl\u00e1kssonar (\u00e1samt Gu\u00f0na El\u00edssyni)<br \/>\nBorgin \u00ed b\u00f3kmenntum<br \/>\nS\u00f6gur og kvikmyndir<br \/>\nMenningarfr\u00e6\u00f0i<br \/>\n\u00de\u00e6ttir \u00far s\u00f6gu menningarfr\u00e6\u00f0innar<br \/>\nEyjab\u00f3kmenntir<br \/>\nB\u00f3kmenntir, menning, sta\u00f0ir<br \/>\nSk\u00e1ldsagan - form og heimur<br \/>\nLj\u00f3\u00f0, frumort og \u00fe\u00fddd (\u00e1samt Magn\u00fasi Sigur\u00f0ssyni)<br \/>\n\u00cdrskar n\u00fat\u00edmab\u00f3kmenntir (\u00e1samt Gunn\u00fe\u00f3runni Gu\u00f0mundsd\u00f3ttur)<br \/>\nFranz Kafka og fr\u00e1sagnarlistin<\/p>\n<p><strong>M\u00e1lstofur:<\/strong><br \/>\nUlysses eftir James Joyce<br \/>\nFranz Kafka<br \/>\nVirginia Woolf<br \/>\nRoland Barthes<\/p>\n<p><strong>MA-stig:<\/strong><br \/>\nM\u00f3dernismi og eftirk\u00f6st n\u00fat\u00edmans<br \/>\n\u00de\u00fd\u00f0ingafr\u00e6\u00f0i<br \/>\nBorgin \u00ed b\u00f3kmenntum og kvikmyndum<br \/>\nSta\u00f0ir og r\u00fdmi \u00ed b\u00f3kmenntum<br \/>\nB\u00f3kmenntir og lestur<br \/>\nB\u00f3kmenntir, ranns\u00f3knir og mi\u00f0lun<br \/>\nHagn\u00fdtt ranns\u00f3knan\u00e1mskei\u00f0: Alfr\u00e6\u00f0i \u00edslenskra b\u00f3kmennta<br \/>\nWalter Benjamin (\u00e1samt Benedikt Hjartarsyni)<br \/>\nSamr\u00e6\u00f0ur vi\u00f0 landslag og sta\u00f0i (\u00e1samt Katr\u00ednu Lund)<br \/>\nFer\u00f0ir og s\u00f6gur (\u00e1samt Katr\u00ednu Lund)<br \/>\nFer\u00f0ir, eyjar, s\u00f6gur (\u00e1samt Katr\u00ednu Lund og R\u00fanari Helga Vignissyni)<br \/>\nHeimur sm\u00e1s\u00f6gunnar (\u00e1samt R\u00fanari Helga Vignissyni)<br \/>\nArkitekt\u00far og b\u00f3kmenntir (\u00e1samt \u00d6nnu Mar\u00edu Bogad\u00f3ttur og David Spurr; \u00ed samstarfi vi\u00f0 Listah\u00e1sk\u00f3la \u00cdslands og Genfarh\u00e1sk\u00f3la)<br \/>\n\u00de\u00fd\u00f0ingasaga (\u00e1samt Magneu J. Matth\u00edasd\u00f3ttur)<\/p>\n<p><strong>Samvinna H\u00e1sk\u00f3la \u00cdslands og H\u00e1sk\u00f3lans \u00e1 Akureyri um kennslu \u00ed n\u00fat\u00edmafr\u00e6\u00f0i \u00e1 BA-stigi:<\/strong><br \/>\nN\u00fat\u00edmahugtaki\u00f0 (\u00e1samt Gu\u00f0mundi H\u00e1lfdanarsyni), 2002<\/p>\n<p><strong><br \/>\nVi\u00f0 erlenda h\u00e1sk\u00f3la:<\/strong><\/p>\n<p><strong>University of Iowa<\/strong> (1982-86):<br \/>\nInterpretation of Literature<br \/>\nLiterature and Anthropology: The Icelandic Sagas<br \/>\nOld Norse<br \/>\n\u00de\u00fdska (inngangsn\u00e1mskei\u00f0)<\/p>\n<p><strong>University of Iowa<\/strong> (1997):<br \/>\nTranslation Theory (MA\/PhD-stig)<br \/>\nTranslation Workshop (MA\/PhD-stig)<\/p>\n<p><strong>K\u00f8benhavns universitet<\/strong> (1997-98):<br \/>\nKafka, Modernism, and Postmodern Investigations (MA-stig)<br \/>\nLiterary Theory and Text Analysis (BA-stig)<br \/>\nTranslation Studies and the Location of Culture (MA-stig)<\/p>\n<p><strong>University of Victoria<\/strong> (2016):<br \/>\nIsland Literature [Eyjab\u00f3kmenntir] (BA-stig)<\/p>\n<p>&nbsp;<\/p>\n<p><strong>Endurmenntunarstofnun H\u00e1sk\u00f3la \u00cdslands:<\/strong><br \/>\nSagnalist samt\u00edmans<br \/>\nHalld\u00f3r Laxness (umsj\u00f3n, auk kennslu a\u00f0 hluta)<br \/>\n<em>\u00d3dysseifur<\/em> eftir James Joyce (\u00e1samt Halld\u00f3ri Gu\u00f0mundssyni)<br \/>\nEvr\u00f3pska sk\u00e1ldsagan (umsj\u00f3n \u00e1samt Halld\u00f3ri Gu\u00f0mundssyni, auk kennslu a\u00f0 hluta)<br \/>\nErnest Hemingway<\/p>\n<div><\/div>\n<\/div>\n<\/div>\n<div id=\"navigation\"><\/div>\n<\/div>\n<div><\/div>\n<\/div>\n<\/div>\n<\/div>\n<div id=\"footer\"><\/div>\n","protected":false},"excerpt":{"rendered":"<p>Kennsla \u00c1str\u00e1\u00f0s Eysteinssonar \u00e1 h\u00e1sk\u00f3lastigi 1982-2025 (auk n\u00e1mskei\u00f0a vi\u00f0 Endurmenntunarstofnun H\u00e1sk\u00f3la \u00cdslands) H\u00e1sk\u00f3li \u00cdslands: BA-stig: Stefnur \u00ed b\u00f3kmenntafr\u00e6\u00f0i B\u00f3kmenntaritger\u00f0ir Ritd\u00f3mar og gagnr\u00fdni M\u00f3dernismi Samt\u00edmab\u00f3kmenntir B\u00f3kmennta\u00fe\u00fd\u00f0ingar Enskar b\u00f3kmenntir II (19. og 20. \u00f6ld) Bandar\u00edskar b\u00f3kmenntir Fantas\u00edur Parad\u00edsarmissir Miltons og J\u00f3ns \u00deorl\u00e1kssonar (\u00e1samt Gu\u00f0na El\u00edssyni) Borgin \u00ed b\u00f3kmenntum S\u00f6gur og kvikmyndir Menningarfr\u00e6\u00f0i \u00de\u00e6ttir \u00far s\u00f6gu menningarfr\u00e6\u00f0innar Eyjab\u00f3kmenntir [&hellip;]<\/p>\n","protected":false},"author":156,"featured_media":0,"parent":9,"menu_order":0,"comment_status":"closed","ping_status":"closed","template":"","meta":{"footnotes":""},"class_list":["post-955","page","type-page","status-publish","hentry"],"_links":{"self":[{"href":"https:\/\/uni.hi.is\/astra\/wp-json\/wp\/v2\/pages\/955","targetHints":{"allow":["GET"]}}],"collection":[{"href":"https:\/\/uni.hi.is\/astra\/wp-json\/wp\/v2\/pages"}],"about":[{"href":"https:\/\/uni.hi.is\/astra\/wp-json\/wp\/v2\/types\/page"}],"author":[{"embeddable":true,"href":"https:\/\/uni.hi.is\/astra\/wp-json\/wp\/v2\/users\/156"}],"replies":[{"embeddable":true,"href":"https:\/\/uni.hi.is\/astra\/wp-json\/wp\/v2\/comments?post=955"}],"version-history":[{"count":13,"href":"https:\/\/uni.hi.is\/astra\/wp-json\/wp\/v2\/pages\/955\/revisions"}],"predecessor-version":[{"id":1273,"href":"https:\/\/uni.hi.is\/astra\/wp-json\/wp\/v2\/pages\/955\/revisions\/1273"}],"up":[{"embeddable":true,"href":"https:\/\/uni.hi.is\/astra\/wp-json\/wp\/v2\/pages\/9"}],"wp:attachment":[{"href":"https:\/\/uni.hi.is\/astra\/wp-json\/wp\/v2\/media?parent=955"}],"curies":[{"name":"wp","href":"https:\/\/api.w.org\/{rel}","templated":true}]}}