{"id":957,"date":"2020-12-10T14:49:06","date_gmt":"2020-12-10T14:49:06","guid":{"rendered":"https:\/\/uni.hi.is\/astra\/?page_id=957"},"modified":"2023-07-12T14:57:55","modified_gmt":"2023-07-12T14:57:55","slug":"ba-ritgerdir","status":"publish","type":"page","link":"https:\/\/uni.hi.is\/astra\/kennsla\/ba-ritgerdir\/","title":{"rendered":"BA-ritger\u00f0ir"},"content":{"rendered":"<p style=\"text-align: center\"><strong>\u00c1str\u00e1\u00f0ur Eysteinsson \u00a0\u2013 \u00a0Umsj\u00f3n me\u00f0 BA-ritger\u00f0um vi\u00f0 H\u00e1sk\u00f3la \u00cdslands<\/strong><\/p>\n<p>&nbsp;<\/p>\n<p>Freyr \u00deorm\u00f3\u00f0sson: <em>Bi\u00f0-leikur or\u00f0a. Samr\u00e6\u00f0ur andst\u00e6\u00f0na \u00ed verkum Samuels Beckett<\/em>. Almenn b\u00f3kmenntafr\u00e6\u00f0i 1987.<\/p>\n<p>Kristinn Sigurj\u00f3nsson: <em>\u201e\u00e9g er fullur af lj\u00f3\u00f0i\u201c. Um lj\u00f3\u00f0 \u00cdsaks Har\u00f0arsonar<\/em>. Almenn b\u00f3kmenntafr\u00e6\u00f0i 1988.<\/p>\n<p>Gar\u00f0ar Baldvinsson: <em>A\u00f0eins sj\u00e1lfur er samur, en annar jafn. \u00deankar um \u00fe\u00fd\u00f0ingar \u00e1 \u00feremur sk\u00e1lds\u00f6gum bandar\u00edskra bl\u00f6kkukvenna<\/em>. Almenn b\u00f3kmenntafr\u00e6\u00f0i 1989.<\/p>\n<p>Birna Bjarnad\u00f3ttir: <em>Vonleysi fr\u00e1sagnarinnar. Um st\u00f6\u00f0u h\u00f6fundarins \u00ed verkinu<\/em>. Almenn b\u00f3kmenntafr\u00e6\u00f0i 1990.<\/p>\n<p>\u00deorsteinn J. Vilhj\u00e1lmsson: <em>Ma\u00f0urinn er alltaf einn. Um einsemdina \u00ed ein\u00fe\u00e1ttungum Samuel Becketts<\/em>. Almenn b\u00f3kmenntafr\u00e6\u00f0i 1990.<\/p>\n<p>Jakob\u00edna Sveinsd\u00f3ttir: <em>\u201eHalld\u00f3r Kiljan og Gerpla hans\u201c<\/em>. Almenn b\u00f3kmenntafr\u00e6\u00f0i 1990.<\/p>\n<p>Jakob Bjarnar Gr\u00e9tarsson. <em>Ekki hl\u00e6ja \u2013 brandarinn er ekki b\u00fainn. Um h\u00famor og vald \u00ed leikritum Harold Pinters.<\/em> Almenn b\u00f3kmenntafr\u00e6\u00f0i 1990 (me\u00f0lei\u00f0beinandi: Martin Regal).<\/p>\n<p>Krist\u00edn Birgisd\u00f3ttir: <em>Veldi f\u00edflsins. Or\u00f0r\u00e6\u00f0a f\u00edflsins k\u00f6nnu\u00f0 me\u00f0 hli\u00f0sj\u00f3n af \u00feremur b\u00f3kmenntaverkum: L\u00e9 konungi, Tr\u00fa\u00f0inum og Endatafli<\/em>. Almenn b\u00f3kmenntafr\u00e6\u00f0i 1990.<\/p>\n<p>Sigur\u00f0ur Ing\u00f3lfsson: <em>Le\u00f0urbl\u00f6kur, Ofurmenni og a\u00f0rar hetjur \u00ed teiknis\u00f6gum<\/em>. Almenn b\u00f3kmenntafr\u00e6\u00f0i 1990.<\/p>\n<p>Einar Falur Ing\u00f3lfsson: <em>Heimum m\u00e1 alltaf breyta. Umhverfis lj\u00f3\u00f0 og pr\u00f3saverk Gyr\u00f0is El\u00edassonar, me\u00f0 \u00e1herslu \u00e1 hi\u00f0 s\u00ed\u00f0arnefnda<\/em>. Almenn b\u00f3kmenntafr\u00e6\u00f0i 1990.<\/p>\n<p>Vala Magnad\u00f3ttir: <em>\"A fine wind is blowing in the new direction of time\". On Time and Narrative Presentation in Three Works by Dennis Potter.<\/em> Enska 1990.<\/p>\n<p>\u00dalfhildur Dagsd\u00f3ttir: <em>Fugl \u00e1 grein. Sj\u00f3n og er\u00f3t\u00edk<\/em>. Almenn b\u00f3kmenntafr\u00e6\u00f0i 1991.<\/p>\n<p>Arn\u00f3r G\u00edsli \u00d3lafsson: <em>Samb\u00fdli. Um rauns\u00e6i og m\u00f3dernisma \u00ed<\/em> Hjarta\u00f0 b\u00fdr enn \u00ed helli s\u00ednum <em>eftir Gu\u00f0berg Bergsson<\/em>. Almenn b\u00f3kmenntafr\u00e6\u00f0i 1991.<\/p>\n<p>Gu\u00f0r\u00fan \u00c1g\u00fasta Gu\u00f0mundsd\u00f3ttir: <em>F\u00f6tlun, samf\u00e9lag og b\u00f3kmenntir \u2013 me\u00f0 s\u00e9rstakri \u00e1herslu \u00e1 <\/em>My Left Foot<em> eftir Christy Brown<\/em>. Almenn b\u00f3kmenntafr\u00e6\u00f0i 1991.<\/p>\n<p>Sigurlaug Anna Gunnarsd\u00f3ttir: <em>\u201eEinl\u00e6gt er \u00fea\u00f0 sk\u00e1ldskapurinn sem \u00e1 seinasta or\u00f0i\u00f0\u201c. Athugun \u00e1 hlutverki og fr\u00e1sagnarst\u00f6\u00f0u s\u00f6gumanns \u00ed <\/em>Turninum \u00e1 heimsenda<em> og fleiri s\u00f6gum eftir William Heinesen<\/em>. Almenn b\u00f3kmenntafr\u00e6\u00f0i 1991.<\/p>\n<p>Eir\u00edkur Gu\u00f0mundsson: <em>\u201e\u00c9g tek jassband frammyfir einglah\u00f6rpur\u201c. Um list, tr\u00fa, sj\u00e1lfhverfar s\u00f6guhetjur og sameiginlegan merkingarheim tveggja sk\u00e1ldsagna, <\/em>A Portrait of the Artist as a Young Man<em> eftir James Joyce og <\/em>Vefarinn mikli fr\u00e1 Kasm\u00edr<em> eftir Halld\u00f3r Laxness<\/em>. Almenn b\u00f3kmenntafr\u00e6\u00f0i 1991.<\/p>\n<p>Arnar Gu\u00f0mundsson: <em>P\u00f3lit\u00edsk b\u00f3kmenntafr\u00e6\u00f0i. \u00cdslensk \u00fe\u00fd\u00f0ing \u00e1 samnefndri ritger\u00f0 eftir Terry Eagleton \u00e1samt huglei\u00f0ingum um heimspekilegan grundv\u00f6ll p\u00f3lit\u00edskrar menningarr\u00fdni.<\/em> Almenn b\u00f3kmenntafr\u00e6\u00f0i 1991.<\/p>\n<p>Gunn\u00fe\u00f3runn Gu\u00f0mundsd\u00f3ttir: <em>Har\u00f0so\u00f0na hetjan\u00a0kve\u00f0ur. Um <\/em>The Long Good-Bye <em>eftir Raymond Chandler \u00ed lj\u00f3si kenninga um b\u00f3kmenntagreinar.<\/em> Almenn b\u00f3kmenntafr\u00e6\u00f0i 1992 (me\u00f0lei\u00f0beinandi: Halld\u00f3r Gu\u00f0mundsson).<\/p>\n<p>El\u00edn L\u00e1ra J\u00f3nsd\u00f3ttir: <em>Heimssk\u00f6pun og \u00fer\u00e1. Fantas\u00edan \u00ed <\/em>Elsku M\u00ed\u00f3 minn<em>\u00a0og\u00a0<\/em>Br\u00f3\u00f0ir minn Lj\u00f3nshjarta<em> eftir Astrid Lindgren<\/em>. Almenn b\u00f3kmenntafr\u00e6\u00f0i 1992.<\/p>\n<p>\u00de\u00f3rn\u00fd\u00a0Hlynsd\u00f3ttir: <em>Er nokkurn t\u00edma\u00a0hugsa\u00f0 um a\u00f0 hl\u00e6ja? Um hl\u00e1tur \u00ed verkum Fran\u00e7ois Rabelais, Umbertos Ecos og Milans Kunder<\/em>a. Almenn b\u00f3kmenntafr\u00e6\u00f0i 1992.<\/p>\n<p>\u00de\u00f3rarinn Torfason: <em>Ferill V\u00e9steins L\u00fa\u00f0v\u00edkssonar. Samfella e\u00f0a k\u00favendingar? <\/em>Almenn b\u00f3kmenntafr\u00e6\u00f0i 1992.<\/p>\n<p>Krist\u00edna\u00a0Benedikz: <em>The Razor Edge\u00a0of Balance between Two Opposite Forces. The Ramsay's Marriage in<\/em> To the Lighthouse. Enska 1992.<\/p>\n<p>\u00c1str\u00ed\u00f0ur El\u00edn J\u00f3nsd\u00f3ttir: <em>Modernism and the Narrative Structure of<\/em> To the Lighthouse. Enska 1993.<\/p>\n<p>Martin Ringmar: <em>\u00de\u00fd\u00f0ing \u00e1n frumtexta. Um \u00edslenska \u00fe\u00fd\u00f0ingu <\/em>\u00d3\u00feekkta hermannsins<em> eftir V\u00e4in\u00f6 Linna.<\/em> \u00cdslenska 1993.<\/p>\n<p>S\u00f3lveig Sigr. J\u00f3nasd\u00f3ttir: <em>S\u00f6gur af sk\u00edtas\u00e1lum. Gr\u00f3teska \u00ed verkum Gu\u00f0bergs Bergssonar.<\/em> Almenn b\u00f3kmenntafr\u00e6\u00f0i 1993.<\/p>\n<p>\u00d3l\u00f6f Hildur Jensd\u00f3ttir [L\u00f3a Ald\u00edsard\u00f3ttir]: <em>\u201eLiggjandi lygi of bellir\u201c. Um \u00edslenskar \u00fe\u00fd\u00f0ingar \u00e1 fj\u00f3rum \u00cdslendinga\u00fe\u00e1ttum og \u00derymskvi\u00f0u<\/em>. \u00cdslenska 1993.<\/p>\n<p>\u00c1ki Gu\u00f0ni Karlsson: <em>Myndm\u00e1l og fornegypskar b\u00f3kmenntir<\/em>. Almenn b\u00f3kmenntafr\u00e6\u00f0i 1993.<\/p>\n<p>Halla Sverrisd\u00f3ttir: <em>\u201eSannarlega lifi \u00e9g \u00e1 myrkum t\u00edmum!\u201c Um leikh\u00fas Bertolts Brecht<\/em>. Almenn b\u00f3kmenntafr\u00e6\u00f0i 1993.<\/p>\n<p>\u00deorkell M\u00e1r Ing\u00f3lfsson: <em>Ind\u00ed\u00e1nar og b\u00f3kmenntir. Um \u00edmynd og sk\u00e1ldskap bandar\u00edskra frumbyggja<\/em>. Almenn b\u00f3kmenntafr\u00e6\u00f0i 1993.<\/p>\n<p>Gunnar \u00deorri \u00deorleifsson: <em>Utangar\u00f0sb\u00f3kmenntir<\/em>. Almenn b\u00f3kmenntafr\u00e6\u00f0i 1993.<\/p>\n<p>Pjetur St. Arason: <em>\u00c1l\u00f6g f\u00edknar og fantas\u00edu. Um William S. Burroughs og<\/em> The Naked Lunch. Almenn b\u00f3kmenntafr\u00e6\u00f0i 1993.<\/p>\n<p>Haukur \u00c1stvaldsson: <em>Ma\u00f0urinn er alltaf \u00ed mi\u00f0junni. Um \u00e6viupprifjun Artemio Cruz \u00ed<\/em> La Muerte de Artemio Cruz <em>eftir Carlos Fuentes<\/em>. Almenn b\u00f3kmenntafr\u00e6\u00f0i 1993.<\/p>\n<p>Brynhildur Bj\u00f6rnsd\u00f3ttir: <em>\u00c1 gr\u00e1u sv\u00e6\u00f0i. Um g\u00e6\u00f0a- og gildishugtaki\u00f0 \u00ed b\u00f3kmenntum me\u00f0 hli\u00f0sj\u00f3n af d\u00e6gurb\u00f3kmenntum og fagurb\u00f3kmenntum.<\/em> Almenn b\u00f3kmenntafr\u00e6\u00f0i 1993.<\/p>\n<p>Helga Hla\u00f0ger\u00f0ur L\u00fathers: <em>D\u00fdrsleg sk\u00f6pun dau\u00f0ans. Um margv\u00edslegar birtingarmyndir l\u00edkamans, d\u00fdrsins og dau\u00f0ans \u00ed holdlegum sk\u00e1ldskap<\/em>. Almenn b\u00f3kmenntafr\u00e6\u00f0i 1993.<\/p>\n<p>Mar\u00edn Gu\u00f0r\u00fan Hrafnsd\u00f3ttir: <em>\u201eoft er annar himinn allt sem \u00fearf\u201c. Hugmyndafr\u00e6\u00f0in a\u00f0 baki <\/em>Zomb\u00edlj\u00f3\u00f0um<em> Sigf\u00fasar Bjartmarssonar.<\/em> Almenn b\u00f3kmenntafr\u00e6\u00f0i 1993.<\/p>\n<p>Ingunn Stef\u00e1nsd\u00f3ttir: <em>A Castle or a Cage? Virginia Woolf<\/em><em>\u02bc<\/em><em>s Narrative Characteristics and Symbolism in her Characterization of Mrs. Ramsay in<\/em> To the Lighthouse. Enska 1993.<\/p>\n<p>Magn\u00fas \u00de\u00f3r \u00deorbergsson: <em>\u00cd leikh\u00fasi textanna. Um tengsl leikrits og leiks\u00fdningar<\/em>. Almenn b\u00f3kmenntafr\u00e6\u00f0i 1994.<\/p>\n<p>J\u00f3n Marin\u00f3 S\u00e6varsson: <em>Svi\u00f0setning og undankomulei\u00f0. Um leikr\u00e6na formger\u00f0 \u00ed s\u00f6gum Franz Kafka<\/em>. Almenn b\u00f3kmenntafr\u00e6\u00f0i 1994.<\/p>\n<p>Gu\u00f0r\u00fan D\u00eds J\u00f3natansd\u00f3ttir: <em>og bl\u00f3m sverja engum hollustu s\u00edna. Um \u00fe\u00fd\u00f0ingu \u00feriggja sm\u00e1sagna eftir Alice Walker<\/em>. Almenn b\u00f3kmenntafr\u00e6\u00f0i 1994.<\/p>\n<p>J\u00f3n Gunnar \u00deorsteinsson: <em>Virkur lestur textans. <\/em>S\/Z<em> og \u201eSarrasine\u201c<\/em>. Almenn b\u00f3kmenntafr\u00e6\u00f0i 1995.<\/p>\n<p>J\u00f3n Yngvi J\u00f3hannsson: <em>\u201e\u00dev\u00edl\u00edkir herrar!\u201c Um l\u00edkamann og mynd (karl)mannsins \u00ed verkum \u00de\u00f3rbergs \u00de\u00f3r\u00f0arsonar.<\/em> Almenn b\u00f3kmenntafr\u00e6\u00f0i 1995.<\/p>\n<p>Krist\u00edn Vi\u00f0arsd\u00f3ttir: <em>St\u00falkur \u00ed innheimum. Um sk\u00e1lds\u00f6gurnar<\/em> \u00c9g heiti \u00cdsbj\u00f6rg, \u00e9g er lj\u00f3n <em>og<\/em> St\u00falkan \u00ed sk\u00f3ginum <em>eftir Vigd\u00edsi Gr\u00edmsd\u00f3ttur<\/em>. Almenn b\u00f3kmenntafr\u00e6\u00f0i 1995.<\/p>\n<p>Magn\u00fas Gu\u00f0mundsson: <em>\u201eVi\u00f0 hengjum okkur \u00e1 morgun.\u201c Um \u00fe\u00e1tt k\u00f3med\u00edunnar \u00ed leikriti Samuel Beckett,<\/em> Waiting for Godot. Almenn b\u00f3kmenntafr\u00e6\u00f0i 1995.<\/p>\n<p>Sif R\u00edkhar\u00f0sd\u00f3ttir: <em>Or\u00f0r\u00e6\u00f0a fr\u00e1sagnarinnar. Um formger\u00f0arstefnu og fr\u00e1sagnarfr\u00e6\u00f0i<\/em>. Almenn b\u00f3kmenntafr\u00e6\u00f0i 1996.<\/p>\n<p>Gauti Sig\u00fe\u00f3rsson: <em>\u00c1t\u00f6kin vi\u00f0 n\u00fat\u00edmann. Einar Benediktsson, Sigur\u00f0ur Nordal, Halld\u00f3r Laxness og n\u00fat\u00edmav\u00e6\u00f0ing \u00edslenskrar menningar<\/em>. Almenn b\u00f3kmenntafr\u00e6\u00f0i 1996.<\/p>\n<p>\u00c1sta Vigd\u00eds J\u00f3nsd\u00f3ttir: <em>Sk\u00e1ldsagan sem tilverul\u00edkan. Tilvist og t\u00edmi \u00ed sk\u00e1lds\u00f6gunni <\/em>Me\u00f0 h\u00e6g\u00f0<em> eftir Milan Kundera<\/em>. Almenn b\u00f3kmenntafr\u00e6\u00f0i 1996.<\/p>\n<p>\u00c1rni P\u00e9tur Reynisson: <em>Sj\u00f3r, t\u00e1r og brenniv\u00edn. Um <\/em>\u00e1stars\u00f6gu<em> Steinars Sigurj\u00f3nssonar<\/em>. Almenn b\u00f3kmenntafr\u00e6\u00f0i 1996.<\/p>\n<p>Stef\u00e1n Baldur \u00c1rnason: <em>Allegor\u00eda \u00ed \u00edslensku samhengi. Vi\u00f0t\u00f6kur <\/em>Leigjandans<em> eftir Sv\u00f6vu Jakobsd\u00f3ttur.<\/em> Almenn b\u00f3kmenntafr\u00e6\u00f0i 1996.<\/p>\n<p>Sigr\u00ed\u00f0ur D\u00f6gg Au\u00f0unsd\u00f3ttir: A\u00f0 klippa \u00e1 strenginn. <em>Um sj\u00e1lfsmynd og samband m\u00e6\u00f0gna \u00ed <\/em>Hjartasta\u00f0<em> eftir Steinunni Sigur\u00f0ard\u00f3ttur.<\/em> Almenn b\u00f3kmenntafr\u00e6\u00f0i 1996 (me\u00f0lei\u00f0beinandi: Helga Kress)<\/p>\n<p>Krist\u00f3fer Ingi Svavarsson: <em>Bar\u00e1ttan um merkinguna. Um togstreitu hef\u00f0bundinnar or\u00f0r\u00e6\u00f0u um \u201e\u00cdslendingas\u00f6gurnar\u201c og n\u00fdrri vi\u00f0horfa sem leitast vi\u00f0 a\u00f0 afbyggja hana<\/em>. Almenn b\u00f3kmenntafr\u00e6\u00f0i 1997.<\/p>\n<p>Ragna Haraldsd\u00f3ttir: <em>\u201eSamr\u00e6\u00f0a N\u00e1tt\u00farunnar og \u00cdslendings\u201c. A\u00f0 \u00fe\u00fd\u00f0a \u00far \u00edt\u00f6lsku<\/em>. Almenn b\u00f3kmenntafr\u00e6\u00f0i 1997.<\/p>\n<p>Svanhildur Eir\u00edksd\u00f3ttir<em>: Fer\u00f0ir um \u00f3ralangar skuggahei\u00f0ar. Birtingarmyndir dau\u00f0ans \u00ed verkum Gyr\u00f0is El\u00edassonar<\/em>. Almenn b\u00f3kmenntafr\u00e6\u00f0i 1999.<\/p>\n<p>El\u00edn Gar\u00f0arsd\u00f3ttir: <em>Broth\u00e6tt g\u00e6fa. Um \u00e6vint\u00fdri, \u00d6skubusku og hamingju\u00f3sk<\/em>. Almenn b\u00f3kmenntafr\u00e6\u00f0i 2000.<\/p>\n<p>Bjarki Valt\u00fdsson: <em>Bannf\u00e6ring borgarinnar. Fer\u00f0 \u00edslenskrar n\u00fat\u00edmavitundar fr\u00e1 <\/em>Barni n\u00e1tt\u00farunnar<em> til <\/em>Barna n\u00e1tt\u00farunnar. Almenn b\u00f3kmenntafr\u00e6\u00f0i 2000.<\/p>\n<p>Lyd\u00eda \u00d3sk \u00d3skarsd\u00f3ttir: <em>\u00dea\u00f0 var einu sinni ma\u00f0ur einn \u2026. \u00de\u00fd\u00f0ing \u00e1 <\/em>Einer<em> eftir Christine N\u00f6stlinger<\/em>. Almenn b\u00f3kmenntafr\u00e6\u00f0i 2000.<\/p>\n<p>Sunna Hl\u00edn J\u00f3hannesd\u00f3ttir: Falskur fugl<em> eftir Mikael Torfason \u2013 marka\u00f0sfyrirb\u00e6ri e\u00f0a listaverk?<\/em> Almenn b\u00f3kmenntafr\u00e6\u00f0i 2000.<\/p>\n<p>\u00c1sta Krist\u00edn Hauksd\u00f3ttir: <em>\u00de\u00fd\u00f0ingar \u00e1 kvikmyndum og sj\u00f3nvarpsefni<\/em>. \u00cdslenska 2001.<\/p>\n<p>Anna \u00d3laf\u00eda Gu\u00f0nad\u00f3ttir: <em>\u201eMilli heys og grasa\u201c. Um <\/em>Kristnihald undir J\u00f6kli<em> og t\u00falkunarvandann<\/em>. Almenn b\u00f3kmenntafr\u00e6\u00f0i 2001.<\/p>\n<p>Ingibj\u00f6rg Sigur\u00f0ard\u00f3ttir: <em>\u00d3 borg, m\u00edn borg. Um framsetningu borgarinnar me\u00f0 hli\u00f0sj\u00f3n af fimm samt\u00edmas\u00f6gum<\/em>. Almenn b\u00f3kmenntafr\u00e6\u00f0i 2001.<\/p>\n<p>Ragna Bj\u00f6rt Einarsd\u00f3ttir: <em>\u201e\u00deriggja heima s\u00fdn\u201c. Um villta gaurinn Oscar Zeta Acosta og \u00e6vint\u00fdri hans.<\/em> Almenn b\u00f3kmenntafr\u00e6\u00f0i 2002.<\/p>\n<p>Laura Jotautait\u00e9: <em>T\u00f6frarauns\u00e6i og hlutverk \u00feess \u00ed tveimur kvikmyndum Fri\u00f0riks \u00de\u00f3rs Fri\u00f0rikssonar.<\/em> \u00cdslenska 2002.<\/p>\n<p>\u00de\u00f3runn Hrefna Sigurj\u00f3nsd\u00f3ttir: <em>St\u00edlisti e\u00f0a rith\u00f6fundur? Um j\u00f6\u00f0run \u00de\u00f3rbergs \u00de\u00f3r\u00f0arsonar<\/em>. Almenn b\u00f3kmenntafr\u00e6\u00f0i 2002.<\/p>\n<p>Kristr\u00fan Hei\u00f0a Hauksd\u00f3ttir: <em>Gu\u00f0um steypt. S\u00e9rsta\u00f0a leikritah\u00f6fundarins Halld\u00f3rs Laxness<\/em>. Almenn b\u00f3kmenntafr\u00e6\u00f0i 2002.<\/p>\n<p>P\u00e9tur M\u00e1r Gu\u00f0mundsson: <em>Regnbogar yfir j\u00f6r\u00f0inni. Kits \u00ed <\/em>S\u00f3lon \u00cdslandus<em> eftir Dav\u00ed\u00f0 Stef\u00e1nsson.<\/em> Almenn b\u00f3kmenntafr\u00e6\u00f0i 2002.<\/p>\n<p>\u00c1sgeir H. Ing\u00f3lfsson: <em>Samgenglar. Birtingarmyndir sj\u00e1lfa \u00ed verkum eftir Halld\u00f3r Laxness, Christopher Nolan og Karel <\/em><em>\u010c<\/em><em>apek<\/em>. Almenn b\u00f3kmenntafr\u00e6\u00f0i 2002.<\/p>\n<p>Baldur Ingi Gu\u00f0bj\u00f6rnsson: <em>\u201eAuteurinn\u201c og leikarinn Woody Allen. Athugun \u00e1 h\u00f6fundargildi kvikmyndaleikstj\u00f3ra \u00ed a\u00f0alhlutverki.<\/em> Almenn b\u00f3kmenntafr\u00e6\u00f0i 2003.<\/p>\n<p>A\u00f0alsteinn J\u00f6rundsson: <em>Hver vegur a\u00f0 heiman er vegurinn heim. \u00der\u00f3un \u00ed textum Tom Waits<\/em>. Almenn b\u00f3kmenntafr\u00e6\u00f0i 2003.<\/p>\n<p>R\u00fanar Sn\u00e6r Reynisson: <em>Skyggnig\u00e1fa vi\u00f0takandans. Um spennu \u00ed kvikmynd og texta<\/em>. Almenn b\u00f3kmenntafr\u00e6\u00f0i 2004.<\/p>\n<p>\u00deur\u00ed\u00f0ur G. \u00c1g\u00fastsd\u00f3ttir: <em>Flauelskossinn. Um kyngervi \u00ed sk\u00e1lds\u00f6gunni og sj\u00f3nvarpsmyndinni <\/em>Tipping the Velvet<em> og flutning \u00feeirra \u00e1 milli mi\u00f0la<\/em>. Almenn b\u00f3kmenntafr\u00e6\u00f0i 2004.<\/p>\n<p>Hrefna Mar\u00eda Ragnarsd\u00f3ttir: <em>\u00c6skan kv\u00f6dd. <\/em>L\u00edsa \u00ed Undralandi<em> og s\u00e1lgreining<\/em>. Almenn b\u00f3kmenntafr\u00e6\u00f0i 2004.<\/p>\n<p>Ingi Bj\u00f6rn Gu\u00f0nason: <em>Heilagur Kiljan, Hamlet og Hollywood. Um h\u00e1menningu og af\u00fereyingarmenningu \u00ed sk\u00e1lds\u00f6gunni<\/em> 101 Reykjav\u00edk. Almenn b\u00f3kmenntafr\u00e6\u00f0i 2004.<\/p>\n<p>Hei\u00f0r\u00fan H\u00f6dd Gu\u00f0mundsd\u00f3ttir: <em>Skuggamyndir l\u00edfs og listar. Um sj\u00e1lfsmyndarkreppu s\u00f6guhetju \u00ed <\/em>Far\u00f0u burt skuggi<em> eftir Steinar Sigurj\u00f3nsson.<\/em> Almenn b\u00f3kmenntafr\u00e6\u00f0i 2004.<\/p>\n<p>Ingibj\u00f6rg Helgad\u00f3ttir: <em>H\u00f6fundur \u2013 einn e\u00f0a margur? Vangaveltur um st\u00f6\u00f0u, hlutverk og vald ritstj\u00f3ra fagurb\u00f3kmennta \u00ed lj\u00f3si mismunandi hugmynda um h\u00f6fundinn<\/em>. Almenn b\u00f3kmenntafr\u00e6\u00f0i 2004.<\/p>\n<p>Hjalti Sn\u00e6r \u00c6gisson: <em>\u00cd \u00feessu lj\u00f3\u00f0i. Sj\u00e1lfsme\u00f0vitund og sk\u00e1ldveruleiki \u00ed \u00edslenskum lj\u00f3\u00f0um<\/em>. Almenn b\u00f3kmenntafr\u00e6\u00f0i 2005.<\/p>\n<p>\u00de\u00f3rd\u00eds Bj\u00f6rnsd\u00f3ttir: <em>\u00cd n\u00e6rveru dau\u00f0ans. Um nekr\u00f3f\u00edl\u00edu og sad\u00f3-mas\u00f3kisma \u00ed tveimur verkum Gu\u00f0bergs Bergssonar<\/em>. Almenn b\u00f3kmenntafr\u00e6\u00f0i 2005.<\/p>\n<p>Elmar S\u00e6mundsson: <em>R\u00fdmi<\/em> R\u00e9ttarhaldanna. <em>Leynil\u00f6greglus\u00f6gur, lestur, m\u00e1l\u00f6rv\u00e6nting og von<\/em>. Almenn b\u00f3kmenntafr\u00e6\u00f0i 2006.<\/p>\n<p>Haukur \u00d6rn Hauksson: <em>Merkingin til sta\u00f0ar. Sta\u00f0setning og merking \u00ed<\/em> Heart of Darkness. Almenn b\u00f3kmenntafr\u00e6\u00f0i 2006.<\/p>\n<p>\u00c1sa Helga Hj\u00f6rleifsd\u00f3ttir: <em>\u201eL\u00edf mitt er hiki\u00f0 fyrir f\u00e6\u00f0inguna\u201c. Horft \u00e1<\/em> Umskipti<em> Franz Kafka sem fagurfr\u00e6\u00f0ilegt lei\u00f0arminni \u00ed v\u00f6ldum kvikmyndum David Lynch.<\/em> Almenn b\u00f3kmenntafr\u00e6\u00f0i 2007.<\/p>\n<p>Magn\u00fas Sigur\u00f0sson: <em>Ezra Pound og<\/em> S\u00f6ngvarnir fr\u00e1 P\u00edsa. Almenn b\u00f3kmenntafr\u00e6\u00f0i 2007.<\/p>\n<p>Arnar Sigur\u00f0sson: <em>A\u00f0 sko\u00f0a or\u00f0in. Hugmyndafr\u00e6\u00f0i og verk Sv\u00f6vu Jakobsd\u00f3ttur.<\/em> Almenn b\u00f3kmenntafr\u00e6\u00f0i 2008.<\/p>\n<p>Dagur Reykdal Halld\u00f3rsson:<em> Inn a\u00f0 hverri hugsun. Innri einr\u00e6\u00f0a og vitundarfl\u00e6\u00f0i \u00ed tveimur m\u00f3dern\u00edskum sk\u00e1lds\u00f6gum.<\/em> Almenn b\u00f3kmenntafr\u00e6\u00f0i 2020.<\/p>\n<p>Sigr\u00fan El\u00edasd\u00f3ttir: <em>I\u00f0rin, hjarta\u00f0 og tungan. Um sj\u00e1lfsmyndina \u00ed \u201eFyrnist yfir allt\u201c eftir Sv\u00f6vu Jakobsd\u00f3ttur<\/em>. Almenn b\u00f3kmenntafr\u00e6\u00f0i 2021.<\/p>\n<p>Freyd\u00eds R\u00f3s Bjarnad\u00f3ttir: <em>Lj\u00f3\u00f0t\u00edrur \u00ed myrkrinu. Um myrkvunarlj\u00f3\u00f0list<\/em>. Almenn b\u00f3kmenntafr\u00e6\u00f0i 2022.<\/p>\n<div class=\"attr\"><\/div>\n<p>&nbsp;<\/p>\n","protected":false},"excerpt":{"rendered":"<p>\u00c1str\u00e1\u00f0ur Eysteinsson \u00a0\u2013 \u00a0Umsj\u00f3n me\u00f0 BA-ritger\u00f0um vi\u00f0 H\u00e1sk\u00f3la \u00cdslands &nbsp; Freyr \u00deorm\u00f3\u00f0sson: Bi\u00f0-leikur or\u00f0a. Samr\u00e6\u00f0ur andst\u00e6\u00f0na \u00ed verkum Samuels Beckett. Almenn b\u00f3kmenntafr\u00e6\u00f0i 1987. Kristinn Sigurj\u00f3nsson: \u201e\u00e9g er fullur af lj\u00f3\u00f0i\u201c. Um lj\u00f3\u00f0 \u00cdsaks Har\u00f0arsonar. Almenn b\u00f3kmenntafr\u00e6\u00f0i 1988. Gar\u00f0ar Baldvinsson: A\u00f0eins sj\u00e1lfur er samur, en annar jafn. \u00deankar um \u00fe\u00fd\u00f0ingar \u00e1 \u00feremur sk\u00e1lds\u00f6gum bandar\u00edskra bl\u00f6kkukvenna. Almenn [&hellip;]<\/p>\n","protected":false},"author":156,"featured_media":0,"parent":9,"menu_order":0,"comment_status":"closed","ping_status":"closed","template":"","meta":{"footnotes":""},"class_list":["post-957","page","type-page","status-publish","hentry"],"_links":{"self":[{"href":"https:\/\/uni.hi.is\/astra\/wp-json\/wp\/v2\/pages\/957","targetHints":{"allow":["GET"]}}],"collection":[{"href":"https:\/\/uni.hi.is\/astra\/wp-json\/wp\/v2\/pages"}],"about":[{"href":"https:\/\/uni.hi.is\/astra\/wp-json\/wp\/v2\/types\/page"}],"author":[{"embeddable":true,"href":"https:\/\/uni.hi.is\/astra\/wp-json\/wp\/v2\/users\/156"}],"replies":[{"embeddable":true,"href":"https:\/\/uni.hi.is\/astra\/wp-json\/wp\/v2\/comments?post=957"}],"version-history":[{"count":7,"href":"https:\/\/uni.hi.is\/astra\/wp-json\/wp\/v2\/pages\/957\/revisions"}],"predecessor-version":[{"id":1193,"href":"https:\/\/uni.hi.is\/astra\/wp-json\/wp\/v2\/pages\/957\/revisions\/1193"}],"up":[{"embeddable":true,"href":"https:\/\/uni.hi.is\/astra\/wp-json\/wp\/v2\/pages\/9"}],"wp:attachment":[{"href":"https:\/\/uni.hi.is\/astra\/wp-json\/wp\/v2\/media?parent=957"}],"curies":[{"name":"wp","href":"https:\/\/api.w.org\/{rel}","templated":true}]}}