{"id":959,"date":"2020-12-10T14:49:48","date_gmt":"2020-12-10T14:49:48","guid":{"rendered":"https:\/\/uni.hi.is\/astra\/?page_id=959"},"modified":"2022-09-19T16:32:26","modified_gmt":"2022-09-19T16:32:26","slug":"meistaraprofsritgerdir","status":"publish","type":"page","link":"https:\/\/uni.hi.is\/astra\/kennsla\/meistaraprofsritgerdir\/","title":{"rendered":"Meistarapr\u00f3fsritger\u00f0ir"},"content":{"rendered":"<p style=\"text-align: center\"><strong>\u00c1str\u00e1\u00f0ur Eysteinsson \u00a0\u2013 \u00a0Umsj\u00f3n me\u00f0 meistarapr\u00f3fsritger\u00f0um vi\u00f0 H\u00e1sk\u00f3la \u00cdslands<\/strong><\/p>\n<p>&nbsp;<\/p>\n<p>Cand.mag.-ritger\u00f0:<\/p>\n<p>Bjarki Bjarnason: <em>\u00cdslenskar \u00fe\u00fd\u00f0ingar \u00e1 fornlatneskum kve\u00f0skap. Fr\u00e1 Hugsvinsm\u00e1lum til Helga H\u00e1lfdanarsonar<\/em>. \u00cdslenskar b\u00f3kmenntir 1993.<\/p>\n<p>MA-ritger\u00f0ir:<\/p>\n<p>Benedikt Hjartarson: <em>M\u00f3tun framt\u00ed\u00f0ar. Um verkefni evr\u00f3psku fram\u00farstefnunnar<\/em>. Almenn b\u00f3kmenntafr\u00e6\u00f0i 1997.<\/p>\n<p>\u00dalfhildur Dagsd\u00f3ttir: <em>Images of Open Bodies and the Writings of Clive Barker. In the Context of Late Twentieth-Century Horror Fiction<\/em>. Almenn b\u00f3kmenntafr\u00e6\u00f0i 2001.<\/p>\n<p>Svanfr\u00ed\u00f0ur Larsen: <em>\u201eFramfarastraumur t\u00edmans\u201c. \u00de\u00fd\u00f0ingar \u00ed bl\u00f6\u00f0um og t\u00edmaritum \u00e1 \u00edslensku 1874-1910.<\/em> Almenn b\u00f3kmenntafr\u00e6\u00f0i 2003.<\/p>\n<p>Sigur\u00f0ur P\u00e1ll Gu\u00f0bjartsson: <em>Millibilsmenning. Skapandi \u00e1t\u00f6k \u00e1 m\u00f6rkum menningarheima<\/em>. Almenn b\u00f3kmenntafr\u00e6\u00f0i 2004.<\/p>\n<p>Hei\u00f0a J\u00f3hannsd\u00f3ttir: <em>Flandrarinn og fangelsisver\u00f6ldin. Um samband n\u00fat\u00edmaborgar og kvikmynda.<\/em> Almenn b\u00f3kmenntafr\u00e6\u00f0i 2004 (me\u00f0lei\u00f0beinandi \u00c1lfr\u00fan Gunnlaugsd\u00f3ttir).<\/p>\n<p>Krist\u00edn \u00c1rnad\u00f3ttir: <em>Af hverju er Erlendur svona skemmtilegur? L\u00f6greglus\u00f6gur Arnaldar Indri\u00f0asonar<\/em>. Almenn b\u00f3kmenntafr\u00e6\u00f0i 2006.<\/p>\n<p>Tryggvi M\u00e1r Gunnarsson: <em>Hin tryllta \u00e1st \u00ed t\u00edma og r\u00fami. \u00de\u00fd\u00f0ing \u00e1<\/em> L\u02bcamour<em> eftir Andr\u00e9 Breton \u00e1samt umfj\u00f6llun. <\/em>Almenn b\u00f3kmenntafr\u00e6\u00f0i 2006.<\/p>\n<p>\u00c1sger\u00f0ur \u00c1g\u00fasta J\u00f3hannsd\u00f3ttir: <em>As Chance Would Have It. Synchronicity, Chance and Coincidence in Paul Auster<\/em><em>\u02bc<\/em><em>s <\/em>The Book of Illusions<em>, <\/em>Oracle Night<em> and<\/em> The Brooklyn Follies. Enska 2008 (me\u00f0lei\u00f0beinandi Torfi H. Tulinius).<\/p>\n<p>Ingi Bj\u00f6rn Gu\u00f0nason: <em>Skrifin bakvi\u00f0 Brekkuna. Um sveitas\u00f6gu\u00fer\u00edleik J\u00f3ns Kalmans Stef\u00e1nssonar<\/em>. Almenn b\u00f3kmenntafr\u00e6\u00f0i 2009.<\/p>\n<p>J\u00f3runn Sigur\u00f0ard\u00f3ttir: <em>\u201e\u00datvarpi\u00f0 og b\u00e6kurnar\u201c. Ritger\u00f0 um \u00fatvarpi\u00f0 og hlutverk \u00feess \u00ed \u00edslenskum b\u00f3kmenntum, einkum \u00ed lj\u00f3si sviptinga \u00e1 \u00edslenskum b\u00f3kmenntavettvangi \u00e1 \u00e1runum 1952-1958<\/em>. Almenn b\u00f3kmenntafr\u00e6\u00f0i 2016.<\/p>\n<p>Arn\u00f3r Ingi Hjartarson: <em>Inn \u00ed hvern kr\u00f3k og kima. Um r\u00fdmi \u00ed <\/em>Amer\u00edku<em> eftir Franz Kafka<\/em>. Almenn b\u00f3kmenntafr\u00e6\u00f0i 2019.<\/p>\n<p>Xinyu Zhang: <em>Snerting, gj\u00f6f og n\u00f3ttin l\u00ed\u00f0ur.<\/em> \u00cdslenskar b\u00f3kmenntir 2020 (me\u00f0lei\u00f0beinandi Berglj\u00f3t Soff\u00eda Kristj\u00e1nsd\u00f3ttir).<\/p>\n<p>P\u00e9tur Krogh \u00d3lafsson: <em>Borgin hennar. Tilveran \u00ed Reykjav\u00edk \u00ed nokkrum sk\u00e1lds\u00f6gum \u00de\u00f3runnar Elfu Magn\u00fasd\u00f3ttur<\/em>. Almenn b\u00f3kmenntafr\u00e6\u00f0i 2022.<\/p>\n","protected":false},"excerpt":{"rendered":"<p>\u00c1str\u00e1\u00f0ur Eysteinsson \u00a0\u2013 \u00a0Umsj\u00f3n me\u00f0 meistarapr\u00f3fsritger\u00f0um vi\u00f0 H\u00e1sk\u00f3la \u00cdslands &nbsp; Cand.mag.-ritger\u00f0: Bjarki Bjarnason: \u00cdslenskar \u00fe\u00fd\u00f0ingar \u00e1 fornlatneskum kve\u00f0skap. Fr\u00e1 Hugsvinsm\u00e1lum til Helga H\u00e1lfdanarsonar. \u00cdslenskar b\u00f3kmenntir 1993. MA-ritger\u00f0ir: Benedikt Hjartarson: M\u00f3tun framt\u00ed\u00f0ar. Um verkefni evr\u00f3psku fram\u00farstefnunnar. Almenn b\u00f3kmenntafr\u00e6\u00f0i 1997. \u00dalfhildur Dagsd\u00f3ttir: Images of Open Bodies and the Writings of Clive Barker. In the Context of Late [&hellip;]<\/p>\n","protected":false},"author":156,"featured_media":0,"parent":9,"menu_order":0,"comment_status":"closed","ping_status":"closed","template":"","meta":{"footnotes":""},"class_list":["post-959","page","type-page","status-publish","hentry"],"_links":{"self":[{"href":"https:\/\/uni.hi.is\/astra\/wp-json\/wp\/v2\/pages\/959","targetHints":{"allow":["GET"]}}],"collection":[{"href":"https:\/\/uni.hi.is\/astra\/wp-json\/wp\/v2\/pages"}],"about":[{"href":"https:\/\/uni.hi.is\/astra\/wp-json\/wp\/v2\/types\/page"}],"author":[{"embeddable":true,"href":"https:\/\/uni.hi.is\/astra\/wp-json\/wp\/v2\/users\/156"}],"replies":[{"embeddable":true,"href":"https:\/\/uni.hi.is\/astra\/wp-json\/wp\/v2\/comments?post=959"}],"version-history":[{"count":7,"href":"https:\/\/uni.hi.is\/astra\/wp-json\/wp\/v2\/pages\/959\/revisions"}],"predecessor-version":[{"id":1093,"href":"https:\/\/uni.hi.is\/astra\/wp-json\/wp\/v2\/pages\/959\/revisions\/1093"}],"up":[{"embeddable":true,"href":"https:\/\/uni.hi.is\/astra\/wp-json\/wp\/v2\/pages\/9"}],"wp:attachment":[{"href":"https:\/\/uni.hi.is\/astra\/wp-json\/wp\/v2\/media?parent=959"}],"curies":[{"name":"wp","href":"https:\/\/api.w.org\/{rel}","templated":true}]}}