{"id":961,"date":"2020-12-10T14:50:15","date_gmt":"2020-12-10T14:50:15","guid":{"rendered":"https:\/\/uni.hi.is\/astra\/?page_id=961"},"modified":"2024-02-03T13:21:11","modified_gmt":"2024-02-03T13:21:11","slug":"doktorsritgerdir","status":"publish","type":"page","link":"https:\/\/uni.hi.is\/astra\/kennsla\/doktorsritgerdir\/","title":{"rendered":"Doktorsritger\u00f0ir"},"content":{"rendered":"<p style=\"text-align: center\"><strong>\u00c1str\u00e1\u00f0ur Eysteinsson \u00a0\u2013 \u00a0Umsj\u00f3n me\u00f0 lokaritger\u00f0um<\/strong><\/p>\n<p>&nbsp;<\/p>\n<p>Doktorsritger\u00f0ir vi\u00f0 H\u00e1sk\u00f3la \u00cdslands:<\/p>\n<p>Birna Bjarnad\u00f3ttir: <em>Holdi\u00f0 hemur andann. Um fagurfr\u00e6\u00f0i \u00ed sk\u00e1ldskap Gu\u00f0bergs Bergssonar<\/em>. \u00cdslenskar b\u00f3kmenntir 2003.<\/p>\n<p>\u00der\u00f6stur Helgason: <em>T\u00edmariti\u00f0 <\/em>Birtingur<em> og \u00edslenskur m\u00f3dernismi. L\u00edtil t\u00edmarit, landfr\u00e6\u00f0i, menningarsaga<\/em>. Almenn b\u00f3kmenntafr\u00e6\u00f0i 2015.<\/p>\n<p>Au\u00f0ur A\u00f0alsteinsd\u00f3ttir: <em>B\u00f3kmenntagagnr\u00fdni \u00e1 almannavettvangi. Vald og virkni ritd\u00f3ma \u00e1 \u00edslensku b\u00f3kmenntasvi\u00f0i<\/em>. Almenn b\u00f3kmenntafr\u00e6\u00f0i 2016.<\/p>\n<p>Magn\u00fas Sigur\u00f0sson: <em>Fegur\u00f0in \u2013 Er \u2013. Emily Dickinson \u00ed \u00edslenskum b\u00f3kmenntaheimi<\/em> (\u00e1samt vi\u00f0auka me\u00f0 lj\u00f3\u00f0a\u00fe\u00fd\u00f0ingum). Almenn b\u00f3kmenntafr\u00e6\u00f0i 2019.<\/p>\n<p>&nbsp;<\/p>\n<p>Doktorsritger\u00f0 vi\u00f0 Humboldt-h\u00e1sk\u00f3la \u00ed Berl\u00edn:<\/p>\n<p>Marion Lerner: <em>Landnahme-Mythos, kulturelles Ged\u00e4chtnis und nationale Identit\u00e4t. Deutungen im Kontext der Gr\u00fcndung von Reisevereinen in Island im fr\u00fchen 20. Jahrhundert<\/em>. Kulturwissenschaft (Nordeuropa-Institut) 2009 (me\u00f0lei\u00f0beinandi Bernd Henningsen).<\/p>\n<p>&nbsp;<\/p>\n<p>Seta \u00ed doktorsnefndum vi\u00f0 H\u00e1sk\u00f3la \u00cdslands:<\/p>\n<p>\u00d3lafur Rastrick: <em>\u00cdslensk menning og samf\u00e9lagslegt vald 1910-1930<\/em>. Sagnfr\u00e6\u00f0i 2011. A\u00f0allei\u00f0beinandi: Gu\u00f0mundur H\u00e1lfdanarson.<\/p>\n<p>Alda Bj\u00f6rk Valdimarsd\u00f3ttir: <em>\u201e\u00c9g hef lesi\u00f0 margar J\u00f6nur\u201c. H\u00f6fundarvirkni Jane Austen \u00ed \u00feremur kvennagreinum samt\u00edmans.<\/em> Almenn b\u00f3kmenntafr\u00e6\u00f0i 2014. A\u00f0allei\u00f0beinandi: Dagn\u00fd Kristj\u00e1nsd\u00f3ttir.<\/p>\n<p>Haukur Ingvarsson: <em>Or\u00f0spor Williams Faulkners \u00e1 \u00cdslandi 1930-1960<\/em>. \u00cdslenskar b\u00f3kmenntir 2020. A\u00f0allei\u00f0beinandi: J\u00f3n Karl Helgason.<\/p>\n<p>Zachary Jordan Melton: <em>An Excuse for Violence: The Viking Image, Race, and Masculinity in U.S. Popular Culture<\/em>. Almenn b\u00f3kmenntafr\u00e6\u00f0i 2023. A\u00f0allei\u00f0beinandi: J\u00f3n Karl Helgason.<\/p>\n","protected":false},"excerpt":{"rendered":"<p>\u00c1str\u00e1\u00f0ur Eysteinsson \u00a0\u2013 \u00a0Umsj\u00f3n me\u00f0 lokaritger\u00f0um &nbsp; Doktorsritger\u00f0ir vi\u00f0 H\u00e1sk\u00f3la \u00cdslands: Birna Bjarnad\u00f3ttir: Holdi\u00f0 hemur andann. Um fagurfr\u00e6\u00f0i \u00ed sk\u00e1ldskap Gu\u00f0bergs Bergssonar. \u00cdslenskar b\u00f3kmenntir 2003. \u00der\u00f6stur Helgason: T\u00edmariti\u00f0 Birtingur og \u00edslenskur m\u00f3dernismi. L\u00edtil t\u00edmarit, landfr\u00e6\u00f0i, menningarsaga. Almenn b\u00f3kmenntafr\u00e6\u00f0i 2015. Au\u00f0ur A\u00f0alsteinsd\u00f3ttir: B\u00f3kmenntagagnr\u00fdni \u00e1 almannavettvangi. Vald og virkni ritd\u00f3ma \u00e1 \u00edslensku b\u00f3kmenntasvi\u00f0i. Almenn b\u00f3kmenntafr\u00e6\u00f0i 2016. Magn\u00fas [&hellip;]<\/p>\n","protected":false},"author":156,"featured_media":0,"parent":9,"menu_order":0,"comment_status":"closed","ping_status":"closed","template":"","meta":{"footnotes":""},"class_list":["post-961","page","type-page","status-publish","hentry"],"_links":{"self":[{"href":"https:\/\/uni.hi.is\/astra\/wp-json\/wp\/v2\/pages\/961","targetHints":{"allow":["GET"]}}],"collection":[{"href":"https:\/\/uni.hi.is\/astra\/wp-json\/wp\/v2\/pages"}],"about":[{"href":"https:\/\/uni.hi.is\/astra\/wp-json\/wp\/v2\/types\/page"}],"author":[{"embeddable":true,"href":"https:\/\/uni.hi.is\/astra\/wp-json\/wp\/v2\/users\/156"}],"replies":[{"embeddable":true,"href":"https:\/\/uni.hi.is\/astra\/wp-json\/wp\/v2\/comments?post=961"}],"version-history":[{"count":4,"href":"https:\/\/uni.hi.is\/astra\/wp-json\/wp\/v2\/pages\/961\/revisions"}],"predecessor-version":[{"id":1220,"href":"https:\/\/uni.hi.is\/astra\/wp-json\/wp\/v2\/pages\/961\/revisions\/1220"}],"up":[{"embeddable":true,"href":"https:\/\/uni.hi.is\/astra\/wp-json\/wp\/v2\/pages\/9"}],"wp:attachment":[{"href":"https:\/\/uni.hi.is\/astra\/wp-json\/wp\/v2\/media?parent=961"}],"curies":[{"name":"wp","href":"https:\/\/api.w.org\/{rel}","templated":true}]}}