{"id":41,"date":"2011-07-06T12:17:04","date_gmt":"2011-07-06T12:17:04","guid":{"rendered":"http:\/\/uni.hi.is\/audurp\/?page_id=41"},"modified":"2011-07-11T12:52:59","modified_gmt":"2011-07-11T12:52:59","slug":"greinar","status":"publish","type":"page","link":"https:\/\/uni.hi.is\/audurp\/ritaskra\/greinar\/","title":{"rendered":"Greinar"},"content":{"rendered":"<p><strong>Greinar (Articles)<\/strong><\/p>\n<p><strong><span style=\"color: #990000\">2011<\/span><\/strong><\/p>\n<p>Ing\u00f3lfur \u00c1sgeir J\u00f3hannesson, Krist\u00edn Nor\u00f0dahl, Gunnhildur \u00d3skarsd\u00f3ttir, Au\u00f0ur P\u00e1lsd\u00f3ttir og Bj\u00f6rg P\u00e9tursd\u00f3ttir. Curriculum analysis and education for sustainable<strong> <\/strong>development in Iceland. <em>Environmental Education Review<\/em>, <em>17<\/em> (3), 375\u2013391. DOI: 10.1080\/13504622.2010.545872<\/p>\n<p><span style=\"color: #990000\"><strong>2010<\/strong><\/span><\/p>\n<p>Hlutverk sk\u00f3lastj\u00f3ra \u00ed menntun til sj\u00e1lfb\u00e6rni [The role of headmasters in Education for Sustainable Development]. <em>Netla, <\/em>published 31. December 2010. http:\/\/netla.khi.is\/menntakvika2010\/004.pdf<\/p>\n<p><span style=\"text-decoration: underline\">Authors: Au\u00f0ur P\u00e1lsd\u00f3ttir and Allyson Macdonald<\/span><\/p>\n<p><strong><span style=\"color: #990000\">2009 <\/span><\/strong><\/p>\n<p>Hva\u00f0 \u00feurfa einstaklingar a\u00f0 geta \u00ed sj\u00e1lfb\u00e6ru \u00fej\u00f3\u00f0f\u00e9lagi framt\u00ed\u00f0arinnar? In Gunnar \u00de\u00f3r J\u00f3hannesson og Helga Bj\u00f6rnsd\u00f3ttir (ritstj\u00f3rar), <em>Ranns\u00f3knir \u00ed f\u00e9lagsv\u00edsindum X. F\u00e9lags- og mannv\u00edsindadeild. Erindi flutt \u00e1 r\u00e1\u00f0stefnu \u00ed okt\u00f3ber 2009<\/em> (bls. 17\u201327). Reykjav\u00edk: F\u00e9lagsv\u00edsindastofnun H\u00e1sk\u00f3la \u00cdslands.<br \/>\n<span style=\"text-decoration: underline\">Authors: Au\u00f0ur P\u00e1lsd\u00f3ttir, Bj\u00f6rg P\u00e9tursd\u00f3ttir, Gunnhildur \u00d3skarsd\u00f3ttir, Ing\u00f3lfur \u00c1sgeir J\u00f3hannesson, Krist\u00edn Nor\u00f0dahl<\/span><\/p>\n<p>Hva\u00f0 gr\u00e6\u00f0um vi\u00f0 \u00e1 \u00fev\u00ed a\u00f0 gera sj\u00e1lfb\u00e6ra \u00fer\u00f3un a\u00f0 s\u00fdnilegu vi\u00f0mi\u00f0i \u00ed sk\u00f3lastarfi? Article in a conference journal in <em>Netla<\/em>, published 15. Desember 2009.<\/p>\n<p><a href=\"http:\/\/netla.khi.is\/greinar\/2009\/007\/03\/index.htm\">http:\/\/netla.khi.is\/greinar\/2009\/007\/03\/index.htm<\/a><\/p>\n<p><span style=\"text-decoration: underline\">Authors: Au\u00f0ur P\u00e1lsd\u00f3ttir, Allyson Macdonald &amp; Ing\u00f3lfur \u00c1sgeir J\u00f3hannesson.<\/span><\/p>\n<p><strong><span style=\"color: #990000\">2008<\/span><\/strong><\/p>\n<p>Writing for science and science textbooks: a case study from Iceland. In\u00a0 A. Macdonald (Ed.) <em>Planning science instruction: from insight to learning to pedagogical practice<\/em> (Proceedings of the 9th Nordic Research Symposium on Research in Science Education, 11th-15th Reykjav\u00edk 2008), full paper, pp. 35-41.<\/p>\n<p><a href=\"http:\/\/symposium9.khi.is\/webbook\/1_papers.pdf\">http:\/\/symposium9.khi.is\/webbook\/1_papers.pdf<\/a><\/p>\n<p><span style=\"text-decoration: underline\">Authors: Allyson Macdonald &amp; Au\u00f0ur P\u00e1lsd\u00f3ttir<\/span>.<\/p>\n<p>Moving into the Zone of Feasible Innovation \u2013 towards meaningful science teaching. In A. Macdonald (Ed.) <em>Planning science instruction: from insight to learning to pedagogical practice<\/em> (Proceedings of the 9th Nordic Research Symposium on Research in Science Education, 11th-15th Reykjav\u00edk 2008), full paper, pp. 58-63.<\/p>\n<p><a href=\"http:\/\/symposium9.khi.is\/webbook\/1_papers.pdf\">http:\/\/symposium9.khi.is\/webbook\/1_papers.pdf<\/a><\/p>\n<p><span style=\"text-decoration: underline\">Authors: Au\u00f0ur P\u00e1lsd\u00f3ttir &amp; Allyson Macdonald<\/span>.<\/p>\n<p><strong><span style=\"color: #990000\">2007 <\/span><\/strong><\/p>\n<p>Changing constraints on science teaching activity in Icelandic schools. A paper presented at the ESERA (European Science Education Research Association) conference in Malm\u00f6, 21.-25. \u00e1g\u00fast 2007.<\/p>\n<p><span style=\"text-decoration: underline\">Authors: Allyson Macdonald, Au\u00f0ur P\u00e1lsdottir &amp; Meyvant \u00de\u00f3rolfsson.<\/span><\/p>\n","protected":false},"excerpt":{"rendered":"<p>Greinar (Articles) 2011 Ing\u00f3lfur \u00c1sgeir J\u00f3hannesson, Krist\u00edn Nor\u00f0dahl, Gunnhildur \u00d3skarsd\u00f3ttir, Au\u00f0ur P\u00e1lsd\u00f3ttir og Bj\u00f6rg P\u00e9tursd\u00f3ttir. Curriculum analysis and education for sustainable development in Iceland. Environmental Education Review, 17 (3), 375\u2013391. DOI: 10.1080\/13504622.2010.545872 2010 Hlutverk sk\u00f3lastj\u00f3ra \u00ed menntun til sj\u00e1lfb\u00e6rni [The role of headmasters in Education for Sustainable Development]. Netla, published 31. December 2010. http:\/\/netla.khi.is\/menntakvika2010\/004.pdf Authors: [&hellip;]<\/p>\n","protected":false},"author":67,"featured_media":0,"parent":33,"menu_order":0,"comment_status":"closed","ping_status":"closed","template":"","meta":{"footnotes":""},"class_list":["post-41","page","type-page","status-publish","hentry"],"_links":{"self":[{"href":"https:\/\/uni.hi.is\/audurp\/wp-json\/wp\/v2\/pages\/41","targetHints":{"allow":["GET"]}}],"collection":[{"href":"https:\/\/uni.hi.is\/audurp\/wp-json\/wp\/v2\/pages"}],"about":[{"href":"https:\/\/uni.hi.is\/audurp\/wp-json\/wp\/v2\/types\/page"}],"author":[{"embeddable":true,"href":"https:\/\/uni.hi.is\/audurp\/wp-json\/wp\/v2\/users\/67"}],"replies":[{"embeddable":true,"href":"https:\/\/uni.hi.is\/audurp\/wp-json\/wp\/v2\/comments?post=41"}],"version-history":[{"count":5,"href":"https:\/\/uni.hi.is\/audurp\/wp-json\/wp\/v2\/pages\/41\/revisions"}],"predecessor-version":[{"id":68,"href":"https:\/\/uni.hi.is\/audurp\/wp-json\/wp\/v2\/pages\/41\/revisions\/68"}],"up":[{"embeddable":true,"href":"https:\/\/uni.hi.is\/audurp\/wp-json\/wp\/v2\/pages\/33"}],"wp:attachment":[{"href":"https:\/\/uni.hi.is\/audurp\/wp-json\/wp\/v2\/media?parent=41"}],"curies":[{"name":"wp","href":"https:\/\/api.w.org\/{rel}","templated":true}]}}