{"id":60,"date":"2011-07-11T11:46:53","date_gmt":"2011-07-11T11:46:53","guid":{"rendered":"http:\/\/uni.hi.is\/audurp\/?page_id=60"},"modified":"2011-07-11T12:40:33","modified_gmt":"2011-07-11T12:40:33","slug":"onnur-erindi","status":"publish","type":"page","link":"https:\/\/uni.hi.is\/audurp\/fyrirlestrar\/onnur-erindi\/","title":{"rendered":"\u00d6nnur erindi"},"content":{"rendered":"<p><strong>Erindi (Public talks)<\/strong><\/p>\n<p><strong><span style=\"color: #990000\">2010<\/span><\/strong><\/p>\n<p>\u201eGETA I: Menntun til sj\u00e1lfb\u00e6rni \u2013 hva\u00f0 \u00fe\u00fd\u00f0ir \u00fea\u00f0?\u201cMi\u00f0vikudagsfyrirlestur Menntav\u00edsindasvi\u00f0s H\u00cd, 28. apr\u00edl 2010. H\u00f6fundar: Au\u00f0ur P\u00e1lsd\u00f3ttir, Brynd\u00eds \u00de\u00f3risd\u00f3ttir, Ing\u00f3lfur \u00c1sgeir J\u00f3hannesson og Krist\u00edn Nor\u00f0dahl.<\/p>\n<p>\u201eGETA II: Menntun til sj\u00e1lfb\u00e6rni - \u00ed h\u00e1sk\u00f3lastarfi og s\u00edmenntun kennara og fagf\u00f3lks.\u201c\u00a0Mi\u00f0vikudagsfyrirlestur Menntav\u00edsindasvi\u00f0s H\u00cd, 5. ma\u00ed 2010. H\u00f6fundar: Allyson Macdonald, Au\u00f0ur P\u00e1lsd\u00f3ttir, Caitlin Wilson, Mary Frances Davidson og Stef\u00e1n Bergmann.<\/p>\n<p>\u201eSj\u00e1lfb\u00e6rt samf\u00e9lag: Hvers krefst \u00fea\u00f0 af sk\u00f3lum?\u201c\u00a0R\u00e1\u00f0stefna Sk\u00f3la\u00fer\u00f3unarsvi\u00f0s HA haldin \u00ed Brekkusk\u00f3la 17. apr\u00edl 2010. Au\u00f0ur P\u00e1lsd\u00f3ttir, a\u00f0junkt vi\u00f0 H\u00cd og Ing\u00f3lfur \u00c1sgeir J\u00f3hannesson, pr\u00f3fessor vi\u00f0 HA.<\/p>\n<p><strong><span style=\"color: #990000\">2009<\/span><\/strong><\/p>\n<p>Hugmyndafr\u00e6\u00f0i menntunar til sj\u00e1lfb\u00e6rrar \u00fer\u00f3unar og lei\u00f0ir vi\u00f0 sk\u00f3la\u00fer\u00f3un.\u00a0Fyrirlestur \u00e1 skipulagsdegi kennara \u00ed Hjallask\u00f3la, K\u00f3pavogi, 5. jan\u00faar 2009. \u00c1samt Ing\u00f3lfi \u00c1sgeiri J\u00f3hannessyni.<\/p>\n<p><strong><span style=\"color: #990000\">2008<\/span><\/strong><\/p>\n<p>Hva\u00f0 segja ranns\u00f3knir um \u00fatikennslu og \u00fatin\u00e1m?\u00a0Fyrirlestur fyrir kennara og stj\u00f3rnendur Flatask\u00f3la, haldinn 14. okt\u00f3ber 2008<\/p>\n<p><strong><span style=\"color: #990000\">2007<\/span><\/strong><\/p>\n<p>Vi\u00f0 erum a\u00f0 upplifa \u00e6vint\u00fdri, inngangserindi (key-note) \u00e1 r\u00e1\u00f0stefnu Samtaka um sk\u00f3la\u00fer\u00f3un um vettvangsn\u00e1m og \u00fatikennslu haldi\u00f0 \u00ed Flatask\u00f3la \u00ed Gar\u00f0ab\u00e6 13.-14. \u00e1g\u00fast 2007.<\/p>\n","protected":false},"excerpt":{"rendered":"<p>Erindi (Public talks) 2010 \u201eGETA I: Menntun til sj\u00e1lfb\u00e6rni \u2013 hva\u00f0 \u00fe\u00fd\u00f0ir \u00fea\u00f0?\u201cMi\u00f0vikudagsfyrirlestur Menntav\u00edsindasvi\u00f0s H\u00cd, 28. apr\u00edl 2010. H\u00f6fundar: Au\u00f0ur P\u00e1lsd\u00f3ttir, Brynd\u00eds \u00de\u00f3risd\u00f3ttir, Ing\u00f3lfur \u00c1sgeir J\u00f3hannesson og Krist\u00edn Nor\u00f0dahl. \u201eGETA II: Menntun til sj\u00e1lfb\u00e6rni - \u00ed h\u00e1sk\u00f3lastarfi og s\u00edmenntun kennara og fagf\u00f3lks.\u201c\u00a0Mi\u00f0vikudagsfyrirlestur Menntav\u00edsindasvi\u00f0s H\u00cd, 5. ma\u00ed 2010. H\u00f6fundar: Allyson Macdonald, Au\u00f0ur P\u00e1lsd\u00f3ttir, Caitlin Wilson, Mary [&hellip;]<\/p>\n","protected":false},"author":67,"featured_media":0,"parent":34,"menu_order":0,"comment_status":"closed","ping_status":"closed","template":"","meta":{"footnotes":""},"class_list":["post-60","page","type-page","status-publish","hentry"],"_links":{"self":[{"href":"https:\/\/uni.hi.is\/audurp\/wp-json\/wp\/v2\/pages\/60","targetHints":{"allow":["GET"]}}],"collection":[{"href":"https:\/\/uni.hi.is\/audurp\/wp-json\/wp\/v2\/pages"}],"about":[{"href":"https:\/\/uni.hi.is\/audurp\/wp-json\/wp\/v2\/types\/page"}],"author":[{"embeddable":true,"href":"https:\/\/uni.hi.is\/audurp\/wp-json\/wp\/v2\/users\/67"}],"replies":[{"embeddable":true,"href":"https:\/\/uni.hi.is\/audurp\/wp-json\/wp\/v2\/comments?post=60"}],"version-history":[{"count":4,"href":"https:\/\/uni.hi.is\/audurp\/wp-json\/wp\/v2\/pages\/60\/revisions"}],"predecessor-version":[{"id":66,"href":"https:\/\/uni.hi.is\/audurp\/wp-json\/wp\/v2\/pages\/60\/revisions\/66"}],"up":[{"embeddable":true,"href":"https:\/\/uni.hi.is\/audurp\/wp-json\/wp\/v2\/pages\/34"}],"wp:attachment":[{"href":"https:\/\/uni.hi.is\/audurp\/wp-json\/wp\/v2\/media?parent=60"}],"curies":[{"name":"wp","href":"https:\/\/api.w.org\/{rel}","templated":true}]}}