{"id":74,"date":"2011-11-10T15:14:00","date_gmt":"2011-11-10T15:14:00","guid":{"rendered":"http:\/\/uni.hi.is\/audurp\/?page_id=74"},"modified":"2011-11-10T15:53:18","modified_gmt":"2011-11-10T15:53:18","slug":"forsida","status":"publish","type":"page","link":"https:\/\/uni.hi.is\/audurp\/","title":{"rendered":"Fors\u00ed\u00f0a"},"content":{"rendered":"<p>Velkomin \u00e1 heimas\u00ed\u00f0u Au\u00f0ar P\u00e1lsd\u00f3ttur, kennara vi\u00f0 Menntav\u00edsindasvi\u00f0 H\u00e1sk\u00f3la \u00cdslands. \u00c1 flipunum h\u00e9r fyrir ofan m\u00e1 finna uppl\u00fdsingar er tengjast starfi m\u00ednu.<\/p>","protected":false},"excerpt":{"rendered":"<p>Velkomin \u00e1 heimas\u00ed\u00f0u Au\u00f0ar P\u00e1lsd\u00f3ttur, kennara vi\u00f0 Menntav\u00edsindasvi\u00f0 H\u00e1sk\u00f3la \u00cdslands. \u00c1 flipunum h\u00e9r fyrir ofan m\u00e1 finna uppl\u00fdsingar er tengjast starfi m\u00ednu.<\/p>\n","protected":false},"author":67,"featured_media":0,"parent":0,"menu_order":0,"comment_status":"closed","ping_status":"closed","template":"","meta":{"footnotes":""},"class_list":["post-74","page","type-page","status-publish","hentry"],"_links":{"self":[{"href":"https:\/\/uni.hi.is\/audurp\/wp-json\/wp\/v2\/pages\/74","targetHints":{"allow":["GET"]}}],"collection":[{"href":"https:\/\/uni.hi.is\/audurp\/wp-json\/wp\/v2\/pages"}],"about":[{"href":"https:\/\/uni.hi.is\/audurp\/wp-json\/wp\/v2\/types\/page"}],"author":[{"embeddable":true,"href":"https:\/\/uni.hi.is\/audurp\/wp-json\/wp\/v2\/users\/67"}],"replies":[{"embeddable":true,"href":"https:\/\/uni.hi.is\/audurp\/wp-json\/wp\/v2\/comments?post=74"}],"version-history":[{"count":5,"href":"https:\/\/uni.hi.is\/audurp\/wp-json\/wp\/v2\/pages\/74\/revisions"}],"predecessor-version":[{"id":88,"href":"https:\/\/uni.hi.is\/audurp\/wp-json\/wp\/v2\/pages\/74\/revisions\/88"}],"wp:attachment":[{"href":"https:\/\/uni.hi.is\/audurp\/wp-json\/wp\/v2\/media?parent=74"}],"curies":[{"name":"wp","href":"https:\/\/api.w.org\/{rel}","templated":true}]}}