{"id":84,"date":"2011-11-10T15:42:59","date_gmt":"2011-11-10T15:42:59","guid":{"rendered":"http:\/\/uni.hi.is\/audurp\/?page_id=84"},"modified":"2018-02-23T17:12:31","modified_gmt":"2018-02-23T17:12:31","slug":"84-2","status":"publish","type":"page","link":"https:\/\/uni.hi.is\/audurp\/84-2\/","title":{"rendered":"Gagnlegir vefir"},"content":{"rendered":"<p><a title=\"Menntav\u00edsindasvi\u00f0 H\u00cd\" href=\"http:\/\/www.hi.is\/menntavisindasvid\/forsida_menntavisindasvids\" target=\"_blank\" rel=\"noopener\">\u00a0Menntav\u00edsindasvi\u00f0 H\u00cd<\/a><\/p>\n<p><a title=\"A\u00f0aln\u00e1mskr\u00e1 grunnsk\u00f3la 2011\" href=\"http:\/\/www.menntamalaraduneyti.is\/utgefid-efni\/namskrar\/nr\/3953\" target=\"_blank\" rel=\"noopener\">A\u00f0aln\u00e1mskr\u00e1 grunnsk\u00f3la<\/a><\/p>\n<p>&nbsp;<\/p>\n","protected":false},"excerpt":{"rendered":"<p>\u00a0Menntav\u00edsindasvi\u00f0 H\u00cd A\u00f0aln\u00e1mskr\u00e1 grunnsk\u00f3la &nbsp;<\/p>\n","protected":false},"author":67,"featured_media":0,"parent":0,"menu_order":0,"comment_status":"closed","ping_status":"closed","template":"","meta":{"footnotes":""},"class_list":["post-84","page","type-page","status-publish","hentry"],"_links":{"self":[{"href":"https:\/\/uni.hi.is\/audurp\/wp-json\/wp\/v2\/pages\/84","targetHints":{"allow":["GET"]}}],"collection":[{"href":"https:\/\/uni.hi.is\/audurp\/wp-json\/wp\/v2\/pages"}],"about":[{"href":"https:\/\/uni.hi.is\/audurp\/wp-json\/wp\/v2\/types\/page"}],"author":[{"embeddable":true,"href":"https:\/\/uni.hi.is\/audurp\/wp-json\/wp\/v2\/users\/67"}],"replies":[{"embeddable":true,"href":"https:\/\/uni.hi.is\/audurp\/wp-json\/wp\/v2\/comments?post=84"}],"version-history":[{"count":6,"href":"https:\/\/uni.hi.is\/audurp\/wp-json\/wp\/v2\/pages\/84\/revisions"}],"predecessor-version":[{"id":135,"href":"https:\/\/uni.hi.is\/audurp\/wp-json\/wp\/v2\/pages\/84\/revisions\/135"}],"wp:attachment":[{"href":"https:\/\/uni.hi.is\/audurp\/wp-json\/wp\/v2\/media?parent=84"}],"curies":[{"name":"wp","href":"https:\/\/api.w.org\/{rel}","templated":true}]}}