{"id":1025,"date":"2013-04-16T11:57:21","date_gmt":"2013-04-16T11:57:21","guid":{"rendered":"http:\/\/uni.hi.is\/baldurt\/?page_id=1025"},"modified":"2019-01-28T11:23:54","modified_gmt":"2019-01-28T11:23:54","slug":"2013-2","status":"publish","type":"page","link":"https:\/\/uni.hi.is\/baldurt\/presentations\/2013-2\/","title":{"rendered":"2013"},"content":{"rendered":"<p><em><a href=\"http:\/\/uni.hi.is\/baldurt\/files\/2013\/10\/williams-poster.jpg\" target=\"_blank\" rel=\"noopener\">How Do Little Frogs Fly? Small States in the International System<\/a><\/em>. Lecture at Williams College, 8 October 2013.<\/p>\n<p><em>How Do Little Frogs Fly? Small States in the International System<\/em>. Lecture at the <a href=\"http:\/\/www.icelandnaturally.com\/events\/taste-of-iceland-in-new-york-2013\" target=\"_blank\" rel=\"noopener\">Icelandic American Chamber of Commerce and the Consulate General of Iceland in New York<\/a>, 4 October 2013.<\/p>\n<p><!--:en--><em>The Centre for Small State Studies and the Position of Small States in the International System.\u00a0<\/em>Speech given at the Eighth Conference of the Presidents of Parliaments of Small European States, Reykjav\u00edk, 27-30 August 2013.<\/p>\n<p><a href=\"http:\/\/uni.hi.is\/baldurt\/files\/2013\/09\/\u00e1-\u00edslensku-SCOTLAND-kennarar-by-Thorhallsson.pdf\" target=\"_blank\" rel=\"noopener\"><em>Small States in the international system and the<\/em> EU<\/a>. Lecture held for the Association of Social Sciences teachers, Reykjav\u00edk, 12. \u00e1g\u00fast 2013.<\/p>\n<p><a href=\"https:\/\/www.facebook.com\/photo.php?v=10152133556654478&amp;set=vb.736604477&amp;type=2&amp;theater\" target=\"_blank\" rel=\"noopener\"><em>Queer History Walk<\/em><\/a>. with \u00deorvaldur Kristinsson and Hilmar Magn\u00fasson. Public lecture\/walk on the history of gay rights in Iceland, Reykjav\u00edk Pride, 6 August 2013.<\/p>\n<p><em><a href=\"http:\/\/uni.hi.is\/baldurt\/files\/2013\/09\/SCOTLAND-SS-by-Thorhallsson.pdf\" target=\"_blank\" rel=\"noopener\">Scotland as an Independent Small State: Where would it seek shelter?<\/a>\u00a0<\/em>Speech given at the opening of the <em>Icelandic Review of Politics and Administration,<\/em>\u00a0University of Iceland, 26 June 2013.<\/p>\n<p><a href=\"http:\/\/uni.hi.is\/baldurt\/files\/2013\/04\/1400-1550.pdf\" target=\"_blank\" rel=\"noopener\"><em>Iceland\u2019s External Affairs from 1400 to the Reformation: Anglo-German Economic and Societal Shelter in a Danish Political Vacuum<\/em><\/a>. With \u00deorsteinn Kristinsson. Speech given at the opening of the\u00a0<em>Icelandic Review of Politics and Administration,<\/em>\u00a0University of Iceland, 26 June 2013<\/p>\n<p><em><a href=\"http:\/\/uni.hi.is\/baldurt\/files\/2013\/06\/14June-Rainbow-Revolution-by-Baldur-Thorhallsson.pdf\" target=\"_blank\" rel=\"noopener\">From Oppression to Rainbow Revolution: Queer cultural and legislative victories in Iceland<\/a>.\u00a0<\/em>Speech given at\u00a0Regional workshop, Organised by the \u201cPeople 2 People\u201d programme of the European Commission in collaboration with the Office for Human and Minority Rights of Serbia and ILGA Europe,\u00a0Belgrade, 17 \u2013 19 June 2013.<\/p>\n<p><a href=\"http:\/\/uni.hi.is\/baldurt\/files\/2013\/09\/SCOTLAND-forGreenland-by-Thorhallsson.pdf\" target=\"_blank\" rel=\"noopener\"><em>Scotland as an Independent Small State: Where would it seek shelter?<\/em><\/a>\u00a0Speech given at the University of Greenland, 21 May 2013.<\/p>\n<p><a href=\"http:\/\/www.youtube.com\/watch?v=7rxDxXd73qw\" target=\"_blank\" rel=\"noopener\"><em>Iceland\u2019s External Affairs from 1400 to the Reformation: Anglo-German Economic and Societal Shelter in a Danish Political Vacuum<\/em><\/a>. With \u00deorsteinn Kristinsson. Speech given at the annual <em>Social Science Conference<\/em>\u00a0at<em>\u00a0<\/em>Bifr\u00f6st University, 3 May 2013.<\/p>\n<p><em><a href=\"http:\/\/uni.hi.is\/baldurt\/files\/2013\/09\/SCOTLAND-by-Bailes-Thorhallsson.pdf\" target=\"_blank\" rel=\"noopener\">Scotland as an Independent Small State: Where would it seek shelter?<\/a>\u00a0<\/em>With Alyson Bailes. Lecture for Scottish officials in the Scottish government at St. Andrews house in Edinbourgh, 1 May 2013.<\/p>\n<p><em><a href=\"http:\/\/uni.hi.is\/baldurt\/files\/2013\/09\/SCOTLAND-by-Bailes-Thorhallsson.pdf\" target=\"_blank\" rel=\"noopener\">Scotland as an Independent Small State: Where would it seek shelter?<\/a>\u00a0<\/em>With Alyson Bailes. Speech given at University of St. Andrews, 30 April 2013.<\/p>\n<p><em><a href=\"http:\/\/uni.hi.is\/baldurt\/files\/2013\/05\/Speech-at-CaT.pdf\" target=\"_blank\" rel=\"noopener\">Why do some Icelanders want to join the EU and why is the present outgoing government engaged in the accession process<\/a>.\u00a0<\/em>Speech given at the Icelandic Association of Craft and Technology Industries, Reykjav\u00edk, 23 April 2013.<\/p>\n<p><a href=\"http:\/\/uni.hi.is\/baldurt\/files\/2013\/09\/1400-1550-gl\u00e6rur.pdf\" target=\"_blank\" rel=\"noopener\"><em>Iceland\u2019s External Affairs from 1400 to the Reformation: Anglo-German Economic and Societal Shelter in a Danish Political Vacuum<\/em><\/a>, with \u00deorsteinn Kristinsson, at a Research Seminar in the Faculty of Political Science, University of Iceland, 18 April 2013.<\/p>\n<p><a href=\"http:\/\/uni.hi.is\/baldurt\/files\/2013\/04\/Raeda-Baldur.pdf\" target=\"_blank\" rel=\"noopener\"><em>How do small states cope with recessions: The cases of Estonia and Iceland compared with seven corporatist small states<\/em><\/a>. Speech given at a concerence on Lithuania's presidency of the EU Council, Institute of International Relations and Political Science, Vilnius University, 9 April 2013.<\/p>\n<p><em>Icelandic General Election 2013, Political Parties and the Political Situation.\u00a0\u00a0<\/em>Lecture at Paris-Sorbonne (Sorbonne-Paris 4, Malesherbes, France), 22 March 2013.<!--:--><\/p>\n","protected":false},"excerpt":{"rendered":"<p>How Do Little Frogs Fly? Small States in the International System. Lecture at Williams College, 8 October 2013. How Do Little Frogs Fly? Small States in the International System. Lecture at the Icelandic American Chamber of Commerce and the Consulate &hellip; <a href=\"https:\/\/uni.hi.is\/baldurt\/presentations\/2013-2\/\">Continue reading <span class=\"meta-nav\">&rarr;<\/span><\/a><\/p>\n","protected":false},"author":360,"featured_media":0,"parent":40,"menu_order":85,"comment_status":"closed","ping_status":"closed","template":"","meta":{"footnotes":""},"class_list":["post-1025","page","type-page","status-publish","hentry"],"_links":{"self":[{"href":"https:\/\/uni.hi.is\/baldurt\/wp-json\/wp\/v2\/pages\/1025","targetHints":{"allow":["GET"]}}],"collection":[{"href":"https:\/\/uni.hi.is\/baldurt\/wp-json\/wp\/v2\/pages"}],"about":[{"href":"https:\/\/uni.hi.is\/baldurt\/wp-json\/wp\/v2\/types\/page"}],"author":[{"embeddable":true,"href":"https:\/\/uni.hi.is\/baldurt\/wp-json\/wp\/v2\/users\/360"}],"replies":[{"embeddable":true,"href":"https:\/\/uni.hi.is\/baldurt\/wp-json\/wp\/v2\/comments?post=1025"}],"version-history":[{"count":39,"href":"https:\/\/uni.hi.is\/baldurt\/wp-json\/wp\/v2\/pages\/1025\/revisions"}],"predecessor-version":[{"id":3429,"href":"https:\/\/uni.hi.is\/baldurt\/wp-json\/wp\/v2\/pages\/1025\/revisions\/3429"}],"up":[{"embeddable":true,"href":"https:\/\/uni.hi.is\/baldurt\/wp-json\/wp\/v2\/pages\/40"}],"wp:attachment":[{"href":"https:\/\/uni.hi.is\/baldurt\/wp-json\/wp\/v2\/media?parent=1025"}],"curies":[{"name":"wp","href":"https:\/\/api.w.org\/{rel}","templated":true}]}}