{"id":1181,"date":"2013-06-14T13:48:04","date_gmt":"2013-06-14T13:48:04","guid":{"rendered":"http:\/\/uni.hi.is\/baldurt\/?page_id=1181"},"modified":"2021-12-21T15:16:29","modified_gmt":"2021-12-21T15:16:29","slug":"lectures","status":"publish","type":"page","link":"https:\/\/uni.hi.is\/baldurt\/videos\/lectures\/","title":{"rendered":"Lectures"},"content":{"rendered":"<p>&nbsp;<\/p>\n<ul>\n<li>07.03.2019. Seminar at\u00a0NUPI on <i><a href=\"https:\/\/www.youtube.com\/watch?v=tJyAMYWXiyk\">Sheltering, Security and the Nordic States<\/a>\u00a0<\/i>with Juha Jokela, Nina Gr\u00e6ger and Kristin Haugevik. Small and middle powers like the Nordics depend on <a href=\"https:\/\/www.routledge.com\/Small-States-and-Shelter-Theory-Icelands-External-Affairs\/Thorhallsson\/p\/book\/9781138615373\">the economic, political, and societal shelter provided by larger states and international organizations to survive and prosper<\/a>. We discuss what kind of security relationships Iceland, Finland and Norway seek with great powers \u2013 such as the United States and Russia. How do Nordic states position themselves in relation to the EU and NATO? And how do they deem the potential for more Nordic security cooperation?<iframe loading=\"lazy\" title=\"Sheltering, security and small states: Nordic responses to a changing geopolitical context\" width=\"474\" height=\"267\" src=\"https:\/\/www.youtube.com\/embed\/tJyAMYWXiyk?feature=oembed\" frameborder=\"0\" allow=\"accelerometer; autoplay; clipboard-write; encrypted-media; gyroscope; picture-in-picture; web-share\" referrerpolicy=\"strict-origin-when-cross-origin\" allowfullscreen><\/iframe><\/li>\n<li>01.06.2018, Small States and the Changing Security Environment in Europe - lecture starts at approx 1 hour 6 minutes into the workshop:<br \/>\n<a href=\"https:\/\/www.facebook.com\/eers.tspmi.vu.lt\/videos\/1245798722217102\/\">https:\/\/www.facebook.com\/eers.tspmi.vu.lt\/videos\/1245798722217102\/<\/a><\/li>\n<li>10.11.2017, Defining the Small State, lecture at SALISES<br \/>\n<iframe loading=\"lazy\" title=\"Defining the Small State-lecture by Prof. Baldur Thorhallsson\" width=\"474\" height=\"356\" src=\"https:\/\/www.youtube.com\/embed\/YsmxVPF-ynE?feature=oembed\" frameborder=\"0\" allow=\"accelerometer; autoplay; clipboard-write; encrypted-media; gyroscope; picture-in-picture; web-share\" referrerpolicy=\"strict-origin-when-cross-origin\" allowfullscreen><\/iframe><\/li>\n<li>10.04.2015, Chair of Seminar on the EEA agreement at the University of Iceland<br \/>\n<iframe loading=\"lazy\" title=\"EES: \u00c1stand og \u00e1skoranir. Opinn fundur 10. apr\u00edl 2015\" width=\"474\" height=\"267\" src=\"https:\/\/www.youtube.com\/embed\/rSiAh7qhiCE?feature=oembed\" frameborder=\"0\" allow=\"accelerometer; autoplay; clipboard-write; encrypted-media; gyroscope; picture-in-picture; web-share\" referrerpolicy=\"strict-origin-when-cross-origin\" allowfullscreen><\/iframe><\/li>\n<li>27.1.2015, Public seminar in the Europe seminar series at NUPI<iframe loading=\"lazy\" title=\"How do Little Frogs fly? Small States in the European Union\" width=\"474\" height=\"267\" src=\"https:\/\/www.youtube.com\/embed\/uSH2b9rZZ5o?feature=oembed\" frameborder=\"0\" allow=\"accelerometer; autoplay; clipboard-write; encrypted-media; gyroscope; picture-in-picture; web-share\" referrerpolicy=\"strict-origin-when-cross-origin\" allowfullscreen><\/iframe><\/li>\n<li>3.7.2014, On the relationship between politics and fisheries in Iceland<br \/>\n<iframe loading=\"lazy\" title=\"Fiskvei\u00f0ar og po\u0301liti\u0301k\" width=\"474\" height=\"267\" src=\"https:\/\/www.youtube.com\/embed\/RxY78ycgYtM?feature=oembed\" frameborder=\"0\" allow=\"accelerometer; autoplay; clipboard-write; encrypted-media; gyroscope; picture-in-picture; web-share\" referrerpolicy=\"strict-origin-when-cross-origin\" allowfullscreen><\/iframe><\/li>\n<li>06.02.2014, Giving evidence to\u00a0the European and External Relations Committee of the Scottish Parliament\u00a0- <a href=\"http:\/\/www.bbc.co.uk\/democracylive\/scotland-26065875\" target=\"_blank\" rel=\"noopener\">Discussion on the role of small states in the EU - How will Scotland do as a small independent state in the Union?<\/a><br \/>\n<iframe loading=\"lazy\" title=\"European and External Relations Committee - Scottish Parliament: 6th February 2014\" width=\"474\" height=\"267\" src=\"https:\/\/www.youtube.com\/embed\/GSJjWTFKApE?feature=oembed\" frameborder=\"0\" allow=\"accelerometer; autoplay; clipboard-write; encrypted-media; gyroscope; picture-in-picture; web-share\" referrerpolicy=\"strict-origin-when-cross-origin\" allowfullscreen><\/iframe><\/li>\n<li>06.08.2013, Lecture from the<a href=\"https:\/\/www.facebook.com\/photo.php?v=10152133556654478&amp;set=vb.736604477&amp;type=2&amp;theater\" target=\"_blank\" rel=\"noopener\"> 'Queer History Walk'<\/a>, with \u00deorvaldur Kristinsson and Hilmar Magn\u00fasson, that was part of Reykjav\u00edk Pride 2013.<\/li>\n<li>17.06.2013, Speech given in Belgrade, Serbia.<a href=\"https:\/\/www.facebook.com\/photo.php?v=10152012951239478&amp;set=vb.736604477&amp;type=2&amp;theater\" target=\"_blank\" rel=\"noopener\"> 'From Oppression to Rainbow Revolution: Queer Culture and Legislative Victories in Iceland'<\/a><\/li>\n<li>03.05.2013, Lecture at Bifr\u00f6st with \u00deorsteinn Kristinsson on <a href=\"http:\/\/www.youtube.com\/watch?v=7rxDxXd73qw\" target=\"_blank\" rel=\"noopener\">Iceland's External Affairs from 1400 to the Reformation<\/a><\/li>\n<li>29.01.2009, appearance on TV news on both R\u00daV and St\u00f6\u00f0 2 (Channel 2)<br \/>\n<iframe loading=\"lazy\" title=\"Forseti \u00cdslands setur skilyr\u00f0i og r\u00e6\u00f0ir \u00feingrof\" width=\"474\" height=\"267\" src=\"https:\/\/www.youtube.com\/embed\/Y_R4UJaDRXc?feature=oembed\" frameborder=\"0\" allow=\"accelerometer; autoplay; clipboard-write; encrypted-media; gyroscope; picture-in-picture; web-share\" referrerpolicy=\"strict-origin-when-cross-origin\" allowfullscreen><\/iframe><\/li>\n<li>16.11.2008, Mannam\u00e1l<br \/>\n<iframe loading=\"lazy\" title=\"Baldur \u00de\u00f3rhallsson og Eir\u00edkur Bergmann \u00ed Mannam\u00e1li\" width=\"474\" height=\"267\" src=\"https:\/\/www.youtube.com\/embed\/6pGWG8oSfRg?feature=oembed\" frameborder=\"0\" allow=\"accelerometer; autoplay; clipboard-write; encrypted-media; gyroscope; picture-in-picture; web-share\" referrerpolicy=\"strict-origin-when-cross-origin\" allowfullscreen><\/iframe><\/li>\n<\/ul>\n<p><!--:--><\/p>\n","protected":false},"excerpt":{"rendered":"<p>&nbsp; 07.03.2019. Seminar at\u00a0NUPI on Sheltering, Security and the Nordic States\u00a0with Juha Jokela, Nina Gr\u00e6ger and Kristin Haugevik. Small and middle powers like the Nordics depend on the economic, political, and societal shelter provided by larger states and international organizations &hellip; <a href=\"https:\/\/uni.hi.is\/baldurt\/videos\/lectures\/\">Continue reading <span class=\"meta-nav\">&rarr;<\/span><\/a><\/p>\n","protected":false},"author":360,"featured_media":0,"parent":1167,"menu_order":0,"comment_status":"closed","ping_status":"closed","template":"","meta":{"footnotes":""},"class_list":["post-1181","page","type-page","status-publish","hentry"],"_links":{"self":[{"href":"https:\/\/uni.hi.is\/baldurt\/wp-json\/wp\/v2\/pages\/1181","targetHints":{"allow":["GET"]}}],"collection":[{"href":"https:\/\/uni.hi.is\/baldurt\/wp-json\/wp\/v2\/pages"}],"about":[{"href":"https:\/\/uni.hi.is\/baldurt\/wp-json\/wp\/v2\/types\/page"}],"author":[{"embeddable":true,"href":"https:\/\/uni.hi.is\/baldurt\/wp-json\/wp\/v2\/users\/360"}],"replies":[{"embeddable":true,"href":"https:\/\/uni.hi.is\/baldurt\/wp-json\/wp\/v2\/comments?post=1181"}],"version-history":[{"count":31,"href":"https:\/\/uni.hi.is\/baldurt\/wp-json\/wp\/v2\/pages\/1181\/revisions"}],"predecessor-version":[{"id":4064,"href":"https:\/\/uni.hi.is\/baldurt\/wp-json\/wp\/v2\/pages\/1181\/revisions\/4064"}],"up":[{"embeddable":true,"href":"https:\/\/uni.hi.is\/baldurt\/wp-json\/wp\/v2\/pages\/1167"}],"wp:attachment":[{"href":"https:\/\/uni.hi.is\/baldurt\/wp-json\/wp\/v2\/media?parent=1181"}],"curies":[{"name":"wp","href":"https:\/\/api.w.org\/{rel}","templated":true}]}}