{"id":119,"date":"2012-08-03T09:09:58","date_gmt":"2012-08-03T09:09:58","guid":{"rendered":"http:\/\/uni.hi.is\/baldurt\/?page_id=119"},"modified":"2014-04-01T13:58:56","modified_gmt":"2014-04-01T13:58:56","slug":"other","status":"publish","type":"page","link":"https:\/\/uni.hi.is\/baldurt\/publications\/other\/","title":{"rendered":"Other"},"content":{"rendered":"<p><!--:en--><\/p>\n<table width=\"637.0\" cellspacing=\"0\" cellpadding=\"0\">\n<tbody>\n<tr>\n<td valign=\"top\"><strong>Essays<\/strong><\/td>\n<td valign=\"top\">Ph.D.:\u00a0 The Role of Smaller States in the Decision-Making Process of the Common Agricultural Policy and the Regional Policy of the European Union.\u00a0University of Essex, England, 1999.<\/p>\n<p>MA:\u00a0 The Role of Smaller States in the European Union: The case of Ireland.\u00a0University of Essex, England, 1994.<\/td>\n<\/tr>\n<\/tbody>\n<\/table>\n<p>&nbsp;<\/p>\n<table width=\"637.0\" cellspacing=\"0\" cellpadding=\"0\">\n<tbody>\n<tr>\n<td valign=\"top\"><span style=\"color: #000000\"><strong>Report<\/strong><\/span><\/td>\n<td valign=\"top\">A participant in writing Recommendations from members of the TEPSA network<a href=\"http:\/\/www.tepsa.eu\/wp-content\/uploads\/2012\/12\/Recommendations-to-the-Lithuanian-Presidency-Final.pdf\" target=\"_blank\">\u00a0'Priorities and Challenges of the Lithuanian EU Presidency'<\/a>, June 2013.<\/p>\n<p>A participant in writing a report on information society policy for public institutions in Iceland for the Ministry of Education.\u00a0\u00a0 \u2018<em>\u00cd krafti uppl\u00fdsinga:\u00a0 Till\u00f6gur menntam\u00e1lar\u00e1\u00f0uneytisins um menntun, menningu og uppl\u00fdsingat\u00e6ki 1996 til 1999<\/em>\u2019 (Reykjav\u00edk: The Ministry of Education: 1996)<\/td>\n<\/tr>\n<\/tbody>\n<\/table>\n<p><!--:--><\/p>\n","protected":false},"excerpt":{"rendered":"<p>Essays Ph.D.:\u00a0 The Role of Smaller States in the Decision-Making Process of the Common Agricultural Policy and the Regional Policy of the European Union.\u00a0University of Essex, England, 1999. MA:\u00a0 The Role of Smaller States in the European Union: The case &hellip; <a href=\"https:\/\/uni.hi.is\/baldurt\/publications\/other\/\">Continue reading <span class=\"meta-nav\">&rarr;<\/span><\/a><\/p>\n","protected":false},"author":360,"featured_media":0,"parent":8,"menu_order":0,"comment_status":"closed","ping_status":"closed","template":"","meta":{"footnotes":""},"class_list":["post-119","page","type-page","status-publish","hentry"],"_links":{"self":[{"href":"https:\/\/uni.hi.is\/baldurt\/wp-json\/wp\/v2\/pages\/119","targetHints":{"allow":["GET"]}}],"collection":[{"href":"https:\/\/uni.hi.is\/baldurt\/wp-json\/wp\/v2\/pages"}],"about":[{"href":"https:\/\/uni.hi.is\/baldurt\/wp-json\/wp\/v2\/types\/page"}],"author":[{"embeddable":true,"href":"https:\/\/uni.hi.is\/baldurt\/wp-json\/wp\/v2\/users\/360"}],"replies":[{"embeddable":true,"href":"https:\/\/uni.hi.is\/baldurt\/wp-json\/wp\/v2\/comments?post=119"}],"version-history":[{"count":8,"href":"https:\/\/uni.hi.is\/baldurt\/wp-json\/wp\/v2\/pages\/119\/revisions"}],"predecessor-version":[{"id":1907,"href":"https:\/\/uni.hi.is\/baldurt\/wp-json\/wp\/v2\/pages\/119\/revisions\/1907"}],"up":[{"embeddable":true,"href":"https:\/\/uni.hi.is\/baldurt\/wp-json\/wp\/v2\/pages\/8"}],"wp:attachment":[{"href":"https:\/\/uni.hi.is\/baldurt\/wp-json\/wp\/v2\/media?parent=119"}],"curies":[{"name":"wp","href":"https:\/\/api.w.org\/{rel}","templated":true}]}}