{"id":138,"date":"2012-08-03T09:20:41","date_gmt":"2012-08-03T09:20:41","guid":{"rendered":"http:\/\/uni.hi.is\/baldurt\/?page_id=138"},"modified":"2019-12-18T11:33:50","modified_gmt":"2019-12-18T11:33:50","slug":"work-experience","status":"publish","type":"page","link":"https:\/\/uni.hi.is\/baldurt\/cv\/work-experience\/","title":{"rendered":"Work experience"},"content":{"rendered":"<table border=\"1\" width=\"639\" cellspacing=\"0\" cellpadding=\"0\">\n<tbody>\n<tr>\n<td><b>2014-2018<\/b><\/td>\n<td>Head of the Faculty of Political Science at the University of Iceland.<\/td>\n<\/tr>\n<tr>\n<td valign=\"top\" width=\"135\"><b>2017<\/b><\/td>\n<td valign=\"top\" width=\"504\">Leverhulme Visiting Professor, School of Law, Centre for Small States at the Queen Mary University of London<\/td>\n<\/tr>\n<tr>\n<td valign=\"top\" width=\"135\"><strong><b>Fall 2013<\/b><\/strong><\/td>\n<td valign=\"top\" width=\"504\">'Class of 1955'\u00a0Visiting Professor of International Studies at Williams College (MA, USA)<\/td>\n<\/tr>\n<tr>\n<td valign=\"top\" width=\"135\"><strong>From\u00a02013<\/strong><\/td>\n<td valign=\"top\" width=\"504\">Programme and Research Director at the Centre for Small State Studies | Institute of International Affairs, University of Iceland<\/td>\n<\/tr>\n<tr>\n<td valign=\"top\" width=\"135\"><b>2012-2014<\/b><\/td>\n<td valign=\"top\" width=\"504\">Deputy Head of Faculty\u00a0of Political Science, University of Iceland<\/td>\n<\/tr>\n<tr>\n<td valign=\"top\" width=\"135\"><b>2009-2013<\/b><\/td>\n<td valign=\"top\" width=\"504\">Alternate Member of Parliament (Al\u00feingi) for the Social Democratic Alliance<\/td>\n<\/tr>\n<tr>\n<td valign=\"top\" width=\"135\"><b>From 2008<\/b><\/td>\n<td valign=\"top\" width=\"504\">Jean Monnet Chair in European Studies, Faculty of Political Science, University\u00a0of Iceland<\/td>\n<\/tr>\n<tr>\n<td valign=\"top\" width=\"135\"><b>From 2006<\/b><\/td>\n<td valign=\"top\" width=\"504\">Professor of Political Science, Faculty of Political Science, University of Iceland<\/td>\n<\/tr>\n<tr>\n<td valign=\"top\" width=\"135\"><b>2011-2013<\/b><\/td>\n<td valign=\"top\" width=\"504\">Member of the Board of the Institute of International Affairs and the Centre for Small State Studies, University of Iceland<\/td>\n<\/tr>\n<tr>\n<td valign=\"top\" width=\"135\"><b>Spring 2011<\/b><\/td>\n<td valign=\"top\" width=\"504\">Visiting scholar at the Centre d'\u00e9tudes europ\u00e9ennes, within Sciences Po, Paris, France<\/td>\n<\/tr>\n<tr>\n<td valign=\"top\" width=\"135\"><b>Spring 2010<\/b><\/td>\n<td valign=\"top\" width=\"504\">Visiting Professor at Tallinn University of Technology, Estonia<\/td>\n<\/tr>\n<tr>\n<td valign=\"top\" width=\"135\"><b>2001 -2015<\/b><\/td>\n<td valign=\"top\" width=\"504\">Member of the Board of the Unit of Journalism and Mass Communication, School of Social Sciences, University of Iceland<\/td>\n<\/tr>\n<tr>\n<td valign=\"top\" width=\"135\"><b>From 2003<\/b><\/td>\n<td valign=\"top\" width=\"504\">Director of the Summer School for Small State Studies<\/td>\n<\/tr>\n<tr>\n<td valign=\"top\" width=\"135\"><b>From 2006<\/b><\/td>\n<td valign=\"top\" width=\"504\">Created and supervision of the Graduate Programme in International Affairs, Faculty of Political Science, University of Iceland<\/td>\n<\/tr>\n<tr>\n<td valign=\"top\" width=\"135\"><b>From 2008<\/b><\/td>\n<td valign=\"top\" width=\"504\">Member of the Board of Icelandic Student Services (F\u00e9lagsstofnun St\u00fadenta) , a representative of the University of Iceland<\/td>\n<\/tr>\n<tr>\n<td valign=\"top\" width=\"135\"><b>From 2009<\/b><\/td>\n<td valign=\"top\" width=\"504\">Created and supervision of the Graduate Programme in European Studies, Faculty of Political Science, University of Iceland<\/td>\n<\/tr>\n<tr>\n<td valign=\"top\" width=\"135\"><b>From 2009<\/b><\/td>\n<td valign=\"top\" width=\"504\">Member of the Board of Editors of the academic journal\u00a0<i>Halduskultuur-Administrative Culture.\u00a0<\/i>Published by the Department of Public Administration at the Tallin University of Techonlicy, Estonia<\/td>\n<\/tr>\n<tr>\n<td valign=\"top\" width=\"135\"><b>From 2009<\/b><\/td>\n<td valign=\"top\" width=\"504\">Member of the Board of Editors of the academic journal\u00a0<i>Island Studies Journal.\u00a0<\/i>Published by the Institute of Island Studies at the University of Prince Edward Island, Canada<\/td>\n<\/tr>\n<tr>\n<td valign=\"top\" width=\"135\"><b>From 2015, 2009-2002<\/b><\/td>\n<td valign=\"top\" width=\"504\">Member of the Board of the Institute for Public Management and Politics, Faculty\u00a0of Political Science, University of Iceland<\/td>\n<\/tr>\n<tr>\n<td valign=\"top\" width=\"135\"><b>2008-2010<\/b><\/td>\n<td valign=\"top\" width=\"504\">Deputy Head\u00a0of the Faculty of Political Science, School of Social Sciences, University of Iceland<\/td>\n<\/tr>\n<tr>\n<td valign=\"top\" width=\"135\"><b>2006-2008<\/b><\/td>\n<td valign=\"top\" width=\"504\">Member of the Board of the Icelandic Centre of Asian Studies (AS\u00cdS), University of Iceland and University of Akureyri<\/td>\n<\/tr>\n<tr>\n<td valign=\"top\" width=\"135\"><b>2001-2008<\/b><\/td>\n<td valign=\"top\" width=\"504\">Member of University General Forum, University of Iceland<\/td>\n<\/tr>\n<tr>\n<td valign=\"top\" width=\"135\"><b>Spring 2008<\/b><\/td>\n<td valign=\"top\" width=\"504\">Visiting scholar at the Centre d'\u00e9tudes europ\u00e9ennes, within Sciences Po, Paris, France<\/td>\n<\/tr>\n<tr>\n<td valign=\"top\" width=\"135\"><b>Spring 2005<\/b><\/td>\n<td valign=\"top\" width=\"504\">Visiting scholar at the Scandinavian Consortium for Organizational Research (SCANCOR) at Stanford University, United States<\/td>\n<\/tr>\n<tr>\n<td valign=\"top\" width=\"135\"><b>Summer '04\/'05<\/b><\/td>\n<td valign=\"top\" width=\"504\">Teacher at Bifr\u00f6st School of Business, Iceland<\/td>\n<\/tr>\n<tr>\n<td valign=\"top\" width=\"135\"><b>2002-2006<\/b><\/td>\n<td valign=\"top\" width=\"504\">Associate-Professor of Political Science, University of Iceland<\/td>\n<\/tr>\n<tr>\n<td valign=\"top\" width=\"135\"><b>2002-2004<\/b><\/td>\n<td valign=\"top\" width=\"504\">Chairman of the Board of the Icelandic Human Rights Office<\/td>\n<\/tr>\n<tr>\n<td valign=\"top\" width=\"135\"><b>2001-2004<\/b><\/td>\n<td valign=\"top\" width=\"504\">Chairman of the Committee on Equal Rights, University of Iceland<\/td>\n<\/tr>\n<tr>\n<td valign=\"top\" width=\"135\"><b>2001-2002<\/b><\/td>\n<td valign=\"top\" width=\"504\">Member of the Board of the Institute of International Affairs, University of Iceland<\/td>\n<\/tr>\n<tr>\n<td valign=\"top\" width=\"135\"><b>2001-2002<\/b><\/td>\n<td valign=\"top\" width=\"504\">Member of the Board of the Icelandic Human Rights Office<\/td>\n<\/tr>\n<tr>\n<td valign=\"top\" width=\"135\"><b>Summer '01<\/b><\/td>\n<td valign=\"top\" width=\"504\">Lecturer Part-Time, Department of Scandinavian Studies, University of Washington, Seattle, USA<\/td>\n<\/tr>\n<tr>\n<td valign=\"top\" width=\"135\"><b>2000-2002<\/b><\/td>\n<td valign=\"top\" width=\"504\">Assistant-Professor of Political Science, University of Iceland<\/td>\n<\/tr>\n<tr>\n<td valign=\"top\" width=\"135\"><b>2000-2002<\/b><\/td>\n<td valign=\"top\" width=\"504\">Head of the Department of Political Science, School of Social Sciences, University of Iceland<\/td>\n<\/tr>\n<tr>\n<td valign=\"top\" width=\"135\"><b>Summer '97<\/b><\/td>\n<td valign=\"top\" width=\"504\">A research fellow at the Department of Politics, University of Bergen, Norway<\/td>\n<\/tr>\n<tr>\n<td valign=\"top\" width=\"135\"><b>1997<\/b><\/td>\n<td valign=\"top\" width=\"504\">Member of the Board of 'Samt\u00f6kin 78' the national organisation of lesbians and gay men in Iceland<\/td>\n<\/tr>\n<tr>\n<td valign=\"top\" width=\"135\"><b>1996-2005<\/b><\/td>\n<td valign=\"top\" width=\"504\">Member of the Board of Nordic International Studies Association (NISA)<\/td>\n<\/tr>\n<tr>\n<td valign=\"top\" width=\"135\"><b>1996-2002<\/b><\/td>\n<td valign=\"top\" width=\"504\">Chairman of the Board of the Innovative Fund for Students (N\u00fdsk\u00f6punarsj\u00f3\u00f0ur n\u00e1msmanna)<\/td>\n<\/tr>\n<tr>\n<td valign=\"top\" width=\"135\"><b>1996-1997<\/b><\/td>\n<td valign=\"top\" width=\"504\">Member of the Board of the Department of Political Sciences, Faculty of Social Science, University of Iceland<\/td>\n<\/tr>\n<tr>\n<td valign=\"top\" width=\"135\"><b>1996-1997<\/b><\/td>\n<td valign=\"top\" width=\"504\">Member of the Board of the Association of Political Scientists in Iceland<\/td>\n<\/tr>\n<tr>\n<td valign=\"top\" width=\"135\"><b>1996<\/b><\/td>\n<td valign=\"top\" width=\"504\">Member of a Committe in the Ministry of Education which made information society policy for public institutions in Iceland<\/td>\n<\/tr>\n<tr>\n<td valign=\"top\" width=\"135\"><b>1996<\/b><\/td>\n<td valign=\"top\" width=\"504\">Teaching at the Institute for Continuing Education, University of Iceland<\/td>\n<\/tr>\n<tr>\n<td valign=\"top\" width=\"135\"><b>1996<\/b><\/td>\n<td valign=\"top\" width=\"504\">Research projects for the Red Cross in Iceland<\/td>\n<\/tr>\n<tr>\n<td valign=\"top\" width=\"135\"><b>1995-2004<\/b><\/td>\n<td valign=\"top\" width=\"504\">Vice-Member of the Greenland Fund<\/td>\n<\/tr>\n<tr>\n<td valign=\"top\" width=\"135\"><b>1995-2000<\/b><\/td>\n<td valign=\"top\" width=\"504\">Part time Lecturer at the Faculty of Social Sciences, University of Iceland<\/td>\n<\/tr>\n<tr>\n<td valign=\"top\" width=\"135\"><b>1995-1999<\/b><\/td>\n<td valign=\"top\" width=\"504\">Vice-Member of the Board of the Co-operative University in Iceland<\/td>\n<\/tr>\n<tr>\n<td valign=\"top\" width=\"135\"><b>1994-1995<\/b><\/td>\n<td valign=\"top\" width=\"504\">Teacher Assistant at the Department of Government, University of Essex<\/td>\n<\/tr>\n<tr>\n<td valign=\"top\" width=\"135\"><b>1991-1992<\/b><\/td>\n<td valign=\"top\" width=\"504\">Editor of H\u00e1sk\u00f3linn\/St\u00fadentafr\u00e9ttir (The University\/Magazine of Students), publisher the Students\u2019 Union, University of Iceland<\/td>\n<\/tr>\n<tr>\n<td valign=\"top\" width=\"135\"><b>1990-1992<\/b><\/td>\n<td valign=\"top\" width=\"504\">A member of the editorial board of \u2018Su\u00f0urland\u2019, a newspaper in the south of Iceland<\/td>\n<\/tr>\n<tr>\n<td valign=\"top\" width=\"135\"><b>1990-1991<\/b><\/td>\n<td valign=\"top\" width=\"504\">Editor of 'V\u00f6kubla\u00f0i\u00f0' a newpaper of a student association, University of Iceland<\/td>\n<\/tr>\n<tr>\n<td valign=\"top\" width=\"135\"><b>1990<\/b><\/td>\n<td valign=\"top\" width=\"504\">Editor of \u2018Su\u00f0urland\u2019, a newspaper in the south of Iceland<\/td>\n<\/tr>\n<tr>\n<td width=\"135\"><\/td>\n<td width=\"504\"><\/td>\n<\/tr>\n<\/tbody>\n<\/table>\n<p>&nbsp;<\/p>\n","protected":false},"excerpt":{"rendered":"<p>2014-2018 Head of the Faculty of Political Science at the University of Iceland. 2017 Leverhulme Visiting Professor, School of Law, Centre for Small States at the Queen Mary University of London Fall 2013 'Class of 1955'\u00a0Visiting Professor of International Studies &hellip; <a href=\"https:\/\/uni.hi.is\/baldurt\/cv\/work-experience\/\">Continue reading <span class=\"meta-nav\">&rarr;<\/span><\/a><\/p>\n","protected":false},"author":360,"featured_media":0,"parent":5,"menu_order":2,"comment_status":"closed","ping_status":"closed","template":"","meta":{"footnotes":""},"class_list":["post-138","page","type-page","status-publish","hentry"],"_links":{"self":[{"href":"https:\/\/uni.hi.is\/baldurt\/wp-json\/wp\/v2\/pages\/138","targetHints":{"allow":["GET"]}}],"collection":[{"href":"https:\/\/uni.hi.is\/baldurt\/wp-json\/wp\/v2\/pages"}],"about":[{"href":"https:\/\/uni.hi.is\/baldurt\/wp-json\/wp\/v2\/types\/page"}],"author":[{"embeddable":true,"href":"https:\/\/uni.hi.is\/baldurt\/wp-json\/wp\/v2\/users\/360"}],"replies":[{"embeddable":true,"href":"https:\/\/uni.hi.is\/baldurt\/wp-json\/wp\/v2\/comments?post=138"}],"version-history":[{"count":40,"href":"https:\/\/uni.hi.is\/baldurt\/wp-json\/wp\/v2\/pages\/138\/revisions"}],"predecessor-version":[{"id":3767,"href":"https:\/\/uni.hi.is\/baldurt\/wp-json\/wp\/v2\/pages\/138\/revisions\/3767"}],"up":[{"embeddable":true,"href":"https:\/\/uni.hi.is\/baldurt\/wp-json\/wp\/v2\/pages\/5"}],"wp:attachment":[{"href":"https:\/\/uni.hi.is\/baldurt\/wp-json\/wp\/v2\/media?parent=138"}],"curies":[{"name":"wp","href":"https:\/\/api.w.org\/{rel}","templated":true}]}}