{"id":167,"date":"2012-08-03T09:38:23","date_gmt":"2012-08-03T09:38:23","guid":{"rendered":"http:\/\/uni.hi.is\/baldurt\/?page_id=167"},"modified":"2019-01-28T11:23:28","modified_gmt":"2019-01-28T11:23:28","slug":"2010-2","status":"publish","type":"page","link":"https:\/\/uni.hi.is\/baldurt\/presentations\/2010-2\/","title":{"rendered":"2010"},"content":{"rendered":"<p><!--:en--><\/p>\n<table width=\"452.0\" cellspacing=\"0\" cellpadding=\"0\">\n<tbody>\n<tr>\n<td valign=\"top\"><\/td>\n<td valign=\"top\"><em><a href=\"https:\/\/notendur.h\">The financial crisis, the Euro-zone and its enlargement: The case of Iceland.<\/a>\u00a0<\/em>Lecture held at the conference:\u00a0Specific Challenges Confronting the EU in a mid to long-term perspective: Views from Germany, Nordic and Baltic Countries. Institut fur Europaische Politik, Berlin, 9 December 2010.<\/td>\n<\/tr>\n<\/tbody>\n<\/table>\n<p><em><a href=\"https:\/\/notendur.hi.is\/baldurt\/Fyrirlestrar\/tepsa-des10.pdf(1).pdf\">Iceland\u2019s Integration Takeoff: An End to EU Scepticism?<\/a>\u00a0<\/em>Lecture held at the conference:\u00a0Entering the New Decade: New Challenges and Priorities of the EU under the Hungarian Council Presidency. Held by The Trans European Policy Studies Association (TEPSA), Budapest 2-3 December 2010.<\/p>\n<p><em><a href=\"https:\/\/notendur.hi.is\/baldurt\/Fyrirlest\">The reluctance of the Icelandic conservative Independence Party to participate in European integration<\/a>.\u00a0<\/em>Lecture held at the conference: European integration beyond EU history: Bringing in the Transnational Perspective, held by the Institute for International Affairs, University of Iceland, The National Library of Iceland, 15 November 2010.<\/p>\n<p><em><a href=\"https:\/\/notendur.hi.is\/baldurt\/Fyrirlestrar\/SwedFin15_Program.doc\">Small states\u2019 need for shelter: The Icelandic Economic Crash and European integration<\/a>.\u00a0<\/em>Academic key note speech held at the conference: Fifteen years on. Finland and Sweden in the European Union, held by the Institute of International Affairs, The National Museum of Iceland, 15 October 2010.<\/p>\n<p><em><a href=\"%22h\">Small States without Economic and Political Shelter: the Icelandic Crash and its Consequences<\/a>.\u00a0<\/em>Conference: Small States Politics in the Rising World of Gs. Lecture held at the Finnish Institute of International Affairs, Helsinki, 7 June 2010.<\/p>\n<p><em><a href=\"https:\/\/notendur.hi.is\/baldurt\/Fyrirlestrar\/Turku_program.doc\">Iceland\u2019s Road to the European Union: A Small State without Economic and Political Shelter<\/a>.<\/em>\u00a0Lecture held at the conference:\u00a0Northern Perspectives on European Integration: Diplomacy. University of Turku, Finland, 3 June 2010.<\/p>\n<p><em><a href=\"https:\/\/notendur.hi.is\/baldurt\/Fyrirlestrar\/BaldurTallinn.doc\">David against Goliath: How can a small state strengthen its position? \u2013 The case of Iceland<\/a>.\u00a0<\/em>Public lecture held at the Ministry of Foreign Affairs, Tallinn, 1 June 2010.<\/p>\n<p><em>Den islandske EU-debatten.\u00a0<\/em>Lecture held at the conference: Ambassadesekret\u00e6ramlig, held by the Norwegian Embassy, University of Iceland, 6 May 2010.<\/p>\n<p><em><a href=\"https:\/\/notendur\">The Icelandic crash and its consequences: a small state without economic and political shelter<\/a>.\u00a0<\/em>Lecture held at the University of Malta, 24 May 2010.<\/p>\n<p><em>Iceland\u2019s Road to the European Union: A Small State without Economic and Political Shelter.<\/em>\u00a0Lecture held at the\u00a0100<sup>th<\/sup>\u00a0Annual Meeting of the Society for the Advancement of Scandinavian Studies and 22<sup>nd<\/sup>\u00a0Biennial Meeting of the Association for the Advancement of Baltic Studies. University of Washington, Seattle, USA, 22 \u2013 24 April 2010.<\/p>\n<p><em><a href=\"https:\/\/notendur.hi.is\/baldurt\/Skannadar%20greinar\/11.%20The%20Icelandic%20Crash%20and%20its%20Consequences%20-%20Thorhallsson.pdf\">The Icelandic Crash and its Consequences: A Small States Without Economic and Political Shelter<\/a>.\u00a0<\/em>Lecture held at the\u00a0Department of Scandinavian Studies, University of Washington, Seattle, 21 April 2010.<\/p>\n<p><em>Small States without Economic and Political Shelter.\u00a0<\/em>Lecture held at the 17<sup>th<\/sup>\u00a0Conference of Europeanists, \u2018Revenge of the European Model?\u2019, hosted by the Conference for European Studies in\u00a0\u00a0Montreal, Canada,\u00a0\u00a015 \u2013 17 April 2010.<\/p>\n<p><em>Do Small States Need a Shelter in the International System? The Case of Iceland.\u00a0<\/em>Lecture held at the\u00a051<sup>st<\/sup>\u00a0Annual Conference of the International Studies Association. New Orleans, USA. 17-20 February 2010.<\/p>\n<p><em><a href=\"https:\/\/notendur.hi.is\/baldurt\/Fyrirlestrar\/Stjornsysla_og_stada_Islands-dagskra.doc\">Stj\u00f3rns\u00fdsla og Sta\u00f0a \u00cdslands<\/a>.\u00a0<\/em>Lecture held at a meeting held by Stronger Iceland \u2013 a nation among nations, Grand Hotel Reykjav\u00edk, 6 February 2010.<\/p>\n<p><em>\u00cdsland \u00ed al\u00fej\u00f3\u00f0asamf\u00e9laginu. Hva\u00f0an komum vi\u00f0? Hvar erum vi\u00f0? Hvert stefnum vi\u00f0?\u00a0<\/em>Lecture held at the annual meeting of the Icelandic Federation of Trade, Reykjav\u00edk, 11 February 2010.<\/p>\n<p><em>Sta\u00f0a \u00cdslands \u00ed al\u00fej\u00f3\u00f0asamf\u00e9laginu: Er \u00cdsland vanm\u00e1ttugt og varnarlaust sm\u00e1r\u00edki?\u00a0<\/em>Lecture held at a meeting for former employees of the University of Iceland, Reykjav\u00edk, 11 February 2010.<\/p>\n<p><em><a href=\"https:\/\/notendur.hi.is\/baldurt\/\">Um sm\u00e1r\u00edki innan Evr\u00f3pu, - sta\u00f0a og \u00e1hrif<\/a>.\u00a0<\/em>Lecture held at a \u2018School of Europe\u2019 held by the\u00a0Federation of State and Municipal Employees, Reykjav\u00edk, 12 January 2010.<\/p>\n<p><em><a href=\"https:\/\/notendur\">Saga og stofnanir Evr\u00f3pusambandsins<\/a>.\u00a0<\/em>Lecture held at a \u2018School of Europe\u2019 held by the pro-European movement of young people of Iceland, Reykjav\u00edk, 30 January 2010.<\/p>\n<div><\/div>\n<p><!--:--><\/p>\n","protected":false},"excerpt":{"rendered":"<p>The financial crisis, the Euro-zone and its enlargement: The case of Iceland.\u00a0Lecture held at the conference:\u00a0Specific Challenges Confronting the EU in a mid to long-term perspective: Views from Germany, Nordic and Baltic Countries. Institut fur Europaische Politik, Berlin, 9 December &hellip; <a href=\"https:\/\/uni.hi.is\/baldurt\/presentations\/2010-2\/\">Continue reading <span class=\"meta-nav\">&rarr;<\/span><\/a><\/p>\n","protected":false},"author":360,"featured_media":0,"parent":40,"menu_order":88,"comment_status":"closed","ping_status":"closed","template":"","meta":{"footnotes":""},"class_list":["post-167","page","type-page","status-publish","hentry"],"_links":{"self":[{"href":"https:\/\/uni.hi.is\/baldurt\/wp-json\/wp\/v2\/pages\/167","targetHints":{"allow":["GET"]}}],"collection":[{"href":"https:\/\/uni.hi.is\/baldurt\/wp-json\/wp\/v2\/pages"}],"about":[{"href":"https:\/\/uni.hi.is\/baldurt\/wp-json\/wp\/v2\/types\/page"}],"author":[{"embeddable":true,"href":"https:\/\/uni.hi.is\/baldurt\/wp-json\/wp\/v2\/users\/360"}],"replies":[{"embeddable":true,"href":"https:\/\/uni.hi.is\/baldurt\/wp-json\/wp\/v2\/comments?post=167"}],"version-history":[{"count":9,"href":"https:\/\/uni.hi.is\/baldurt\/wp-json\/wp\/v2\/pages\/167\/revisions"}],"predecessor-version":[{"id":2444,"href":"https:\/\/uni.hi.is\/baldurt\/wp-json\/wp\/v2\/pages\/167\/revisions\/2444"}],"up":[{"embeddable":true,"href":"https:\/\/uni.hi.is\/baldurt\/wp-json\/wp\/v2\/pages\/40"}],"wp:attachment":[{"href":"https:\/\/uni.hi.is\/baldurt\/wp-json\/wp\/v2\/media?parent=167"}],"curies":[{"name":"wp","href":"https:\/\/api.w.org\/{rel}","templated":true}]}}