{"id":171,"date":"2012-08-03T09:39:20","date_gmt":"2012-08-03T09:39:20","guid":{"rendered":"http:\/\/uni.hi.is\/baldurt\/?page_id=171"},"modified":"2019-01-28T11:23:18","modified_gmt":"2019-01-28T11:23:18","slug":"2009-2","status":"publish","type":"page","link":"https:\/\/uni.hi.is\/baldurt\/presentations\/2009-2\/","title":{"rendered":"2009"},"content":{"rendered":"<p><!--:en--><\/p>\n<table width=\"452.0\" cellspacing=\"0\" cellpadding=\"0\">\n<tbody>\n<tr>\n<td valign=\"top\"><\/td>\n<td valign=\"top\"><em>Will and should Iceland join the European Union?\u00a0<\/em>Lecture at the Islands and Small States Institute, University of Malta.\u00a05 March 2009.<\/td>\n<\/tr>\n<\/tbody>\n<\/table>\n<p><em>The Icelandic Crash and its Consequences: A Small State Without Economic and Political Shelter.\u00a0<\/em>Lecture at<em>\u00a0<\/em>the Department of Icelandic Language &amp; Literature, University of Manitoba, Kanada, 01 October 2009.<\/p>\n<p><em>Are Scandinavians Not Good Europeans? EU Skepticism in the Nordic States.\u00a0<\/em>Lecture held at the annual P\u00e1ll Gu\u00f0mundsson Memorial Presentation at the<em>\u00a0<\/em>University College, Faculty of Arts, Department of Political Studies, Department of Icelandic Language and Literature, University of Manitoba, Kanada, 30 September 2009.<\/p>\n<p><em>The importance of security in the High North: The Icelandic perspective.\u00a0<\/em>Conference: Security Prospects in the High North: Geostrategic thaq or freeze? The Institute for International Affairs and the Icelandic Ministry for Foreign Affairs, Reykjav\u00edk, 30 January 2009.<\/p>\n<p><em>The political history and situation in Iceland.\u00a0<\/em>Conference for the French Aviation Army held by The Icelandic Defence Agency and the French Ministry in Iceland. Lecture held at the Icelandic Defence Agency, Keflavik, 16 July 2009.<\/p>\n<p><em>M\u00f6guleikar sm\u00e1r\u00edkja til \u00e1hrifa innan Evr\u00f3pusambandsins.\u00a0<\/em>Conference: Framt\u00ed\u00f0 \u00cdslands \u00ed samf\u00e9lagi \u00fej\u00f3\u00f0anna, the Institute for Foreign Affairs, Reykjavik, 29 January.<\/p>\n<p><em>Financial and Political\u00a0chaos in Iceland.\u00a0<\/em>Lecture held for Congressmen in the European Committee of the Norwegian Parliament. Lecture held in the Norwegian embassy in Iceland, Reykjavik, 27 January 2009.<\/p>\n<p><em>The Status of Small States in the International Community: Do They Need a Shelter?\u00a0<\/em>Conference: Future of Iceland in the Community of Nations, held by the Institute for International Affairs, Reykjavik, 14 May 2009.<\/p>\n<p><em>Iceland\u2018s Road to the European Union: A Small State without Economic and Political Shelter.\u00a0<\/em>Conference:\u00a0Spanish Presidency 2010: New rules for a Closer Union in a Multipolar World, a Renewed Impetus for Sustainable Growth in a Globalized Economy, Madrid 26 November 2009.<\/p>\n<p><em>Punching above their Weight? The ability of the Nordic states to influence EU policy-making.\u00a0<\/em>Conference: Unlikely Power Brokers: Influence and Leverage in Europe. Cambridge University, England, 17 July 2009.<\/p>\n<div><\/div>\n<p><!--:--><\/p>\n","protected":false},"excerpt":{"rendered":"<p>Will and should Iceland join the European Union?\u00a0Lecture at the Islands and Small States Institute, University of Malta.\u00a05 March 2009. The Icelandic Crash and its Consequences: A Small State Without Economic and Political Shelter.\u00a0Lecture at\u00a0the Department of Icelandic Language &amp; &hellip; <a href=\"https:\/\/uni.hi.is\/baldurt\/presentations\/2009-2\/\">Continue reading <span class=\"meta-nav\">&rarr;<\/span><\/a><\/p>\n","protected":false},"author":360,"featured_media":0,"parent":40,"menu_order":89,"comment_status":"closed","ping_status":"closed","template":"","meta":{"footnotes":""},"class_list":["post-171","page","type-page","status-publish","hentry"],"_links":{"self":[{"href":"https:\/\/uni.hi.is\/baldurt\/wp-json\/wp\/v2\/pages\/171","targetHints":{"allow":["GET"]}}],"collection":[{"href":"https:\/\/uni.hi.is\/baldurt\/wp-json\/wp\/v2\/pages"}],"about":[{"href":"https:\/\/uni.hi.is\/baldurt\/wp-json\/wp\/v2\/types\/page"}],"author":[{"embeddable":true,"href":"https:\/\/uni.hi.is\/baldurt\/wp-json\/wp\/v2\/users\/360"}],"replies":[{"embeddable":true,"href":"https:\/\/uni.hi.is\/baldurt\/wp-json\/wp\/v2\/comments?post=171"}],"version-history":[{"count":9,"href":"https:\/\/uni.hi.is\/baldurt\/wp-json\/wp\/v2\/pages\/171\/revisions"}],"predecessor-version":[{"id":2445,"href":"https:\/\/uni.hi.is\/baldurt\/wp-json\/wp\/v2\/pages\/171\/revisions\/2445"}],"up":[{"embeddable":true,"href":"https:\/\/uni.hi.is\/baldurt\/wp-json\/wp\/v2\/pages\/40"}],"wp:attachment":[{"href":"https:\/\/uni.hi.is\/baldurt\/wp-json\/wp\/v2\/media?parent=171"}],"curies":[{"name":"wp","href":"https:\/\/api.w.org\/{rel}","templated":true}]}}