{"id":174,"date":"2012-08-03T09:39:51","date_gmt":"2012-08-03T09:39:51","guid":{"rendered":"http:\/\/uni.hi.is\/baldurt\/?page_id=174"},"modified":"2019-01-28T11:23:11","modified_gmt":"2019-01-28T11:23:11","slug":"2008-2","status":"publish","type":"page","link":"https:\/\/uni.hi.is\/baldurt\/presentations\/2008-2\/","title":{"rendered":"2008"},"content":{"rendered":"<p><!--:en--><\/p>\n<table width=\"452.0\" cellspacing=\"0\" cellpadding=\"0\">\n<tbody>\n<tr>\n<td valign=\"top\"><\/td>\n<td valign=\"top\"><em>Conceptual framework: debate about the notion of smallness: the effect of EU membership on small states<\/em>.\u00a0Conference: Small States inside and outside the European Union. Luxembourg Institute for European and International Studies in cooperation with the Pierre Werner Institute, Luxembourg, 17 May 2008.<\/td>\n<\/tr>\n<\/tbody>\n<\/table>\n<p><em>Can small states choose their own size? The case of a Nordic state \u2013 Iceland<\/em>. Lecture at INACE College and Harvard Business School, Costa Rica, 12. February 2008.<\/p>\n<p><em>Can small states choose their own size.\u00a0<\/em>Lecture held at the School of International Relations and Public Affairs, Fudan University, Shanghai, China, 28 March 2008.<\/p>\n<p><em>Is Iceland about to apply for EU membership?\u00a0<\/em>Lecture held at\u00a0 EFTA Survaillance Authority (ESA), Brussels, 15 May 2008.<\/p>\n<p><em>Small state studies: theory, methodology and present state of development.\u00a0<\/em>Lecture at the Department of Politics and Public Administration, University of Limerick, Ireland, 14 May 2008.<\/p>\n<p><em>Are Scandinavians not good Europeans? EU scepticism in the Nordic states.\u00a0<\/em>Lecture at Columbia University, School of International and Public Affairs, New York, USA, 25 February 2008.<\/p>\n<p><em>Why has Iceland not applied for EU membership?\u00a0<\/em>Lecture at the Small State Summer School held by the Centre for Small State Studies, 30 June 2008.<\/p>\n<p><em>Sta\u00f0a \u00cdslands \u00ed al\u00fej\u00f3\u00f0asamf\u00e9laginu: Aukin \u00fe\u00e1tttaka \u00cdslands \u00ed al\u00fej\u00f3\u00f0asamstarfi \u00e1 s\u00ed\u00f0ustu 10 \u00e1rum.\u00a0<\/em>Lecture at the International Summer School, Contemporary Nordic Culture and Society, Reykjavik,\u00a07 August 2008.<\/p>\n<p><em>S\u00f6gufr\u00e6\u00f0ir sta\u00f0ir samkynhneig\u00f0ra \u00ed Reykjav\u00edk.\u00a0<\/em>Lecture at\u00a0the Icelandic Historian Association, Reykjavik 11. October 2008.<\/p>\n<p><em>Reykjav\u00edk er h\u00fdrari en margur heldur: Saga samkynhneig\u00f0ra \u00ed Reykjav\u00edk.\u00a0<\/em>Lecture at\u00a0Gay Pride in Iceland, Reykjavik, 06 August 2008.<\/p>\n<p><em>H\u00fdra Reykjav\u00edk: Saga samkynhneig\u00f0ra \u00e1 \u00cdslandi.\u00a0<\/em>Lecture at Menntask\u00f3linn vi\u00f0 Sund College in Iceland, 17 September 2008.<\/p>\n<p><em>Small States uncertain about joining the EU: The case of Iceland.<\/em><\/p>\n<p>Conference: Small States inside and outside the European Union. Luxembourg Institute for European and International Studies in cooperation with the Pierre Werner Institute, Luxembourg, 17 May 2008.<\/p>\n<p><em>How the conduct of Iceland\u2019s diplomacy is shaped by European integration processes.\u00a0<\/em>Conference: The diplomacy of small states. sHeld by the Centre for International Governance Innovation, Ontario, Canada and the Institute of International Relations, University of West Indies, Trinidad.\u00a0 University of West Indies, Trinidad, 21\u00a0 February 2008.<\/p>\n<p><em>Small states and the UN.\u00a0<\/em>Conference: China-Nordic Peace Research Conference. Held by the China Institute of International Studies and the International Peace Research Institute Oslo, Norway. Institute of International Studies, Beijing 08 Apr\u00edl 2008.<\/p>\n<p><em>\u00c1hrif hugmyndafr\u00e6\u00f0i \u00e1 Evr\u00f3pustefnu Sj\u00e1lfst\u00e6\u00f0isflokksins.\u00a0<\/em>Conference: \u00dej\u00f3\u00f0arspegillinn at the seminar Foreign Affairs and the Foreign Policy of Iceland, Univerisity of Iceland, 24 October 2008.<\/p>\n<p><em>Evr\u00f3pustefna \u00edslenskra stj\u00f3rnvalda: Stefnum\u00f3tun, \u00e1t\u00f6k og aflei\u00f0ingar.\u00a0<\/em>Conference: Uppbrot hugmyndakefis: Endurm\u00f3tun \u00edslenskrar utanr\u00edkistefnu 1991-2007. The Institute for International Affairs, 10 October 2008.<\/p>\n<p><em>Er \u00cdsland vanm\u00e1ttugt og varnarlaust sm\u00e1r\u00edki.\u00a0<\/em>Conference: Framt\u00ed\u00f0 \u00cdslands \u00ed samf\u00e9lagi \u00fej\u00f3\u00f0anna. The Institute for International Affairs, 30 October 2008.<\/p>\n<p><em>The importance of studing small states in the international system,<\/em><\/p>\n<p>Conference: Small states \u2013Emerging power? The large role of small states in the 21st century.\u00a0 Held by the Centre for Small State Studies in cooperation with all the Universities of Iceland, Reykjavik, 16\u00a0June 2008.<\/p>\n<p><em>The position of Iceland in the International System: Iceland\u2019s participation in the last ten years.<\/em>\u00a0Lecture at the International Summer School, Contemporary Nordic Culture and Society, Reykjavik, 07 August, 2008.<\/p>\n<p><em>European Discourse in Iceland: Where is Iceland heading?\u00a0<\/em>Lecture held for Norwegian congressmen and local authorities of Norway, Institute of International Affairs, 04 November 2008.<\/p>\n<div><\/div>\n<p><!--:--><\/p>\n","protected":false},"excerpt":{"rendered":"<p>Conceptual framework: debate about the notion of smallness: the effect of EU membership on small states.\u00a0Conference: Small States inside and outside the European Union. Luxembourg Institute for European and International Studies in cooperation with the Pierre Werner Institute, Luxembourg, 17 &hellip; <a href=\"https:\/\/uni.hi.is\/baldurt\/presentations\/2008-2\/\">Continue reading <span class=\"meta-nav\">&rarr;<\/span><\/a><\/p>\n","protected":false},"author":360,"featured_media":0,"parent":40,"menu_order":90,"comment_status":"closed","ping_status":"closed","template":"","meta":{"footnotes":""},"class_list":["post-174","page","type-page","status-publish","hentry"],"_links":{"self":[{"href":"https:\/\/uni.hi.is\/baldurt\/wp-json\/wp\/v2\/pages\/174","targetHints":{"allow":["GET"]}}],"collection":[{"href":"https:\/\/uni.hi.is\/baldurt\/wp-json\/wp\/v2\/pages"}],"about":[{"href":"https:\/\/uni.hi.is\/baldurt\/wp-json\/wp\/v2\/types\/page"}],"author":[{"embeddable":true,"href":"https:\/\/uni.hi.is\/baldurt\/wp-json\/wp\/v2\/users\/360"}],"replies":[{"embeddable":true,"href":"https:\/\/uni.hi.is\/baldurt\/wp-json\/wp\/v2\/comments?post=174"}],"version-history":[{"count":8,"href":"https:\/\/uni.hi.is\/baldurt\/wp-json\/wp\/v2\/pages\/174\/revisions"}],"predecessor-version":[{"id":2446,"href":"https:\/\/uni.hi.is\/baldurt\/wp-json\/wp\/v2\/pages\/174\/revisions\/2446"}],"up":[{"embeddable":true,"href":"https:\/\/uni.hi.is\/baldurt\/wp-json\/wp\/v2\/pages\/40"}],"wp:attachment":[{"href":"https:\/\/uni.hi.is\/baldurt\/wp-json\/wp\/v2\/media?parent=174"}],"curies":[{"name":"wp","href":"https:\/\/api.w.org\/{rel}","templated":true}]}}