{"id":185,"date":"2012-08-03T09:42:16","date_gmt":"2012-08-03T09:42:16","guid":{"rendered":"http:\/\/uni.hi.is\/baldurt\/?page_id=185"},"modified":"2019-01-28T11:23:01","modified_gmt":"2019-01-28T11:23:01","slug":"2007-2","status":"publish","type":"page","link":"https:\/\/uni.hi.is\/baldurt\/presentations\/2007-2\/","title":{"rendered":"2007"},"content":{"rendered":"<p><!--:en--><\/p>\n<table width=\"452.0\" cellspacing=\"0\" cellpadding=\"0\">\n<tbody>\n<tr>\n<td valign=\"top\"><\/td>\n<td valign=\"top\"><em>Are Scandinavians not good Europeans? EU scepticism in the Nordic states.\u00a0<\/em>Lecture for teachers and students of Coolege Sorbonne Paris IV - Centre Malesherbes,\u00a002\u00a0April 2007.<\/td>\n<\/tr>\n<\/tbody>\n<\/table>\n<p><em>Aukin \u00fe\u00e1tttaka \u00cdsland \u00ed al\u00fej\u00f3\u00f0asamstarfi: Hvers vegna og til hvers?<\/em> Conference:\u00a0Al\u00fej\u00f3\u00f0asamstarf \u00e1 21. \u00f6ld og \u00d6ryggisr\u00e1\u00f0 Sameinu\u00f0u \u00fej\u00f3\u00f0anna,\u00a0University of Iceland\u00a007September 2007.<\/p>\n<p><em>Why isn\u2019t Iceland a member of the EU?\u00a0<\/em>Lecture at an informative meeting for the Undersecretary of Estonia,Reykjav\u00edk, 19 January 2007.<\/p>\n<p><em>Small States and the EU.\u00a0<\/em>Lecture at an ionformative meeting for the Undersecretary of Estonia,Reykjav\u00edk, 19 January 2007.<\/p>\n<p><em>Small states in the European Union.\u00a0<\/em>Lecture at the Summer Scholl\u00a0Small States in European integration, University of Iceland, 29 June 2007.<\/p>\n<p><em>S\u00f6gufr\u00e6gir sta\u00f0ir samkynhneig\u00f0ra \u00ed Reykjav\u00edk.\u00a0<\/em>Four lectures on the history of gay people in Reykjavik (Iceland). The Association of Gay Students, the National Queer Association, MSC Association, 14 April, 16 June, 9 and 10 August 2007.<\/p>\n<p><em>What features determine international activites of small states?\u00a0<\/em>Conference:\u00a0Small States Capacity Building,\u00a0University of\u00a0Brirmingham, England, 4\u00a0April 2007.<\/p>\n<p><em>Iceland and European integration: The fusion perspective.\u00a0<\/em>Conference: The European Union and the Nordic Countries: Fusion and the Future, University of Liverpool, England, 26 April 2007.<\/p>\n<p><em>The Source of Wealth in Small States.\u00a0<\/em>Conference:\u00a0The Source of Wealth in Small States,\u00a0Centre for Small State Studies,\u00a0Reykjavik 14. september 2007.<\/p>\n<p><em>David gegn Gol\u00edat: Hefur dregi\u00f0 \u00far m\u00f6guleikum sm\u00e1r\u00edkja til \u00e1hrifa innan ESB?\u00a0<\/em>Conference in SocialScience:\u00a0\u00dej\u00f3\u00f0arspegillinn 2007,\u00a007\u00a0December 2007.<\/p>\n<div><\/div>\n<p><!--:--><\/p>\n","protected":false},"excerpt":{"rendered":"<p>Are Scandinavians not good Europeans? EU scepticism in the Nordic states.\u00a0Lecture for teachers and students of Coolege Sorbonne Paris IV - Centre Malesherbes,\u00a002\u00a0April 2007. Aukin \u00fe\u00e1tttaka \u00cdsland \u00ed al\u00fej\u00f3\u00f0asamstarfi: Hvers vegna og til hvers? Conference:\u00a0Al\u00fej\u00f3\u00f0asamstarf \u00e1 21. \u00f6ld og \u00d6ryggisr\u00e1\u00f0 &hellip; <a href=\"https:\/\/uni.hi.is\/baldurt\/presentations\/2007-2\/\">Continue reading <span class=\"meta-nav\">&rarr;<\/span><\/a><\/p>\n","protected":false},"author":360,"featured_media":0,"parent":40,"menu_order":91,"comment_status":"closed","ping_status":"closed","template":"","meta":{"footnotes":""},"class_list":["post-185","page","type-page","status-publish","hentry"],"_links":{"self":[{"href":"https:\/\/uni.hi.is\/baldurt\/wp-json\/wp\/v2\/pages\/185","targetHints":{"allow":["GET"]}}],"collection":[{"href":"https:\/\/uni.hi.is\/baldurt\/wp-json\/wp\/v2\/pages"}],"about":[{"href":"https:\/\/uni.hi.is\/baldurt\/wp-json\/wp\/v2\/types\/page"}],"author":[{"embeddable":true,"href":"https:\/\/uni.hi.is\/baldurt\/wp-json\/wp\/v2\/users\/360"}],"replies":[{"embeddable":true,"href":"https:\/\/uni.hi.is\/baldurt\/wp-json\/wp\/v2\/comments?post=185"}],"version-history":[{"count":8,"href":"https:\/\/uni.hi.is\/baldurt\/wp-json\/wp\/v2\/pages\/185\/revisions"}],"predecessor-version":[{"id":2447,"href":"https:\/\/uni.hi.is\/baldurt\/wp-json\/wp\/v2\/pages\/185\/revisions\/2447"}],"up":[{"embeddable":true,"href":"https:\/\/uni.hi.is\/baldurt\/wp-json\/wp\/v2\/pages\/40"}],"wp:attachment":[{"href":"https:\/\/uni.hi.is\/baldurt\/wp-json\/wp\/v2\/media?parent=185"}],"curies":[{"name":"wp","href":"https:\/\/api.w.org\/{rel}","templated":true}]}}