{"id":188,"date":"2012-08-03T09:43:13","date_gmt":"2012-08-03T09:43:13","guid":{"rendered":"http:\/\/uni.hi.is\/baldurt\/?page_id=188"},"modified":"2019-01-28T11:22:51","modified_gmt":"2019-01-28T11:22:51","slug":"2006-2","status":"publish","type":"page","link":"https:\/\/uni.hi.is\/baldurt\/presentations\/2006-2\/","title":{"rendered":"2006"},"content":{"rendered":"<p>&nbsp;<\/p>\n<table width=\"452.0\" cellspacing=\"0\" cellpadding=\"0\">\n<tbody>\n<tr>\n<td valign=\"top\"><\/td>\n<td valign=\"top\"><em>\u00cdslenskir stj\u00f3rnm\u00e1lamenn og a\u00f0ild a\u00f0 ESB:\u00a0 S\u00e9rviska e\u00f0a s\u00e9rsta\u00f0a?<\/em> Conference:\u00a0N\u00fd sta\u00f0a \u00cdslands \u00ed utanr\u00edkism\u00e1lum:\u00a0Tengsl vi\u00f0 \u00f6nnur Evr\u00f3pul\u00f6nd, held by the Institute for International Affairs at the University of Iceland, 24 November 2006.<em>Stefna H\u00e1sk\u00f3la \u00cdslands gegn mismunun.\u00a0<\/em>Presentation held at Samt\u00f6kin 78: the National Queer Association\u2019s informative meeting 04 November 2006<em>Stefna H\u00e1sk\u00f3la \u00cdslands gegn mismunun.\u00a0<\/em>Conference: Equality for all, held by the Equality Committee for the city of Reykjav\u00edk, 17 February 2006.<\/p>\n<p><em>Sta\u00f0an \u00ed \u00f6ryggis- og varnarm\u00e1lum. Hefur brottf\u00f6r varnarli\u00f0sins einhver \u00e1hrif \u00e1 Evr\u00f3puumr\u00e6\u00f0una \u00e1 \u00cdslandi? Hva\u00f0a kosti \u00e1 \u00cdsland \u00ed st\u00f6\u00f0unni?\u00a0<\/em>Fyrirlestur haldinn \u00e1 r\u00e1\u00f0stefnunni Evr\u00f3pum\u00e1l sem haldin var af Samt\u00f6kum i\u00f0na\u00f0arins, 11. ma\u00ed 2006.<\/p>\n<p><em>Iceland in Global Affairs:\u00a0 What features determine the size of states?\u00a0<\/em>Fyrirlestur haldinn \u00ed h\u00e1sk\u00f3lanum Sorbonne Paris IV \u2013 Centre Malesherbes, 25. apr\u00edl 2006.<\/p>\n<p><em>Geta sm\u00e1r\u00edki vali\u00f0 s\u00e9r st\u00e6r\u00f0 \u00ed al\u00fej\u00f3\u00f0akerfinu<\/em>?\u00a0Erindi \u00e1 a\u00f0alfundi F\u00e9lags \u00edslenskra st\u00f3rkaupmanna, 17. febr\u00faar 2006.<\/p>\n<p><em>Stefna H\u00e1sk\u00f3la \u00cdslands gegn mismunun.\u00a0<\/em>Erindi \u00e1 r\u00e1\u00f0stefnunni Jafnr\u00e9tti fyrir alla \u00e1 vegum Jafnr\u00e9ttisnefndar Reykjav\u00edkurborgar, 17. febr\u00faar 2006.<\/p>\n<div><\/div>\n<\/td>\n<\/tr>\n<\/tbody>\n<\/table>\n<p><!--:--><\/p>\n","protected":false},"excerpt":{"rendered":"<p>&nbsp; \u00cdslenskir stj\u00f3rnm\u00e1lamenn og a\u00f0ild a\u00f0 ESB:\u00a0 S\u00e9rviska e\u00f0a s\u00e9rsta\u00f0a? Conference:\u00a0N\u00fd sta\u00f0a \u00cdslands \u00ed utanr\u00edkism\u00e1lum:\u00a0Tengsl vi\u00f0 \u00f6nnur Evr\u00f3pul\u00f6nd, held by the Institute for International Affairs at the University of Iceland, 24 November 2006.Stefna H\u00e1sk\u00f3la \u00cdslands gegn mismunun.\u00a0Presentation held at Samt\u00f6kin &hellip; <a href=\"https:\/\/uni.hi.is\/baldurt\/presentations\/2006-2\/\">Continue reading <span class=\"meta-nav\">&rarr;<\/span><\/a><\/p>\n","protected":false},"author":360,"featured_media":0,"parent":40,"menu_order":92,"comment_status":"closed","ping_status":"closed","template":"","meta":{"footnotes":""},"class_list":["post-188","page","type-page","status-publish","hentry"],"_links":{"self":[{"href":"https:\/\/uni.hi.is\/baldurt\/wp-json\/wp\/v2\/pages\/188","targetHints":{"allow":["GET"]}}],"collection":[{"href":"https:\/\/uni.hi.is\/baldurt\/wp-json\/wp\/v2\/pages"}],"about":[{"href":"https:\/\/uni.hi.is\/baldurt\/wp-json\/wp\/v2\/types\/page"}],"author":[{"embeddable":true,"href":"https:\/\/uni.hi.is\/baldurt\/wp-json\/wp\/v2\/users\/360"}],"replies":[{"embeddable":true,"href":"https:\/\/uni.hi.is\/baldurt\/wp-json\/wp\/v2\/comments?post=188"}],"version-history":[{"count":8,"href":"https:\/\/uni.hi.is\/baldurt\/wp-json\/wp\/v2\/pages\/188\/revisions"}],"predecessor-version":[{"id":2451,"href":"https:\/\/uni.hi.is\/baldurt\/wp-json\/wp\/v2\/pages\/188\/revisions\/2451"}],"up":[{"embeddable":true,"href":"https:\/\/uni.hi.is\/baldurt\/wp-json\/wp\/v2\/pages\/40"}],"wp:attachment":[{"href":"https:\/\/uni.hi.is\/baldurt\/wp-json\/wp\/v2\/media?parent=188"}],"curies":[{"name":"wp","href":"https:\/\/api.w.org\/{rel}","templated":true}]}}