{"id":191,"date":"2012-08-03T09:44:13","date_gmt":"2012-08-03T09:44:13","guid":{"rendered":"http:\/\/uni.hi.is\/baldurt\/?page_id=191"},"modified":"2019-01-28T11:22:09","modified_gmt":"2019-01-28T11:22:09","slug":"2005-2","status":"publish","type":"page","link":"https:\/\/uni.hi.is\/baldurt\/presentations\/2005-2\/","title":{"rendered":"2005"},"content":{"rendered":"<p><!--:en--><\/p>\n<table width=\"452.0\" cellspacing=\"0\" cellpadding=\"0\">\n<tbody>\n<tr>\n<td valign=\"top\"><\/td>\n<td valign=\"top\"><em>Can States Choose Their Own Size in the International System?<\/em> Fyrirlestur haldinn \u00e1 r\u00e1\u00f0stefnunni China-Nordic Think Tank Roundtable\u00a0\u00e1 vegum China Institute of International Affairs \u00ed Peking \u00ed K\u00edna, 30. okt. til 2. n\u00f3v., 2005.<\/td>\n<\/tr>\n<\/tbody>\n<\/table>\n<p><em>\u00c1hrif sm\u00e1r\u00edkja \u00e1 s\u00e1ttm\u00e1lager\u00f0 Evr\u00f3pusambandsins<\/em>\u00a0Fyrirlestur haldinn \u00e1 m\u00e1lstofunni Sta\u00f0a sm\u00e1r\u00edkja \u00ed Evr\u00f3pusambandinu \u00e1 r\u00e1\u00f0stefnunni \u00dej\u00f3\u00f0arspegill 2005:\u00a0 Ranns\u00f3knir \u00ed f\u00e9lagsv\u00edsindum VI, 28. okt\u00f3ber 2005.<\/p>\n<p><em>Iceland in global affairs, or what features determine the size of states?\u00a0<\/em>Conference: Iceland and Lebanon: Antipodes of the EU organized by the EU Jean Monnet Chair in Law og the Centre for the Study of the European Union (CEUE) at University Saint Joseph in Beirut, Lebanon, 1 October 2005.<\/p>\n<p><em>Iceland in Global Affairs:\u00a0 What featurs determine the size of states?\u00a0<\/em>Lecture for teachers and students of Sorbonne University, Paris, 25 April, 2006.<\/p>\n<p><em>Small States and the European Union: Identifying the Issues at Stake\u00a0<\/em>with Anders Wivel. Workgroup: Small States in International and European Affairs at NOPSA (Nordic Political Science Association) Convention XIV, Reykjav\u00edk 11-13 August 2005.<em>\u00a0<\/em><\/p>\n<p><em>Small states: Leverage in Global Affairs.\u00a0<\/em>U.S. Nordic-Baltic Chiefs of Mission Conference organized by the U.S. Embassy in Iceland, Reykjav\u00edk 25 Apr\u00edl 2005.<\/p>\n<div><\/div>\n<p><!--:--><\/p>\n","protected":false},"excerpt":{"rendered":"<p>Can States Choose Their Own Size in the International System? Fyrirlestur haldinn \u00e1 r\u00e1\u00f0stefnunni China-Nordic Think Tank Roundtable\u00a0\u00e1 vegum China Institute of International Affairs \u00ed Peking \u00ed K\u00edna, 30. okt. til 2. n\u00f3v., 2005. \u00c1hrif sm\u00e1r\u00edkja \u00e1 s\u00e1ttm\u00e1lager\u00f0 Evr\u00f3pusambandsins\u00a0Fyrirlestur haldinn &hellip; <a href=\"https:\/\/uni.hi.is\/baldurt\/presentations\/2005-2\/\">Continue reading <span class=\"meta-nav\">&rarr;<\/span><\/a><\/p>\n","protected":false},"author":360,"featured_media":0,"parent":40,"menu_order":93,"comment_status":"closed","ping_status":"closed","template":"","meta":{"footnotes":""},"class_list":["post-191","page","type-page","status-publish","hentry"],"_links":{"self":[{"href":"https:\/\/uni.hi.is\/baldurt\/wp-json\/wp\/v2\/pages\/191","targetHints":{"allow":["GET"]}}],"collection":[{"href":"https:\/\/uni.hi.is\/baldurt\/wp-json\/wp\/v2\/pages"}],"about":[{"href":"https:\/\/uni.hi.is\/baldurt\/wp-json\/wp\/v2\/types\/page"}],"author":[{"embeddable":true,"href":"https:\/\/uni.hi.is\/baldurt\/wp-json\/wp\/v2\/users\/360"}],"replies":[{"embeddable":true,"href":"https:\/\/uni.hi.is\/baldurt\/wp-json\/wp\/v2\/comments?post=191"}],"version-history":[{"count":7,"href":"https:\/\/uni.hi.is\/baldurt\/wp-json\/wp\/v2\/pages\/191\/revisions"}],"predecessor-version":[{"id":2452,"href":"https:\/\/uni.hi.is\/baldurt\/wp-json\/wp\/v2\/pages\/191\/revisions\/2452"}],"up":[{"embeddable":true,"href":"https:\/\/uni.hi.is\/baldurt\/wp-json\/wp\/v2\/pages\/40"}],"wp:attachment":[{"href":"https:\/\/uni.hi.is\/baldurt\/wp-json\/wp\/v2\/media?parent=191"}],"curies":[{"name":"wp","href":"https:\/\/api.w.org\/{rel}","templated":true}]}}