{"id":194,"date":"2012-08-03T09:44:51","date_gmt":"2012-08-03T09:44:51","guid":{"rendered":"http:\/\/uni.hi.is\/baldurt\/?page_id=194"},"modified":"2019-01-28T11:21:58","modified_gmt":"2019-01-28T11:21:58","slug":"2004-2","status":"publish","type":"page","link":"https:\/\/uni.hi.is\/baldurt\/presentations\/2004-2\/","title":{"rendered":"2004"},"content":{"rendered":"<p><!--:en--><\/p>\n<table width=\"452.0\" cellspacing=\"0\" cellpadding=\"0\">\n<tbody>\n<tr>\n<td valign=\"top\"><\/td>\n<td valign=\"top\"><em>Power Potential of Small States: Overcoming Vulnerability<\/em>. The World Bank Group (OPCS and PREM Governance Thematic Group), Washington DC, 8 March 2004.<\/td>\n<\/tr>\n<\/tbody>\n<\/table>\n<p><em>Potential Power of Small States: Overcoming Vulnerability<\/em>. International Peace Academy, at the United Nations. \u00a0A lecture organized by the IPA and the Permanent Mission of Iceland to the UN for permanent missions to the UN and officials of the UN, New York, 10 March 2004.<\/p>\n<p><em>The size of states in the European union: Conceptual \/ Theoretical Perspecitves.\u00a0<\/em>Conference:\u00a0The EU\u2019s Member States: The Importance of Size.\u00a0Manchester Metropolitan University. 5 November 2004.<\/p>\n<p><em>Do Small States Stick Together in Treaty Reform?\u00a0 The Case of the Constitutional Treaty.\u00a0<\/em>Conference: Small States. Institute of International Affairs, Centre for Small State Studies at the University of Iceland. 17 September 2004.<\/p>\n<p><em>Cautious Step-by-Step Approach to Europe:\u00a0 The Icelandic Way to Europe.\u00a0<\/em>Conference: Small States. Institute of International Affairs, Centre for Small State Studies at the University of Iceland. 18 September 2004.<\/p>\n<p><em>The importance of analysing small states.\u00a0<\/em>Opening lecture at the conference: Small States. Institute of International Affairs and Centre for Small State Studies at the University of Iceland. 17 September 2004.<\/p>\n<p><em>The European policy of Icelandic governments: The effects of defence- and commercial relationship with the USA.\u00a0<\/em>Conference:\u00a0 Research in Social Sciences IV.\u00a0 The Faculty of Social Science, Faculty of Law and the Faculty of Economics and Business Administration at the University of Iceland, 22 October 2004.<\/p>\n<p><em>The position of the Icelandic political elite towards the European integration for the last 50 years.\u00a0<\/em>Confernece: The position of the Icelandic political elite towards the European integration for the last 50 years. Institute of International Affairs at the University of Iceland. 28 May 2004.<\/p>\n<p><em>The connections of MPs to the fisheries sector and the effects of these connections on the European policy of governments.\u00a0<\/em>Confernece: The position of the Icelandic political elite towards the European integration for the last 50 years. Institute of International Affairs at the University of Iceland. 28 May 2004.<\/p>\n<p><em>The position of the Icelandic political elite: The connections of MPs to industrial sectors.\u00a0<\/em>Conference: Media Camp. The Federation of Icelandic Industries. 30 September 2004.<\/p>\n<p><em>Power Potential of Small States: Factors Influencing Political Elites in Small States.\u00a0<\/em>Conference: (United States) Nordic-Baltic Political Officers\u2019. USA embassy in Iceland. \u00e1 25 March 2004.<\/p>\n<p><em>How can states be analysed according to their size?\u00a0<\/em>Conference: The effects of European integration on Europe\u00b4s smaller states. Institute of International Affairs at the University of Iceland and the Federation of Icelandic Industries. 20 October 2004.<\/p>\n<p><em>What factors will determine the outcome?\u00a0<\/em>A seminar on the US presidential elections. The USA embassy in Iceland. 2 November 2004.<\/p>\n<p><em>The reaction of the Icelandic public administration to the EU proposal banning fishmeal in animal feed.\u00a0<\/em>Conference: Crisis Management in Iceland. Institute of International Affairs at the University of Iceland. 14 December 2004.<\/p>\n<p><em>What lessons can be learned from the crisis management during the fish-meal crisis?\u00a0<\/em>Lecture for the staff of the Icelandic Ministry of Foreign Affairs. 21 December 2004.<\/p>\n<p><em>The importance of analyzing small states.\u00a0<\/em>Inngangserindi \u00e1 al\u00fej\u00f3\u00f0legri v\u00edsindar\u00e1\u00f0setefnu sem bar yfirskriftina Small States.\u00a0\u00a0R\u00e1\u00f0stefnan var haldin \u00e1 vegum Al\u00fej\u00f3\u00f0am\u00e1lastofnunar og Ranns\u00f3knaseturs um sm\u00e1r\u00edki vi\u00f0 H\u00cd \u00ed Norr\u00e6na h\u00fasinu\u00a0 17. og 18. September 2004.\u00a0 Erindi flutt 17. september.<\/p>\n<div><\/div>\n<p><!--:--><\/p>\n","protected":false},"excerpt":{"rendered":"<p>Power Potential of Small States: Overcoming Vulnerability. The World Bank Group (OPCS and PREM Governance Thematic Group), Washington DC, 8 March 2004. Potential Power of Small States: Overcoming Vulnerability. International Peace Academy, at the United Nations. \u00a0A lecture organized by &hellip; <a href=\"https:\/\/uni.hi.is\/baldurt\/presentations\/2004-2\/\">Continue reading <span class=\"meta-nav\">&rarr;<\/span><\/a><\/p>\n","protected":false},"author":360,"featured_media":0,"parent":40,"menu_order":94,"comment_status":"closed","ping_status":"closed","template":"","meta":{"footnotes":""},"class_list":["post-194","page","type-page","status-publish","hentry"],"_links":{"self":[{"href":"https:\/\/uni.hi.is\/baldurt\/wp-json\/wp\/v2\/pages\/194","targetHints":{"allow":["GET"]}}],"collection":[{"href":"https:\/\/uni.hi.is\/baldurt\/wp-json\/wp\/v2\/pages"}],"about":[{"href":"https:\/\/uni.hi.is\/baldurt\/wp-json\/wp\/v2\/types\/page"}],"author":[{"embeddable":true,"href":"https:\/\/uni.hi.is\/baldurt\/wp-json\/wp\/v2\/users\/360"}],"replies":[{"embeddable":true,"href":"https:\/\/uni.hi.is\/baldurt\/wp-json\/wp\/v2\/comments?post=194"}],"version-history":[{"count":9,"href":"https:\/\/uni.hi.is\/baldurt\/wp-json\/wp\/v2\/pages\/194\/revisions"}],"predecessor-version":[{"id":2453,"href":"https:\/\/uni.hi.is\/baldurt\/wp-json\/wp\/v2\/pages\/194\/revisions\/2453"}],"up":[{"embeddable":true,"href":"https:\/\/uni.hi.is\/baldurt\/wp-json\/wp\/v2\/pages\/40"}],"wp:attachment":[{"href":"https:\/\/uni.hi.is\/baldurt\/wp-json\/wp\/v2\/media?parent=194"}],"curies":[{"name":"wp","href":"https:\/\/api.w.org\/{rel}","templated":true}]}}