{"id":200,"date":"2012-08-03T09:46:00","date_gmt":"2012-08-03T09:46:00","guid":{"rendered":"http:\/\/uni.hi.is\/baldurt\/?page_id=200"},"modified":"2019-01-28T11:21:43","modified_gmt":"2019-01-28T11:21:43","slug":"2002-2","status":"publish","type":"page","link":"https:\/\/uni.hi.is\/baldurt\/presentations\/2002-2\/","title":{"rendered":"2002"},"content":{"rendered":"<p><!--:en--><\/p>\n<table width=\"452.0\" cellspacing=\"0\" cellpadding=\"0\">\n<tbody>\n<tr>\n<td valign=\"top\"><\/td>\n<td valign=\"top\"><em>National Administrations and Definition.\u00a0<\/em>Seminar: Small States and European Integration: Defining Small States at the Department of Politics and Philosophy, Manchester Metropoltian Univeristy, England, 22 November 2002.<\/td>\n<\/tr>\n<\/tbody>\n<\/table>\n<p><em>Conclusions: EEA-sovereignty-smallness-EU.\u00a0<\/em>Conference: Interpreting Sovereignty in the 21st Century: A view from Iceland organized by the Academy of European Law (ERA), Reykjavik, 12 - 13 September 2002.<\/p>\n<p><em>Euriopeanization of Public Administration: Changes and Effects of Europeanization on the Central Administration in the Nordic States w<\/em>ith Per L\u00e6greid and Run\u00f3lafur Sm\u00e1ri Steind\u00f3rsson.\u00a0Conference: 18th EGOS Colloquium (European Gropu for Organizational Studies), Barcelona. July 4-6, 2002.<\/p>\n<p><em>Evr\u00f3pusamruninn og \u00edslenska stj\u00f3rns\u00fdslan.\u00a0<\/em>Seminar: European Integration and Icelandic Politics at the University of Iceland, 8. may 2002<\/p>\n<p><em>Innovation in Science.\u00a0<\/em>Annual speech at the ceremony for the best innovative projects by the Innovative Fund for Students.\u00a0January 1997-2002.<\/p>\n<div><\/div>\n<p><!--:--><\/p>\n","protected":false},"excerpt":{"rendered":"<p>National Administrations and Definition.\u00a0Seminar: Small States and European Integration: Defining Small States at the Department of Politics and Philosophy, Manchester Metropoltian Univeristy, England, 22 November 2002. Conclusions: EEA-sovereignty-smallness-EU.\u00a0Conference: Interpreting Sovereignty in the 21st Century: A view from Iceland organized by &hellip; <a href=\"https:\/\/uni.hi.is\/baldurt\/presentations\/2002-2\/\">Continue reading <span class=\"meta-nav\">&rarr;<\/span><\/a><\/p>\n","protected":false},"author":360,"featured_media":0,"parent":40,"menu_order":96,"comment_status":"closed","ping_status":"closed","template":"","meta":{"footnotes":""},"class_list":["post-200","page","type-page","status-publish","hentry"],"_links":{"self":[{"href":"https:\/\/uni.hi.is\/baldurt\/wp-json\/wp\/v2\/pages\/200","targetHints":{"allow":["GET"]}}],"collection":[{"href":"https:\/\/uni.hi.is\/baldurt\/wp-json\/wp\/v2\/pages"}],"about":[{"href":"https:\/\/uni.hi.is\/baldurt\/wp-json\/wp\/v2\/types\/page"}],"author":[{"embeddable":true,"href":"https:\/\/uni.hi.is\/baldurt\/wp-json\/wp\/v2\/users\/360"}],"replies":[{"embeddable":true,"href":"https:\/\/uni.hi.is\/baldurt\/wp-json\/wp\/v2\/comments?post=200"}],"version-history":[{"count":5,"href":"https:\/\/uni.hi.is\/baldurt\/wp-json\/wp\/v2\/pages\/200\/revisions"}],"predecessor-version":[{"id":2455,"href":"https:\/\/uni.hi.is\/baldurt\/wp-json\/wp\/v2\/pages\/200\/revisions\/2455"}],"up":[{"embeddable":true,"href":"https:\/\/uni.hi.is\/baldurt\/wp-json\/wp\/v2\/pages\/40"}],"wp:attachment":[{"href":"https:\/\/uni.hi.is\/baldurt\/wp-json\/wp\/v2\/media?parent=200"}],"curies":[{"name":"wp","href":"https:\/\/api.w.org\/{rel}","templated":true}]}}