{"id":2008,"date":"2014-04-02T10:06:21","date_gmt":"2014-04-02T10:06:21","guid":{"rendered":"http:\/\/uni.hi.is\/baldurt\/?page_id=2008"},"modified":"2019-01-28T11:24:01","modified_gmt":"2019-01-28T11:24:01","slug":"2014-2","status":"publish","type":"page","link":"https:\/\/uni.hi.is\/baldurt\/presentations\/2014-2\/","title":{"rendered":"2014"},"content":{"rendered":"<p><em>Small States in the International System: How can small states overcome their vulnerability and become proactive?\u00a0<\/em>Lecture at the Riga Stradins University in Latvia, 3 December 2014.<\/p>\n<p><em>Do Small States Need Shelter? The Economic and Political Turmoil in Iceland.\u00a0<\/em>Lecture in the workshop Small States in the Modern World: Vulnerability and Opportunities at the conference 'The Democracy Programme at the University of Oslo', Humboldt University, Berlin, 10 November 2014.<\/p>\n<p><a href=\"http:\/\/fel.hi.is\/sites\/fel.hi.is\/files\/spegillinn_dagskra_2014_vefur_lokaeintak_221014.pdf\" target=\"_blank\" rel=\"noopener\"><em>Iceland's External Affairs from the Reformation to the end of the Nepoleonic era<\/em><\/a>. Lecture with T\u00f3mas Joensen at the Social Science Conference, \u00dej\u00f3\u00f0arspegillinn, at the School of Social Science, University of Iceland, 31 October 2014.<\/p>\n<p><em><a href=\"http:\/\/www.diplocat.cat\/en\/catalan-issues\/debates-about-catalonia\/545-new-emerging-small-states-in-europe-the-case-of-catalonia-institute-of-international-affairs-reykjavik-iceland\" target=\"_blank\" rel=\"noopener\"><em>The importance of economic, political and societal shelter for small states<\/em><\/a>. \u00a0<\/em>Lecture held at the seminar 'New Emerging Small States in Europe? The Case of Catalonia co-sponsored by the Public Diplomacy Council of Catalonia (DIPLOCAT) and the Centre for Small States Studies at the University of Iceland, 20 October 2014.<\/p>\n<p><em>Small States and Empires: Has Iceland Always Enjoyed Political, Economic and Societal Shelter from Its Larger Neighbors?<\/em> Lecture held at a Nordic Exploratory Workshop 'Eurasian Empires, Public Space\/Sphere, and Collective Identities at the Threshold of Modernity' at University of Jyvaskylda in Finland, 18 October. 2014.<\/p>\n<p><i><a href=\"http:\/\/www.fiia.fi\/en\/event\/689\/are_icelanders_not_good_europeans\/\" target=\"_blank\" rel=\"noopener\">Are Icelanders not Good Europeans? <\/a><i><a href=\"http:\/\/www.fiia.fi\/en\/event\/689\/are_icelanders_not_good_europeans\/\" target=\"_blank\" rel=\"noopener\">The reluctance of the Icelandic political elite to take full part in the European project<\/a>. <\/i><\/i>Lecture held at the Finnish Institute of International Affairs, Helsinki, 17 October 2014.<\/p>\n<p><i>The Scotland as an Independent Small State: Where would it seek shelter?<\/i> Lecture at the seminar \u2018Scotland\u2019s Choice: Independence or Union?\u2019 organized the by Centre for Small States and the Institute of International Affairs at the University of Iceland, 10 September 2014.<\/p>\n<p><i>\u2018United in Diversity\u2019 versus European Unity<\/i>. Lecture on the formation of European identity at a seminar on European War-European Peace organized by the Reykjavik International Film Festival at the University of Iceland, 28 September \u00a02014.<\/p>\n<p><a href=\"http:\/\/uni.hi.is\/baldurt\/files\/2014\/06\/adm-competence-summer-school-2014.pdf\" target=\"_blank\" rel=\"noopener\"><em>The effectiveness and failure of the small public administration in Iceland relating to the 2008 economic crash<\/em>.<\/a>\u00a0Lecture held at the conference\u00a0<a href=\"http:\/\/ams.hi.is\/en\/2014\/06\/20\/open-seminar-small-states-and-governance\/\" target=\"_blank\" rel=\"noopener\">Small States and Governance<\/a>\u00a0organized by the Centre for Small State Studies\u00a0at the University of Iceland, 25 June 2014<\/p>\n<p><i>Are Icelanders not good Europeans? The reluctance of the Icelandic political elite to take full part in the European project.<\/i> Lecture at Lund University, 5 May 2014.<\/p>\n<p><em>Small states in a big Europe:\u00a0Portugal in comparative perspective - power potential of small states in the European Union<\/em>. Lecture held at a conference on\u00a0<a href=\"http:\/\/www.ffms.pt\/en\/conference-after\/763\/portugal-participation-in-the-eu-decision-making\" target=\"_blank\" rel=\"noopener\">Portugal's participation in the EU decision making<\/a>, at Francisco Manuel dos Santos Foundation\u00a0in Braga, Portugal 16 May 2014.<\/p>\n<p><i>Are Scandinavians not good Europeans: The reluctance of the Nordic nations to take full part in European integration<\/i>. Lecture at the <a href=\"http:\/\/www.etudes-nordiques.fr\/printemps-nordique-en-sorbonne-2014\/\">Mentalit\u00e9 et culture nordique \u2013 Printemps nordique en Sorbonne<\/a>, Paris Sorbonne University, 2 April 2014.<\/p>\n<p><i>Iceland\u2019s External Affairs from the Reformation to the end of the Napoleonic era: Danish political and societal cover concurrent with a highly costly economic safety net.<\/i><i> <\/i>Lecture with T\u00f3mas Joensen at the Research Board of the Faculty of Political Science, University of Iceland, 6 March 2014.<\/p>\n<p><i>\u00a0<\/i><a href=\"http:\/\/uni.hi.is\/baldurt\/files\/2014\/04\/Estonia-iceland-corportism-Toronto-2014.pdf\"><i>New-Liberal Small States and Economic Crisis: Lessons for Democratic Corporatism<\/i><\/a>. Lecture in the seminar \u2018Small States in the Age of Global Flow\u2019 at the International Studies Association conference in Toronto, Canada, 27 March 2014.<\/p>\n<p><a href=\"https:\/\/uni.hi.is\/baldurt\/2014\/02\/07\/how-will-scotland-do-as-a-small-independent-state-in-the-union\/\"><i>How will Scotland do as a small independent state in the Union?<\/i><\/a> Evidence to the European and External Relations Committee of the Scottish Parliament \u2013 Discussion on the role of small states in the EU \u2013 How will Scotland do as a small independent state in the Union? 6 February 2014.<\/p>\n<p><i>Al\u00fej\u00f3\u00f0asamskipti \u00cdslendinga fr\u00e1 1400 til si\u00f0askipta: Efnahags- og menningarlegt skj\u00f3l fr\u00e1 Englendingum og \u00dej\u00f3\u00f0verjum \u00ed p\u00f3lit\u00edsku t\u00f3mar\u00fami Danaveldis<\/i>.\u00a0\u00a0 Lecture at a seminar \u2018\u00cdsland \u00ed \u00e1t\u00f6kum st\u00f3rvelda 1400-1600 organized by Mi\u00f0aldarstofa og Ranns\u00f3knasetri um sm\u00e1r\u00edki, Al\u00fej\u00f3\u00f0am\u00e1lastofnun, H\u00e1sk\u00f3la \u00cdslands, 25 February 2014.<\/p>\n","protected":false},"excerpt":{"rendered":"<p>Small States in the International System: How can small states overcome their vulnerability and become proactive?\u00a0Lecture at the Riga Stradins University in Latvia, 3 December 2014. Do Small States Need Shelter? The Economic and Political Turmoil in Iceland.\u00a0Lecture in the &hellip; <a href=\"https:\/\/uni.hi.is\/baldurt\/presentations\/2014-2\/\">Continue reading <span class=\"meta-nav\">&rarr;<\/span><\/a><\/p>\n","protected":false},"author":360,"featured_media":0,"parent":40,"menu_order":84,"comment_status":"closed","ping_status":"closed","template":"","meta":{"footnotes":""},"class_list":["post-2008","page","type-page","status-publish","hentry"],"_links":{"self":[{"href":"https:\/\/uni.hi.is\/baldurt\/wp-json\/wp\/v2\/pages\/2008","targetHints":{"allow":["GET"]}}],"collection":[{"href":"https:\/\/uni.hi.is\/baldurt\/wp-json\/wp\/v2\/pages"}],"about":[{"href":"https:\/\/uni.hi.is\/baldurt\/wp-json\/wp\/v2\/types\/page"}],"author":[{"embeddable":true,"href":"https:\/\/uni.hi.is\/baldurt\/wp-json\/wp\/v2\/users\/360"}],"replies":[{"embeddable":true,"href":"https:\/\/uni.hi.is\/baldurt\/wp-json\/wp\/v2\/comments?post=2008"}],"version-history":[{"count":25,"href":"https:\/\/uni.hi.is\/baldurt\/wp-json\/wp\/v2\/pages\/2008\/revisions"}],"predecessor-version":[{"id":3428,"href":"https:\/\/uni.hi.is\/baldurt\/wp-json\/wp\/v2\/pages\/2008\/revisions\/3428"}],"up":[{"embeddable":true,"href":"https:\/\/uni.hi.is\/baldurt\/wp-json\/wp\/v2\/pages\/40"}],"wp:attachment":[{"href":"https:\/\/uni.hi.is\/baldurt\/wp-json\/wp\/v2\/media?parent=2008"}],"curies":[{"name":"wp","href":"https:\/\/api.w.org\/{rel}","templated":true}]}}